{"id":4408,"date":"2025-08-25T17:31:07","date_gmt":"2025-08-25T15:31:07","guid":{"rendered":"https:\/\/www.smartsearchwp.com\/?page_id=4408"},"modified":"2026-03-27T15:59:56","modified_gmt":"2026-03-27T14:59:56","slug":"come-integrare-la-chiave-api-openai-nel-chatbot-smartsearchwp-chagpt-wordpress-2","status":"publish","type":"page","link":"https:\/\/www.smartsearchwp.com\/it\/come-integrare-la-chiave-api-openai-nel-chatbot-smartsearchwp-chagpt-wordpress-2\/","title":{"rendered":"ChatGPT Chatbot gratuito per WordPress &#8211; Impostazioni e contesti"},"content":{"rendered":"\t\t<div data-elementor-type=\"wp-page\" data-elementor-id=\"4408\" class=\"elementor elementor-4408 elementor-4404\" data-elementor-post-type=\"page\">\n\t\t\t\t<div data-particle_enable=\"false\" data-particle-mobile-disabled=\"false\" class=\"elementor-element elementor-element-09568cc e-flex e-con-boxed e-con e-parent\" data-id=\"09568cc\" data-element_type=\"container\" data-e-type=\"container\">\n\t\t\t\t\t<div class=\"e-con-inner\">\n\t\t\t\t<div class=\"elementor-element elementor-element-590f1e4 elementor-widget elementor-widget-text-editor\" data-id=\"590f1e4\" data-element_type=\"widget\" data-e-type=\"widget\" data-widget_type=\"text-editor.default\">\n\t\t\t\t<div class=\"elementor-widget-container\">\n\t\t\t\t\t\t\t\t\t<p>Libera tutto il potenziale del tuo chatbot gratuito ChatGPT per WordPress con SmartSearchWP! \ud83d\ude80<\/p><p>In questo tutorial ti guideremo attraverso le impostazioni della versione freemium e ti mostreremo come aggiungere le tue prime pagine e i tuoi primi post nel contesto dell&#8217;AI, in modo che il tuo chatbot possa rispondere alle domande con contenuti reali del tuo sito.<\/p><p>Cosa imparerai in questo video:<\/p><p>\u2705 Come configurare le impostazioni di base e avanzate di SmartSearchWP<br>\u2705 Capire la temperatura, i contesti massimi utilizzati, la soglia di somiglianza e la soglia di accuratezza e come cambiano le risposte del chatbot.<br>\u2705 Cosa significa RAG (Retrieval-Augmented Generation) e perch\u00e9 rende le risposte pi\u00f9 accurate<br>\u2705 Come aggiungere pagine o post nel contesto con gli embeddings, attivarli e mantenerli aggiornati \u2705 Come testare il tuo chatbot sul front-end e ottenere risposte pertinenti all&#8217;istante Con questa configurazione, avrai un potente chatbot AI su WordPress gratuitamente, completamente personalizzabile e sotto il tuo controllo.<\/p><p>\ud83d\udc49 Nel prossimo tutorial, approfondiremo le funzionalit\u00e0 premium come l&#8217;integrazione di WooCommerce, il supporto ai PDF, i tipi di post personalizzati (CPT), l&#8217;ACF e la personalizzazione dei messaggi.<\/p>\t\t\t\t\t\t\t\t<\/div>\n\t\t\t\t<\/div>\n\t\t\t\t<div class=\"elementor-element elementor-element-6a8f0a4 dce_masking-none elementor-widget elementor-widget-video\" data-id=\"6a8f0a4\" data-element_type=\"widget\" data-e-type=\"widget\" data-settings=\"{&quot;youtube_url&quot;:&quot;https:\\\/\\\/youtu.be\\\/3MprgWQREu8&quot;,&quot;autoplay&quot;:&quot;yes&quot;,&quot;cc_load_policy&quot;:&quot;yes&quot;,&quot;video_type&quot;:&quot;youtube&quot;,&quot;controls&quot;:&quot;yes&quot;}\" data-widget_type=\"video.default\">\n\t\t\t\t<div class=\"elementor-widget-container\">\n\t\t\t\t\t\t\t<div class=\"elementor-wrapper elementor-open-inline\">\n\t\t\t<div class=\"elementor-video\"><\/div>\t\t<\/div>\n\t\t\t\t\t\t<\/div>\n\t\t\t\t<\/div>\n\t\t\t\t\t<\/div>\n\t\t\t\t<\/div>\n\t\t<div data-particle_enable=\"false\" data-particle-mobile-disabled=\"false\" class=\"elementor-element elementor-element-d723d5c e-flex e-con-boxed e-con e-parent\" data-id=\"d723d5c\" data-element_type=\"container\" data-e-type=\"container\">\n\t\t\t\t\t<div class=\"e-con-inner\">\n\t\t\t\t<div class=\"elementor-element elementor-element-48c57de elementor-widget elementor-widget-heading\" data-id=\"48c57de\" data-element_type=\"widget\" data-e-type=\"widget\" data-widget_type=\"heading.default\">\n\t\t\t\t<div class=\"elementor-widget-container\">\n\t\t\t\t\t<h2 class=\"elementor-heading-title elementor-size-default\">Come configurare la versione freemium di SmartSearchWP e aggiungere pagine o articoli al contesto IA<\/h2>\t\t\t\t<\/div>\n\t\t\t\t<\/div>\n\t\t\t\t<div class=\"elementor-element elementor-element-fd49e71 elementor-widget elementor-widget-text-editor\" data-id=\"fd49e71\" data-element_type=\"widget\" data-e-type=\"widget\" data-widget_type=\"text-editor.default\">\n\t\t\t\t<div class=\"elementor-widget-container\">\n\t\t\t\t\t\t\t\t\t<p data-start=\"267\" data-end=\"637\">La <strong data-start=\"270\" data-end=\"307\">versione freemium di SmartSearchWP<\/strong> ti permette gi\u00e0 di configurare un <strong data-start=\"342\" data-end=\"374\">chatbot alimentato da ChatGPT<\/strong><span data-start=\"342\" data-end=\"374\">,<\/span><strong data-start=\"342\" data-end=\"374\"> <\/strong>direttamente sul tuo sito WordPress.<br data-start=\"412\" data-end=\"415\">In questo tutorial esamineremo i parametri principali del plugin, spiegheremo come influenzano il comportamento del chatbot e mostreremo come aggiungere le tue prime <strong data-start=\"600\" data-end=\"621\">pagine e articoli<\/strong> al contesto dell&#8217;AI.<\/p><hr data-start=\"639\" data-end=\"642\"><h3>Passo 1 &#8211; Accedere alle impostazioni generali<\/h3><p data-start=\"690\" data-end=\"789\">Dalla dashboard di WordPress, vai su:<br data-start=\"739\" data-end=\"742\"><strong data-start=\"742\" data-end=\"789\">SmartSearchWP \u2192 Impostazioni \u2192 Impostazioni generali<\/strong><\/p><p data-start=\"791\" data-end=\"834\">Qui puoi personalizzare il chatbot:<\/p><ul data-start=\"836\" data-end=\"1101\"><li data-start=\"836\" data-end=\"876\"><p data-start=\"838\" data-end=\"876\">Attiva o disattiva la sua visualizzazione.<\/p><\/li><li data-start=\"877\" data-end=\"913\"><p data-start=\"879\" data-end=\"913\">Inserisci la tua <strong data-start=\"892\" data-end=\"910\">chiave API OpenAI<\/strong>.<\/p><\/li><li data-start=\"914\" data-end=\"1000\"><p data-start=\"916\" data-end=\"1000\">Scegli il modello: ti consigliamo il <strong data-start=\"954\" data-end=\"964\">GPT-4o<\/strong> per la sua velocit\u00e0 e precisione.<\/p><\/li><li data-start=\"1001\" data-end=\"1101\"><p data-start=\"1003\" data-end=\"1101\">Personalizza il nome, il logo, il messaggio di benvenuto e il testo della bolla di chat del chatbot.<\/p><\/li><\/ul><hr data-start=\"1103\" data-end=\"1106\"><h3>Passo 2 &#8211; Comprendere le impostazioni avanzate<\/h3><p data-start=\"1156\" data-end=\"1241\">Le impostazioni avanzate definiscono il modo in cui il chatbot risponde agli utenti:<\/p><ul data-start=\"1243\" data-end=\"1991\"><li data-start=\"1243\" data-end=\"1411\"><p data-start=\"1245\" data-end=\"1288\"><strong data-start=\"1245\" data-end=\"1260\">Temperatura<\/strong> &#8211; controlla la creativit\u00e0.<\/p><ul data-start=\"1291\" data-end=\"1411\"><li data-start=\"1291\" data-end=\"1343\"><p data-start=\"1293\" data-end=\"1343\">Valore basso = risposte coerenti e formali.<\/p><\/li><li data-start=\"1346\" data-end=\"1411\"><p data-start=\"1348\" data-end=\"1411\">Alto valore = risposte pi\u00f9 originali e talvolta inaspettate.<\/p><\/li><\/ul><\/li><li data-start=\"1413\" data-end=\"1598\"><p data-start=\"1415\" data-end=\"1506\"><strong data-start=\"1415\" data-end=\"1436\">Contesti massimi utilizzati<\/strong> &#8211; numero di pagine o articoli utilizzati per costruire una risposta.<\/p><ul data-start=\"1509\" data-end=\"1598\"><li data-start=\"1509\" data-end=\"1598\"><p data-start=\"1511\" data-end=\"1598\">Pi\u00f9 alto \u00e8 il valore, pi\u00f9 ricca \u00e8 la risposta, ma attenzione alle digressioni.<\/p><\/li><\/ul><\/li><li data-start=\"1600\" data-end=\"1771\"><p data-start=\"1602\" data-end=\"1695\"><strong data-start=\"1602\" data-end=\"1626\">Soglia di somiglianza<\/strong> &#8211; filtra i contenuti in base a quanto sono vicini alla domanda posta.<\/p><ul data-start=\"1698\" data-end=\"1771\"><li data-start=\"1698\" data-end=\"1771\"><p data-start=\"1700\" data-end=\"1771\">Soglia alta = vengono presi in considerazione solo i contenuti altamente rilevanti.<\/p><\/li><\/ul><\/li><li data-start=\"1773\" data-end=\"1991\"><p data-start=\"1775\" data-end=\"1867\"><strong data-start=\"1775\" data-end=\"1798\">Soglia di precisione<\/strong> &#8211; stabilisce il livello minimo di qualit\u00e0 che un contesto deve raggiungere.<\/p><ul data-start=\"1870\" data-end=\"1991\"><li data-start=\"1870\" data-end=\"1991\"><p data-start=\"1872\" data-end=\"1991\">Soglia alta = risposte precise, ma a volte il chatbot potrebbe non rispondere se il contesto non \u00e8 ritenuto sufficiente.<\/p><\/li><\/ul><\/li><\/ul><p data-start=\"1993\" data-end=\"2094\">Questi parametri influenzano direttamente l&#8217;<strong data-start=\"2035\" data-end=\"2080\">accuratezza, la ricchezza e la personalit\u00e0<\/strong> delle risposte.<\/p><hr data-start=\"2096\" data-end=\"2099\"><h3>Passo 3 &#8211; Comprendere il modello RAG<\/h3><p data-start=\"2140\" data-end=\"2562\">SmartSearchWP si basa sul modello <strong data-start=\"2175\" data-end=\"2215\">RAG (Retrieval-Augmented Generation)<\/strong>.<br data-start=\"2216\" data-end=\"2219\">Questo significa che il chatbot non genera le sue risposte in modo casuale: inizia <strong data-start=\"2303\" data-end=\"2361\">cercando informazioni nei contenuti da te attivati<\/strong> (parte &#8220;Retrieval&#8221;), poi le utilizza per generare una risposta appropriata (parte &#8220;Generation&#8221;).<br data-start=\"2464\" data-end=\"2467\">Risultato: risposte <strong data-start=\"2491\" data-end=\"2536\">affidabili e aggiornate, direttamente collegate<\/strong> ai contenuti del tuo sito.<\/p><hr data-start=\"2564\" data-end=\"2567\"><h3>Passo 4 &#8211; Aggiunta di contenuti al contesto<\/h3><p data-start=\"2614\" data-end=\"2690\">Per rendere il chatbot rilevante, devi fornirgli dei contenuti da utilizzare.<\/p><p data-start=\"2692\" data-end=\"2818\">Vai su <strong data-start=\"2703\" data-end=\"2731\">SmartSearchWP \u2192 Contesti<\/strong>.<br data-start=\"2732\" data-end=\"2735\">Qui troverai un elenco delle tue pagine e dei tuoi articoli, accompagnati da un codice colore:<\/p><ul data-start=\"2820\" data-end=\"3096\"><li data-start=\"2820\" data-end=\"2904\"><p data-start=\"2822\" data-end=\"2904\"><strong data-start=\"2822\" data-end=\"2836\">Verde chiaro<\/strong>: contenuto attivo e aggiornato (embeddings generati e sincronizzati).<\/p><\/li><li data-start=\"2905\" data-end=\"3006\"><p data-start=\"2907\" data-end=\"3006\"><strong data-start=\"2907\" data-end=\"2916\">Giallo<\/strong>: contenuti attivi ma modificati dopo la generazione &#8211; \u00e8 necessaria la rigenerazione.<\/p><\/li><li data-start=\"3007\" data-end=\"3096\"><p data-start=\"3009\" data-end=\"3096\"><strong data-start=\"3009\" data-end=\"3038\">Rosso o nessun segno di spunta<\/strong>: contenuto inattivo, non preso in considerazione dal chatbot.<\/p><\/li><\/ul><h3 data-start=\"3098\" data-end=\"3129\">Filtri e azioni raggruppate<\/h3><ul data-start=\"3130\" data-end=\"3345\"><li data-start=\"3130\" data-end=\"3192\"><p data-start=\"3132\" data-end=\"3192\">Filtra per <strong data-start=\"3144\" data-end=\"3163\">tipo di contenuto<\/strong> (pagine, articoli o tutti).<\/p><\/li><li data-start=\"3193\" data-end=\"3238\"><p data-start=\"3195\" data-end=\"3238\">Cerca un titolo per risparmiare tempo.<\/p><\/li><li data-start=\"3239\" data-end=\"3345\"><p data-start=\"3241\" data-end=\"3345\">Usa le <strong data-start=\"3254\" data-end=\"3274\">azioni raggruppate<\/strong> per addestrare l&#8217;IA o per attivare pi\u00f9 contenuti contemporaneamente.<\/p><\/li><\/ul><h3 data-start=\"3347\" data-end=\"3389\">Per integrare i contenuti nel contesto:<\/h3><ol data-start=\"3390\" data-end=\"3568\"><li data-start=\"3390\" data-end=\"3445\"><p data-start=\"3393\" data-end=\"3445\">Seleziona la pagina o l&#8217;articolo (casella di spunta).<\/p><\/li><li data-start=\"3446\" data-end=\"3537\"><p data-start=\"3449\" data-end=\"3537\">Clicca su <strong data-start=\"3461\" data-end=\"3484\">Generate Embeddings<\/strong> o <strong data-start=\"3488\" data-end=\"3505\">Retraining AI<\/strong> (se il contenuto \u00e8 obsoleto).<\/p><\/li><li data-start=\"3538\" data-end=\"3568\"><p data-start=\"3541\" data-end=\"3568\">Clicca su <strong data-start=\"3553\" data-end=\"3565\">Attiva<\/strong>.<\/p><\/li><\/ol><p data-start=\"3570\" data-end=\"3679\">La linea diventa verde: il tuo contenuto \u00e8 ora preso in considerazione nella base di conoscenza del chatbot.<\/p><hr data-start=\"3681\" data-end=\"3684\"><h3>Passo 5 &#8211; Testare il chatbot<\/h3><p data-start=\"3721\" data-end=\"3859\">Vai al <strong data-start=\"3734\" data-end=\"3761\">front-end del tuo sito<\/strong>.<br data-start=\"3762\" data-end=\"3765\">Apri il chatbot (di default nell&#8217;angolo in basso a destra) e fai una domanda relativa al contenuto attivato.<\/p><p data-start=\"3861\" data-end=\"3983\">\ud83d\udc49 Se tutto \u00e8 impostato correttamente, il chatbot risponder\u00e0 con una <strong data-start=\"3934\" data-end=\"3982\">risposta pertinente basata sul tuo contenuto<\/strong>.<\/p><hr data-start=\"3985\" data-end=\"3988\"><p><span style=\"color: #3a3a3a; font-size: 15px; font-weight: 400;\"> <\/span><\/p><p><span style=\"color: #3a3a3a; font-size: 15px; font-weight: 400;\">Con questa configurazione freemium, hai gi\u00e0 a disposizione un chatbot potente e intelligente <\/span><strong style=\"color: #3a3a3a; font-size: 15px;\" data-start=\"4064\" data-end=\"4114\">potente e intelligente chatbot per WordPress<\/strong><span style=\"color: #3a3a3a; font-size: 15px; font-weight: 400;\">senza dover sottoscrivere un abbonamento premium, mantenendo il controllo totale su ci\u00f2 che sa.<\/span><\/p><h3 data-start=\"4197\" data-end=\"4222\">Le prossime tappe:<\/h3><ul data-start=\"4223\" data-end=\"4763\"><li data-start=\"4223\" data-end=\"4305\"><p data-start=\"4225\" data-end=\"4305\">Aggiungi gradualmente nuove pagine o articoli importanti per il contesto.<\/p><\/li><li data-start=\"4306\" data-end=\"4394\"><p data-start=\"4308\" data-end=\"4394\">Prova diversi valori dei parametri per affinare la precisione o la creativit\u00e0.<\/p><\/li><li data-start=\"4395\" data-end=\"4763\"><p data-start=\"4397\" data-end=\"4482\">Passa alla <strong data-start=\"4409\" data-end=\"4428\">versione Premium<\/strong> per sbloccare funzioni avanzate come :<\/p><ul data-start=\"4485\" data-end=\"4763\"><li data-start=\"4485\" data-end=\"4530\"><p data-start=\"4487\" data-end=\"4530\">personalizzare il design del chatbot,<\/p><\/li><li data-start=\"4533\" data-end=\"4563\"><p data-start=\"4535\" data-end=\"4563\">Integrazione con WooCommerce,<\/p><\/li><li data-start=\"4566\" data-end=\"4606\"><p data-start=\"4568\" data-end=\"4606\">Supporto dei file PDF,<\/p><\/li><li data-start=\"4609\" data-end=\"4641\"><p data-start=\"4611\" data-end=\"4641\">Tipi di post personalizzati (CPT),<\/p><\/li><li data-start=\"4644\" data-end=\"4677\"><p data-start=\"4646\" data-end=\"4677\">integrazione dei campi ACF,<\/p><\/li><li data-start=\"4680\" data-end=\"4714\"><p data-start=\"4682\" data-end=\"4714\">personalizzando il messaggio,<\/p><\/li><li data-start=\"4717\" data-end=\"4763\"><p data-start=\"4719\" data-end=\"4763\">o la gestione dell&#8217;accesso al chatbot.<\/p><\/li><\/ul><\/li><\/ul><hr data-start=\"4765\" data-end=\"4768\"><p data-start=\"4770\" data-end=\"4903\"> <\/p><p data-start=\"4770\" data-end=\"4903\">\ud83d\udc49 Trovi altre guide nella documentazione completa: https: <a class=\"decorated-link cursor-pointer\" target=\"_new\" rel=\"noopener\" data-start=\"4831\" data-end=\"4903\">\/\/www.smartsearchwp.com\/docs<\/a><\/p>\t\t\t\t\t\t\t\t<\/div>\n\t\t\t\t<\/div>\n\t\t\t\t\t<\/div>\n\t\t\t\t<\/div>\n\t\t\t\t<\/div>\n\t\t","protected":false},"excerpt":{"rendered":"<p>Libera tutto il potenziale del tuo chatbot gratuito ChatGPT per WordPress con SmartSearchWP! \ud83d\ude80 In questo tutorial ti guideremo attraverso le impostazioni della versione freemium e ti mostreremo come aggiungere le tue prime pagine e i tuoi primi post nel contesto dell&#8217;AI, in modo che il tuo chatbot possa rispondere alle domande con contenuti reali [&hellip;]<\/p>\n","protected":false},"author":1,"featured_media":0,"parent":0,"menu_order":0,"comment_status":"closed","ping_status":"closed","template":"","meta":{"_acf_changed":false,"footnotes":""},"categories":[110],"tags":[],"class_list":["post-4408","page","type-page","status-publish","hentry","category-tutorial"],"acf":[],"yoast_head":"<!-- This site is optimized with the Yoast SEO plugin v27.4 - https:\/\/yoast.com\/product\/yoast-seo-wordpress\/ -->\n<title>ChatGPT Chatbot gratuito per WordPress - Impostazioni e contesti - SmartsearchWP<\/title>\n<meta name=\"robots\" content=\"index, follow, max-snippet:-1, max-image-preview:large, max-video-preview:-1\" \/>\n<link rel=\"canonical\" href=\"https:\/\/www.smartsearchwp.com\/it\/come-integrare-la-chiave-api-openai-nel-chatbot-smartsearchwp-chagpt-wordpress-2\/\" \/>\n<meta property=\"og:locale\" content=\"it_IT\" \/>\n<meta property=\"og:type\" content=\"article\" \/>\n<meta property=\"og:title\" content=\"ChatGPT Chatbot gratuito per WordPress - Impostazioni e contesti - SmartsearchWP\" \/>\n<meta property=\"og:description\" content=\"Libera tutto il potenziale del tuo chatbot gratuito ChatGPT per WordPress con SmartSearchWP! \ud83d\ude80 In questo tutorial ti guideremo attraverso le impostazioni della versione freemium e ti mostreremo come aggiungere le tue prime pagine e i tuoi primi post nel contesto dell&#8217;AI, in modo che il tuo chatbot possa rispondere alle domande con contenuti reali [&hellip;]\" \/>\n<meta property=\"og:url\" content=\"https:\/\/www.smartsearchwp.com\/it\/come-integrare-la-chiave-api-openai-nel-chatbot-smartsearchwp-chagpt-wordpress-2\/\" \/>\n<meta property=\"og:site_name\" content=\"SmartsearchWP\" \/>\n<meta property=\"article:modified_time\" content=\"2026-03-27T14:59:56+00:00\" \/>\n<meta name=\"twitter:card\" content=\"summary_large_image\" \/>\n<meta name=\"twitter:label1\" content=\"Tempo di lettura stimato\" \/>\n\t<meta name=\"twitter:data1\" content=\"4 minuti\" \/>\n<!-- \/ Yoast SEO plugin. -->","yoast_head_json":{"title":"ChatGPT Chatbot gratuito per WordPress - Impostazioni e contesti - SmartsearchWP","robots":{"index":"index","follow":"follow","max-snippet":"max-snippet:-1","max-image-preview":"max-image-preview:large","max-video-preview":"max-video-preview:-1"},"canonical":"https:\/\/www.smartsearchwp.com\/it\/come-integrare-la-chiave-api-openai-nel-chatbot-smartsearchwp-chagpt-wordpress-2\/","og_locale":"it_IT","og_type":"article","og_title":"ChatGPT Chatbot gratuito per WordPress - Impostazioni e contesti - SmartsearchWP","og_description":"Libera tutto il potenziale del tuo chatbot gratuito ChatGPT per WordPress con SmartSearchWP! \ud83d\ude80 In questo tutorial ti guideremo attraverso le impostazioni della versione freemium e ti mostreremo come aggiungere le tue prime pagine e i tuoi primi post nel contesto dell&#8217;AI, in modo che il tuo chatbot possa rispondere alle domande con contenuti reali [&hellip;]","og_url":"https:\/\/www.smartsearchwp.com\/it\/come-integrare-la-chiave-api-openai-nel-chatbot-smartsearchwp-chagpt-wordpress-2\/","og_site_name":"SmartsearchWP","article_modified_time":"2026-03-27T14:59:56+00:00","twitter_card":"summary_large_image","twitter_misc":{"Tempo di lettura stimato":"4 minuti"},"schema":{"@context":"https:\/\/schema.org","@graph":[{"@type":"WebPage","@id":"https:\/\/www.smartsearchwp.com\/it\/come-integrare-la-chiave-api-openai-nel-chatbot-smartsearchwp-chagpt-wordpress-2\/","url":"https:\/\/www.smartsearchwp.com\/it\/come-integrare-la-chiave-api-openai-nel-chatbot-smartsearchwp-chagpt-wordpress-2\/","name":"ChatGPT Chatbot gratuito per WordPress - Impostazioni e contesti - SmartsearchWP","isPartOf":{"@id":"https:\/\/www.smartsearchwp.com\/it\/#website"},"datePublished":"2025-08-25T15:31:07+00:00","dateModified":"2026-03-27T14:59:56+00:00","breadcrumb":{"@id":"https:\/\/www.smartsearchwp.com\/it\/come-integrare-la-chiave-api-openai-nel-chatbot-smartsearchwp-chagpt-wordpress-2\/#breadcrumb"},"inLanguage":"it-IT","potentialAction":[{"@type":"ReadAction","target":["https:\/\/www.smartsearchwp.com\/it\/come-integrare-la-chiave-api-openai-nel-chatbot-smartsearchwp-chagpt-wordpress-2\/"]}]},{"@type":"BreadcrumbList","@id":"https:\/\/www.smartsearchwp.com\/it\/come-integrare-la-chiave-api-openai-nel-chatbot-smartsearchwp-chagpt-wordpress-2\/#breadcrumb","itemListElement":[{"@type":"ListItem","position":1,"name":"Accueil","item":"https:\/\/www.smartsearchwp.com\/it\/"},{"@type":"ListItem","position":2,"name":"ChatGPT Chatbot gratuito per WordPress &#8211; Impostazioni e contesti"}]},{"@type":"WebSite","@id":"https:\/\/www.smartsearchwp.com\/it\/#website","url":"https:\/\/www.smartsearchwp.com\/it\/","name":"SmartsearchWP","description":"","publisher":{"@id":"https:\/\/www.smartsearchwp.com\/it\/#organization"},"potentialAction":[{"@type":"SearchAction","target":{"@type":"EntryPoint","urlTemplate":"https:\/\/www.smartsearchwp.com\/it\/?s={search_term_string}"},"query-input":{"@type":"PropertyValueSpecification","valueRequired":true,"valueName":"search_term_string"}}],"inLanguage":"it-IT"},{"@type":"Organization","@id":"https:\/\/www.smartsearchwp.com\/it\/#organization","name":"SmartsearchWP","url":"https:\/\/www.smartsearchwp.com\/it\/","logo":{"@type":"ImageObject","inLanguage":"it-IT","@id":"https:\/\/www.smartsearchwp.com\/it\/#\/schema\/logo\/image\/","url":"https:\/\/www.smartsearchwp.com\/wp-content\/uploads\/2023\/11\/logo-smartSearchWp-white-1.png","contentUrl":"https:\/\/www.smartsearchwp.com\/wp-content\/uploads\/2023\/11\/logo-smartSearchWp-white-1.png","width":350,"height":100,"caption":"SmartsearchWP"},"image":{"@id":"https:\/\/www.smartsearchwp.com\/it\/#\/schema\/logo\/image\/"}}]}},"_links":{"self":[{"href":"https:\/\/www.smartsearchwp.com\/it\/wp-json\/wp\/v2\/pages\/4408","targetHints":{"allow":["GET"]}}],"collection":[{"href":"https:\/\/www.smartsearchwp.com\/it\/wp-json\/wp\/v2\/pages"}],"about":[{"href":"https:\/\/www.smartsearchwp.com\/it\/wp-json\/wp\/v2\/types\/page"}],"author":[{"embeddable":true,"href":"https:\/\/www.smartsearchwp.com\/it\/wp-json\/wp\/v2\/users\/1"}],"replies":[{"embeddable":true,"href":"https:\/\/www.smartsearchwp.com\/it\/wp-json\/wp\/v2\/comments?post=4408"}],"version-history":[{"count":5,"href":"https:\/\/www.smartsearchwp.com\/it\/wp-json\/wp\/v2\/pages\/4408\/revisions"}],"predecessor-version":[{"id":4462,"href":"https:\/\/www.smartsearchwp.com\/it\/wp-json\/wp\/v2\/pages\/4408\/revisions\/4462"}],"wp:attachment":[{"href":"https:\/\/www.smartsearchwp.com\/it\/wp-json\/wp\/v2\/media?parent=4408"}],"wp:term":[{"taxonomy":"category","embeddable":true,"href":"https:\/\/www.smartsearchwp.com\/it\/wp-json\/wp\/v2\/categories?post=4408"},{"taxonomy":"post_tag","embeddable":true,"href":"https:\/\/www.smartsearchwp.com\/it\/wp-json\/wp\/v2\/tags?post=4408"}],"curies":[{"name":"wp","href":"https:\/\/api.w.org\/{rel}","templated":true}]}}