{"id":1813,"date":"2023-11-23T15:49:46","date_gmt":"2023-11-23T14:49:46","guid":{"rendered":"https:\/\/www.smartsearchwp.com\/informativa-sulla-privacy\/"},"modified":"2024-06-25T16:19:54","modified_gmt":"2024-06-25T14:19:54","slug":"informativa-sulla-privacy","status":"publish","type":"page","link":"https:\/\/www.smartsearchwp.com\/it\/informativa-sulla-privacy\/","title":{"rendered":"Informativa sulla privacy"},"content":{"rendered":"\t\t<div data-elementor-type=\"wp-page\" data-elementor-id=\"1813\" class=\"elementor elementor-1813 elementor-20\" data-elementor-post-type=\"page\">\n\t\t\t\t<div data-particle_enable=\"false\" data-particle-mobile-disabled=\"false\" class=\"elementor-element elementor-element-1482dfe e-flex e-con-boxed e-con e-parent\" data-id=\"1482dfe\" data-element_type=\"container\" data-e-type=\"container\">\n\t\t\t\t\t<div class=\"e-con-inner\">\n\t\t\t\t<div class=\"elementor-element elementor-element-c3dd7cd elementor-widget elementor-widget-text-editor\" data-id=\"c3dd7cd\" data-element_type=\"widget\" data-e-type=\"widget\" data-widget_type=\"text-editor.default\">\n\t\t\t\t<div class=\"elementor-widget-container\">\n\t\t\t\t\t\t\t\t\t<p class=\"p3\"><span class=\"s1\">Il testo seguente spiega come<\/span><strong>\n  <span class=\"s2\"> WEBDIGIT <\/span>\n<\/strong><span class=\"s1\">utilizza e raccoglie i tuoi dati personali e ti informa delle misure adottate per garantirne la protezione durante l&#8217;utilizzo del Sito web in conformit\u00e0 alle disposizioni del Regolamento del Parlamento europeo e del Consiglio concernente la tutela delle persone fisiche con riguardo al trattamento dei dati personali e la libera circolazione di tali dati, e che abroga la direttiva 95\/46\/CE (riferimento 2016\/679 &#8211; Regolamento generale sulla protezione dei dati). <\/span> <\/p>\n<p class=\"p3\"><strong><span class=\"s2\">WEBDIGIT  <\/span><\/strong><span class=\"s1\">protegge la privacy dei suoi utenti Internet rispettando le normative vigenti. E cos\u00ec,  <\/span><strong>\n  <span class=\"s2\">WEBDIGIT<\/span>\n<\/strong><span class=\"s1\">in qualit\u00e0 di titolare del trattamento, ha notificato alla Commissione belga per la privacy (di seguito &#8220;CPVP&#8221;) la raccolta e il trattamento dei tuoi dati personali.<\/span><\/p>\n<p class=\"p4\"><strong>\n  <span class=\"s2\">WEBDIGIT <\/span>\n<\/strong><span class=\"s1\">pu\u00f2 raccogliere i tuoi dati personali, in particolare tramite : <\/span> <\/p>\n<p class=\"p5\"><span class=\"s3\">\u2043<\/span><span class=\"s1\"> tramite il modulo &#8220;Contatti&#8221;,<\/span><\/p>\n<p class=\"p5\"><span class=\"s3\">\u2043<\/span><span class=\"s1\"> quando ci si iscrive alla newsletter elettronica offerta da <\/span><strong>\n  <span class=\"s2\">WEBDIGIT<\/span>\n<\/strong><span class=\"s1\">, <\/span> <\/p>\n<p class=\"p5\"><span class=\"s3\">\u2043<\/span><span class=\"s1\"> quando crei il tuo &#8220;Account&#8221; sul sito web di <\/span><strong>\n  <span class=\"s2\">WEBDIGIT<\/span>\n<\/strong><\/p>\n<p class=\"p5\"><span class=\"s3\">\u2043<\/span><span class=\"s1\"> quando utilizzi il nostro servizio di contatto telefonico diretto con il Dipartimento Vendite e Marketing di <\/span><strong>\n  <span class=\"s2\">WEBDIGIT<\/span>\n<\/strong><span class=\"s1\">. <\/span> <\/p>\n<p class=\"p3\"><span class=\"s1\">Per &#8220;dati personali&#8221; si intendono le informazioni che riguardano l&#8217;utente in quanto persona fisica e che l&#8217;utente fornisce volontariamente compilando un modulo sul sito web di <\/span><strong>\n  <span class=\"s2\">WEBDIGIT<\/span>\n<\/strong><span class=\"s1\">o che <\/span><strong>\n  <span class=\"s2\">WEBDIGIT<\/span>\n<\/strong><span class=\"s1\">  raccolti nel corso della tua navigazione e che, a prescindere dalla loro natura, consentono di identificarti, direttamente o indirettamente. I dati personali comprendono dati nominativi (come il tuo nome, i tuoi dati di contatto) e dati di identificazione elettronica disponibili sul o dal tuo computer (come &#8220;cookie&#8221;, &#8220;indirizzi IP&#8221; o le preferenze del tuo browser). I tuoi dati di identificazione elettronica possono essere utilizzati per identificare il tuo terminale di connessione o le pagine consultate sul sito.  <\/span><strong>\n  <span class=\"s2\">WEBDIGIT<\/span>\n<\/strong><span class=\"s1\"> durante la navigazione e in genere non sono sufficienti da soli a identificarti per nome.<\/span><\/p>\n<p class=\"p2\"><span class=\"s1\">Identit\u00e0 del titolare del trattamento e finalit\u00e0 dell&#8217;operazione di trattamento<\/span><\/p>\n<p class=\"p2\"><span class=\"s1\">I dati personali raccolti su questo sito web di  <\/span><strong><span class=\"s2\">WEBDIGIT<\/span><\/strong><span class=\"s1\">  pu\u00f2 essere utilizzato da  <\/span><strong><span class=\"s2\">WEBDIGIT  <\/span><\/strong><span class=\"s1\">(di seguito denominato  <\/span><strong><span class=\"s2\">WEBDIGIT<\/span><\/strong><span class=\"s1\">), azienda  <\/span><strong><span class=\"s2\">WEBDIGIT<\/span><\/strong><span class=\"s1\">con il seguente numero aziendale BE XXXXXXXXX<b> <\/b>con sede legale in<b> 10 PLACE DE MOULBAIX, 7812 MOULBAIX (ATH),<\/b> in qualit\u00e0 di titolare del trattamento dei dati ai fini di :\n&#8211; gestire le relazioni con i clienti e i potenziali clienti tramite il modulo &#8220;Contatti&#8221;.\n&#8211; offrire loro servizi come :<\/span><\/p>\n<p class=\"p6\"><span class=\"s3\">\u2043<\/span><span class=\"s1\"> Iscrizione alla newsletter <\/span><strong>\n  <span class=\"s2\">WEBDIGIT<\/span>\n<\/strong><\/p>\n<p class=\"p6\"><span class=\"s3\">\u2043<\/span><span class=\"s1\"> la creazione di uno spazio personale &#8220;Il tuo account&#8221; che memorizza i dati personali che l&#8217;utente pu\u00f2 modificare.<\/span><\/p>\n<p class=\"p3\"><span class=\"s1\">Alcuni dei dati personali raccolti ci permetteranno di inviarti newsletter informative e sollecitazioni commerciali via e-mail. Ci assicureremo di ottenere il tuo consenso preventivo attraverso il modulo di raccolta sul sito  <\/span><strong>\n  <span class=\"s2\">WEBDIGIT <\/span>\n<\/strong><span class=\"s1\">selezionando &#8220;S\u00ec&#8221; alla domanda &#8220;Desidero ricevere informazioni da <\/span><strong>\n  <span class=\"s2\">WEBDIGIT<\/span>\n<\/strong><span class=\"s1\"> su novit\u00e0, nuovi prodotti, eventi e ricevere offerte personalizzate all&#8217;indirizzo e-mail che ho fornito&#8221;.<\/span><\/p>\n<p class=\"p3\"><span class=\"s1\">Informazioni essenziali per <\/span><strong>\n  <span class=\"s2\">WEBDIGIT <\/span>\n<\/strong><span class=\"s1\">per svolgere i compiti sopra descritti sono indicate con un asterisco nelle varie pagine di <\/span><strong>\n  <span class=\"s2\">WEBDIGIT<\/span>\n<\/strong><span class=\"s1\">. Le altre informazioni sono facoltative e ci permettono di conoscerti meglio e di migliorare le nostre comunicazioni e i nostri servizi. Le informazioni raccolte da  <\/span><strong>\n  <span class=\"s2\">WEBDIGIT <\/span>\n<\/strong><span class=\"s1\">sono in particolare il tuo cognome, nome, indirizzo postale, indirizzo e-mail e numero di telefono.<\/span><\/p>\n<p class=\"p2\"><span class=\"s1\">Diritti dei visitatori di controllare i propri dati (diritto di accesso, rettifica, opposizione)<\/span><\/p>\n<p class=\"p2\"><span class=\"s1\">Gli utenti che hanno fornito i propri dati personali tramite il sito <\/span><strong>\n  <span class=\"s2\">WEBDIGIT <\/span>\n<\/strong><span class=\"s1\">\nhanno il diritto di accedere e rettificare i dati personali inesatti che li riguardano (inviando una lettera insieme a una copia di un documento d&#8217;identit\u00e0 firmato) al nostro Ufficio Vendite e Marketing: &#8211; per posta: scrivendo a<b>10 PLACE DE MOULBAIX, 7812 MOULBAIX (ATH)<\/b>.<\/span><\/p>\n<p class=\"p3\"><span class=\"s1\">&#8211; via e-mail: inviando un&#8217;e-mail a <\/span><strong>\n  <span class=\"s2\">hello@webdigit.be<\/span>\n<\/strong><\/p>\n<p class=\"p3\"><span class=\"s1\">\nGli utenti hanno inoltre il diritto di opporsi al trattamento dei loro dati per motivi legittimi, nonch\u00e9 il diritto di opporsi al fatto che tali dati continuino ad essere utilizzati per scopi di prospezione commerciale, contattando il servizio sopra indicato. Il sito web di<\/span><strong>\n  <span class=\"s2\">WEBDIGIT <\/span>\n<\/strong><span class=\"s1\">offre agli utenti di Internet la possibilit\u00e0 di iscriversi a una newsletter contenente informazioni su <\/span><strong>\n  <span class=\"s2\">WEBDIGIT<\/span>\n<\/strong><span class=\"s1\">prodotti, novit\u00e0, eventi, ecc. <\/span> <\/p>\n<p class=\"p3\"><strong>\n  <span class=\"s2\">WEBDIGIT<\/span>\n<\/strong><span class=\"s1\">\n\n offre agli utenti di Internet che non desiderano pi\u00f9 ricevere le newsletter la possibilit\u00e0 di cancellarsi: &#8211; semplicemente cliccando sul link di cancellazione in fondo a ogni newsletter; &#8211; oppure compilando il modulo &#8220;Contatti&#8221;, specificando nel messaggio la richiesta e l&#8217;indirizzo e-mail da cancellare.<\/span><\/p>\n<p class=\"p3\"><span class=\"s1\">Per consentirci di soddisfare questa richiesta, dovrai inviarci le informazioni necessarie per identificarti: cognome, nome, indirizzo e-mail e, se applicabile, il tuo indirizzo postale.<\/span><\/p>\n\n<h2 class=\"p2\"><span class=\"s1\">Condivisione e divulgazione dei dati personali<\/span><\/h2>\n<p class=\"p3\"><span class=\"s1\">\n<\/span><strong>\n  <span class=\"s2\">WEBDIGIT <\/span>\n<\/strong><span class=\"s1\">e<\/span><strong>\n  <span class=\"s2\"> WEBDIGIT <\/span>\n<\/strong> <span class=\"s1\">sono gli unici destinatari dei dati raccolti. All&#8217;interno dell&#8217;azienda  <\/span><strong>\n  <span class=\"s2\">WEBDIGIT<\/span>\n<\/strong><span class=\"s1\">i tuoi dati personali potranno essere comunicati agli uffici preposti alla gestione dei rapporti con i clienti di <\/span><strong>\n  <span class=\"s2\">WEBDIGIT<\/span>\n<\/strong><span class=\"s1\">. I fornitori di servizi esterni a cui possono essere comunicati i tuoi dati personali includono i nostri fornitori di servizi di hosting.<\/span><\/p>\n<p class=\"p3\"><strong>\n  <span class=\"s2\">WEBDIGIT <\/span>\n<\/strong><span class=\"s1\">\n\ntrasmetter\u00e0 i tuoi dati personali a terzi solo quando: &#8211; ci avrai dato il tuo consenso preventivo alla condivisione di queste informazioni; &#8211;<\/span><strong>\n  <span class=\"s2\">WEBDIGIT <\/span>\n<\/strong><span class=\"s1\">\ndeve condividere queste informazioni con i suoi fornitori di servizi e in particolare con i suoi fornitori di servizi tecnici al fine di fornirti il servizio che hai richiesto (ad esempio l&#8217;invio di una Newsletter); &#8211; WEBDIGIT deve condividere questi dati con i suoi fornitori di servizi e in particolare con i suoi fornitori di servizi tecnici al fine di fornirti il servizio che hai richiesto (ad esempio l&#8217;invio di una Newsletter)<\/span><strong>\n  <span class=\"s2\">WEBDIGIT <\/span>\n<\/strong><span class=\"s1\">riceve una richiesta da parte di un&#8217;autorit\u00e0 giudiziaria o di un&#8217;autorit\u00e0 amministrativa autorizzata per legge a divulgare queste informazioni in conformit\u00e0 alle disposizioni di legge in vigore.<\/span><\/p>\n<p class=\"p3\"><span class=\"s1\">Quando vuoi presentare un prodotto o un servizio di <\/span><strong>\n  <span class=\"s2\">WEBDIGIT <\/span>\n<\/strong><span class=\"s1\">a un amico o a un familiare, dichiari espressamente di aver ottenuto il consenso del destinatario dell&#8217;e-mail.<\/span><\/p>\n\n<h2 class=\"p2\"><span class=\"s1\">Conservazione dei dati  <\/span><span class=\"s4\">\n<\/span><\/h2>\n<p class=\"p3\"><strong>\n  <span class=\"s2\">WEBDIGIT<\/span>\n<\/strong><span class=\"s1\"> potr\u00e0 conservare i tuoi dati personali per un periodo non superiore a cinque anni dall&#8217;ultimo contatto.<\/span><\/p>\n\n<h4 class=\"p2\"><span class=\"s1\">Misure di sicurezza<\/span><span class=\"s4\">\n<\/span><\/h4>\n<p class=\"p3\"><strong>\n  <span class=\"s2\">WEBDIGIT <\/span>\n<\/strong><span class=\"s1\">fa del suo meglio per proteggere i tuoi dati personali da danni, perdita, appropriazione indebita, intrusione, divulgazione, alterazione o distruzione. <\/span> <\/p>\n<p class=\"p3\"><span class=\"s1\">I sistemi informatici di <\/span><strong>\n  <span class=\"s2\">WEBDIGIT <\/span>\n<\/strong> <span class=\"s1\">sono protetti fisicamente e dal software secondo lo stato dell&#8217;arte. Sono state implementate procedure per la salvaguardia fisica ed elettronica dei dati raccolti sul sito, in conformit\u00e0 con la legislazione europea vigente in materia di protezione dei dati personali.  <\/span><\/p>\n<p class=\"p3\"><span class=\"s1\">I dipendenti di <\/span><strong>\n  <span class=\"s2\">WEBDIGIT <\/span>\n<\/strong><span class=\"s1\">che, in virt\u00f9 della loro posizione, hanno accesso ai tuoi dati personali si impegnano a mantenere la massima riservatezza al riguardo. <\/span> <\/p>\n<p class=\"p3\"><span class=\"s1\">Tuttavia, <\/span><strong>\n  <span class=\"s2\">WEBDIGIT <\/span>\n<\/strong> <span class=\"s1\">non controlla i rischi associati al funzionamento di Internet e richiama la tua attenzione sull&#8217;esistenza di possibili rischi in termini di perdita occasionale di dati o di violazione della riservatezza dei dati che transitano su questa rete. Le informazioni offerte sul Sito possono essere interrotte in casi di forza maggiore o al di fuori del controllo di  <\/span><strong>\n  <span class=\"s2\">WEBDIGIT<\/span>\n<\/strong><span class=\"s1\"> o di fatti per i quali <\/span><strong>\n  <span class=\"s2\">WEBDIGIT<\/span>\n<\/strong><span class=\"s1\">.<\/span><\/p>\n\n<h2 class=\"p2\"><span class=\"s1\">Informazioni sui cookie e sulle preferenze del browser<\/span><\/h2>\n<p class=\"p3\"><span class=\"s1\">\nInnanzitutto, un cookie (noto anche come &#8220;cookie di connessione&#8221; o &#8220;web beacon&#8221;) \u00e8 un file collocato sul tuo disco rigido da un server Internet per un periodo temporaneo definito, al fine di facilitare la tua navigazione e migliorare la qualit\u00e0 del sito web. <\/span><strong>\n  <span class=\"s2\">WEBDIGIT<\/span>\n<\/strong><span class=\"s1\">. Occorre distinguere tra i cosiddetti &#8220;cookie di navigazione&#8221; e i &#8220;cookie di analisi statistica&#8221;.<\/span><\/p>\n<p class=\"p3\"><span class=\"s1\">I cookie del browser abilitano <\/span><strong>\n  <span class=\"s2\">WEBDIGIT <\/span>\n<\/strong><span class=\"s1\">di memorizzare informazioni quali il tuo indirizzo e-mail, gli identificativi del tuo &#8220;Account&#8221;, i termini di ricerca che hai inserito nel motore di ricerca, al fine di facilitare la tua navigazione all&#8217;interno del Sito; la loro durata \u00e8 limitata alla durata della tua sessione Internet, ossia 20 minuti dalla tua ultima azione su una delle pagine del sito.<\/span><\/p>\n<p class=\"p4\"><strong><span class=\"s2\">WEBDIGIT  <\/span><\/strong><span class=\"s1\">si basa anche su alcune preferenze del browser, come la lingua o l&#8217;attivazione di JavaScript, per facilitare la navigazione. Ad esempio, il rilevamento della lingua del tuo browser permette di  <\/span><strong>\n  <span class=\"s2\">WEBDIGIT<\/span>\n<\/strong><span class=\"s1\"> per offrirti la versione pi\u00f9 appropriata del Sito.<\/span><\/p>\n<p class=\"p3\"><span class=\"s1\">I cookie di analisi statistica consentono <\/span><strong>\n  <span class=\"s2\">WEBDIGIT <\/span>\n<\/strong> <span class=\"s1\">per memorizzare le informazioni relative alla tua navigazione sul Sito, come ad esempio le pagine che hai consultato, la data e l&#8217;ora della consultazione, la posizione della tua connessione, ecc. Questi cookie non ci permettono di identificarti personalmente; i dati che raccolgono vengono aggregati e attribuiti a un singolo visitatore impersonale. Questi dati permettono di  <\/span><strong><span class=\"s2\">WEBDIGIT  <\/span><\/strong><span class=\"s1\">analizzare la pertinenza dei contenuti del Sito e cercare di migliorarli. Possono durare fino a 2 anni, per consentire analisi comparative nel tempo. Per farlo,<\/span> <strong>\n  <span class=\"s2\"> WEBDIGIT <\/span>\n<\/strong><span class=\"s1\">utilizza Google Analytics.<\/span><\/p>\n<p class=\"p3\"><span class=\"s1\">Puoi rifiutare i cookie modificando le impostazioni del tuo browser Internet. Tuttavia, questa operazione comporter\u00e0 la cancellazione di tutti i cookie utilizzati dal browser, compresi quelli utilizzati da altri siti web, il che potrebbe comportare l&#8217;alterazione o la perdita di alcune impostazioni o informazioni. L&#8217;eliminazione dei cookie pu\u00f2 alterare o addirittura rendere difficile la navigazione sul sito.  <\/span><span class=\"s2\"><strong>WEBDIGIT<\/strong>.<\/span><\/p>\n<p class=\"p4\"><span class=\"s1\">Ti ricordiamo che puoi impedire il salvataggio dei cookie configurando il tuo browser come segue:  <\/span><\/p>\n<p class=\"p4\"><span class=\"s1\">Per <strong>Google Chrome 5 e successivi<\/strong>:\n1. Clicca su Impostazioni\n2. Clicca su Avanzate\n3. Nella sezione &#8220;Riservatezza e sicurezza&#8221;, clicca su Impostazioni dei contenuti.\n4. Clicca su Cookies\n5. Disattivare i cookie\n<\/span><\/p>\n<p class=\"p4\"><span class=\"s1\">Per <strong>Microsoft Internet Explorer 11.0 e successivi<\/strong>:\n1. seleziona il menu &#8220;Strumenti&#8221;, quindi &#8220;Opzioni Internet&#8221;.\n2. clicca sulla scheda &#8220;Riservatezza&#8221;.\n3. usa il cursore per selezionare il livello desiderato.  <\/span><\/p>\n<p class=\"p4\"><span class=\"s1\">Per <strong>Firefox<\/strong>:\n&gt;1. Seleziona il menu &#8220;Strumenti&#8221; e &#8220;Opzioni&#8221;.\n2. clicca sull&#8217;opzione &#8220;Privacy  <\/span><\/p>\n<p class=\"p4\"><span class=\"s1\">Per <strong>Safari 3.x per Mac OS X :<\/strong>\n1. scegli il menu &#8220;Edizioni\n2. clicca sull&#8217;opzione &#8220;Preferenze&#8221;.\n3. clicca sull&#8217;opzione &#8220;Sicurezza\n4. clicca su &#8220;Mostra cookie&#8221;.<\/span><\/p>\t\t\t\t\t\t\t\t<\/div>\n\t\t\t\t<\/div>\n\t\t\t\t\t<\/div>\n\t\t\t\t<\/div>\n\t\t\t\t<\/div>\n\t\t","protected":false},"excerpt":{"rendered":"<p>Il testo seguente spiega come WEBDIGIT utilizza e raccoglie i tuoi dati personali e ti informa delle misure adottate per garantirne la protezione durante l&#8217;utilizzo del Sito web in conformit\u00e0 alle disposizioni del Regolamento del Parlamento europeo e del Consiglio concernente la tutela delle persone fisiche con riguardo al trattamento dei dati personali e la [&hellip;]<\/p>\n","protected":false},"author":2,"featured_media":0,"parent":0,"menu_order":0,"comment_status":"closed","ping_status":"closed","template":"","meta":{"_acf_changed":false,"footnotes":""},"categories":[],"tags":[],"class_list":["post-1813","page","type-page","status-publish","hentry"],"acf":[],"yoast_head":"<!-- This site is optimized with the Yoast SEO plugin v27.4 - https:\/\/yoast.com\/product\/yoast-seo-wordpress\/ -->\n<title>Informativa sulla privacy - SmartsearchWP<\/title>\n<meta name=\"robots\" content=\"index, follow, max-snippet:-1, max-image-preview:large, max-video-preview:-1\" \/>\n<link rel=\"canonical\" href=\"https:\/\/www.smartsearchwp.com\/it\/informativa-sulla-privacy\/\" \/>\n<meta property=\"og:locale\" content=\"it_IT\" \/>\n<meta property=\"og:type\" content=\"article\" \/>\n<meta property=\"og:title\" content=\"Informativa sulla privacy - SmartsearchWP\" \/>\n<meta property=\"og:description\" content=\"Il testo seguente spiega come WEBDIGIT utilizza e raccoglie i tuoi dati personali e ti informa delle misure adottate per garantirne la protezione durante l&#8217;utilizzo del Sito web in conformit\u00e0 alle disposizioni del Regolamento del Parlamento europeo e del Consiglio concernente la tutela delle persone fisiche con riguardo al trattamento dei dati personali e la [&hellip;]\" \/>\n<meta property=\"og:url\" content=\"https:\/\/www.smartsearchwp.com\/it\/informativa-sulla-privacy\/\" \/>\n<meta property=\"og:site_name\" content=\"SmartsearchWP\" \/>\n<meta property=\"article:modified_time\" content=\"2024-06-25T14:19:54+00:00\" \/>\n<meta name=\"twitter:card\" content=\"summary_large_image\" \/>\n<meta name=\"twitter:label1\" content=\"Tempo di lettura stimato\" \/>\n\t<meta name=\"twitter:data1\" content=\"8 minuti\" \/>\n<!-- \/ Yoast SEO plugin. -->","yoast_head_json":{"title":"Informativa sulla privacy - SmartsearchWP","robots":{"index":"index","follow":"follow","max-snippet":"max-snippet:-1","max-image-preview":"max-image-preview:large","max-video-preview":"max-video-preview:-1"},"canonical":"https:\/\/www.smartsearchwp.com\/it\/informativa-sulla-privacy\/","og_locale":"it_IT","og_type":"article","og_title":"Informativa sulla privacy - SmartsearchWP","og_description":"Il testo seguente spiega come WEBDIGIT utilizza e raccoglie i tuoi dati personali e ti informa delle misure adottate per garantirne la protezione durante l&#8217;utilizzo del Sito web in conformit\u00e0 alle disposizioni del Regolamento del Parlamento europeo e del Consiglio concernente la tutela delle persone fisiche con riguardo al trattamento dei dati personali e la [&hellip;]","og_url":"https:\/\/www.smartsearchwp.com\/it\/informativa-sulla-privacy\/","og_site_name":"SmartsearchWP","article_modified_time":"2024-06-25T14:19:54+00:00","twitter_card":"summary_large_image","twitter_misc":{"Tempo di lettura stimato":"8 minuti"},"schema":{"@context":"https:\/\/schema.org","@graph":[{"@type":"WebPage","@id":"https:\/\/www.smartsearchwp.com\/it\/informativa-sulla-privacy\/","url":"https:\/\/www.smartsearchwp.com\/it\/informativa-sulla-privacy\/","name":"Informativa sulla privacy - SmartsearchWP","isPartOf":{"@id":"https:\/\/www.smartsearchwp.com\/it\/#website"},"datePublished":"2023-11-23T14:49:46+00:00","dateModified":"2024-06-25T14:19:54+00:00","breadcrumb":{"@id":"https:\/\/www.smartsearchwp.com\/it\/informativa-sulla-privacy\/#breadcrumb"},"inLanguage":"it-IT","potentialAction":[{"@type":"ReadAction","target":["https:\/\/www.smartsearchwp.com\/it\/informativa-sulla-privacy\/"]}]},{"@type":"BreadcrumbList","@id":"https:\/\/www.smartsearchwp.com\/it\/informativa-sulla-privacy\/#breadcrumb","itemListElement":[{"@type":"ListItem","position":1,"name":"Accueil","item":"https:\/\/www.smartsearchwp.com\/it\/"},{"@type":"ListItem","position":2,"name":"Informativa sulla privacy"}]},{"@type":"WebSite","@id":"https:\/\/www.smartsearchwp.com\/it\/#website","url":"https:\/\/www.smartsearchwp.com\/it\/","name":"SmartsearchWP","description":"","publisher":{"@id":"https:\/\/www.smartsearchwp.com\/it\/#organization"},"potentialAction":[{"@type":"SearchAction","target":{"@type":"EntryPoint","urlTemplate":"https:\/\/www.smartsearchwp.com\/it\/?s={search_term_string}"},"query-input":{"@type":"PropertyValueSpecification","valueRequired":true,"valueName":"search_term_string"}}],"inLanguage":"it-IT"},{"@type":"Organization","@id":"https:\/\/www.smartsearchwp.com\/it\/#organization","name":"SmartsearchWP","url":"https:\/\/www.smartsearchwp.com\/it\/","logo":{"@type":"ImageObject","inLanguage":"it-IT","@id":"https:\/\/www.smartsearchwp.com\/it\/#\/schema\/logo\/image\/","url":"https:\/\/www.smartsearchwp.com\/wp-content\/uploads\/2023\/11\/logo-smartSearchWp-white-1.png","contentUrl":"https:\/\/www.smartsearchwp.com\/wp-content\/uploads\/2023\/11\/logo-smartSearchWp-white-1.png","width":350,"height":100,"caption":"SmartsearchWP"},"image":{"@id":"https:\/\/www.smartsearchwp.com\/it\/#\/schema\/logo\/image\/"}}]}},"_links":{"self":[{"href":"https:\/\/www.smartsearchwp.com\/it\/wp-json\/wp\/v2\/pages\/1813","targetHints":{"allow":["GET"]}}],"collection":[{"href":"https:\/\/www.smartsearchwp.com\/it\/wp-json\/wp\/v2\/pages"}],"about":[{"href":"https:\/\/www.smartsearchwp.com\/it\/wp-json\/wp\/v2\/types\/page"}],"author":[{"embeddable":true,"href":"https:\/\/www.smartsearchwp.com\/it\/wp-json\/wp\/v2\/users\/2"}],"replies":[{"embeddable":true,"href":"https:\/\/www.smartsearchwp.com\/it\/wp-json\/wp\/v2\/comments?post=1813"}],"version-history":[{"count":1,"href":"https:\/\/www.smartsearchwp.com\/it\/wp-json\/wp\/v2\/pages\/1813\/revisions"}],"predecessor-version":[{"id":1814,"href":"https:\/\/www.smartsearchwp.com\/it\/wp-json\/wp\/v2\/pages\/1813\/revisions\/1814"}],"wp:attachment":[{"href":"https:\/\/www.smartsearchwp.com\/it\/wp-json\/wp\/v2\/media?parent=1813"}],"wp:term":[{"taxonomy":"category","embeddable":true,"href":"https:\/\/www.smartsearchwp.com\/it\/wp-json\/wp\/v2\/categories?post=1813"},{"taxonomy":"post_tag","embeddable":true,"href":"https:\/\/www.smartsearchwp.com\/it\/wp-json\/wp\/v2\/tags?post=1813"}],"curies":[{"name":"wp","href":"https:\/\/api.w.org\/{rel}","templated":true}]}}