{"id":1834,"date":"2024-01-25T12:16:00","date_gmt":"2024-01-25T11:16:00","guid":{"rendered":"https:\/\/www.smartsearchwp.com\/product\/premium\/"},"modified":"2025-06-09T12:42:40","modified_gmt":"2025-06-09T10:42:40","slug":"premium","status":"publish","type":"product","link":"https:\/\/www.smartsearchwp.com\/es\/producto\/premium\/","title":{"rendered":"SmartSearchWP &#8211; Versi\u00f3n Premium"},"content":{"rendered":"<p>Potencia la b\u00fasqueda en tu sitio WordPress con el chatbot chatGPT SmartSearchWP Premium y ofrece una experiencia de usuario excepcional gracias a sus funciones avanzadas y a su personalizaci\u00f3n ilimitada.<\/p>\n<p>La licencia Premium contiene todas las funciones de la versi\u00f3n Freemium m\u00e1s los siguientes complementos<\/p>\n<ul>\n<li>Complemento Woocommerce<\/li>\n<li>addon Tipo personalizado<\/li>\n<li>Complemento de personalizaci\u00f3n<\/li>\n<li>Complemento PDF<\/li>\n<li>addon Anular aviso<\/li>\n<li>addon Control de uso<\/li>\n<\/ul>\n<h4><\/h4>\n<h4><strong>Detalles de las funciones Premium<\/strong><\/h4>\n<ul>\n<li><strong>B\u00fasqueda avanzada para WooCommerce<\/strong><br \/>\n<blockquote><p><em>Mejora la b\u00fasqueda de productos de tu tienda online con resultados m\u00e1s relevantes y mayor velocidad.<\/em><\/p><\/blockquote>\n<\/li>\n<li><strong>Compatibilidad con tipos personalizados<\/strong><br \/>\n<blockquote><p><em>Indexa y muestra tipos de contenido personalizados (Custom Post Type) para una b\u00fasqueda que se adapte a tu contenido espec\u00edfico.<\/em><\/p><\/blockquote>\n<\/li>\n<li><strong>Amplias opciones de personalizaci\u00f3n<\/strong><br \/>\n<blockquote><p><em>Ajusta la apariencia y el comportamiento de tu buscador para adaptarlo a las necesidades de tu p\u00fablico.<\/em><\/p><\/blockquote>\n<\/li>\n<li><strong>Utiliza tus PDF como fuente de contenido<\/strong><\/li>\n<\/ul>\n<p style=\"padding-left: 80px;\"><em>Ajusta la apariencia y el comportamiento de tu motor de b\u00fasqueda para adaptarlo a las necesidades de tu p\u00fablico.<\/em><\/p>\n<ul>\n<li><strong>Personalizar el aviso<\/strong><\/li>\n<\/ul>\n<p style=\"padding-left: 80px;\"><em>Ajusta la instrucci\u00f3n b\u00e1sica que utiliza el chatbot para formular sus respuestas, adaptando el tono, el estilo o las instrucciones a tus necesidades espec\u00edficas.<\/em><\/p>\n<ul>\n<li><strong>Controla el acceso al chatbot<\/strong><\/li>\n<\/ul>\n<p style=\"padding-left: 80px;\"><em>Gestiona los roles, p\u00e1ginas y dispositivos que pueden acceder a tu chatbot, para que puedas ajustar el uso del chatbot a tus necesidades espec\u00edficas.<\/em><\/p>\n<h4><\/h4>\n<h4><strong>Ventajas para los usuarios<\/strong><\/h4>\n<ul>\n<li>Mejora de la conversi\u00f3n al permitir a los visitantes encontrar lo que buscan m\u00e1s r\u00e1pidamente.<\/li>\n<li>Experiencia de usuario mejorada gracias a la b\u00fasqueda conversacional<\/li>\n<li>Reducci\u00f3n de la tasa de rebote al proporcionar resultados m\u00e1s precisos.<\/li>\n<\/ul>\n","protected":false},"excerpt":{"rendered":"<p>Chatbot chatGPT para Wordpress. Mejora la experiencia de usuario de tus visitantes. <\/p>\n<p>La licencia Premium incluye todas las funciones de la versi\u00f3n Freemium, as\u00ed como el addon Woocommerce + el addon Tipo personalizado + el addon Personalizaci\u00f3n + el addon PDF + el addon Anulaci\u00f3n de aviso + \u00a1el addon Control de uso!<\/p>\n","protected":false},"featured_media":818,"template":"","meta":{"_acf_changed":false},"product_brand":[],"product_cat":[96],"product_tag":[],"class_list":{"0":"post-1834","1":"product","2":"type-product","3":"status-publish","4":"has-post-thumbnail","6":"product_cat-sin-categorizar","8":"first","9":"instock","10":"virtual","11":"sold-individually","12":"purchasable","13":"product-type-simple"},"acf":[],"yoast_head":"<!-- This site is optimized with the Yoast SEO plugin v27.4 - https:\/\/yoast.com\/product\/yoast-seo-wordpress\/ -->\n<title>SmartSearchWP - Versi\u00f3n Premium Chatbot Wordpress chatGPT -<\/title>\n<meta name=\"description\" content=\"\u00a1Impulsa la b\u00fasqueda en tu sitio WordPress con el chatbot chatGPT SmartSearchWP Premium y ofrece una experiencia de usuario excepcional!\" \/>\n<meta name=\"robots\" content=\"index, follow, max-snippet:-1, max-image-preview:large, max-video-preview:-1\" \/>\n<link rel=\"canonical\" href=\"https:\/\/www.smartsearchwp.com\/es\/producto\/premium\/\" \/>\n<meta property=\"og:locale\" content=\"es_ES\" \/>\n<meta property=\"og:type\" content=\"article\" \/>\n<meta property=\"og:title\" content=\"SmartSearchWP - Versi\u00f3n Premium Chatbot Wordpress chatGPT -\" \/>\n<meta property=\"og:description\" content=\"\u00a1Impulsa la b\u00fasqueda en tu sitio WordPress con el chatbot chatGPT SmartSearchWP Premium y ofrece una experiencia de usuario excepcional!\" \/>\n<meta property=\"og:url\" content=\"https:\/\/www.smartsearchwp.com\/es\/producto\/premium\/\" \/>\n<meta property=\"og:site_name\" content=\"SmartsearchWP\" \/>\n<meta property=\"article:modified_time\" content=\"2025-06-09T10:42:40+00:00\" \/>\n<meta property=\"og:image\" content=\"https:\/\/www.smartsearchwp.com\/wp-content\/uploads\/2024\/03\/SmartSearchWP-WoocommerceIntergration-300x300-1.png\" \/>\n\t<meta property=\"og:image:width\" content=\"300\" \/>\n\t<meta property=\"og:image:height\" content=\"300\" \/>\n\t<meta property=\"og:image:type\" content=\"image\/png\" \/>\n<meta name=\"twitter:card\" content=\"summary_large_image\" \/>\n<meta name=\"twitter:label1\" content=\"Tiempo de lectura\" \/>\n\t<meta name=\"twitter:data1\" content=\"1 minuto\" \/>\n<!-- \/ Yoast SEO plugin. -->","yoast_head_json":{"title":"SmartSearchWP - Versi\u00f3n Premium Chatbot Wordpress chatGPT -","description":"\u00a1Impulsa la b\u00fasqueda en tu sitio WordPress con el chatbot chatGPT SmartSearchWP Premium y ofrece una experiencia de usuario excepcional!","robots":{"index":"index","follow":"follow","max-snippet":"max-snippet:-1","max-image-preview":"max-image-preview:large","max-video-preview":"max-video-preview:-1"},"canonical":"https:\/\/www.smartsearchwp.com\/es\/producto\/premium\/","og_locale":"es_ES","og_type":"article","og_title":"SmartSearchWP - Versi\u00f3n Premium Chatbot Wordpress chatGPT -","og_description":"\u00a1Impulsa la b\u00fasqueda en tu sitio WordPress con el chatbot chatGPT SmartSearchWP Premium y ofrece una experiencia de usuario excepcional!","og_url":"https:\/\/www.smartsearchwp.com\/es\/producto\/premium\/","og_site_name":"SmartsearchWP","article_modified_time":"2025-06-09T10:42:40+00:00","og_image":[{"width":300,"height":300,"url":"https:\/\/www.smartsearchwp.com\/wp-content\/uploads\/2024\/03\/SmartSearchWP-WoocommerceIntergration-300x300-1.png","type":"image\/png"}],"twitter_card":"summary_large_image","twitter_misc":{"Tiempo de lectura":"1 minuto"},"schema":{"@context":"https:\/\/schema.org","@graph":[{"@type":"WebPage","@id":"https:\/\/www.smartsearchwp.com\/es\/producto\/premium\/","url":"https:\/\/www.smartsearchwp.com\/es\/producto\/premium\/","name":"SmartSearchWP - Versi\u00f3n Premium Chatbot Wordpress chatGPT -","isPartOf":{"@id":"https:\/\/www.smartsearchwp.com\/es\/#website"},"primaryImageOfPage":{"@id":"https:\/\/www.smartsearchwp.com\/es\/producto\/premium\/#primaryimage"},"image":{"@id":"https:\/\/www.smartsearchwp.com\/es\/producto\/premium\/#primaryimage"},"thumbnailUrl":"https:\/\/www.smartsearchwp.com\/wp-content\/uploads\/2024\/03\/SmartSearchWP-WoocommerceIntergration-300x300-1.png","datePublished":"2024-01-25T11:16:00+00:00","dateModified":"2025-06-09T10:42:40+00:00","description":"\u00a1Impulsa la b\u00fasqueda en tu sitio WordPress con el chatbot chatGPT SmartSearchWP Premium y ofrece una experiencia de usuario excepcional!","breadcrumb":{"@id":"https:\/\/www.smartsearchwp.com\/es\/producto\/premium\/#breadcrumb"},"inLanguage":"es","potentialAction":[{"@type":"ReadAction","target":["https:\/\/www.smartsearchwp.com\/es\/producto\/premium\/"]}]},{"@type":"ImageObject","inLanguage":"es","@id":"https:\/\/www.smartsearchwp.com\/es\/producto\/premium\/#primaryimage","url":"https:\/\/www.smartsearchwp.com\/wp-content\/uploads\/2024\/03\/SmartSearchWP-WoocommerceIntergration-300x300-1.png","contentUrl":"https:\/\/www.smartsearchwp.com\/wp-content\/uploads\/2024\/03\/SmartSearchWP-WoocommerceIntergration-300x300-1.png","width":300,"height":300},{"@type":"BreadcrumbList","@id":"https:\/\/www.smartsearchwp.com\/es\/producto\/premium\/#breadcrumb","itemListElement":[{"@type":"ListItem","position":1,"name":"Accueil","item":"https:\/\/www.smartsearchwp.com\/es\/"},{"@type":"ListItem","position":2,"name":"Tienda","item":"https:\/\/www.smartsearchwp.com\/shop\/"},{"@type":"ListItem","position":3,"name":"SmartSearchWP &#8211; Versi\u00f3n Premium"}]},{"@type":"WebSite","@id":"https:\/\/www.smartsearchwp.com\/es\/#website","url":"https:\/\/www.smartsearchwp.com\/es\/","name":"SmartsearchWP","description":"","publisher":{"@id":"https:\/\/www.smartsearchwp.com\/es\/#organization"},"potentialAction":[{"@type":"SearchAction","target":{"@type":"EntryPoint","urlTemplate":"https:\/\/www.smartsearchwp.com\/es\/?s={search_term_string}"},"query-input":{"@type":"PropertyValueSpecification","valueRequired":true,"valueName":"search_term_string"}}],"inLanguage":"es"},{"@type":"Organization","@id":"https:\/\/www.smartsearchwp.com\/es\/#organization","name":"SmartsearchWP","url":"https:\/\/www.smartsearchwp.com\/es\/","logo":{"@type":"ImageObject","inLanguage":"es","@id":"https:\/\/www.smartsearchwp.com\/es\/#\/schema\/logo\/image\/","url":"https:\/\/www.smartsearchwp.com\/wp-content\/uploads\/2023\/11\/logo-smartSearchWp-white-1.png","contentUrl":"https:\/\/www.smartsearchwp.com\/wp-content\/uploads\/2023\/11\/logo-smartSearchWp-white-1.png","width":350,"height":100,"caption":"SmartsearchWP"},"image":{"@id":"https:\/\/www.smartsearchwp.com\/es\/#\/schema\/logo\/image\/"}}]}},"_links":{"self":[{"href":"https:\/\/www.smartsearchwp.com\/es\/wp-json\/wp\/v2\/product\/1834","targetHints":{"allow":["GET"]}}],"collection":[{"href":"https:\/\/www.smartsearchwp.com\/es\/wp-json\/wp\/v2\/product"}],"about":[{"href":"https:\/\/www.smartsearchwp.com\/es\/wp-json\/wp\/v2\/types\/product"}],"wp:featuredmedia":[{"embeddable":true,"href":"https:\/\/www.smartsearchwp.com\/es\/wp-json\/wp\/v2\/media\/818"}],"wp:attachment":[{"href":"https:\/\/www.smartsearchwp.com\/es\/wp-json\/wp\/v2\/media?parent=1834"}],"wp:term":[{"taxonomy":"product_brand","embeddable":true,"href":"https:\/\/www.smartsearchwp.com\/es\/wp-json\/wp\/v2\/product_brand?post=1834"},{"taxonomy":"product_cat","embeddable":true,"href":"https:\/\/www.smartsearchwp.com\/es\/wp-json\/wp\/v2\/product_cat?post=1834"},{"taxonomy":"product_tag","embeddable":true,"href":"https:\/\/www.smartsearchwp.com\/es\/wp-json\/wp\/v2\/product_tag?post=1834"}],"curies":[{"name":"wp","href":"https:\/\/api.w.org\/{rel}","templated":true}]}}