{"id":4527,"date":"2025-08-27T15:15:07","date_gmt":"2025-08-27T13:15:07","guid":{"rendered":"https:\/\/www.smartsearchwp.com\/?page_id=4527"},"modified":"2025-08-27T15:38:30","modified_gmt":"2025-08-27T13:38:30","slug":"chatgpt-chatbot-gratuito-de-wordpress-ajustes-y-contextos-2","status":"publish","type":"page","link":"https:\/\/www.smartsearchwp.com\/es\/chatgpt-chatbot-gratuito-de-wordpress-ajustes-y-contextos-2\/","title":{"rendered":"ChatGPT chatbot wordpress plugin gratis &#8211; Nuevas funciones Mayo 2024"},"content":{"rendered":"\t\t<div data-elementor-type=\"wp-page\" data-elementor-id=\"4527\" class=\"elementor elementor-4527 elementor-4524\" data-elementor-post-type=\"page\">\n\t\t\t\t<div data-particle_enable=\"false\" data-particle-mobile-disabled=\"false\" class=\"elementor-element elementor-element-09568cc e-flex e-con-boxed e-con e-parent\" data-id=\"09568cc\" data-element_type=\"container\" data-e-type=\"container\">\n\t\t\t\t\t<div class=\"e-con-inner\">\n\t\t\t\t<div class=\"elementor-element elementor-element-03b3312 elementor-widget elementor-widget-heading\" data-id=\"03b3312\" data-element_type=\"widget\" data-e-type=\"widget\" data-widget_type=\"heading.default\">\n\t\t\t\t<div class=\"elementor-widget-container\">\n\t\t\t\t\t<h2 class=\"elementor-heading-title elementor-size-default\">Nuevas funciones de SmartSearchWP<\/h2>\t\t\t\t<\/div>\n\t\t\t\t<\/div>\n\t\t\t\t<div class=\"elementor-element elementor-element-590f1e4 elementor-widget elementor-widget-text-editor\" data-id=\"590f1e4\" data-element_type=\"widget\" data-e-type=\"widget\" data-widget_type=\"text-editor.default\">\n\t\t\t\t<div class=\"elementor-widget-container\">\n\t\t\t\t\t\t\t\t\t<p data-start=\"276\" data-end=\"578\">Descubre el nuevo plugin SmartSearchWP, el innovador chatbot de IA impulsado por ChatGPT 4.0, especialmente dise\u00f1ado para WordPress.<\/p><p data-start=\"276\" data-end=\"578\">Este v\u00eddeo te muestra las principales caracter\u00edsticas y explica por qu\u00e9 SmartSearchWP es la soluci\u00f3n definitiva para a\u00f1adir un asistente de b\u00fasqueda conversacional a tu sitio WordPress.<\/p><p data-start=\"276\" data-end=\"578\">Lo que aprender\u00e1s en este v\u00eddeo:<\/p><ul><li data-start=\"276\" data-end=\"578\">C\u00f3mo SmartSearchWP integra la potencia de ChatGPT 4.0 para obtener respuestas m\u00e1s inteligentes, r\u00e1pidas y precisas<\/li><li data-start=\"276\" data-end=\"578\">Por qu\u00e9 este plugin es el mejor chatbot de IA para sitios web WordPress<\/li><li data-start=\"276\" data-end=\"578\">Las caracter\u00edsticas clave que hacen que SmartSearchWP destaque tanto para los sitios profesionales como para los basados en contenidos<\/li><li data-start=\"276\" data-end=\"578\">Una visi\u00f3n general de lo f\u00e1cil que es integrar la b\u00fasqueda asistida por IA en tu panel de WordPress<\/li><\/ul><p> <\/p><p>SmartSearchWP hace que tu sitio web sea m\u00e1s interactivo, f\u00e1cil de usar y preparado para el futuro. Tanto si diriges un blog, un sitio corporativo o una tienda de comercio electr\u00f3nico, este chatbot con IA ayuda a tus visitantes a encontrar lo que necesitan de forma r\u00e1pida y natural. <\/p>\t\t\t\t\t\t\t\t<\/div>\n\t\t\t\t<\/div>\n\t\t\t\t<div class=\"elementor-element elementor-element-6a8f0a4 dce_masking-none elementor-widget elementor-widget-video\" data-id=\"6a8f0a4\" data-element_type=\"widget\" data-e-type=\"widget\" data-settings=\"{&quot;youtube_url&quot;:&quot;https:\\\/\\\/youtu.be\\\/PWeANMocYzQ?si=LVB1MYq4RFZes5xC&quot;,&quot;autoplay&quot;:&quot;yes&quot;,&quot;cc_load_policy&quot;:&quot;yes&quot;,&quot;video_type&quot;:&quot;youtube&quot;,&quot;controls&quot;:&quot;yes&quot;}\" data-widget_type=\"video.default\">\n\t\t\t\t<div class=\"elementor-widget-container\">\n\t\t\t\t\t\t\t<div class=\"elementor-wrapper elementor-open-inline\">\n\t\t\t<div class=\"elementor-video\"><\/div>\t\t<\/div>\n\t\t\t\t\t\t<\/div>\n\t\t\t\t<\/div>\n\t\t\t\t\t<\/div>\n\t\t\t\t<\/div>\n\t\t<div data-particle_enable=\"false\" data-particle-mobile-disabled=\"false\" class=\"elementor-element elementor-element-d723d5c e-flex e-con-boxed e-con e-parent\" data-id=\"d723d5c\" data-element_type=\"container\" data-e-type=\"container\">\n\t\t\t\t\t<div class=\"e-con-inner\">\n\t\t\t\t<div class=\"elementor-element elementor-element-fd49e71 elementor-widget elementor-widget-text-editor\" data-id=\"fd49e71\" data-element_type=\"widget\" data-e-type=\"widget\" data-widget_type=\"text-editor.default\">\n\t\t\t\t<div class=\"elementor-widget-container\">\n\t\t\t\t\t\t\t\t\t<p data-start=\"276\" data-end=\"578\">Descubre la \u00faltima versi\u00f3n de <strong data-start=\"315\" data-end=\"332\">SmartSearchWP<\/strong>, el plugin de WordPress que integra un <strong data-start=\"369\" data-end=\"417\">chatbot inteligente impulsado por ChatGPT 4.0<\/strong>.<br data-start=\"418\" data-end=\"421\">Esta actualizaci\u00f3n aporta nuevas funciones dise\u00f1adas para que tu sitio sea m\u00e1s interactivo, m\u00e1s potente y a\u00fan m\u00e1s f\u00e1cil de administrar.<\/p><hr data-start=\"580\" data-end=\"583\"><h3>Integraci\u00f3n ChatGPT 4.0<\/h3><p data-start=\"617\" data-end=\"731\">La novedad m\u00e1s llamativa es la integraci\u00f3n de <strong data-start=\"669\" data-end=\"684\">ChatGPT 4.0<\/strong> directamente en SmartSearchWP.<br data-start=\"716\" data-end=\"719\">Resultado:<\/p><ul data-start=\"732\" data-end=\"962\"><li data-start=\"732\" data-end=\"789\"><p data-start=\"734\" data-end=\"789\">Respuestas a\u00fan m\u00e1s precisas y naturales.<\/p><\/li><li data-start=\"790\" data-end=\"853\"><p data-start=\"792\" data-end=\"853\">Una mejor comprensi\u00f3n de las preguntas de los usuarios.<\/p><\/li><li data-start=\"854\" data-end=\"962\"><p data-start=\"856\" data-end=\"962\">Una experiencia fluida que convierte tu sitio en un <strong data-start=\"918\" data-end=\"959\">asistente conversacional inteligente<\/strong>.<\/p><\/li><\/ul><hr data-start=\"964\" data-end=\"967\"><h3>Mejora de la gesti\u00f3n del contexto<\/h3><p data-start=\"1006\" data-end=\"1102\">La actualizaci\u00f3n introduce una gesti\u00f3n a\u00fan m\u00e1s clara del contenido utilizado por el chatbot :<\/p><ul data-start=\"1103\" data-end=\"1386\"><li data-start=\"1103\" data-end=\"1159\"><p data-start=\"1105\" data-end=\"1159\">A\u00f1ade o elimina p\u00e1ginas y art\u00edculos f\u00e1cilmente.<\/p><\/li><li data-start=\"1160\" data-end=\"1262\"><p data-start=\"1162\" data-end=\"1262\">Identifica r\u00e1pidamente los contenidos actualizados, obsoletos o no activados gracias a los indicadores visuales.<\/p><\/li><li data-start=\"1263\" data-end=\"1386\"><p data-start=\"1265\" data-end=\"1386\">Mant\u00e9n un control total sobre lo que sabe el chatbot, para que s\u00f3lo responda bas\u00e1ndose en tu contenido relevante.<\/p><\/li><\/ul><hr data-start=\"1388\" data-end=\"1391\"><h3>Compatibilidad ampliada<\/h3><p data-start=\"1420\" data-end=\"1551\">SmartSearchWP admite ahora nuevos usos, lo que permite una mejor integraci\u00f3n con distintos tipos de sitios:<\/p><ul data-start=\"1552\" data-end=\"1760\"><li data-start=\"1552\" data-end=\"1602\"><p data-start=\"1554\" data-end=\"1602\">Sitios escaparate, blogs o portales de contenidos.<\/p><\/li><li data-start=\"1603\" data-end=\"1654\"><p data-start=\"1605\" data-end=\"1654\">Sitios de comercio electr\u00f3nico que utilizan complementos WooCommerce.<\/p><\/li><li data-start=\"1655\" data-end=\"1760\"><p data-start=\"1657\" data-end=\"1760\">Sitios institucionales o documentales que utilizan archivos PDF o contenidos personalizados.<\/p><\/li><\/ul><hr data-start=\"1762\" data-end=\"1765\"><h3>Experiencia de usuario optimizada<\/h3><p data-start=\"1805\" data-end=\"1876\">Cada detalle se ha dise\u00f1ado para mejorar la experiencia del visitante:<\/p><ul data-start=\"1877\" data-end=\"2124\"><li data-start=\"1877\" data-end=\"1953\"><p data-start=\"1879\" data-end=\"1953\">Un chatbot m\u00e1s r\u00e1pido y con mayor capacidad de respuesta gracias a la optimizaci\u00f3n del motor.<\/p><\/li><li data-start=\"1954\" data-end=\"2044\"><p data-start=\"1956\" data-end=\"2044\">Integraci\u00f3n gr\u00e1fica mejorada para que coincida con la identidad visual de tu sitio.<\/p><\/li><li data-start=\"2045\" data-end=\"2124\"><p data-start=\"2047\" data-end=\"2124\">Respuestas que gu\u00edan a los usuarios a las p\u00e1ginas m\u00e1s relevantes.<\/p><\/li><\/ul><hr data-start=\"2126\" data-end=\"2129\"><h3>Mayor seguridad y confidencialidad<\/h3><p data-start=\"2175\" data-end=\"2467\">SmartSearchWP sigue garantizando <strong data-start=\"2213\" data-end=\"2244\">la confidencialidad de los datos<\/strong> al basarse en la API OpenAI con la opci\u00f3n <strong data-start=\"2292\" data-end=\"2315\">Cero Retenci\u00f3n de Datos<\/strong>.<br data-start=\"2316\" data-end=\"2319\">Tus datos no se utilizan para entrenar modelos ni se almacenan permanentemente. Conservas el control total sobre la informaci\u00f3n procesada. <\/p><hr data-start=\"2469\" data-end=\"2472\"><p data-start=\"2491\" data-end=\"2657\"> <\/p><p data-start=\"2491\" data-end=\"2657\">Con estas nuevas funciones, SmartSearchWP se convierte en algo m\u00e1s que un chatbot: es un <strong data-start=\"2586\" data-end=\"2635\">aut\u00e9ntico motor de b\u00fasqueda conversacional<\/strong> adaptado a WordPress.<\/p><ul data-start=\"2659\" data-end=\"2851\"><li data-start=\"2659\" data-end=\"2691\"><p data-start=\"2661\" data-end=\"2691\">M\u00e1s preciso gracias a GPT-4.0.<\/p><\/li><li data-start=\"2692\" data-end=\"2760\"><p data-start=\"2694\" data-end=\"2760\">M\u00e1s f\u00e1cil de administrar, con una gesti\u00f3n clara del contexto.<\/p><\/li><li data-start=\"2761\" data-end=\"2810\"><p data-start=\"2763\" data-end=\"2810\">M\u00e1s flexible con compatibilidad ampliada.<\/p><\/li><li data-start=\"2811\" data-end=\"2851\"><p data-start=\"2813\" data-end=\"2851\">Mayor seguridad para tus usuarios.<\/p><\/li><\/ul><p data-start=\"2853\" data-end=\"2956\">\ud83d\udc49 Descarga SmartSearchWP hoy mismo y dale a tu sitio una nueva dimensi\u00f3n con la IA.<\/p>\t\t\t\t\t\t\t\t<\/div>\n\t\t\t\t<\/div>\n\t\t\t\t\t<\/div>\n\t\t\t\t<\/div>\n\t\t\t\t<\/div>\n\t\t","protected":false},"excerpt":{"rendered":"<p>Nuevas funciones de SmartSearchWP Descubre el nuevo plugin SmartSearchWP, el innovador chatbot de IA impulsado por ChatGPT 4.0, especialmente dise\u00f1ado para WordPress. Este v\u00eddeo te muestra las principales caracter\u00edsticas y explica por qu\u00e9 SmartSearchWP es la soluci\u00f3n definitiva para a\u00f1adir un asistente de b\u00fasqueda conversacional a tu sitio WordPress. Lo que aprender\u00e1s en este v\u00eddeo: [&hellip;]<\/p>\n","protected":false},"author":1,"featured_media":0,"parent":0,"menu_order":0,"comment_status":"closed","ping_status":"closed","template":"","meta":{"_acf_changed":false,"footnotes":""},"categories":[114],"tags":[],"class_list":["post-4527","page","type-page","status-publish","hentry","category-tutoriales"],"acf":[],"yoast_head":"<!-- This site is optimized with the Yoast SEO plugin v27.4 - https:\/\/yoast.com\/product\/yoast-seo-wordpress\/ -->\n<title>ChatGPT chatbot wordpress plugin gratis - Nuevas funciones Mayo 2024 - SmartsearchWP<\/title>\n<meta name=\"robots\" content=\"index, follow, max-snippet:-1, max-image-preview:large, max-video-preview:-1\" \/>\n<link rel=\"canonical\" href=\"https:\/\/www.smartsearchwp.com\/es\/chatgpt-chatbot-gratuito-de-wordpress-ajustes-y-contextos-2\/\" \/>\n<meta property=\"og:locale\" content=\"es_ES\" \/>\n<meta property=\"og:type\" content=\"article\" \/>\n<meta property=\"og:title\" content=\"ChatGPT chatbot wordpress plugin gratis - Nuevas funciones Mayo 2024 - SmartsearchWP\" \/>\n<meta property=\"og:description\" content=\"Nuevas funciones de SmartSearchWP Descubre el nuevo plugin SmartSearchWP, el innovador chatbot de IA impulsado por ChatGPT 4.0, especialmente dise\u00f1ado para WordPress. Este v\u00eddeo te muestra las principales caracter\u00edsticas y explica por qu\u00e9 SmartSearchWP es la soluci\u00f3n definitiva para a\u00f1adir un asistente de b\u00fasqueda conversacional a tu sitio WordPress. Lo que aprender\u00e1s en este v\u00eddeo: [&hellip;]\" \/>\n<meta property=\"og:url\" content=\"https:\/\/www.smartsearchwp.com\/es\/chatgpt-chatbot-gratuito-de-wordpress-ajustes-y-contextos-2\/\" \/>\n<meta property=\"og:site_name\" content=\"SmartsearchWP\" \/>\n<meta property=\"article:modified_time\" content=\"2025-08-27T13:38:30+00:00\" \/>\n<meta name=\"twitter:card\" content=\"summary_large_image\" \/>\n<meta name=\"twitter:label1\" content=\"Tiempo de lectura\" \/>\n\t<meta name=\"twitter:data1\" content=\"3 minutos\" \/>\n<!-- \/ Yoast SEO plugin. -->","yoast_head_json":{"title":"ChatGPT chatbot wordpress plugin gratis - Nuevas funciones Mayo 2024 - SmartsearchWP","robots":{"index":"index","follow":"follow","max-snippet":"max-snippet:-1","max-image-preview":"max-image-preview:large","max-video-preview":"max-video-preview:-1"},"canonical":"https:\/\/www.smartsearchwp.com\/es\/chatgpt-chatbot-gratuito-de-wordpress-ajustes-y-contextos-2\/","og_locale":"es_ES","og_type":"article","og_title":"ChatGPT chatbot wordpress plugin gratis - Nuevas funciones Mayo 2024 - SmartsearchWP","og_description":"Nuevas funciones de SmartSearchWP Descubre el nuevo plugin SmartSearchWP, el innovador chatbot de IA impulsado por ChatGPT 4.0, especialmente dise\u00f1ado para WordPress. Este v\u00eddeo te muestra las principales caracter\u00edsticas y explica por qu\u00e9 SmartSearchWP es la soluci\u00f3n definitiva para a\u00f1adir un asistente de b\u00fasqueda conversacional a tu sitio WordPress. Lo que aprender\u00e1s en este v\u00eddeo: [&hellip;]","og_url":"https:\/\/www.smartsearchwp.com\/es\/chatgpt-chatbot-gratuito-de-wordpress-ajustes-y-contextos-2\/","og_site_name":"SmartsearchWP","article_modified_time":"2025-08-27T13:38:30+00:00","twitter_card":"summary_large_image","twitter_misc":{"Tiempo de lectura":"3 minutos"},"schema":{"@context":"https:\/\/schema.org","@graph":[{"@type":"WebPage","@id":"https:\/\/www.smartsearchwp.com\/es\/chatgpt-chatbot-gratuito-de-wordpress-ajustes-y-contextos-2\/","url":"https:\/\/www.smartsearchwp.com\/es\/chatgpt-chatbot-gratuito-de-wordpress-ajustes-y-contextos-2\/","name":"ChatGPT chatbot wordpress plugin gratis - Nuevas funciones Mayo 2024 - SmartsearchWP","isPartOf":{"@id":"https:\/\/www.smartsearchwp.com\/es\/#website"},"datePublished":"2025-08-27T13:15:07+00:00","dateModified":"2025-08-27T13:38:30+00:00","breadcrumb":{"@id":"https:\/\/www.smartsearchwp.com\/es\/chatgpt-chatbot-gratuito-de-wordpress-ajustes-y-contextos-2\/#breadcrumb"},"inLanguage":"es","potentialAction":[{"@type":"ReadAction","target":["https:\/\/www.smartsearchwp.com\/es\/chatgpt-chatbot-gratuito-de-wordpress-ajustes-y-contextos-2\/"]}]},{"@type":"BreadcrumbList","@id":"https:\/\/www.smartsearchwp.com\/es\/chatgpt-chatbot-gratuito-de-wordpress-ajustes-y-contextos-2\/#breadcrumb","itemListElement":[{"@type":"ListItem","position":1,"name":"Accueil","item":"https:\/\/www.smartsearchwp.com\/es\/"},{"@type":"ListItem","position":2,"name":"ChatGPT chatbot wordpress plugin gratis &#8211; Nuevas funciones Mayo 2024"}]},{"@type":"WebSite","@id":"https:\/\/www.smartsearchwp.com\/es\/#website","url":"https:\/\/www.smartsearchwp.com\/es\/","name":"SmartsearchWP","description":"","publisher":{"@id":"https:\/\/www.smartsearchwp.com\/es\/#organization"},"potentialAction":[{"@type":"SearchAction","target":{"@type":"EntryPoint","urlTemplate":"https:\/\/www.smartsearchwp.com\/es\/?s={search_term_string}"},"query-input":{"@type":"PropertyValueSpecification","valueRequired":true,"valueName":"search_term_string"}}],"inLanguage":"es"},{"@type":"Organization","@id":"https:\/\/www.smartsearchwp.com\/es\/#organization","name":"SmartsearchWP","url":"https:\/\/www.smartsearchwp.com\/es\/","logo":{"@type":"ImageObject","inLanguage":"es","@id":"https:\/\/www.smartsearchwp.com\/es\/#\/schema\/logo\/image\/","url":"https:\/\/www.smartsearchwp.com\/wp-content\/uploads\/2023\/11\/logo-smartSearchWp-white-1.png","contentUrl":"https:\/\/www.smartsearchwp.com\/wp-content\/uploads\/2023\/11\/logo-smartSearchWp-white-1.png","width":350,"height":100,"caption":"SmartsearchWP"},"image":{"@id":"https:\/\/www.smartsearchwp.com\/es\/#\/schema\/logo\/image\/"}}]}},"_links":{"self":[{"href":"https:\/\/www.smartsearchwp.com\/es\/wp-json\/wp\/v2\/pages\/4527","targetHints":{"allow":["GET"]}}],"collection":[{"href":"https:\/\/www.smartsearchwp.com\/es\/wp-json\/wp\/v2\/pages"}],"about":[{"href":"https:\/\/www.smartsearchwp.com\/es\/wp-json\/wp\/v2\/types\/page"}],"author":[{"embeddable":true,"href":"https:\/\/www.smartsearchwp.com\/es\/wp-json\/wp\/v2\/users\/1"}],"replies":[{"embeddable":true,"href":"https:\/\/www.smartsearchwp.com\/es\/wp-json\/wp\/v2\/comments?post=4527"}],"version-history":[{"count":4,"href":"https:\/\/www.smartsearchwp.com\/es\/wp-json\/wp\/v2\/pages\/4527\/revisions"}],"predecessor-version":[{"id":4555,"href":"https:\/\/www.smartsearchwp.com\/es\/wp-json\/wp\/v2\/pages\/4527\/revisions\/4555"}],"wp:attachment":[{"href":"https:\/\/www.smartsearchwp.com\/es\/wp-json\/wp\/v2\/media?parent=4527"}],"wp:term":[{"taxonomy":"category","embeddable":true,"href":"https:\/\/www.smartsearchwp.com\/es\/wp-json\/wp\/v2\/categories?post=4527"},{"taxonomy":"post_tag","embeddable":true,"href":"https:\/\/www.smartsearchwp.com\/es\/wp-json\/wp\/v2\/tags?post=4527"}],"curies":[{"name":"wp","href":"https:\/\/api.w.org\/{rel}","templated":true}]}}