{"id":4496,"date":"2025-08-27T13:18:56","date_gmt":"2025-08-27T11:18:56","guid":{"rendered":"https:\/\/www.smartsearchwp.com\/?page_id=4496"},"modified":"2025-08-27T15:32:21","modified_gmt":"2025-08-27T13:32:21","slug":"chatgpt-chatbot-gratuito-de-wordpress-ajustes-y-contextos","status":"publish","type":"page","link":"https:\/\/www.smartsearchwp.com\/es\/chatgpt-chatbot-gratuito-de-wordpress-ajustes-y-contextos\/","title":{"rendered":"ChatGPT chatbot wordpress plugin &#8211; Complementos Premium"},"content":{"rendered":"\t\t<div data-elementor-type=\"wp-page\" data-elementor-id=\"4496\" class=\"elementor elementor-4496 elementor-4493\" data-elementor-post-type=\"page\">\n\t\t\t\t<div data-particle_enable=\"false\" data-particle-mobile-disabled=\"false\" class=\"elementor-element elementor-element-09568cc e-flex e-con-boxed e-con e-parent\" data-id=\"09568cc\" data-element_type=\"container\" data-e-type=\"container\">\n\t\t\t\t\t<div class=\"e-con-inner\">\n\t\t\t\t<div class=\"elementor-element elementor-element-590f1e4 elementor-widget elementor-widget-text-editor\" data-id=\"590f1e4\" data-element_type=\"widget\" data-e-type=\"widget\" data-widget_type=\"text-editor.default\">\n\t\t\t\t<div class=\"elementor-widget-container\">\n\t\t\t\t\t\t\t\t\t<p>Descubre toda la potencia de los Complementos Premium de SmartSearchWP y convierte tu chatbot de WordPress en una soluci\u00f3n completa de IA.<\/p>\n<p>En este v\u00eddeo, te presentamos las principales caracter\u00edsticas de cada extensi\u00f3n premium y te explicamos por qu\u00e9 son esenciales para cualquier sitio web profesional.<\/p>\n<p>Lo que aprender\u00e1s en este v\u00eddeo:<\/p>\n<ul>\n<li>Complemento de WooCommerce: Convierte tu chatbot en un asistente de ventas de comercio electr\u00f3nico que recomienda productos, destaca promociones y utiliza datos de existencias en tiempo real.<\/li>\n<li>Custom Post Type &amp; ; Complemento ACF: Aseg\u00farate de que tu chatbot incluya tu contenido personalizado, como carteras, testimonios, eventos o preguntas frecuentes.<\/li>\n<li>Complemento PDF: Permite que tu chatbot responda a preguntas formuladas en gu\u00edas, manuales e informes directamente en formato PDF.<\/li>\n<li>Complemento de sustituci\u00f3n de prompt: Controla c\u00f3mo habla tu chatbot, establece el tono, el estilo y alin\u00e9alo con la voz de tu marca.<\/li>\n<li>Complemento de control de uso: decide qui\u00e9n puede utilizar el chatbot, en qu\u00e9 p\u00e1ginas y en qu\u00e9 dispositivos, para optimizar costes y escenarios.<\/li>\n<li>Personalizaci\u00f3n adicional: Personaliza los colores, tipos de letra, tama\u00f1os y posiciones para que se ajusten perfectamente a la identidad de tu marca.<\/li>\n<\/ul>\n<p><br><\/p><p>Con estos complementos, SmartSearchWP pasa de ser un simple chatbot a un asistente de IA para WordPress potente, flexible y totalmente personalizable.<\/p>\t\t\t\t\t\t\t\t<\/div>\n\t\t\t\t<\/div>\n\t\t\t\t<div class=\"elementor-element elementor-element-6a8f0a4 dce_masking-none elementor-widget elementor-widget-video\" data-id=\"6a8f0a4\" data-element_type=\"widget\" data-e-type=\"widget\" data-settings=\"{&quot;youtube_url&quot;:&quot;https:\\\/\\\/youtu.be\\\/2gDlQoQUF9k?si=gGU3YGeWyp2Nkmm4&quot;,&quot;autoplay&quot;:&quot;yes&quot;,&quot;cc_load_policy&quot;:&quot;yes&quot;,&quot;video_type&quot;:&quot;youtube&quot;,&quot;controls&quot;:&quot;yes&quot;}\" data-widget_type=\"video.default\">\n\t\t\t\t<div class=\"elementor-widget-container\">\n\t\t\t\t\t\t\t<div class=\"elementor-wrapper elementor-open-inline\">\n\t\t\t<div class=\"elementor-video\"><\/div>\t\t<\/div>\n\t\t\t\t\t\t<\/div>\n\t\t\t\t<\/div>\n\t\t\t\t\t<\/div>\n\t\t\t\t<\/div>\n\t\t<div data-particle_enable=\"false\" data-particle-mobile-disabled=\"false\" class=\"elementor-element elementor-element-d723d5c e-flex e-con-boxed e-con e-parent\" data-id=\"d723d5c\" data-element_type=\"container\" data-e-type=\"container\">\n\t\t\t\t\t<div class=\"e-con-inner\">\n\t\t\t\t<div class=\"elementor-element elementor-element-fd49e71 elementor-widget elementor-widget-text-editor\" data-id=\"fd49e71\" data-element_type=\"widget\" data-e-type=\"widget\" data-widget_type=\"text-editor.default\">\n\t\t\t\t<div class=\"elementor-widget-container\">\n\t\t\t\t\t\t\t\t\t<p data-start=\"433\" data-end=\"456\">Con la versi\u00f3n Premium, <strong data-start=\"226\" data-end=\"243\">SmartSearchWP<\/strong> se convierte en una soluci\u00f3n completa y altamente personalizable.<br data-start=\"312\" data-end=\"315\">Estos complementos aumentan las posibilidades de tu chatbot y lo adaptan perfectamente a las necesidades de tu empresa.<\/p><h3>Complemento WooCommerce<\/h3><p data-start=\"457\" data-end=\"576\">Convierte tu chatbot en un <strong data-start=\"486\" data-end=\"523\">asesor inteligente de comercio electr\u00f3nico<\/strong>.<br data-start=\"524\" data-end=\"527\">Gracias al complemento WooCommerce, el chatbot puede :<\/p><ul data-start=\"577\" data-end=\"876\"><li data-start=\"577\" data-end=\"650\"><p data-start=\"579\" data-end=\"650\">Utiliza directamente tus fichas de producto como base de conocimientos.<\/p><\/li><li data-start=\"651\" data-end=\"706\"><p data-start=\"653\" data-end=\"706\">Recomienda productos seg\u00fan criterios espec\u00edficos.<\/p><\/li><li data-start=\"707\" data-end=\"770\"><p data-start=\"709\" data-end=\"770\">Destaca determinados art\u00edculos en promoci\u00f3n o en stock.<\/p><\/li><li data-start=\"771\" data-end=\"876\"><p data-start=\"773\" data-end=\"876\">Responde a las preguntas frecuentes de los clientes sobre precios, caracter\u00edsticas o disponibilidad.<\/p><\/li><\/ul><p data-start=\"878\" data-end=\"987\">Una herramienta esencial para impulsar tus ventas y mejorar la experiencia del usuario en un sitio comercial.<\/p><hr data-start=\"989\" data-end=\"992\"><h3>Complemento Custom Post Type y ACF<\/h3><p data-start=\"1029\" data-end=\"1162\">\u00bfTu sitio va m\u00e1s all\u00e1 de las p\u00e1ginas y art\u00edculos est\u00e1ndar?<br data-start=\"1084\" data-end=\"1087\">Este complemento permite al chatbot utilizar tu <strong data-start=\"1132\" data-end=\"1158\">contenido personalizado<\/strong>:<\/p><ul data-start=\"1163\" data-end=\"1273\"><li data-start=\"1163\" data-end=\"1177\"><p data-start=\"1165\" data-end=\"1177\">Carteras<\/p><\/li><li data-start=\"1178\" data-end=\"1193\"><p data-start=\"1180\" data-end=\"1193\">Testimonios<\/p><\/li><li data-start=\"1194\" data-end=\"1201\"><p data-start=\"1196\" data-end=\"1201\">PREGUNTAS FRECUENTES<\/p><\/li><li data-start=\"1202\" data-end=\"1216\"><p data-start=\"1204\" data-end=\"1216\">Eventos<\/p><\/li><li data-start=\"1217\" data-end=\"1273\"><p data-start=\"1219\" data-end=\"1273\">Todos los dem\u00e1s contenidos gestionados mediante Custom Post Types y ACF<\/p><\/li><\/ul><p data-start=\"1275\" data-end=\"1395\">Resultado: tu chatbot comprende la estructura espec\u00edfica de tu sitio y proporciona respuestas <strong data-start=\"1371\" data-end=\"1392\">ultrarrelevantes<\/strong>.<\/p><hr data-start=\"1397\" data-end=\"1400\"><h3>Complemento PDF<\/h3><p data-start=\"1418\" data-end=\"1645\">\u00bfTienes gu\u00edas, avisos o informes en formato PDF?<br data-start=\"1478\" data-end=\"1481\">Con el complemento PDF, no hay necesidad de transformarlos en p\u00e1ginas de WordPress.<br data-start=\"1546\" data-end=\"1549\">El chatbot puede analizar y utilizar directamente tus archivos PDF para responder a los visitantes.<\/p><p data-start=\"1647\" data-end=\"1772\">Ideal para sitios ricos en documentaci\u00f3n o para proporcionar una base de conocimientos completa sin duplicar contenidos.<\/p><hr data-start=\"1774\" data-end=\"1777\"><h3>Complemento de anulaci\u00f3n de avisos<\/h3><p data-start=\"1807\" data-end=\"1897\">Con este complemento, t\u00fa <strong data-start=\"1829\" data-end=\"1879\">controlas el tono y la personalidad del chatbot<\/strong>.<br data-start=\"1880\" data-end=\"1883\">Define :<\/p><ul data-start=\"1898\" data-end=\"2075\"><li data-start=\"1898\" data-end=\"1953\"><p data-start=\"1900\" data-end=\"1953\">El estilo de respuesta (formal, amistoso, t\u00e9cnico, etc.)<\/p><\/li><li data-start=\"1954\" data-end=\"1978\"><p data-start=\"1956\" data-end=\"1978\">La lengua por defecto<\/p><\/li><li data-start=\"1979\" data-end=\"2075\"><p data-start=\"1981\" data-end=\"2075\">Instrucciones espec\u00edficas que deben seguirse (alineaci\u00f3n con tu marca, l\u00edmites que no deben superarse)<\/p><\/li><\/ul><p data-start=\"2077\" data-end=\"2180\">Es la garant\u00eda de un chatbot alineado con tus objetivos de comunicaci\u00f3n y tu identidad de marca.<\/p><hr data-start=\"2182\" data-end=\"2185\"><h3>Complemento de Control de Uso<\/h3><p data-start=\"2213\" data-end=\"2291\">Mant\u00e9n el control sobre el acceso al chatbot.<br data-start=\"2255\" data-end=\"2258\">Con este complemento, t\u00fa decides :<\/p><ul data-start=\"2292\" data-end=\"2460\"><li data-start=\"2292\" data-end=\"2347\"><p data-start=\"2294\" data-end=\"2347\">Qui\u00e9n puede utilizar el chatbot (por rol de usuario)<\/p><\/li><li data-start=\"2348\" data-end=\"2408\"><p data-start=\"2350\" data-end=\"2408\">En qu\u00e9 p\u00e1ginas o tipos de contenido est\u00e1 activo<\/p><\/li><li data-start=\"2409\" data-end=\"2460\"><p data-start=\"2411\" data-end=\"2460\">En qu\u00e9 dispositivos (ordenador, m\u00f3vil, tableta)<\/p><\/li><\/ul><p data-start=\"2462\" data-end=\"2575\">De este modo, puedes optimizar los costes asociados a la API de OpenAI al tiempo que adaptas el uso del chatbot a tus escenarios empresariales.<\/p><hr data-start=\"2577\" data-end=\"2580\"><h3>Personalizaci\u00f3n de complementos<\/h3><p data-start=\"2611\" data-end=\"2697\">Adapta el chatbot a tu carta gr\u00e1fica y a la identidad visual de tu sitio:<\/p><ul data-start=\"2698\" data-end=\"2757\"><li data-start=\"2698\" data-end=\"2710\"><p data-start=\"2700\" data-end=\"2710\">Colores<\/p><\/li><li data-start=\"2711\" data-end=\"2722\"><p data-start=\"2713\" data-end=\"2722\">Fuentes<\/p><\/li><li data-start=\"2723\" data-end=\"2734\"><p data-start=\"2725\" data-end=\"2734\">Tallas<\/p><\/li><li data-start=\"2735\" data-end=\"2757\"><p data-start=\"2737\" data-end=\"2757\">Posici\u00f3n en la pantalla<\/p><\/li><\/ul><p data-start=\"2759\" data-end=\"2868\">Gracias a este complemento, el chatbot no s\u00f3lo es \u00fatil, sino que se integra perfectamente en tu dise\u00f1o.<\/p><hr data-start=\"2870\" data-end=\"2873\"><p data-start=\"2875\" data-end=\"2890\"> <\/p><p data-start=\"2875\" data-end=\"2890\"><span style=\"color: #3a3a3a; font-size: 15px; font-weight: 400;\">En <\/span><strong style=\"color: #3a3a3a; font-size: 15px;\" data-start=\"2896\" data-end=\"2915\">Complementos Premium<\/strong><span style=\"color: #3a3a3a; font-size: 15px; font-weight: 400;\"> Los complementos de SmartSearchWP te permiten pasar de un simple chatbot a una completa <\/span><strong style=\"color: #3a3a3a; font-size: 15px;\" data-start=\"2985\" data-end=\"3032\">soluci\u00f3n de IA potente y flexible<\/strong><span style=\"color: #3a3a3a; font-size: 15px; font-weight: 400;\">.<\/span><\/p><ul data-start=\"3037\" data-end=\"3378\"><li data-start=\"3037\" data-end=\"3098\"><p data-start=\"3039\" data-end=\"3098\">WooCommerce convierte tu chatbot en un asesor de ventas.<\/p><\/li><li data-start=\"3099\" data-end=\"3174\"><p data-start=\"3101\" data-end=\"3174\">Custom Post Type y ACF le dan acceso a tu contenido espec\u00edfico.<\/p><\/li><li data-start=\"3175\" data-end=\"3223\"><p data-start=\"3177\" data-end=\"3223\">PDF ampl\u00eda tu conocimiento de los documentos.<\/p><\/li><li data-start=\"3224\" data-end=\"3265\"><p data-start=\"3226\" data-end=\"3265\">La Anulaci\u00f3n del aviso personaliza su tono.<\/p><\/li><li data-start=\"3266\" data-end=\"3320\"><p data-start=\"3268\" data-end=\"3320\">El Control de Uso te permite controlar el acceso.<\/p><\/li><li data-start=\"3321\" data-end=\"3378\"><p data-start=\"3323\" data-end=\"3378\">La personalizaci\u00f3n la integra en tu identidad visual.<\/p><\/li><\/ul><p data-start=\"3380\" data-end=\"3483\">\ud83d\udc49 Descubre la versi\u00f3n Premium y multiplica por diez las capacidades de SmartSearchWP para tu sitio WordPress.<\/p>\t\t\t\t\t\t\t\t<\/div>\n\t\t\t\t<\/div>\n\t\t\t\t\t<\/div>\n\t\t\t\t<\/div>\n\t\t\t\t<\/div>\n\t\t","protected":false},"excerpt":{"rendered":"<p>Descubre toda la potencia de los Complementos Premium de SmartSearchWP y convierte tu chatbot de WordPress en una soluci\u00f3n completa de IA. En este v\u00eddeo, te presentamos las principales caracter\u00edsticas de cada extensi\u00f3n premium y te explicamos por qu\u00e9 son esenciales para cualquier sitio web profesional. Lo que aprender\u00e1s en este v\u00eddeo: Complemento de WooCommerce: [&hellip;]<\/p>\n","protected":false},"author":1,"featured_media":0,"parent":0,"menu_order":0,"comment_status":"closed","ping_status":"closed","template":"","meta":{"_acf_changed":false,"footnotes":""},"categories":[114],"tags":[],"class_list":["post-4496","page","type-page","status-publish","hentry","category-tutoriales"],"acf":[],"yoast_head":"<!-- This site is optimized with the Yoast SEO plugin v27.4 - https:\/\/yoast.com\/product\/yoast-seo-wordpress\/ -->\n<title>ChatGPT chatbot wordpress plugin - Complementos Premium - SmartsearchWP<\/title>\n<meta name=\"robots\" content=\"index, follow, max-snippet:-1, max-image-preview:large, max-video-preview:-1\" \/>\n<link rel=\"canonical\" href=\"https:\/\/www.smartsearchwp.com\/es\/chatgpt-chatbot-gratuito-de-wordpress-ajustes-y-contextos\/\" \/>\n<meta property=\"og:locale\" content=\"es_ES\" \/>\n<meta property=\"og:type\" content=\"article\" \/>\n<meta property=\"og:title\" content=\"ChatGPT chatbot wordpress plugin - Complementos Premium - SmartsearchWP\" \/>\n<meta property=\"og:description\" content=\"Descubre toda la potencia de los Complementos Premium de SmartSearchWP y convierte tu chatbot de WordPress en una soluci\u00f3n completa de IA. En este v\u00eddeo, te presentamos las principales caracter\u00edsticas de cada extensi\u00f3n premium y te explicamos por qu\u00e9 son esenciales para cualquier sitio web profesional. Lo que aprender\u00e1s en este v\u00eddeo: Complemento de WooCommerce: [&hellip;]\" \/>\n<meta property=\"og:url\" content=\"https:\/\/www.smartsearchwp.com\/es\/chatgpt-chatbot-gratuito-de-wordpress-ajustes-y-contextos\/\" \/>\n<meta property=\"og:site_name\" content=\"SmartsearchWP\" \/>\n<meta property=\"article:modified_time\" content=\"2025-08-27T13:32:21+00:00\" \/>\n<meta name=\"twitter:card\" content=\"summary_large_image\" \/>\n<meta name=\"twitter:label1\" content=\"Tiempo de lectura\" \/>\n\t<meta name=\"twitter:data1\" content=\"4 minutos\" \/>\n<!-- \/ Yoast SEO plugin. -->","yoast_head_json":{"title":"ChatGPT chatbot wordpress plugin - Complementos Premium - SmartsearchWP","robots":{"index":"index","follow":"follow","max-snippet":"max-snippet:-1","max-image-preview":"max-image-preview:large","max-video-preview":"max-video-preview:-1"},"canonical":"https:\/\/www.smartsearchwp.com\/es\/chatgpt-chatbot-gratuito-de-wordpress-ajustes-y-contextos\/","og_locale":"es_ES","og_type":"article","og_title":"ChatGPT chatbot wordpress plugin - Complementos Premium - SmartsearchWP","og_description":"Descubre toda la potencia de los Complementos Premium de SmartSearchWP y convierte tu chatbot de WordPress en una soluci\u00f3n completa de IA. En este v\u00eddeo, te presentamos las principales caracter\u00edsticas de cada extensi\u00f3n premium y te explicamos por qu\u00e9 son esenciales para cualquier sitio web profesional. Lo que aprender\u00e1s en este v\u00eddeo: Complemento de WooCommerce: [&hellip;]","og_url":"https:\/\/www.smartsearchwp.com\/es\/chatgpt-chatbot-gratuito-de-wordpress-ajustes-y-contextos\/","og_site_name":"SmartsearchWP","article_modified_time":"2025-08-27T13:32:21+00:00","twitter_card":"summary_large_image","twitter_misc":{"Tiempo de lectura":"4 minutos"},"schema":{"@context":"https:\/\/schema.org","@graph":[{"@type":"WebPage","@id":"https:\/\/www.smartsearchwp.com\/es\/chatgpt-chatbot-gratuito-de-wordpress-ajustes-y-contextos\/","url":"https:\/\/www.smartsearchwp.com\/es\/chatgpt-chatbot-gratuito-de-wordpress-ajustes-y-contextos\/","name":"ChatGPT chatbot wordpress plugin - Complementos Premium - SmartsearchWP","isPartOf":{"@id":"https:\/\/www.smartsearchwp.com\/es\/#website"},"datePublished":"2025-08-27T11:18:56+00:00","dateModified":"2025-08-27T13:32:21+00:00","breadcrumb":{"@id":"https:\/\/www.smartsearchwp.com\/es\/chatgpt-chatbot-gratuito-de-wordpress-ajustes-y-contextos\/#breadcrumb"},"inLanguage":"es","potentialAction":[{"@type":"ReadAction","target":["https:\/\/www.smartsearchwp.com\/es\/chatgpt-chatbot-gratuito-de-wordpress-ajustes-y-contextos\/"]}]},{"@type":"BreadcrumbList","@id":"https:\/\/www.smartsearchwp.com\/es\/chatgpt-chatbot-gratuito-de-wordpress-ajustes-y-contextos\/#breadcrumb","itemListElement":[{"@type":"ListItem","position":1,"name":"Accueil","item":"https:\/\/www.smartsearchwp.com\/es\/"},{"@type":"ListItem","position":2,"name":"ChatGPT chatbot wordpress plugin &#8211; Complementos Premium"}]},{"@type":"WebSite","@id":"https:\/\/www.smartsearchwp.com\/es\/#website","url":"https:\/\/www.smartsearchwp.com\/es\/","name":"SmartsearchWP","description":"","publisher":{"@id":"https:\/\/www.smartsearchwp.com\/es\/#organization"},"potentialAction":[{"@type":"SearchAction","target":{"@type":"EntryPoint","urlTemplate":"https:\/\/www.smartsearchwp.com\/es\/?s={search_term_string}"},"query-input":{"@type":"PropertyValueSpecification","valueRequired":true,"valueName":"search_term_string"}}],"inLanguage":"es"},{"@type":"Organization","@id":"https:\/\/www.smartsearchwp.com\/es\/#organization","name":"SmartsearchWP","url":"https:\/\/www.smartsearchwp.com\/es\/","logo":{"@type":"ImageObject","inLanguage":"es","@id":"https:\/\/www.smartsearchwp.com\/es\/#\/schema\/logo\/image\/","url":"https:\/\/www.smartsearchwp.com\/wp-content\/uploads\/2023\/11\/logo-smartSearchWp-white-1.png","contentUrl":"https:\/\/www.smartsearchwp.com\/wp-content\/uploads\/2023\/11\/logo-smartSearchWp-white-1.png","width":350,"height":100,"caption":"SmartsearchWP"},"image":{"@id":"https:\/\/www.smartsearchwp.com\/es\/#\/schema\/logo\/image\/"}}]}},"_links":{"self":[{"href":"https:\/\/www.smartsearchwp.com\/es\/wp-json\/wp\/v2\/pages\/4496","targetHints":{"allow":["GET"]}}],"collection":[{"href":"https:\/\/www.smartsearchwp.com\/es\/wp-json\/wp\/v2\/pages"}],"about":[{"href":"https:\/\/www.smartsearchwp.com\/es\/wp-json\/wp\/v2\/types\/page"}],"author":[{"embeddable":true,"href":"https:\/\/www.smartsearchwp.com\/es\/wp-json\/wp\/v2\/users\/1"}],"replies":[{"embeddable":true,"href":"https:\/\/www.smartsearchwp.com\/es\/wp-json\/wp\/v2\/comments?post=4496"}],"version-history":[{"count":5,"href":"https:\/\/www.smartsearchwp.com\/es\/wp-json\/wp\/v2\/pages\/4496\/revisions"}],"predecessor-version":[{"id":4586,"href":"https:\/\/www.smartsearchwp.com\/es\/wp-json\/wp\/v2\/pages\/4496\/revisions\/4586"}],"wp:attachment":[{"href":"https:\/\/www.smartsearchwp.com\/es\/wp-json\/wp\/v2\/media?parent=4496"}],"wp:term":[{"taxonomy":"category","embeddable":true,"href":"https:\/\/www.smartsearchwp.com\/es\/wp-json\/wp\/v2\/categories?post=4496"},{"taxonomy":"post_tag","embeddable":true,"href":"https:\/\/www.smartsearchwp.com\/es\/wp-json\/wp\/v2\/tags?post=4496"}],"curies":[{"name":"wp","href":"https:\/\/api.w.org\/{rel}","templated":true}]}}