{"id":4407,"date":"2025-08-25T17:31:07","date_gmt":"2025-08-25T15:31:07","guid":{"rendered":"https:\/\/www.smartsearchwp.com\/?page_id=4407"},"modified":"2026-03-27T15:59:55","modified_gmt":"2026-03-27T14:59:55","slug":"como-integrar-la-clave-api-de-openai-en-el-chatbot-de-wordpress-smartsearchwp-chagpt-2","status":"publish","type":"page","link":"https:\/\/www.smartsearchwp.com\/es\/como-integrar-la-clave-api-de-openai-en-el-chatbot-de-wordpress-smartsearchwp-chagpt-2\/","title":{"rendered":"ChatGPT Chatbot gratuito de WordPress &#8211; Ajustes y contextos"},"content":{"rendered":"\t\t<div data-elementor-type=\"wp-page\" data-elementor-id=\"4407\" class=\"elementor elementor-4407 elementor-4404\" data-elementor-post-type=\"page\">\n\t\t\t\t<div data-particle_enable=\"false\" data-particle-mobile-disabled=\"false\" class=\"elementor-element elementor-element-09568cc e-flex e-con-boxed e-con e-parent\" data-id=\"09568cc\" data-element_type=\"container\" data-e-type=\"container\">\n\t\t\t\t\t<div class=\"e-con-inner\">\n\t\t\t\t<div class=\"elementor-element elementor-element-590f1e4 elementor-widget elementor-widget-text-editor\" data-id=\"590f1e4\" data-element_type=\"widget\" data-e-type=\"widget\" data-widget_type=\"text-editor.default\">\n\t\t\t\t<div class=\"elementor-widget-container\">\n\t\t\t\t\t\t\t\t\t<p>\u00a1Libera todo el potencial de tu chatbot gratuito ChatGPT para WordPress con SmartSearchWP! \ud83d\ude80<\/p><p>En este tutorial, te guiaremos a trav\u00e9s de la configuraci\u00f3n de la versi\u00f3n freemium y te mostraremos c\u00f3mo a\u00f1adir tus primeras p\u00e1ginas y entradas en el contexto de la IA para que tu chatbot pueda responder a las preguntas con contenido real de tu sitio.<\/p><p>Lo que aprender\u00e1s en este v\u00eddeo:<\/p><p>\u2705 C\u00f3mo configurar los ajustes b\u00e1sicos y avanzados de SmartSearchWP<br>\u2705 Comprender la temperatura, los contextos de uso m\u00e1ximo, el umbral de similitud y el umbral de precisi\u00f3n, y c\u00f3mo cambian las respuestas del chatbot<br>\u2705 Qu\u00e9 significa RAG (Generaci\u00f3n Recuperada-Aumentada) y por qu\u00e9 hace que las respuestas sean m\u00e1s precisas<br>\u2705 C\u00f3mo a\u00f1adir p\u00e1ginas o entradas en contexto con incrustaciones, activarlas y mantenerlas actualizadas \u2705 C\u00f3mo probar tu chatbot en el front-end y obtener respuestas relevantes al instante Con esta configuraci\u00f3n, tendr\u00e1s un potente chatbot de IA en WordPress de forma gratuita, totalmente personalizable y bajo tu control.<\/p><p>\ud83d\udc49 En el siguiente tutorial, nos sumergiremos en funciones premium como la integraci\u00f3n con WooCommerce, la compatibilidad con PDF, los tipos de entrada personalizados (CPT), ACF y la personalizaci\u00f3n de avisos.<\/p>\t\t\t\t\t\t\t\t<\/div>\n\t\t\t\t<\/div>\n\t\t\t\t<div class=\"elementor-element elementor-element-6a8f0a4 dce_masking-none elementor-widget elementor-widget-video\" data-id=\"6a8f0a4\" data-element_type=\"widget\" data-e-type=\"widget\" data-settings=\"{&quot;youtube_url&quot;:&quot;https:\\\/\\\/youtu.be\\\/3MprgWQREu8&quot;,&quot;autoplay&quot;:&quot;yes&quot;,&quot;cc_load_policy&quot;:&quot;yes&quot;,&quot;video_type&quot;:&quot;youtube&quot;,&quot;controls&quot;:&quot;yes&quot;}\" data-widget_type=\"video.default\">\n\t\t\t\t<div class=\"elementor-widget-container\">\n\t\t\t\t\t\t\t<div class=\"elementor-wrapper elementor-open-inline\">\n\t\t\t<div class=\"elementor-video\"><\/div>\t\t<\/div>\n\t\t\t\t\t\t<\/div>\n\t\t\t\t<\/div>\n\t\t\t\t\t<\/div>\n\t\t\t\t<\/div>\n\t\t<div data-particle_enable=\"false\" data-particle-mobile-disabled=\"false\" class=\"elementor-element elementor-element-d723d5c e-flex e-con-boxed e-con e-parent\" data-id=\"d723d5c\" data-element_type=\"container\" data-e-type=\"container\">\n\t\t\t\t\t<div class=\"e-con-inner\">\n\t\t\t\t<div class=\"elementor-element elementor-element-48c57de elementor-widget elementor-widget-heading\" data-id=\"48c57de\" data-element_type=\"widget\" data-e-type=\"widget\" data-widget_type=\"heading.default\">\n\t\t\t\t<div class=\"elementor-widget-container\">\n\t\t\t\t\t<h2 class=\"elementor-heading-title elementor-size-default\">C\u00f3mo configurar la versi\u00f3n freemium de SmartSearchWP y a\u00f1adir p\u00e1ginas o art\u00edculos al contexto IA<\/h2>\t\t\t\t<\/div>\n\t\t\t\t<\/div>\n\t\t\t\t<div class=\"elementor-element elementor-element-fd49e71 elementor-widget elementor-widget-text-editor\" data-id=\"fd49e71\" data-element_type=\"widget\" data-e-type=\"widget\" data-widget_type=\"text-editor.default\">\n\t\t\t\t<div class=\"elementor-widget-container\">\n\t\t\t\t\t\t\t\t\t<p data-start=\"267\" data-end=\"637\">La <strong data-start=\"270\" data-end=\"307\">versi\u00f3n freemium de SmartSearchWP<\/strong> ya te permite configurar un <strong data-start=\"342\" data-end=\"374\">chatbot impulsado por ChatGPT<\/strong><span data-start=\"342\" data-end=\"374\">,<\/span><strong data-start=\"342\" data-end=\"374\"> <\/strong>directamente en tu sitio de WordPress.<br data-start=\"412\" data-end=\"415\">En este tutorial, repasaremos los principales par\u00e1metros del plugin, explicaremos c\u00f3mo influyen en el comportamiento del chatbot y mostraremos c\u00f3mo a\u00f1adir tus primeras <strong data-start=\"600\" data-end=\"621\">p\u00e1ginas y art\u00edculos<\/strong> al contexto de la IA.<\/p><hr data-start=\"639\" data-end=\"642\"><h3>Paso 1 &#8211; Accede a la configuraci\u00f3n general<\/h3><p data-start=\"690\" data-end=\"789\">Desde el panel de control de WordPress, ve a:<br data-start=\"739\" data-end=\"742\"><strong data-start=\"742\" data-end=\"789\">SmartSearchWP \u2192 Ajustes \u2192 Ajustes generales<\/strong><\/p><p data-start=\"791\" data-end=\"834\">Aqu\u00ed puedes personalizar el chatbot:<\/p><ul data-start=\"836\" data-end=\"1101\"><li data-start=\"836\" data-end=\"876\"><p data-start=\"838\" data-end=\"876\">Activa o desactiva su visualizaci\u00f3n.<\/p><\/li><li data-start=\"877\" data-end=\"913\"><p data-start=\"879\" data-end=\"913\">Introduce tu <strong data-start=\"892\" data-end=\"910\">clave API de OpenAI<\/strong>.<\/p><\/li><li data-start=\"914\" data-end=\"1000\"><p data-start=\"916\" data-end=\"1000\">Elige el modelo: te recomendamos <strong data-start=\"954\" data-end=\"964\">el GPT-4o<\/strong> por su rapidez y precisi\u00f3n.<\/p><\/li><li data-start=\"1001\" data-end=\"1101\"><p data-start=\"1003\" data-end=\"1101\">Personaliza el nombre, el logotipo, el mensaje de bienvenida y el texto de la burbuja de chat del chatbot.<\/p><\/li><\/ul><hr data-start=\"1103\" data-end=\"1106\"><h3>Paso 2 &#8211; Comprender la configuraci\u00f3n avanzada<\/h3><p data-start=\"1156\" data-end=\"1241\">Los ajustes avanzados definen c\u00f3mo responde el chatbot a los usuarios:<\/p><ul data-start=\"1243\" data-end=\"1991\"><li data-start=\"1243\" data-end=\"1411\"><p data-start=\"1245\" data-end=\"1288\"><strong data-start=\"1245\" data-end=\"1260\">Temperatura<\/strong>: controla la creatividad.<\/p><ul data-start=\"1291\" data-end=\"1411\"><li data-start=\"1291\" data-end=\"1343\"><p data-start=\"1293\" data-end=\"1343\">Valor bajo = respuestas coherentes y formales.<\/p><\/li><li data-start=\"1346\" data-end=\"1411\"><p data-start=\"1348\" data-end=\"1411\">Alto valor = respuestas m\u00e1s originales, a veces inesperadas.<\/p><\/li><\/ul><\/li><li data-start=\"1413\" data-end=\"1598\"><p data-start=\"1415\" data-end=\"1506\"><strong data-start=\"1415\" data-end=\"1436\">M\u00e1ximo de contextos utilizados<\/strong>: n\u00famero de p\u00e1ginas o art\u00edculos utilizados para construir una respuesta.<\/p><ul data-start=\"1509\" data-end=\"1598\"><li data-start=\"1509\" data-end=\"1598\"><p data-start=\"1511\" data-end=\"1598\">Cuanto mayor sea el valor, m\u00e1s rica ser\u00e1 la respuesta, pero ten cuidado con las divagaciones.<\/p><\/li><\/ul><\/li><li data-start=\"1600\" data-end=\"1771\"><p data-start=\"1602\" data-end=\"1695\"><strong data-start=\"1602\" data-end=\"1626\">Umbral de similitud<\/strong>: filtra el contenido seg\u00fan su proximidad a la pregunta formulada.<\/p><ul data-start=\"1698\" data-end=\"1771\"><li data-start=\"1698\" data-end=\"1771\"><p data-start=\"1700\" data-end=\"1771\">Umbral alto = s\u00f3lo se tiene en cuenta el contenido muy relevante.<\/p><\/li><\/ul><\/li><li data-start=\"1773\" data-end=\"1991\"><p data-start=\"1775\" data-end=\"1867\"><strong data-start=\"1775\" data-end=\"1798\">Umbral de precisi\u00f3n<\/strong>: establece el nivel m\u00ednimo de calidad que debe alcanzar un contexto.<\/p><ul data-start=\"1870\" data-end=\"1991\"><li data-start=\"1870\" data-end=\"1991\"><p data-start=\"1872\" data-end=\"1991\">Umbral alto = respuestas precisas, pero a veces el chatbot puede no responder si no considera suficiente el contexto.<\/p><\/li><\/ul><\/li><\/ul><p data-start=\"1993\" data-end=\"2094\">Estos par\u00e1metros influyen directamente en la <strong data-start=\"2035\" data-end=\"2080\">precisi\u00f3n, riqueza y personalidad<\/strong> de las respuestas.<\/p><hr data-start=\"2096\" data-end=\"2099\"><h3>Paso 3 &#8211; Comprender el modelo GAR<\/h3><p data-start=\"2140\" data-end=\"2562\">SmartSearchWP se basa en el modelo <strong data-start=\"2175\" data-end=\"2215\">RAG (Recuperaci\u00f3n-Generaci\u00f3n Aumentada)<\/strong>.<br data-start=\"2216\" data-end=\"2219\">Esto significa que el chatbot no genera sus respuestas al azar: empieza <strong data-start=\"2303\" data-end=\"2361\">buscando informaci\u00f3n en tu contenido activado<\/strong> (parte de \u00abRecuperaci\u00f3n\u00bb), y luego la utiliza para generar una respuesta adecuada (parte de \u00abGeneraci\u00f3n\u00bb).<br data-start=\"2464\" data-end=\"2467\">Resultado: respuestas <strong data-start=\"2491\" data-end=\"2536\">fiables y actualizadas, directamente vinculadas<\/strong> al contenido de tu sitio.<\/p><hr data-start=\"2564\" data-end=\"2567\"><h3>Paso 4 &#8211; A\u00f1adir contenido al contexto<\/h3><p data-start=\"2614\" data-end=\"2690\">Para que el chatbot sea relevante, tienes que proporcionarle contenido que pueda utilizar.<\/p><p data-start=\"2692\" data-end=\"2818\">Ve a <strong data-start=\"2703\" data-end=\"2731\">SmartSearchWP \u2192 Contextos<\/strong>.<br data-start=\"2732\" data-end=\"2735\">Aqu\u00ed encontrar\u00e1s una lista de tus p\u00e1ginas y art\u00edculos, acompa\u00f1ada de un c\u00f3digo de colores:<\/p><ul data-start=\"2820\" data-end=\"3096\"><li data-start=\"2820\" data-end=\"2904\"><p data-start=\"2822\" data-end=\"2904\"><strong data-start=\"2822\" data-end=\"2836\">Verde claro<\/strong>: contenido activo y actualizado (incrustaciones generadas y sincronizadas).<\/p><\/li><li data-start=\"2905\" data-end=\"3006\"><p data-start=\"2907\" data-end=\"3006\"><strong data-start=\"2907\" data-end=\"2916\">Amarillo<\/strong>: contenido activo pero modificado desde la generaci\u00f3n &#8211; se requiere regeneraci\u00f3n.<\/p><\/li><li data-start=\"3007\" data-end=\"3096\"><p data-start=\"3009\" data-end=\"3096\"><strong data-start=\"3009\" data-end=\"3038\">Rojo o sin marca<\/strong>: contenido inactivo, no tenido en cuenta por el chatbot.<\/p><\/li><\/ul><h3 data-start=\"3098\" data-end=\"3129\">Filtros y acciones agrupadas<\/h3><ul data-start=\"3130\" data-end=\"3345\"><li data-start=\"3130\" data-end=\"3192\"><p data-start=\"3132\" data-end=\"3192\">Filtra por <strong data-start=\"3144\" data-end=\"3163\">tipo de contenido<\/strong> (p\u00e1ginas, art\u00edculos o todos).<\/p><\/li><li data-start=\"3193\" data-end=\"3238\"><p data-start=\"3195\" data-end=\"3238\">Busca un t\u00edtulo para ahorrar tiempo.<\/p><\/li><li data-start=\"3239\" data-end=\"3345\"><p data-start=\"3241\" data-end=\"3345\">Utiliza <strong data-start=\"3254\" data-end=\"3274\">acciones agrupadas<\/strong> para entrenar a la IA o activar varios elementos de contenido a la vez.<\/p><\/li><\/ul><h3 data-start=\"3347\" data-end=\"3389\">Integrar el contenido en el contexto :<\/h3><ol data-start=\"3390\" data-end=\"3568\"><li data-start=\"3390\" data-end=\"3445\"><p data-start=\"3393\" data-end=\"3445\">Selecciona la p\u00e1gina o el art\u00edculo (casilla de verificaci\u00f3n).<\/p><\/li><li data-start=\"3446\" data-end=\"3537\"><p data-start=\"3449\" data-end=\"3537\">Haz clic en <strong data-start=\"3461\" data-end=\"3484\">Generar incrustaciones<\/strong> o en <strong data-start=\"3488\" data-end=\"3505\">Reentrenar IA<\/strong> (si el contenido est\u00e1 obsoleto).<\/p><\/li><li data-start=\"3538\" data-end=\"3568\"><p data-start=\"3541\" data-end=\"3568\">Pulsa en <strong data-start=\"3553\" data-end=\"3565\">Activar<\/strong>.<\/p><\/li><\/ol><p data-start=\"3570\" data-end=\"3679\">La l\u00ednea se vuelve verde: ahora tu contenido se tiene en cuenta en la base de conocimientos del chatbot.<\/p><hr data-start=\"3681\" data-end=\"3684\"><h3>Paso 5 &#8211; Probar tu chatbot<\/h3><p data-start=\"3721\" data-end=\"3859\">Ve al <strong data-start=\"3734\" data-end=\"3761\">front end de tu sitio<\/strong>.<br data-start=\"3762\" data-end=\"3765\">Abre el chatbot (por defecto en la esquina inferior derecha) y haz una pregunta relacionada con el contenido activado.<\/p><p data-start=\"3861\" data-end=\"3983\">\ud83d\udc49 Si todo est\u00e1 configurado correctamente, el chatbot responder\u00e1 con una <strong data-start=\"3934\" data-end=\"3982\">respuesta relevante basada en tu contenido<\/strong>.<\/p><hr data-start=\"3985\" data-end=\"3988\"><p><span style=\"color: #3a3a3a; font-size: 15px; font-weight: 400;\"> <\/span><\/p><p><span style=\"color: #3a3a3a; font-size: 15px; font-weight: 400;\">Con esta configuraci\u00f3n freemium, ya tienes un potente e inteligente <\/span><strong style=\"color: #3a3a3a; font-size: 15px;\" data-start=\"4064\" data-end=\"4114\">chatbot potente e inteligente para WordPress<\/strong><span style=\"color: #3a3a3a; font-size: 15px; font-weight: 400;\">sin una suscripci\u00f3n premium, manteniendo el control total sobre lo que sabe.<\/span><\/p><h3 data-start=\"4197\" data-end=\"4222\">Pr\u00f3ximos pasos:<\/h3><ul data-start=\"4223\" data-end=\"4763\"><li data-start=\"4223\" data-end=\"4305\"><p data-start=\"4225\" data-end=\"4305\">A\u00f1ade gradualmente nuevas p\u00e1ginas o art\u00edculos importantes para el contexto.<\/p><\/li><li data-start=\"4306\" data-end=\"4394\"><p data-start=\"4308\" data-end=\"4394\">Prueba diferentes valores de los par\u00e1metros para afinar la precisi\u00f3n o la creatividad.<\/p><\/li><li data-start=\"4395\" data-end=\"4763\"><p data-start=\"4397\" data-end=\"4482\">Actualiza a la <strong data-start=\"4409\" data-end=\"4428\">versi\u00f3n Premium<\/strong> para desbloquear funciones avanzadas como :<\/p><ul data-start=\"4485\" data-end=\"4763\"><li data-start=\"4485\" data-end=\"4530\"><p data-start=\"4487\" data-end=\"4530\">personalizar el dise\u00f1o del chatbot,<\/p><\/li><li data-start=\"4533\" data-end=\"4563\"><p data-start=\"4535\" data-end=\"4563\">Integraci\u00f3n con WooCommerce,<\/p><\/li><li data-start=\"4566\" data-end=\"4606\"><p data-start=\"4568\" data-end=\"4606\">Compatible con archivos PDF,<\/p><\/li><li data-start=\"4609\" data-end=\"4641\"><p data-start=\"4611\" data-end=\"4641\">Tipos personalizados de entrada (CPT),<\/p><\/li><li data-start=\"4644\" data-end=\"4677\"><p data-start=\"4646\" data-end=\"4677\">integraci\u00f3n de los campos ACF,<\/p><\/li><li data-start=\"4680\" data-end=\"4714\"><p data-start=\"4682\" data-end=\"4714\">personalizar el aviso,<\/p><\/li><li data-start=\"4717\" data-end=\"4763\"><p data-start=\"4719\" data-end=\"4763\">o gestionar el acceso al chatbot.<\/p><\/li><\/ul><\/li><\/ul><hr data-start=\"4765\" data-end=\"4768\"><p data-start=\"4770\" data-end=\"4903\"> <\/p><p data-start=\"4770\" data-end=\"4903\">\ud83d\udc49 Encuentra m\u00e1s gu\u00edas en la documentaci\u00f3n completa: https: <a class=\"decorated-link cursor-pointer\" target=\"_new\" rel=\"noopener\" data-start=\"4831\" data-end=\"4903\">\/\/www.smartsearchwp.com\/docs<\/a><\/p>\t\t\t\t\t\t\t\t<\/div>\n\t\t\t\t<\/div>\n\t\t\t\t\t<\/div>\n\t\t\t\t<\/div>\n\t\t\t\t<\/div>\n\t\t","protected":false},"excerpt":{"rendered":"<p>\u00a1Libera todo el potencial de tu chatbot gratuito ChatGPT para WordPress con SmartSearchWP! \ud83d\ude80 En este tutorial, te guiaremos a trav\u00e9s de la configuraci\u00f3n de la versi\u00f3n freemium y te mostraremos c\u00f3mo a\u00f1adir tus primeras p\u00e1ginas y entradas en el contexto de la IA para que tu chatbot pueda responder a las preguntas con contenido [&hellip;]<\/p>\n","protected":false},"author":1,"featured_media":0,"parent":0,"menu_order":0,"comment_status":"closed","ping_status":"closed","template":"","meta":{"_acf_changed":false,"footnotes":""},"categories":[114],"tags":[],"class_list":["post-4407","page","type-page","status-publish","hentry","category-tutoriales"],"acf":[],"yoast_head":"<!-- This site is optimized with the Yoast SEO plugin v27.4 - https:\/\/yoast.com\/product\/yoast-seo-wordpress\/ -->\n<title>ChatGPT Chatbot gratuito de WordPress - Ajustes y contextos - SmartsearchWP<\/title>\n<meta name=\"robots\" content=\"index, follow, max-snippet:-1, max-image-preview:large, max-video-preview:-1\" \/>\n<link rel=\"canonical\" href=\"https:\/\/www.smartsearchwp.com\/es\/como-integrar-la-clave-api-de-openai-en-el-chatbot-de-wordpress-smartsearchwp-chagpt-2\/\" \/>\n<meta property=\"og:locale\" content=\"es_ES\" \/>\n<meta property=\"og:type\" content=\"article\" \/>\n<meta property=\"og:title\" content=\"ChatGPT Chatbot gratuito de WordPress - Ajustes y contextos - SmartsearchWP\" \/>\n<meta property=\"og:description\" content=\"\u00a1Libera todo el potencial de tu chatbot gratuito ChatGPT para WordPress con SmartSearchWP! \ud83d\ude80 En este tutorial, te guiaremos a trav\u00e9s de la configuraci\u00f3n de la versi\u00f3n freemium y te mostraremos c\u00f3mo a\u00f1adir tus primeras p\u00e1ginas y entradas en el contexto de la IA para que tu chatbot pueda responder a las preguntas con contenido [&hellip;]\" \/>\n<meta property=\"og:url\" content=\"https:\/\/www.smartsearchwp.com\/es\/como-integrar-la-clave-api-de-openai-en-el-chatbot-de-wordpress-smartsearchwp-chagpt-2\/\" \/>\n<meta property=\"og:site_name\" content=\"SmartsearchWP\" \/>\n<meta property=\"article:modified_time\" content=\"2026-03-27T14:59:55+00:00\" \/>\n<meta name=\"twitter:card\" content=\"summary_large_image\" \/>\n<meta name=\"twitter:label1\" content=\"Tiempo de lectura\" \/>\n\t<meta name=\"twitter:data1\" content=\"5 minutos\" \/>\n<!-- \/ Yoast SEO plugin. -->","yoast_head_json":{"title":"ChatGPT Chatbot gratuito de WordPress - Ajustes y contextos - SmartsearchWP","robots":{"index":"index","follow":"follow","max-snippet":"max-snippet:-1","max-image-preview":"max-image-preview:large","max-video-preview":"max-video-preview:-1"},"canonical":"https:\/\/www.smartsearchwp.com\/es\/como-integrar-la-clave-api-de-openai-en-el-chatbot-de-wordpress-smartsearchwp-chagpt-2\/","og_locale":"es_ES","og_type":"article","og_title":"ChatGPT Chatbot gratuito de WordPress - Ajustes y contextos - SmartsearchWP","og_description":"\u00a1Libera todo el potencial de tu chatbot gratuito ChatGPT para WordPress con SmartSearchWP! \ud83d\ude80 En este tutorial, te guiaremos a trav\u00e9s de la configuraci\u00f3n de la versi\u00f3n freemium y te mostraremos c\u00f3mo a\u00f1adir tus primeras p\u00e1ginas y entradas en el contexto de la IA para que tu chatbot pueda responder a las preguntas con contenido [&hellip;]","og_url":"https:\/\/www.smartsearchwp.com\/es\/como-integrar-la-clave-api-de-openai-en-el-chatbot-de-wordpress-smartsearchwp-chagpt-2\/","og_site_name":"SmartsearchWP","article_modified_time":"2026-03-27T14:59:55+00:00","twitter_card":"summary_large_image","twitter_misc":{"Tiempo de lectura":"5 minutos"},"schema":{"@context":"https:\/\/schema.org","@graph":[{"@type":"WebPage","@id":"https:\/\/www.smartsearchwp.com\/es\/como-integrar-la-clave-api-de-openai-en-el-chatbot-de-wordpress-smartsearchwp-chagpt-2\/","url":"https:\/\/www.smartsearchwp.com\/es\/como-integrar-la-clave-api-de-openai-en-el-chatbot-de-wordpress-smartsearchwp-chagpt-2\/","name":"ChatGPT Chatbot gratuito de WordPress - Ajustes y contextos - SmartsearchWP","isPartOf":{"@id":"https:\/\/www.smartsearchwp.com\/es\/#website"},"datePublished":"2025-08-25T15:31:07+00:00","dateModified":"2026-03-27T14:59:55+00:00","breadcrumb":{"@id":"https:\/\/www.smartsearchwp.com\/es\/como-integrar-la-clave-api-de-openai-en-el-chatbot-de-wordpress-smartsearchwp-chagpt-2\/#breadcrumb"},"inLanguage":"es","potentialAction":[{"@type":"ReadAction","target":["https:\/\/www.smartsearchwp.com\/es\/como-integrar-la-clave-api-de-openai-en-el-chatbot-de-wordpress-smartsearchwp-chagpt-2\/"]}]},{"@type":"BreadcrumbList","@id":"https:\/\/www.smartsearchwp.com\/es\/como-integrar-la-clave-api-de-openai-en-el-chatbot-de-wordpress-smartsearchwp-chagpt-2\/#breadcrumb","itemListElement":[{"@type":"ListItem","position":1,"name":"Accueil","item":"https:\/\/www.smartsearchwp.com\/es\/"},{"@type":"ListItem","position":2,"name":"ChatGPT Chatbot gratuito de WordPress &#8211; Ajustes y contextos"}]},{"@type":"WebSite","@id":"https:\/\/www.smartsearchwp.com\/es\/#website","url":"https:\/\/www.smartsearchwp.com\/es\/","name":"SmartsearchWP","description":"","publisher":{"@id":"https:\/\/www.smartsearchwp.com\/es\/#organization"},"potentialAction":[{"@type":"SearchAction","target":{"@type":"EntryPoint","urlTemplate":"https:\/\/www.smartsearchwp.com\/es\/?s={search_term_string}"},"query-input":{"@type":"PropertyValueSpecification","valueRequired":true,"valueName":"search_term_string"}}],"inLanguage":"es"},{"@type":"Organization","@id":"https:\/\/www.smartsearchwp.com\/es\/#organization","name":"SmartsearchWP","url":"https:\/\/www.smartsearchwp.com\/es\/","logo":{"@type":"ImageObject","inLanguage":"es","@id":"https:\/\/www.smartsearchwp.com\/es\/#\/schema\/logo\/image\/","url":"https:\/\/www.smartsearchwp.com\/wp-content\/uploads\/2023\/11\/logo-smartSearchWp-white-1.png","contentUrl":"https:\/\/www.smartsearchwp.com\/wp-content\/uploads\/2023\/11\/logo-smartSearchWp-white-1.png","width":350,"height":100,"caption":"SmartsearchWP"},"image":{"@id":"https:\/\/www.smartsearchwp.com\/es\/#\/schema\/logo\/image\/"}}]}},"_links":{"self":[{"href":"https:\/\/www.smartsearchwp.com\/es\/wp-json\/wp\/v2\/pages\/4407","targetHints":{"allow":["GET"]}}],"collection":[{"href":"https:\/\/www.smartsearchwp.com\/es\/wp-json\/wp\/v2\/pages"}],"about":[{"href":"https:\/\/www.smartsearchwp.com\/es\/wp-json\/wp\/v2\/types\/page"}],"author":[{"embeddable":true,"href":"https:\/\/www.smartsearchwp.com\/es\/wp-json\/wp\/v2\/users\/1"}],"replies":[{"embeddable":true,"href":"https:\/\/www.smartsearchwp.com\/es\/wp-json\/wp\/v2\/comments?post=4407"}],"version-history":[{"count":5,"href":"https:\/\/www.smartsearchwp.com\/es\/wp-json\/wp\/v2\/pages\/4407\/revisions"}],"predecessor-version":[{"id":4461,"href":"https:\/\/www.smartsearchwp.com\/es\/wp-json\/wp\/v2\/pages\/4407\/revisions\/4461"}],"wp:attachment":[{"href":"https:\/\/www.smartsearchwp.com\/es\/wp-json\/wp\/v2\/media?parent=4407"}],"wp:term":[{"taxonomy":"category","embeddable":true,"href":"https:\/\/www.smartsearchwp.com\/es\/wp-json\/wp\/v2\/categories?post=4407"},{"taxonomy":"post_tag","embeddable":true,"href":"https:\/\/www.smartsearchwp.com\/es\/wp-json\/wp\/v2\/tags?post=4407"}],"curies":[{"name":"wp","href":"https:\/\/api.w.org\/{rel}","templated":true}]}}