{"id":4374,"date":"2025-08-25T11:29:57","date_gmt":"2025-08-25T09:29:57","guid":{"rendered":"https:\/\/www.smartsearchwp.com\/instala-un-plugin-gratuito-de-wordpress-ai-chatbot-en-wordpress\/"},"modified":"2026-04-16T07:01:02","modified_gmt":"2026-04-16T05:01:02","slug":"instala-un-plugin-gratuito-de-wordpress-ai-chatbot-en-wordpress","status":"publish","type":"page","link":"https:\/\/www.smartsearchwp.com\/es\/instala-un-plugin-gratuito-de-wordpress-ai-chatbot-en-wordpress\/","title":{"rendered":"Instala un plugin gratuito de WordPress AI Chatbot en WordPress"},"content":{"rendered":"\t\t<div data-elementor-type=\"wp-page\" data-elementor-id=\"4374\" class=\"elementor elementor-4374 elementor-4287\" data-elementor-post-type=\"page\">\n\t\t\t\t<div data-particle_enable=\"false\" data-particle-mobile-disabled=\"false\" class=\"elementor-element elementor-element-a92bd09 e-flex e-con-boxed e-con e-parent\" data-id=\"a92bd09\" data-element_type=\"container\" data-e-type=\"container\">\n\t\t\t\t\t<div class=\"e-con-inner\">\n\t\t\t\t<div class=\"elementor-element elementor-element-3081776 elementor-widget elementor-widget-text-editor\" data-id=\"3081776\" data-element_type=\"widget\" data-e-type=\"widget\" data-widget_type=\"text-editor.default\">\n\t\t\t\t<div class=\"elementor-widget-container\">\n\t\t\t\t\t\t\t\t\t<p>En este tutorial de WordPress para principiantes, instalar\u00e1s el plugin SmartSearchWP de la biblioteca de plugins de WordPress.<\/p><p>SmartSearchWP es un plugin de chatbot de IA que te permite a\u00f1adir un asistente de b\u00fasqueda conversacional a tu sitio web, permitiendo a los visitantes escribir su pregunta en lenguaje natural y obtener respuestas inteligentes.<\/p><p>Te guiar\u00e9 paso a paso en la instalaci\u00f3n y activaci\u00f3n del Asistente de B\u00fasqueda AI en tu sitio WordPress, sin necesidad de conocimientos de codificaci\u00f3n.<\/p><p>Siguiendo el m\u00e9todo paso a paso, aprender\u00e1s a navegar por el panel de WordPress para localizar e instalar el plugin SmartSearchWP, activarlo y conectarlo a ChatGPT, \u00a1para que puedas integrar f\u00e1cilmente la funci\u00f3n de chatbot en tu sitio web!<\/p><p>Tambi\u00e9n te dar\u00e9 algunos consejos b\u00e1sicos de configuraci\u00f3n para que tu funci\u00f3n de b\u00fasqueda conversacional est\u00e9 a la altura.<\/p><p>Tanto si quieres mejorar la experiencia de usuario de tu sitio integrando funcionalidades de chatbot de IA como si quieres aprender a instalar plugins de WordPress, este tutorial te ayudar\u00e1.<\/p><p>Si te gusta este tutorial, dale a me gusta al v\u00eddeo y suscr\u00edbete a nuestro canal para recibir m\u00e1s tutoriales sobre plugins de WordPress y nuestros consejos sobre integraci\u00f3n de IA.<\/p>\t\t\t\t\t\t\t\t<\/div>\n\t\t\t\t<\/div>\n\t\t\t\t<div class=\"elementor-element elementor-element-5905ddb dce_masking-none elementor-widget elementor-widget-video\" data-id=\"5905ddb\" data-element_type=\"widget\" data-e-type=\"widget\" data-settings=\"{&quot;youtube_url&quot;:&quot;https:\\\/\\\/youtu.be\\\/N04yPmEEW68&quot;,&quot;autoplay&quot;:&quot;yes&quot;,&quot;cc_load_policy&quot;:&quot;yes&quot;,&quot;video_type&quot;:&quot;youtube&quot;,&quot;controls&quot;:&quot;yes&quot;}\" data-widget_type=\"video.default\">\n\t\t\t\t<div class=\"elementor-widget-container\">\n\t\t\t\t\t\t\t<div class=\"elementor-wrapper elementor-open-inline\">\n\t\t\t<div class=\"elementor-video\"><\/div>\t\t<\/div>\n\t\t\t\t\t\t<\/div>\n\t\t\t\t<\/div>\n\t\t\t\t\t<\/div>\n\t\t\t\t<\/div>\n\t\t<div data-particle_enable=\"false\" data-particle-mobile-disabled=\"false\" class=\"elementor-element elementor-element-a52006a e-flex e-con-boxed e-con e-parent\" data-id=\"a52006a\" data-element_type=\"container\" data-e-type=\"container\">\n\t\t\t\t\t<div class=\"e-con-inner\">\n\t\t\t\t<div class=\"elementor-element elementor-element-d0363aa elementor-widget elementor-widget-heading\" data-id=\"d0363aa\" data-element_type=\"widget\" data-e-type=\"widget\" data-widget_type=\"heading.default\">\n\t\t\t\t<div class=\"elementor-widget-container\">\n\t\t\t\t\t<h2 class=\"elementor-heading-title elementor-size-default\">C\u00f3mo instalar el plugin SmartSearchWP en WordPress<\/h2>\t\t\t\t<\/div>\n\t\t\t\t<\/div>\n\t\t\t\t<div class=\"elementor-element elementor-element-d09d964 elementor-widget elementor-widget-text-editor\" data-id=\"d09d964\" data-element_type=\"widget\" data-e-type=\"widget\" data-widget_type=\"text-editor.default\">\n\t\t\t\t<div class=\"elementor-widget-container\">\n\t\t\t\t\t\t\t\t\t<p data-start=\"285\" data-end=\"344\">El plugin <strong data-start=\"356\" data-end=\"373\">SmartSearchWP<\/strong> te permite a\u00f1adir un <strong data-start=\"417\" data-end=\"454\">chatbot inteligente basado en IA<\/strong> a tu sitio de WordPress. Con s\u00f3lo unos clics, puedes transformar la experiencia de tus visitantes con una b\u00fasqueda conversacional basada directamente en el contenido de tu sitio. <\/p><p data-start=\"629\" data-end=\"752\">En este tutorial, veremos <strong data-start=\"664\" data-end=\"709\">paso a paso c\u00f3mo instalar SmartSearchWP<\/strong> desde el directorio oficial de WordPress.<\/p><hr data-start=\"754\" data-end=\"757\"><h3 data-start=\"759\" data-end=\"810\">Paso 1 &#8211; Acceder al panel de WordPress<\/h3><p data-start=\"811\" data-end=\"975\">Accede a la interfaz de administraci\u00f3n de tu sitio WordPress.<br data-start=\"881\" data-end=\"884\">Introduce tus credenciales de administrador para acceder al <strong data-start=\"939\" data-end=\"972\">panel de control (back-office<\/strong>).<\/p><hr data-start=\"977\" data-end=\"980\"><h3 data-start=\"982\" data-end=\"1032\">Paso 2 &#8211; Abre la biblioteca de extensiones<\/h3><p data-start=\"1033\" data-end=\"1206\">En el men\u00fa lateral izquierdo, haz clic en <strong data-start=\"1074\" data-end=\"1098\">Extensiones &gt; A\u00f1adir<\/strong>.<br data-start=\"1099\" data-end=\"1102\">Esta secci\u00f3n te permite instalar nuevas extensiones desde el directorio oficial de WordPress.<\/p><hr data-start=\"1208\" data-end=\"1211\"><h3 data-start=\"1213\" data-end=\"1252\">Paso 3 &#8211; Buscar en SmartSearchWP<\/h3><p data-start=\"1253\" data-end=\"1383\">En la esquina superior derecha, utiliza la barra de b\u00fasqueda y escribe <strong data-start=\"1311\" data-end=\"1328\">SmartSearchWP<\/strong>.<br data-start=\"1329\" data-end=\"1332\">El plugin oficial aparecer\u00e1 en los resultados.<\/p><hr data-start=\"1385\" data-end=\"1388\"><h3 data-start=\"1390\" data-end=\"1424\">Paso 4 &#8211; Instalar el plugin<\/h3><p data-start=\"1425\" data-end=\"1545\">Haz clic en <strong data-start=\"1437\" data-end=\"1461\">Instalar ahora<\/strong>.<br data-start=\"1462\" data-end=\"1465\">WordPress descarga e instala autom\u00e1ticamente SmartSearchWP en tu sitio.<\/p><hr data-start=\"1547\" data-end=\"1550\"><h3 data-start=\"1552\" data-end=\"1588\">Paso 5 &#8211; Activar SmartSearchWP<\/h3><p data-start=\"1589\" data-end=\"1710\">Una vez completada la instalaci\u00f3n, el bot\u00f3n cambiar\u00e1 a <strong data-start=\"1650\" data-end=\"1661\">Activar<\/strong>.<br data-start=\"1662\" data-end=\"1665\">Haz clic en \u00e9l para activar el plugin.<\/p><p data-start=\"1712\" data-end=\"1804\">Tu sitio WordPress ya tiene el m\u00f3dulo <strong data-start=\"1762\" data-end=\"1779\">SmartSearchWP<\/strong> listo para ser configurado.<\/p><hr data-start=\"1806\" data-end=\"1809\"><h3 data-start=\"1811\" data-end=\"1841\">\u00bfY despu\u00e9s de la instalaci\u00f3n?<\/h3><p data-start=\"1842\" data-end=\"2084\">La instalaci\u00f3n s\u00f3lo lleva unos minutos.<br data-start=\"1887\" data-end=\"1890\">En el <strong data-start=\"1898\" data-end=\"1917\">siguiente paso<\/strong>, tienes que conectar SmartSearchWP a <strong data-start=\"1957\" data-end=\"1973\">la API OpenAI<\/strong> para permitir que el chatbot funcione con ChatGPT (explicaremos este proceso en detalle en otro tutorial).<\/p><hr data-start=\"2086\" data-end=\"2089\"><h3 data-start=\"2091\" data-end=\"2128\">\u00bfPor qu\u00e9 elegir SmartSearchWP?<\/h3><ul data-start=\"2129\" data-end=\"2721\"><li data-start=\"2129\" data-end=\"2239\"><p data-start=\"2131\" data-end=\"2239\"><strong data-start=\"2131\" data-end=\"2160\">100% integrado con WordPress<\/strong>: f\u00e1cil gesti\u00f3n desde el back office.<\/p><\/li><li data-start=\"2240\" data-end=\"2384\"><p data-start=\"2242\" data-end=\"2384\"><strong data-start=\"2242\" data-end=\"2259\">Compatible con IA<\/strong>: utiliza la API OpenAI (GPT-3.5 y GPT-4o) para proporcionar respuestas relevantes.<\/p><\/li><li data-start=\"2385\" data-end=\"2558\"><p data-start=\"2387\" data-end=\"2558\"><strong data-start=\"2387\" data-end=\"2411\">Seguridad y control<\/strong>: todos los datos se alojan en tu propio sitio web, lo que garantiza la confidencialidad y el cumplimiento del RGPD.<\/p><\/li><li data-start=\"2559\" data-end=\"2721\"><p data-start=\"2561\" data-end=\"2721\"><strong data-start=\"2561\" data-end=\"2581\">Personalizaci\u00f3n<\/strong>: adapta la apariencia del chatbot a tu carta gr\u00e1fica y a\u00f1ade tus propios saludos.<\/p><\/li><\/ul><hr data-start=\"2723\" data-end=\"2726\"><p data-start=\"2744\" data-end=\"2962\"> <\/p><p data-start=\"2744\" data-end=\"2962\">Ahora ya sabes <strong data-start=\"2765\" data-end=\"2824\">c\u00f3mo instalar el plugin SmartSearchWP en WordPress<\/strong>.<br data-start=\"2825\" data-end=\"2828\">Es un primer paso sencillo pero esencial para transformar tu sitio en un verdadero <strong data-start=\"2918\" data-end=\"2959\">asistente conversacional inteligente<\/strong>.<\/p><p data-start=\"2964\" data-end=\"3082\">\ud83d\udc49 <a href=\"https:\/\/www.smartsearchwp.com\/es\/como-integrar-la-clave-api-de-openai-en-el-chatbot-de-wordpress-smartsearchwp-chagpt\/\">Ve al siguiente tutorial<\/a> para aprender a conectar tu clave <strong data-start=\"3041\" data-end=\"3055\">API de OpenAI<\/strong> y configurar el plugin.<\/p>\t\t\t\t\t\t\t\t<\/div>\n\t\t\t\t<\/div>\n\t\t\t\t\t<\/div>\n\t\t\t\t<\/div>\n\t\t\t\t<\/div>\n\t\t","protected":false},"excerpt":{"rendered":"<p>En este tutorial de WordPress para principiantes, instalar\u00e1s el plugin SmartSearchWP de la biblioteca de plugins de WordPress. SmartSearchWP es un plugin de chatbot de IA que te permite a\u00f1adir un asistente de b\u00fasqueda conversacional a tu sitio web, permitiendo a los visitantes escribir su pregunta en lenguaje natural y obtener respuestas inteligentes. Te guiar\u00e9 [&hellip;]<\/p>\n","protected":false},"author":1,"featured_media":0,"parent":0,"menu_order":0,"comment_status":"closed","ping_status":"closed","template":"","meta":{"_acf_changed":false,"footnotes":""},"categories":[109],"tags":[],"class_list":["post-4374","page","type-page","status-publish","hentry","category-tutoriels"],"acf":[],"yoast_head":"<!-- This site is optimized with the Yoast SEO plugin v27.4 - https:\/\/yoast.com\/product\/yoast-seo-wordpress\/ -->\n<title>Instala un plugin gratuito de Wordpress AI Chatbot en WordPress - SmartsearchWP<\/title>\n<meta name=\"robots\" content=\"index, follow, max-snippet:-1, max-image-preview:large, max-video-preview:-1\" \/>\n<link rel=\"canonical\" href=\"https:\/\/www.smartsearchwp.com\/es\/instala-un-plugin-gratuito-de-wordpress-ai-chatbot-en-wordpress\/\" \/>\n<meta property=\"og:locale\" content=\"es_ES\" \/>\n<meta property=\"og:type\" content=\"article\" \/>\n<meta property=\"og:title\" content=\"Instala un plugin gratuito de Wordpress AI Chatbot en WordPress - SmartsearchWP\" \/>\n<meta property=\"og:description\" content=\"En este tutorial de WordPress para principiantes, instalar\u00e1s el plugin SmartSearchWP de la biblioteca de plugins de WordPress. SmartSearchWP es un plugin de chatbot de IA que te permite a\u00f1adir un asistente de b\u00fasqueda conversacional a tu sitio web, permitiendo a los visitantes escribir su pregunta en lenguaje natural y obtener respuestas inteligentes. Te guiar\u00e9 [&hellip;]\" \/>\n<meta property=\"og:url\" content=\"https:\/\/www.smartsearchwp.com\/es\/instala-un-plugin-gratuito-de-wordpress-ai-chatbot-en-wordpress\/\" \/>\n<meta property=\"og:site_name\" content=\"SmartsearchWP\" \/>\n<meta property=\"article:modified_time\" content=\"2026-04-16T05:01:02+00:00\" \/>\n<meta name=\"twitter:card\" content=\"summary_large_image\" \/>\n<meta name=\"twitter:label1\" content=\"Tiempo de lectura\" \/>\n\t<meta name=\"twitter:data1\" content=\"3 minutos\" \/>\n<!-- \/ Yoast SEO plugin. -->","yoast_head_json":{"title":"Instala un plugin gratuito de Wordpress AI Chatbot en WordPress - SmartsearchWP","robots":{"index":"index","follow":"follow","max-snippet":"max-snippet:-1","max-image-preview":"max-image-preview:large","max-video-preview":"max-video-preview:-1"},"canonical":"https:\/\/www.smartsearchwp.com\/es\/instala-un-plugin-gratuito-de-wordpress-ai-chatbot-en-wordpress\/","og_locale":"es_ES","og_type":"article","og_title":"Instala un plugin gratuito de Wordpress AI Chatbot en WordPress - SmartsearchWP","og_description":"En este tutorial de WordPress para principiantes, instalar\u00e1s el plugin SmartSearchWP de la biblioteca de plugins de WordPress. SmartSearchWP es un plugin de chatbot de IA que te permite a\u00f1adir un asistente de b\u00fasqueda conversacional a tu sitio web, permitiendo a los visitantes escribir su pregunta en lenguaje natural y obtener respuestas inteligentes. Te guiar\u00e9 [&hellip;]","og_url":"https:\/\/www.smartsearchwp.com\/es\/instala-un-plugin-gratuito-de-wordpress-ai-chatbot-en-wordpress\/","og_site_name":"SmartsearchWP","article_modified_time":"2026-04-16T05:01:02+00:00","twitter_card":"summary_large_image","twitter_misc":{"Tiempo de lectura":"3 minutos"},"schema":{"@context":"https:\/\/schema.org","@graph":[{"@type":"WebPage","@id":"https:\/\/www.smartsearchwp.com\/es\/instala-un-plugin-gratuito-de-wordpress-ai-chatbot-en-wordpress\/","url":"https:\/\/www.smartsearchwp.com\/es\/instala-un-plugin-gratuito-de-wordpress-ai-chatbot-en-wordpress\/","name":"Instala un plugin gratuito de Wordpress AI Chatbot en WordPress - SmartsearchWP","isPartOf":{"@id":"https:\/\/www.smartsearchwp.com\/es\/#website"},"datePublished":"2025-08-25T09:29:57+00:00","dateModified":"2026-04-16T05:01:02+00:00","breadcrumb":{"@id":"https:\/\/www.smartsearchwp.com\/es\/instala-un-plugin-gratuito-de-wordpress-ai-chatbot-en-wordpress\/#breadcrumb"},"inLanguage":"es","potentialAction":[{"@type":"ReadAction","target":["https:\/\/www.smartsearchwp.com\/es\/instala-un-plugin-gratuito-de-wordpress-ai-chatbot-en-wordpress\/"]}]},{"@type":"BreadcrumbList","@id":"https:\/\/www.smartsearchwp.com\/es\/instala-un-plugin-gratuito-de-wordpress-ai-chatbot-en-wordpress\/#breadcrumb","itemListElement":[{"@type":"ListItem","position":1,"name":"Accueil","item":"https:\/\/www.smartsearchwp.com\/es\/"},{"@type":"ListItem","position":2,"name":"Instala un plugin gratuito de WordPress AI Chatbot en WordPress"}]},{"@type":"WebSite","@id":"https:\/\/www.smartsearchwp.com\/es\/#website","url":"https:\/\/www.smartsearchwp.com\/es\/","name":"SmartsearchWP","description":"","publisher":{"@id":"https:\/\/www.smartsearchwp.com\/es\/#organization"},"potentialAction":[{"@type":"SearchAction","target":{"@type":"EntryPoint","urlTemplate":"https:\/\/www.smartsearchwp.com\/es\/?s={search_term_string}"},"query-input":{"@type":"PropertyValueSpecification","valueRequired":true,"valueName":"search_term_string"}}],"inLanguage":"es"},{"@type":"Organization","@id":"https:\/\/www.smartsearchwp.com\/es\/#organization","name":"SmartsearchWP","url":"https:\/\/www.smartsearchwp.com\/es\/","logo":{"@type":"ImageObject","inLanguage":"es","@id":"https:\/\/www.smartsearchwp.com\/es\/#\/schema\/logo\/image\/","url":"https:\/\/www.smartsearchwp.com\/wp-content\/uploads\/2023\/11\/logo-smartSearchWp-white-1.png","contentUrl":"https:\/\/www.smartsearchwp.com\/wp-content\/uploads\/2023\/11\/logo-smartSearchWp-white-1.png","width":350,"height":100,"caption":"SmartsearchWP"},"image":{"@id":"https:\/\/www.smartsearchwp.com\/es\/#\/schema\/logo\/image\/"}}]}},"_links":{"self":[{"href":"https:\/\/www.smartsearchwp.com\/es\/wp-json\/wp\/v2\/pages\/4374","targetHints":{"allow":["GET"]}}],"collection":[{"href":"https:\/\/www.smartsearchwp.com\/es\/wp-json\/wp\/v2\/pages"}],"about":[{"href":"https:\/\/www.smartsearchwp.com\/es\/wp-json\/wp\/v2\/types\/page"}],"author":[{"embeddable":true,"href":"https:\/\/www.smartsearchwp.com\/es\/wp-json\/wp\/v2\/users\/1"}],"replies":[{"embeddable":true,"href":"https:\/\/www.smartsearchwp.com\/es\/wp-json\/wp\/v2\/comments?post=4374"}],"version-history":[{"count":1,"href":"https:\/\/www.smartsearchwp.com\/es\/wp-json\/wp\/v2\/pages\/4374\/revisions"}],"predecessor-version":[{"id":4376,"href":"https:\/\/www.smartsearchwp.com\/es\/wp-json\/wp\/v2\/pages\/4374\/revisions\/4376"}],"wp:attachment":[{"href":"https:\/\/www.smartsearchwp.com\/es\/wp-json\/wp\/v2\/media?parent=4374"}],"wp:term":[{"taxonomy":"category","embeddable":true,"href":"https:\/\/www.smartsearchwp.com\/es\/wp-json\/wp\/v2\/categories?post=4374"},{"taxonomy":"post_tag","embeddable":true,"href":"https:\/\/www.smartsearchwp.com\/es\/wp-json\/wp\/v2\/tags?post=4374"}],"curies":[{"name":"wp","href":"https:\/\/api.w.org\/{rel}","templated":true}]}}