{"id":4346,"date":"2025-08-25T11:30:48","date_gmt":"2025-08-25T09:30:48","guid":{"rendered":"https:\/\/www.smartsearchwp.com\/como-integrar-la-clave-api-de-openai-en-el-chatbot-de-wordpress-smartsearchwp-chagpt\/"},"modified":"2026-04-27T18:14:11","modified_gmt":"2026-04-27T16:14:11","slug":"como-integrar-la-clave-api-de-openai-en-el-chatbot-de-wordpress-smartsearchwp-chagpt","status":"publish","type":"page","link":"https:\/\/www.smartsearchwp.com\/es\/como-integrar-la-clave-api-de-openai-en-el-chatbot-de-wordpress-smartsearchwp-chagpt\/","title":{"rendered":"C\u00f3mo integrar la clave API de OpenAi en el chatbot de wordpress Smartsearchwp chagpt"},"content":{"rendered":"\t\t<div data-elementor-type=\"wp-page\" data-elementor-id=\"4346\" class=\"elementor elementor-4346 elementor-4289\" data-elementor-post-type=\"page\">\n\t\t\t\t<div data-particle_enable=\"false\" data-particle-mobile-disabled=\"false\" class=\"elementor-element elementor-element-09568cc e-flex e-con-boxed e-con e-parent\" data-id=\"09568cc\" data-element_type=\"container\" data-e-type=\"container\">\n\t\t\t\t\t<div class=\"e-con-inner\">\n\t\t\t\t<div class=\"elementor-element elementor-element-590f1e4 elementor-widget elementor-widget-text-editor\" data-id=\"590f1e4\" data-element_type=\"widget\" data-e-type=\"widget\" data-widget_type=\"text-editor.default\">\n\t\t\t\t<div class=\"elementor-widget-container\">\n\t\t\t\t\t\t\t\t\t<p>\u00a1Desbloquea la b\u00fasqueda de IA en cuesti\u00f3n de minutos! Este tutorial paso a paso de WordPress te muestra c\u00f3mo generar tu clave API de OpenAI, integrarla con el plugin SmartSearchWP y configurar GPT-4o para tener un chatbot r\u00e1pido y preciso en tu sitio web. <\/p><p>Cubrimos todos los pasos esenciales, sin necesidad de codificaci\u00f3n. Lo que aprender\u00e1s en este v\u00eddeo:<\/p><ul><li>C\u00f3mo conectarte a la plataforma OpenAI, crear un proyecto, generar tu clave secreta de API y comprender los niveles de permiso (Todos vs Restringidos vs S\u00f3lo Lectura).<\/li><li>Copia\/pega la clave en SmartSearchWP y val\u00eddala, elige el mejor modelo de ChatGPT: comparamos GPT-3.5 Turbo y GPT-4o, y explicamos por qu\u00e9 GPT-4o ofrece respuestas m\u00e1s r\u00e1pidas y fiables<\/li><li>Guarda tu configuraci\u00f3n y realiza una prueba r\u00e1pida preguntando \u00ab\u00bfC\u00f3mo est\u00e1s?\u00bb. &#8211; una respuesta gen\u00e9rica significa que tu llave funciona.<\/li><li>Consejos para solucionar problemas: activa el modo de depuraci\u00f3n en SmartSearchWP, lee los registros de errores y desactiva la depuraci\u00f3n en producci\u00f3n.<\/li><li>Pr\u00e1ctica recomendada de seguridad: mant\u00e9n privada tu clave API, r\u00f3tala si est\u00e1 expuesta y utiliza claves distintas para pruebas y producci\u00f3n.<\/li><\/ul><p>Tanto si est\u00e1s creando un asistente de b\u00fasqueda con IA como si est\u00e1s experimentando con chatbots conversacionales, este v\u00eddeo te ayudar\u00e1 a ponerte en marcha r\u00e1pidamente.<\/p><p>Si te ha resultado \u00fatil este tutorial, dale un \ud83d\udc4d y suscr\u00edbete para recibir m\u00e1s gu\u00edas de WordPress sobre AI.<\/p>\t\t\t\t\t\t\t\t<\/div>\n\t\t\t\t<\/div>\n\t\t\t\t<div class=\"elementor-element elementor-element-6a8f0a4 dce_masking-none elementor-widget elementor-widget-video\" data-id=\"6a8f0a4\" data-element_type=\"widget\" data-e-type=\"widget\" data-settings=\"{&quot;youtube_url&quot;:&quot;https:\\\/\\\/youtu.be\\\/y9shfYvncIg&quot;,&quot;autoplay&quot;:&quot;yes&quot;,&quot;cc_load_policy&quot;:&quot;yes&quot;,&quot;video_type&quot;:&quot;youtube&quot;,&quot;controls&quot;:&quot;yes&quot;}\" data-widget_type=\"video.default\">\n\t\t\t\t<div class=\"elementor-widget-container\">\n\t\t\t\t\t\t\t<div class=\"elementor-wrapper elementor-open-inline\">\n\t\t\t<div class=\"elementor-video\"><\/div>\t\t<\/div>\n\t\t\t\t\t\t<\/div>\n\t\t\t\t<\/div>\n\t\t\t\t\t<\/div>\n\t\t\t\t<\/div>\n\t\t<div data-particle_enable=\"false\" data-particle-mobile-disabled=\"false\" class=\"elementor-element elementor-element-d723d5c e-flex e-con-boxed e-con e-parent\" data-id=\"d723d5c\" data-element_type=\"container\" data-e-type=\"container\">\n\t\t\t\t\t<div class=\"e-con-inner\">\n\t\t\t\t<div class=\"elementor-element elementor-element-48c57de elementor-widget elementor-widget-heading\" data-id=\"48c57de\" data-element_type=\"widget\" data-e-type=\"widget\" data-widget_type=\"heading.default\">\n\t\t\t\t<div class=\"elementor-widget-container\">\n\t\t\t\t\t<h2 class=\"elementor-heading-title elementor-size-default\">C\u00f3mo conectar tu clave API de OpenAI a SmartSearchWP<\/h2>\t\t\t\t<\/div>\n\t\t\t\t<\/div>\n\t\t\t\t<div class=\"elementor-element elementor-element-fd49e71 elementor-widget elementor-widget-text-editor\" data-id=\"fd49e71\" data-element_type=\"widget\" data-e-type=\"widget\" data-widget_type=\"text-editor.default\">\n\t\t\t\t<div class=\"elementor-widget-container\">\n\t\t\t\t\t\t\t\t\t<p data-start=\"209\" data-end=\"528\">Tras instalar el plugin <strong data-start=\"240\" data-end=\"257\">SmartSearchWP<\/strong> en tu sitio de WordPress, el siguiente paso es <strong data-start=\"308\" data-end=\"342\">conectar tu clave de API OpenAI<\/strong>.<br data-start=\"343\" data-end=\"346\">Esta clave es esencial para que SmartSearchWP funcione con ChatGPT (GPT-3.5 o GPT-4o) y ofrezca una b\u00fasqueda conversacional inteligente a tus visitantes.<\/p><p data-start=\"530\" data-end=\"709\">En esta gu\u00eda paso a paso, veremos c\u00f3mo generar tu clave en la plataforma OpenAI, pegarla en SmartSearchWP, validar la conexi\u00f3n y probar que funciona.<\/p><hr data-start=\"711\" data-end=\"714\"><h3 data-start=\"716\" data-end=\"773\">Paso 1 &#8211; Crear una clave API en la plataforma OpenAI<\/h3><ol data-start=\"775\" data-end=\"1663\"><li data-start=\"775\" data-end=\"885\"><p data-start=\"778\" data-end=\"885\">Ir a <strong data-start=\"794\" data-end=\"849\"><a class=\"decorated-link\" href=\"https:\/\/platform.openai.com\/\" target=\"_new\" rel=\"noopener\" data-start=\"796\" data-end=\"847\">plataforma.openai.com<\/a><\/strong> e inicia sesi\u00f3n en tu cuenta.<\/p><\/li><li data-start=\"886\" data-end=\"967\"><p data-start=\"889\" data-end=\"967\">Pulsa el icono de <strong data-start=\"909\" data-end=\"936\">la rueda dentada (Configuraci\u00f3n)<\/strong> en la parte superior derecha de la pantalla.<\/p><\/li><li data-start=\"968\" data-end=\"1013\"><p data-start=\"971\" data-end=\"1013\">En el men\u00fa, selecciona <strong data-start=\"998\" data-end=\"1010\">Claves API<\/strong>.<\/p><\/li><li data-start=\"1014\" data-end=\"1510\"><p data-start=\"1017\" data-end=\"1057\">Haz clic en <strong data-start=\"1029\" data-end=\"1054\">Crear nueva clave secreta<\/strong>.<\/p><ul data-start=\"1061\" data-end=\"1510\"><li data-start=\"1061\" data-end=\"1134\"><p data-start=\"1063\" data-end=\"1134\">Dale a tu clave un <strong data-start=\"1073\" data-end=\"1086\">nombre claro<\/strong> (por ejemplo, <em data-start=\"1104\" data-end=\"1130\">SmartSearchWP Producci\u00f3n<\/em>).<\/p><\/li><li data-start=\"1138\" data-end=\"1213\"><p data-start=\"1140\" data-end=\"1213\">Selecciona un <strong data-start=\"1156\" data-end=\"1166\">proyecto<\/strong> (tendr\u00e1s que crear uno si no existe ninguno).<\/p><\/li><li data-start=\"1217\" data-end=\"1510\"><p data-start=\"1219\" data-end=\"1253\">Elige los <strong data-start=\"1234\" data-end=\"1249\">permisos<\/strong>:<\/p><ul data-start=\"1259\" data-end=\"1510\"><li data-start=\"1259\" data-end=\"1336\"><p data-start=\"1261\" data-end=\"1336\"><strong data-start=\"1261\" data-end=\"1268\">Todos<\/strong>: acceso total, recomendado si la clave est\u00e1 dedicada a SmartSearchWP.<\/p><\/li><li data-start=\"1342\" data-end=\"1418\"><p data-start=\"1344\" data-end=\"1418\"><strong data-start=\"1344\" data-end=\"1358\">Restringido<\/strong>: acceso limitado a determinados modelos, para mayor seguridad.<\/p><\/li><li data-start=\"1424\" data-end=\"1510\"><p data-start=\"1426\" data-end=\"1510\"><strong data-start=\"1426\" data-end=\"1439\">S\u00f3lo lectura<\/strong> &#8211; \u26a0\ufe0f no funciona con SmartSearchWP.<\/p><\/li><\/ul><\/li><\/ul><\/li><li data-start=\"1511\" data-end=\"1550\"><p data-start=\"1514\" data-end=\"1550\">Haz clic en <strong data-start=\"1526\" data-end=\"1547\">Crear clave secreta<\/strong>.<\/p><\/li><li data-start=\"1551\" data-end=\"1663\"><p data-start=\"1554\" data-end=\"1663\">Copia la clave inmediatamente: es la \u00fanica vez que ver\u00e1s todo su valor. Gu\u00e1rdala en un lugar seguro. <\/p><\/li><\/ol><hr data-start=\"1665\" data-end=\"1668\"><h3 data-start=\"1670\" data-end=\"1730\">Paso 2 &#8211; Integrar y validar la clave en SmartSearchWP<\/h3><ol data-start=\"1732\" data-end=\"2304\"><li data-start=\"1732\" data-end=\"1773\"><p data-start=\"1735\" data-end=\"1773\">Abre el panel de control de WordPress.<\/p><\/li><li data-start=\"1774\" data-end=\"1844\"><p data-start=\"1777\" data-end=\"1844\">En el men\u00fa, haz clic en <strong data-start=\"1803\" data-end=\"1841\">SmartSearchWP &gt; Configuraci\u00f3n &gt; General<\/strong>.<\/p><\/li><li data-start=\"1845\" data-end=\"1897\"><p data-start=\"1848\" data-end=\"1897\">Pega la clave en el campo <strong data-start=\"1876\" data-end=\"1894\">Clave API OpenAI<\/strong>.<\/p><\/li><li data-start=\"1898\" data-end=\"1972\"><p data-start=\"1901\" data-end=\"1972\">Pulsa en <strong data-start=\"1913\" data-end=\"1929\">Validar Clave<\/strong> para comprobar que est\u00e1 reconocida.<\/p><\/li><li data-start=\"1973\" data-end=\"2238\"><p data-start=\"1976\" data-end=\"2048\">En la secci\u00f3n <strong data-start=\"1992\" data-end=\"2011\">Selecci\u00f3n de modelo<\/strong>, elige el modelo que prefieras:<\/p><ul data-start=\"2052\" data-end=\"2238\"><li data-start=\"2052\" data-end=\"2172\"><p data-start=\"2054\" data-end=\"2172\"><strong data-start=\"2054\" data-end=\"2064\">GPT-4o<\/strong> (muy recomendable): m\u00e1s r\u00e1pido y preciso que el GPT-3.5, ideal para ofrecer una experiencia fluida.<\/p><\/li><li data-start=\"2176\" data-end=\"2238\"><p data-start=\"2178\" data-end=\"2238\"><strong data-start=\"2178\" data-end=\"2195\">GPT-3.5 Turbo<\/strong>: m\u00e1s econ\u00f3mico pero menos potente.<\/p><\/li><\/ul><\/li><li data-start=\"2239\" data-end=\"2304\"><p data-start=\"2242\" data-end=\"2304\">Despl\u00e1zate hasta el final de la p\u00e1gina y haz clic en <strong data-start=\"2285\" data-end=\"2301\">Guardar cambios<\/strong>.<\/p><\/li><\/ol><hr data-start=\"2306\" data-end=\"2309\"><h3 data-start=\"2311\" data-end=\"2343\">Paso 3 &#8211; Probar el chatbot<\/h3><p data-start=\"246\" data-end=\"296\">Para comprobar que todo funciona correctamente:<\/p><ol data-start=\"298\" data-end=\"574\"><li data-start=\"298\" data-end=\"380\"><p data-start=\"301\" data-end=\"380\">Ve al panel de WordPress y abre <strong data-start=\"349\" data-end=\"377\">SmartSearchWP &gt; Contextos<\/strong>.<\/p><\/li><li data-start=\"381\" data-end=\"483\"><p data-start=\"384\" data-end=\"483\">Selecciona al menos una p\u00e1gina o art\u00edculo, y <strong data-start=\"435\" data-end=\"453\">entrena a la IA<\/strong> generando incrustaciones.<\/p><\/li><li data-start=\"484\" data-end=\"574\"><p data-start=\"487\" data-end=\"574\">Aseg\u00farate de<strong data-start=\"502\" data-end=\"525\">activar este contexto<\/strong> para que el chatbot lo tenga en cuenta.<\/p><\/li><\/ol><p data-start=\"576\" data-end=\"587\">Siguiente:<\/p><ol start=\"4\" data-start=\"589\" data-end=\"734\"><li data-start=\"589\" data-end=\"635\"><p data-start=\"592\" data-end=\"635\">Ve al <strong data-start=\"605\" data-end=\"632\">front end de tu sitio<\/strong>.<\/p><\/li><li data-start=\"636\" data-end=\"673\"><p data-start=\"639\" data-end=\"673\">Abre el chatbot SmartSearchWP.<\/p><\/li><li data-start=\"674\" data-end=\"734\"><p data-start=\"677\" data-end=\"734\">Haz una pregunta sencilla como <em data-start=\"709\" data-end=\"731\">\u00ab\u00bfC\u00f3mo est\u00e1s?<\/em><\/p><\/li><\/ol><p data-start=\"736\" data-end=\"769\">\ud83d\udc49 Si todo est\u00e1 configurado correctamente :<\/p><ul data-start=\"770\" data-end=\"976\"><li data-start=\"770\" data-end=\"856\"><p data-start=\"772\" data-end=\"856\">El chatbot responder\u00e1 con una <strong data-start=\"801\" data-end=\"822\">respuesta gen\u00e9rica<\/strong> si el contexto sigue vac\u00edo.<\/p><\/li><li data-start=\"857\" data-end=\"976\"><p data-start=\"859\" data-end=\"976\">En cuanto tu contenido est\u00e9 indexado y activado, podr\u00e1 ofrecer <strong data-start=\"927\" data-end=\"973\">respuestas relevantes basadas en tu sitio<\/strong>.<\/p><\/li><\/ul><hr data-start=\"2675\" data-end=\"2678\"><h3 data-start=\"2680\" data-end=\"2735\">Paso 4 &#8211; Activar el modo Depuraci\u00f3n en caso de problema<\/h3><p data-start=\"2737\" data-end=\"2794\">Si el chatbot no responde o si se produce un error :<\/p><ol data-start=\"2795\" data-end=\"3200\"><li data-start=\"2795\" data-end=\"2844\"><p data-start=\"2798\" data-end=\"2844\">Vuelve a <strong data-start=\"2813\" data-end=\"2841\">Configuraci\u00f3n de SmartSearchWP &gt; <\/strong>.<\/p><\/li><li data-start=\"2845\" data-end=\"2990\"><p data-start=\"2848\" data-end=\"2886\">Haz clic en <strong data-start=\"2860\" data-end=\"2883\">Activar Modo Depuraci\u00f3n<\/strong>.<\/p><ul data-start=\"2890\" data-end=\"2990\"><li data-start=\"2890\" data-end=\"2990\"><p data-start=\"2892\" data-end=\"2990\">\u26a0\ufe0f Act\u00edvala s\u00f3lo para diagn\u00f3stico y recuerda <strong data-start=\"2951\" data-end=\"2987\">desactivarla despu\u00e9s en producci\u00f3n<\/strong>.<\/p><\/li><\/ul><\/li><li data-start=\"2991\" data-end=\"3200\"><p data-start=\"2994\" data-end=\"3047\">En el men\u00fa de la izquierda, haz clic en <strong data-start=\"3030\" data-end=\"3044\">Registros de errores<\/strong>.<\/p><ul data-start=\"3051\" data-end=\"3200\"><li data-start=\"3051\" data-end=\"3118\"><p data-start=\"3053\" data-end=\"3118\">Por defecto, s\u00f3lo se conservan los mensajes de error de OpenAI.<\/p><\/li><li data-start=\"3122\" data-end=\"3200\"><p data-start=\"3124\" data-end=\"3200\">Con el Modo Depuraci\u00f3n, tambi\u00e9n se muestran los errores relacionados con la aplicaci\u00f3n.<\/p><\/li><\/ul><\/li><\/ol><p data-start=\"3202\" data-end=\"3297\">\ud83d\udc49 Un v\u00eddeo aparte explica detalladamente los distintos errores posibles y sus soluciones.<\/p><hr data-start=\"3299\" data-end=\"3302\"><h3 data-start=\"3304\" data-end=\"3337\">Buenas pr\u00e1cticas de seguridad<\/h3><ul data-start=\"3339\" data-end=\"3640\"><li data-start=\"3339\" data-end=\"3414\"><p data-start=\"3341\" data-end=\"3414\"><strong data-start=\"3341\" data-end=\"3377\">Nunca compartas tu clave API<\/strong> en c\u00f3digo o en una p\u00e1gina p\u00fablica.<\/p><\/li><li data-start=\"3415\" data-end=\"3499\"><p data-start=\"3417\" data-end=\"3499\">Restringe el acceso a los par\u00e1metros de SmartSearchWP s\u00f3lo a los administradores.<\/p><\/li><li data-start=\"3500\" data-end=\"3554\"><p data-start=\"3502\" data-end=\"3554\"><strong data-start=\"3502\" data-end=\"3529\">Cambia la llave (g\u00edrala)<\/strong> si ha quedado al descubierto.<\/p><\/li><li data-start=\"3555\" data-end=\"3640\"><p data-start=\"3557\" data-end=\"3640\">Utiliza claves distintas para tus entornos <strong data-start=\"3608\" data-end=\"3619\">de ensayo<\/strong> y <strong data-start=\"3623\" data-end=\"3637\">de producci\u00f3n<\/strong>.<\/p><\/li><\/ul><hr data-start=\"3642\" data-end=\"3645\"><p data-start=\"3647\" data-end=\"3662\"> <\/p><p data-start=\"3647\" data-end=\"3662\"><span style=\"color: #3a3a3a; font-size: 15px; font-weight: 400;\">Ya has enlazado <\/span><strong style=\"color: #3a3a3a; font-size: 15px;\" data-start=\"3691\" data-end=\"3708\">SmartSearchWP<\/strong><span style=\"color: #3a3a3a; font-size: 15px; font-weight: 400;\"> a la API de OpenAI \ud83c\udf89.<br><\/span><span style=\"color: #3a3a3a; font-size: 15px; font-weight: 400;\">Tu chatbot est\u00e1 en marcha y listo para interactuar con tus visitantes.<\/span><\/p><p data-start=\"3804\" data-end=\"4003\">\ud83d\udc49 En el pr\u00f3ximo tutorial, veremos c\u00f3mo <strong data-start=\"3855\" data-end=\"3925\">afinar los par\u00e1metros del modelo y gestionar los contextos de contenido<\/strong> para que las respuestas sean siempre relevantes y adaptadas a tu sitio.<\/p>\t\t\t\t\t\t\t\t<\/div>\n\t\t\t\t<\/div>\n\t\t\t\t\t<\/div>\n\t\t\t\t<\/div>\n\t\t\t\t<\/div>\n\t\t","protected":false},"excerpt":{"rendered":"<p>\u00a1Desbloquea la b\u00fasqueda de IA en cuesti\u00f3n de minutos! Este tutorial paso a paso de WordPress te muestra c\u00f3mo generar tu clave API de OpenAI, integrarla con el plugin SmartSearchWP y configurar GPT-4o para tener un chatbot r\u00e1pido y preciso en tu sitio web. Cubrimos todos los pasos esenciales, sin necesidad de codificaci\u00f3n. Lo que [&hellip;]<\/p>\n","protected":false},"author":1,"featured_media":0,"parent":0,"menu_order":0,"comment_status":"closed","ping_status":"closed","template":"","meta":{"_acf_changed":false,"footnotes":""},"categories":[114],"tags":[],"class_list":["post-4346","page","type-page","status-publish","hentry","category-tutoriales"],"acf":[],"yoast_head":"<!-- This site is optimized with the Yoast SEO plugin v27.4 - https:\/\/yoast.com\/product\/yoast-seo-wordpress\/ -->\n<title>C\u00f3mo integrar la clave API de OpenAi en el chatbot de wordpress Smartsearchwp chagpt - SmartsearchWP<\/title>\n<meta name=\"robots\" content=\"index, follow, max-snippet:-1, max-image-preview:large, max-video-preview:-1\" \/>\n<link rel=\"canonical\" href=\"https:\/\/www.smartsearchwp.com\/es\/como-integrar-la-clave-api-de-openai-en-el-chatbot-de-wordpress-smartsearchwp-chagpt\/\" \/>\n<meta property=\"og:locale\" content=\"es_ES\" \/>\n<meta property=\"og:type\" content=\"article\" \/>\n<meta property=\"og:title\" content=\"C\u00f3mo integrar la clave API de OpenAi en el chatbot de wordpress Smartsearchwp chagpt - SmartsearchWP\" \/>\n<meta property=\"og:description\" content=\"\u00a1Desbloquea la b\u00fasqueda de IA en cuesti\u00f3n de minutos! Este tutorial paso a paso de WordPress te muestra c\u00f3mo generar tu clave API de OpenAI, integrarla con el plugin SmartSearchWP y configurar GPT-4o para tener un chatbot r\u00e1pido y preciso en tu sitio web. Cubrimos todos los pasos esenciales, sin necesidad de codificaci\u00f3n. Lo que [&hellip;]\" \/>\n<meta property=\"og:url\" content=\"https:\/\/www.smartsearchwp.com\/es\/como-integrar-la-clave-api-de-openai-en-el-chatbot-de-wordpress-smartsearchwp-chagpt\/\" \/>\n<meta property=\"og:site_name\" content=\"SmartsearchWP\" \/>\n<meta property=\"article:modified_time\" content=\"2026-04-27T16:14:11+00:00\" \/>\n<meta name=\"twitter:card\" content=\"summary_large_image\" \/>\n<meta name=\"twitter:label1\" content=\"Tiempo de lectura\" \/>\n\t<meta name=\"twitter:data1\" content=\"4 minutos\" \/>\n<!-- \/ Yoast SEO plugin. -->","yoast_head_json":{"title":"C\u00f3mo integrar la clave API de OpenAi en el chatbot de wordpress Smartsearchwp chagpt - SmartsearchWP","robots":{"index":"index","follow":"follow","max-snippet":"max-snippet:-1","max-image-preview":"max-image-preview:large","max-video-preview":"max-video-preview:-1"},"canonical":"https:\/\/www.smartsearchwp.com\/es\/como-integrar-la-clave-api-de-openai-en-el-chatbot-de-wordpress-smartsearchwp-chagpt\/","og_locale":"es_ES","og_type":"article","og_title":"C\u00f3mo integrar la clave API de OpenAi en el chatbot de wordpress Smartsearchwp chagpt - SmartsearchWP","og_description":"\u00a1Desbloquea la b\u00fasqueda de IA en cuesti\u00f3n de minutos! Este tutorial paso a paso de WordPress te muestra c\u00f3mo generar tu clave API de OpenAI, integrarla con el plugin SmartSearchWP y configurar GPT-4o para tener un chatbot r\u00e1pido y preciso en tu sitio web. Cubrimos todos los pasos esenciales, sin necesidad de codificaci\u00f3n. Lo que [&hellip;]","og_url":"https:\/\/www.smartsearchwp.com\/es\/como-integrar-la-clave-api-de-openai-en-el-chatbot-de-wordpress-smartsearchwp-chagpt\/","og_site_name":"SmartsearchWP","article_modified_time":"2026-04-27T16:14:11+00:00","twitter_card":"summary_large_image","twitter_misc":{"Tiempo de lectura":"4 minutos"},"schema":{"@context":"https:\/\/schema.org","@graph":[{"@type":"WebPage","@id":"https:\/\/www.smartsearchwp.com\/es\/como-integrar-la-clave-api-de-openai-en-el-chatbot-de-wordpress-smartsearchwp-chagpt\/","url":"https:\/\/www.smartsearchwp.com\/es\/como-integrar-la-clave-api-de-openai-en-el-chatbot-de-wordpress-smartsearchwp-chagpt\/","name":"C\u00f3mo integrar la clave API de OpenAi en el chatbot de wordpress Smartsearchwp chagpt - SmartsearchWP","isPartOf":{"@id":"https:\/\/www.smartsearchwp.com\/es\/#website"},"datePublished":"2025-08-25T09:30:48+00:00","dateModified":"2026-04-27T16:14:11+00:00","breadcrumb":{"@id":"https:\/\/www.smartsearchwp.com\/es\/como-integrar-la-clave-api-de-openai-en-el-chatbot-de-wordpress-smartsearchwp-chagpt\/#breadcrumb"},"inLanguage":"es","potentialAction":[{"@type":"ReadAction","target":["https:\/\/www.smartsearchwp.com\/es\/como-integrar-la-clave-api-de-openai-en-el-chatbot-de-wordpress-smartsearchwp-chagpt\/"]}]},{"@type":"BreadcrumbList","@id":"https:\/\/www.smartsearchwp.com\/es\/como-integrar-la-clave-api-de-openai-en-el-chatbot-de-wordpress-smartsearchwp-chagpt\/#breadcrumb","itemListElement":[{"@type":"ListItem","position":1,"name":"Accueil","item":"https:\/\/www.smartsearchwp.com\/es\/"},{"@type":"ListItem","position":2,"name":"C\u00f3mo integrar la clave API de OpenAi en el chatbot de wordpress Smartsearchwp chagpt"}]},{"@type":"WebSite","@id":"https:\/\/www.smartsearchwp.com\/es\/#website","url":"https:\/\/www.smartsearchwp.com\/es\/","name":"SmartsearchWP","description":"","publisher":{"@id":"https:\/\/www.smartsearchwp.com\/es\/#organization"},"potentialAction":[{"@type":"SearchAction","target":{"@type":"EntryPoint","urlTemplate":"https:\/\/www.smartsearchwp.com\/es\/?s={search_term_string}"},"query-input":{"@type":"PropertyValueSpecification","valueRequired":true,"valueName":"search_term_string"}}],"inLanguage":"es"},{"@type":"Organization","@id":"https:\/\/www.smartsearchwp.com\/es\/#organization","name":"SmartsearchWP","url":"https:\/\/www.smartsearchwp.com\/es\/","logo":{"@type":"ImageObject","inLanguage":"es","@id":"https:\/\/www.smartsearchwp.com\/es\/#\/schema\/logo\/image\/","url":"https:\/\/www.smartsearchwp.com\/wp-content\/uploads\/2023\/11\/logo-smartSearchWp-white-1.png","contentUrl":"https:\/\/www.smartsearchwp.com\/wp-content\/uploads\/2023\/11\/logo-smartSearchWp-white-1.png","width":350,"height":100,"caption":"SmartsearchWP"},"image":{"@id":"https:\/\/www.smartsearchwp.com\/es\/#\/schema\/logo\/image\/"}}]}},"_links":{"self":[{"href":"https:\/\/www.smartsearchwp.com\/es\/wp-json\/wp\/v2\/pages\/4346","targetHints":{"allow":["GET"]}}],"collection":[{"href":"https:\/\/www.smartsearchwp.com\/es\/wp-json\/wp\/v2\/pages"}],"about":[{"href":"https:\/\/www.smartsearchwp.com\/es\/wp-json\/wp\/v2\/types\/page"}],"author":[{"embeddable":true,"href":"https:\/\/www.smartsearchwp.com\/es\/wp-json\/wp\/v2\/users\/1"}],"replies":[{"embeddable":true,"href":"https:\/\/www.smartsearchwp.com\/es\/wp-json\/wp\/v2\/comments?post=4346"}],"version-history":[{"count":4,"href":"https:\/\/www.smartsearchwp.com\/es\/wp-json\/wp\/v2\/pages\/4346\/revisions"}],"predecessor-version":[{"id":4604,"href":"https:\/\/www.smartsearchwp.com\/es\/wp-json\/wp\/v2\/pages\/4346\/revisions\/4604"}],"wp:attachment":[{"href":"https:\/\/www.smartsearchwp.com\/es\/wp-json\/wp\/v2\/media?parent=4346"}],"wp:term":[{"taxonomy":"category","embeddable":true,"href":"https:\/\/www.smartsearchwp.com\/es\/wp-json\/wp\/v2\/categories?post=4346"},{"taxonomy":"post_tag","embeddable":true,"href":"https:\/\/www.smartsearchwp.com\/es\/wp-json\/wp\/v2\/tags?post=4346"}],"curies":[{"name":"wp","href":"https:\/\/api.w.org\/{rel}","templated":true}]}}