{"id":1815,"date":"2023-11-23T15:49:46","date_gmt":"2023-11-23T14:49:46","guid":{"rendered":"https:\/\/www.smartsearchwp.com\/declaracion-de-privacidad\/"},"modified":"2024-06-25T16:21:36","modified_gmt":"2024-06-25T14:21:36","slug":"declaracion-de-privacidad","status":"publish","type":"page","link":"https:\/\/www.smartsearchwp.com\/es\/declaracion-de-privacidad\/","title":{"rendered":"Declaraci\u00f3n de privacidad"},"content":{"rendered":"\t\t<div data-elementor-type=\"wp-page\" data-elementor-id=\"1815\" class=\"elementor elementor-1815 elementor-20\" data-elementor-post-type=\"page\">\n\t\t\t\t<div data-particle_enable=\"false\" data-particle-mobile-disabled=\"false\" class=\"elementor-element elementor-element-1482dfe e-flex e-con-boxed e-con e-parent\" data-id=\"1482dfe\" data-element_type=\"container\" data-e-type=\"container\">\n\t\t\t\t\t<div class=\"e-con-inner\">\n\t\t\t\t<div class=\"elementor-element elementor-element-c3dd7cd elementor-widget elementor-widget-text-editor\" data-id=\"c3dd7cd\" data-element_type=\"widget\" data-e-type=\"widget\" data-widget_type=\"text-editor.default\">\n\t\t\t\t<div class=\"elementor-widget-container\">\n\t\t\t\t\t\t\t\t\t<p class=\"p3\"><span class=\"s1\">El siguiente texto explica c\u00f3mo<\/span><strong>\n  <span class=\"s2\"> WEBDIGIT <\/span>\n<\/strong><span class=\"s1\">utiliza y recoge tus datos personales y te informa de las medidas adoptadas para garantizar su protecci\u00f3n al utilizar el Sitio Web, de conformidad con lo dispuesto en el Reglamento del Parlamento Europeo y del Consejo relativo a la protecci\u00f3n de las personas f\u00edsicas en lo que respecta al tratamiento de datos personales y a la libre circulaci\u00f3n de estos datos y por el que se deroga la Directiva 95\/46\/CE (Referencia 2016\/679 &#8211; Reglamento General de Protecci\u00f3n de Datos). <\/span> <\/p>\n<p class=\"p3\"><strong><span class=\"s2\">WEBDIGIT  <\/span><\/strong><span class=\"s1\">protege la privacidad de sus usuarios de Internet cumpliendo la normativa aplicable. Y as\u00ed,  <\/span><strong>\n  <span class=\"s2\">WEBDIGIT<\/span>\n<\/strong><span class=\"s1\">como responsable del tratamiento, ha notificado a la Comisi\u00f3n Belga de Protecci\u00f3n de Datos (en adelante, \u00abCPVP\u00bb) la recogida y el tratamiento de tus datos personales.<\/span><\/p>\n<p class=\"p4\"><strong>\n  <span class=\"s2\">WEBDIGIT <\/span>\n<\/strong><span class=\"s1\">puede recoger tus datos personales, en particular mediante : <\/span> <\/p>\n<p class=\"p5\"><span class=\"s3\">\u2043<\/span><span class=\"s1\"> a trav\u00e9s del formulario \u00abContacto\u00bb,<\/span><\/p>\n<p class=\"p5\"><span class=\"s3\">\u2043<\/span><span class=\"s1\"> al suscribirte al bolet\u00edn electr\u00f3nico ofrecido por <\/span><strong>\n  <span class=\"s2\">WEBDIGIT<\/span>\n<\/strong><span class=\"s1\">, <\/span> <\/p>\n<p class=\"p5\"><span class=\"s3\">\u2043<\/span><span class=\"s1\"> al crear tu \u00abCuenta\u00bb en el sitio web de <\/span><strong>\n  <span class=\"s2\">WEBDIGIT<\/span>\n<\/strong><\/p>\n<p class=\"p5\"><span class=\"s3\">\u2043<\/span><span class=\"s1\"> cuando utilices nuestro servicio de contacto telef\u00f3nico directo con el Departamento de Ventas y Marketing de <\/span><strong>\n  <span class=\"s2\">WEBDIGIT<\/span>\n<\/strong><span class=\"s1\">. <\/span> <\/p>\n<p class=\"p3\"><span class=\"s1\">Por \u00abdatos personales\u00bb se entiende la informaci\u00f3n sobre ti como individuo que facilitas voluntariamente rellenando un formulario en la <\/span><strong>\n  <span class=\"s2\">WEBDIGIT<\/span>\n<\/strong><span class=\"s1\">o que <\/span><strong>\n  <span class=\"s2\">WEBDIGIT<\/span>\n<\/strong><span class=\"s1\">  recogidos durante tu navegaci\u00f3n y que, cualquiera que sea su naturaleza, permiten identificarte, directa o indirectamente. Los datos personales incluyen datos nominativos (como tu nombre, datos de contacto) y datos de identificaci\u00f3n electr\u00f3nica disponibles en o desde tu ordenador (como \u00abcookies\u00bb, \u00abdirecciones IP\u00bb o las preferencias de tu navegador). Tus datos de identificaci\u00f3n electr\u00f3nica pueden utilizarse para identificar tu terminal de conexi\u00f3n o las p\u00e1ginas consultadas en el  <\/span><strong>\n  <span class=\"s2\">WEBDIGIT<\/span>\n<\/strong><span class=\"s1\"> durante tu navegaci\u00f3n y generalmente son insuficientes por s\u00ed solas para identificarte por tu nombre.<\/span><\/p>\n<p class=\"p2\"><span class=\"s1\">Identidad del responsable del tratamiento y fines de la operaci\u00f3n de tratamiento<\/span><\/p>\n<p class=\"p2\"><span class=\"s1\">Los datos personales recogidos en este sitio web de  <\/span><strong><span class=\"s2\">WEBDIGIT<\/span><\/strong><span class=\"s1\">  puede ser utilizado por  <\/span><strong><span class=\"s2\">WEBDIGIT  <\/span><\/strong><span class=\"s1\">(en lo sucesivo denominado  <\/span><strong><span class=\"s2\">WEBDIGIT<\/span><\/strong><span class=\"s1\">), empresa  <\/span><strong><span class=\"s2\">WEBDIGIT<\/span><\/strong><span class=\"s1\">con el siguiente n\u00famero de empresa BE XXXXXXXXX<b> <\/b>con domicilio social en<b> 10 PLACE DE MOULBAIX, 7812 MOULBAIX (ATH),<\/b> como responsable del tratamiento de datos a efectos de :\n&#8211; gestionar las relaciones con los clientes actuales y potenciales a trav\u00e9s del formulario \u00abContacto\n&#8211; ofrecerles servicios como :<\/span><\/p>\n<p class=\"p6\"><span class=\"s3\">\u2043<\/span><span class=\"s1\"> Suscripci\u00f3n al bolet\u00edn <\/span><strong>\n  <span class=\"s2\">WEBDIGIT<\/span>\n<\/strong><\/p>\n<p class=\"p6\"><span class=\"s3\">\u2043<\/span><span class=\"s1\"> la creaci\u00f3n de un espacio personal \u00abTu Cuenta\u00bb que almacena datos personales que el usuario puede modificar.<\/span><\/p>\n<p class=\"p3\"><span class=\"s1\">Algunos de los datos personales recogidos nos permitir\u00e1n enviarte boletines informativos y solicitudes comerciales por correo electr\u00f3nico. Nos aseguraremos de obtener tu consentimiento previo en el formulario de recogida del  <\/span><strong>\n  <span class=\"s2\">WEBDIGIT <\/span>\n<\/strong><span class=\"s1\">marcando \u00abS\u00ed\u00bb a la pregunta \u00abDeseo recibir informaci\u00f3n de <\/span><strong>\n  <span class=\"s2\">WEBDIGIT<\/span>\n<\/strong><span class=\"s1\"> sobre noticias, nuevos productos, eventos y recibir ofertas personalizadas en la direcci\u00f3n de correo electr\u00f3nico que he facilitado\u00bb.<\/span><\/p>\n<p class=\"p3\"><span class=\"s1\">Informaci\u00f3n esencial para <\/span><strong>\n  <span class=\"s2\">WEBDIGIT <\/span>\n<\/strong><span class=\"s1\">para llevar a cabo las tareas descritas anteriormente se indica con un asterisco en las distintas p\u00e1ginas de <\/span><strong>\n  <span class=\"s2\">WEBDIGIT<\/span>\n<\/strong><span class=\"s1\">. El resto de la informaci\u00f3n es opcional y nos permite conocerte mejor y mejorar nuestras comunicaciones y los servicios que te prestamos. La informaci\u00f3n recogida por  <\/span><strong>\n  <span class=\"s2\">WEBDIGIT <\/span>\n<\/strong><span class=\"s1\">son, en particular, tus apellidos, nombre, direcci\u00f3n postal, direcci\u00f3n de correo electr\u00f3nico y n\u00famero de tel\u00e9fono.<\/span><\/p>\n<p class=\"p2\"><span class=\"s1\">Derechos de los visitantes a controlar sus datos (derecho de acceso, rectificaci\u00f3n, oposici\u00f3n)<\/span><\/p>\n<p class=\"p2\"><span class=\"s1\">Los usuarios que hayan facilitado sus datos personales a trav\u00e9s del <\/span><strong>\n  <span class=\"s2\">WEBDIGIT <\/span>\n<\/strong><span class=\"s1\">\ntienen derecho a acceder y rectificar cualquier dato personal que les concierna que sea inexacto (enviando una carta junto con una copia de un documento de identidad firmado) a nuestro Departamento de Ventas y Marketing: &#8211; por correo: escribiendo a<b>10 PLACE DE MOULBAIX, 7812 MOULBAIX (ATH)<\/b>.<\/span><\/p>\n<p class=\"p3\"><span class=\"s1\">&#8211; por correo electr\u00f3nico: enviando un correo electr\u00f3nico a <\/span><strong>\n  <span class=\"s2\">hello@webdigit.be<\/span>\n<\/strong><\/p>\n<p class=\"p3\"><span class=\"s1\">\nLos usuarios tambi\u00e9n tienen derecho a oponerse al tratamiento de sus datos por motivos leg\u00edtimos, as\u00ed como el derecho a oponerse a que estos datos sigan siendo utilizados con fines de prospecci\u00f3n comercial, poni\u00e9ndose en contacto con el servicio indicado anteriormente. El sitio web de<\/span><strong>\n  <span class=\"s2\">WEBDIGIT <\/span>\n<\/strong><span class=\"s1\">ofrece a los internautas la posibilidad de suscribirse a un bolet\u00edn informativo que contiene informaci\u00f3n sobre <\/span><strong>\n  <span class=\"s2\">WEBDIGIT<\/span>\n<\/strong><span class=\"s1\">productos, noticias, eventos, etc. <\/span> <\/p>\n<p class=\"p3\"><strong>\n  <span class=\"s2\">WEBDIGIT<\/span>\n<\/strong><span class=\"s1\">\n\n ofrece a los internautas que no deseen seguir recibiendo boletines informativos la posibilidad de darse de baja: &#8211; bien simplemente haciendo clic en el enlace para darse de baja que aparece al final de cada bolet\u00edn informativo, &#8211; bien rellenando el formulario \u00abContacto\u00bb, especificando en tu mensaje tu solicitud y la direcci\u00f3n de correo electr\u00f3nico que deseas dar de baja.<\/span><\/p>\n<p class=\"p3\"><span class=\"s1\">Para que podamos atender esta solicitud, tendr\u00e1s que enviarnos la informaci\u00f3n que necesitamos para identificarte: apellidos, nombre, direcci\u00f3n de correo electr\u00f3nico y, si procede, tu direcci\u00f3n postal.<\/span><\/p>\n\n<h2 class=\"p2\"><span class=\"s1\">Compartir y divulgar datos personales<\/span><\/h2>\n<p class=\"p3\"><span class=\"s1\">\n<\/span><strong>\n  <span class=\"s2\">WEBDIGIT <\/span>\n<\/strong><span class=\"s1\">y<\/span><strong>\n  <span class=\"s2\"> WEBDIGIT <\/span>\n<\/strong> <span class=\"s1\">son los \u00fanicos destinatarios de los datos recogidos. Dentro de la empresa  <\/span><strong>\n  <span class=\"s2\">WEBDIGIT<\/span>\n<\/strong><span class=\"s1\">tus datos personales podr\u00e1n ser comunicados a los departamentos encargados de gestionar las relaciones con los clientes en <\/span><strong>\n  <span class=\"s2\">WEBDIGIT<\/span>\n<\/strong><span class=\"s1\">. Entre los proveedores de servicios externos a los que se pueden comunicar tus datos personales se incluyen nuestros proveedores de servicios de alojamiento.<\/span><\/p>\n<p class=\"p3\"><strong>\n  <span class=\"s2\">WEBDIGIT <\/span>\n<\/strong><span class=\"s1\">\n\ns\u00f3lo comunicar\u00e1 tus datos personales a terceros cuando: &#8211; nos hayas dado tu consentimiento previo para compartir esta informaci\u00f3n<\/span><strong>\n  <span class=\"s2\">WEBDIGIT <\/span>\n<\/strong><span class=\"s1\">\ndeba compartir esta informaci\u00f3n con sus proveedores de servicios y, en particular, con sus proveedores de servicios t\u00e9cnicos, con el fin de prestarte el servicio que has solicitado (por ejemplo, el env\u00edo de un Bolet\u00edn); &#8211;<\/span><strong>\n  <span class=\"s2\">WEBDIGIT <\/span>\n<\/strong><span class=\"s1\">reciba una solicitud de una autoridad judicial o de cualquier autoridad administrativa facultada por la ley para divulgar esta informaci\u00f3n de conformidad con las disposiciones legales vigentes.<\/span><\/p>\n<p class=\"p3\"><span class=\"s1\">Cuando quieras presentar un producto o servicio de <\/span><strong>\n  <span class=\"s2\">WEBDIGIT <\/span>\n<\/strong><span class=\"s1\">a un amigo o familiar, reconoces expresamente que has obtenido el consentimiento del destinatario del correo electr\u00f3nico.<\/span><\/p>\n\n<h2 class=\"p2\"><span class=\"s1\">Conservaci\u00f3n de datos  <\/span><span class=\"s4\">\n<\/span><\/h2>\n<p class=\"p3\"><strong>\n  <span class=\"s2\">WEBDIGIT<\/span>\n<\/strong><span class=\"s1\"> puede conservar tus datos personales durante un per\u00edodo no superior a cinco a\u00f1os a partir del \u00faltimo contacto.<\/span><\/p>\n\n<h4 class=\"p2\"><span class=\"s1\">Medidas de seguridad<\/span><span class=\"s4\">\n<\/span><\/h4>\n<p class=\"p3\"><strong>\n  <span class=\"s2\">WEBDIGIT <\/span>\n<\/strong><span class=\"s1\">hace todo lo posible para proteger tus datos personales contra da\u00f1os, p\u00e9rdida, apropiaci\u00f3n indebida, intrusi\u00f3n, divulgaci\u00f3n, alteraci\u00f3n o destrucci\u00f3n. <\/span> <\/p>\n<p class=\"p3\"><span class=\"s1\">Los sistemas inform\u00e1ticos de <\/span><strong>\n  <span class=\"s2\">WEBDIGIT <\/span>\n<\/strong> <span class=\"s1\">est\u00e1n protegidos f\u00edsicamente y mediante software de acuerdo con el estado de la t\u00e9cnica. Se han implementado procedimientos para la salvaguarda f\u00edsica y electr\u00f3nica de los datos recogidos en el sitio, de acuerdo con la legislaci\u00f3n europea vigente sobre protecci\u00f3n de datos personales.  <\/span><\/p>\n<p class=\"p3\"><span class=\"s1\">Los empleados de <\/span><strong>\n  <span class=\"s2\">WEBDIGIT <\/span>\n<\/strong><span class=\"s1\">que, en virtud de su cargo, tengan acceso a tus datos personales, se comprometen a mantener la m\u00e1xima confidencialidad al respecto. <\/span> <\/p>\n<p class=\"p3\"><span class=\"s1\">Sin embargo, <\/span><strong>\n  <span class=\"s2\">WEBDIGIT <\/span>\n<\/strong> <span class=\"s1\">no controla los riesgos asociados al funcionamiento de Internet y llama tu atenci\u00f3n sobre la existencia de posibles riesgos en t\u00e9rminos de p\u00e9rdida ocasional de datos o de violaci\u00f3n de la confidencialidad de los datos que transitan por esta red. La informaci\u00f3n ofrecida en el Sitio puede interrumpirse en casos de fuerza mayor o fuera del control de  <\/span><strong>\n  <span class=\"s2\">WEBDIGIT<\/span>\n<\/strong><span class=\"s1\"> o de hechos para los que <\/span><strong>\n  <span class=\"s2\">WEBDIGIT<\/span>\n<\/strong><span class=\"s1\">.<\/span><\/p>\n\n<h2 class=\"p2\"><span class=\"s1\">Informaci\u00f3n sobre cookies y preferencias del navegador<\/span><\/h2>\n<p class=\"p3\"><span class=\"s1\">\nEn primer lugar, una cookie (tambi\u00e9n denominada \u00abcookie de conexi\u00f3n\u00bb o \u00abweb beacon\u00bb) es un fichero que un servidor de Internet deposita en tu disco duro durante un periodo temporal definido, con el fin de facilitar tu navegaci\u00f3n y mejorar la calidad de la web <\/span><strong>\n  <span class=\"s2\">WEBDIGIT<\/span>\n<\/strong><span class=\"s1\">. Hay que distinguir entre las llamadas \u00abcookies de navegaci\u00f3n\u00bb y las \u00abcookies de an\u00e1lisis estad\u00edstico\u00bb.<\/span><\/p>\n<p class=\"p3\"><span class=\"s1\">Las cookies del navegador permiten <\/span><strong>\n  <span class=\"s2\">WEBDIGIT <\/span>\n<\/strong><span class=\"s1\">memorizar informaci\u00f3n como tu direcci\u00f3n de correo electr\u00f3nico, los identificadores de tu \u00abCuenta\u00bb, los t\u00e9rminos de b\u00fasqueda que has introducido en el motor de b\u00fasqueda, con el fin de facilitar tu navegaci\u00f3n dentro del Sitio; su duraci\u00f3n se limita a la duraci\u00f3n de tu sesi\u00f3n de Internet, es decir, 20 minutos a partir de tu \u00faltima acci\u00f3n en una de las p\u00e1ginas del sitio.<\/span><\/p>\n<p class=\"p4\"><strong><span class=\"s2\">WEBDIGIT  <\/span><\/strong><span class=\"s1\">tambi\u00e9n se basa en ciertas preferencias de tu navegador, como el idioma o la activaci\u00f3n de JavaScript, para facilitar la navegaci\u00f3n. Por ejemplo, detectar el idioma de tu navegador permite  <\/span><strong>\n  <span class=\"s2\">WEBDIGIT<\/span>\n<\/strong><span class=\"s1\"> para ofrecerte la versi\u00f3n m\u00e1s adecuada del Sitio.<\/span><\/p>\n<p class=\"p3\"><span class=\"s1\">Las cookies de an\u00e1lisis estad\u00edstico permiten <\/span><strong>\n  <span class=\"s2\">WEBDIGIT <\/span>\n<\/strong> <span class=\"s1\">almacenar informaci\u00f3n relativa a tu navegaci\u00f3n en el Sitio, como las p\u00e1ginas que has consultado, la fecha y hora de la consulta, el lugar de tu conexi\u00f3n, etc. Estas cookies no nos permiten identificarte personalmente; los datos que recogen se agregan y atribuyen a un \u00fanico visitante impersonal. Estos datos permiten  <\/span><strong><span class=\"s2\">WEBDIGIT  <\/span><\/strong><span class=\"s1\">analizar la relevancia del contenido del Sitio e intentar mejorarlo. Pueden durar hasta 2 a\u00f1os, para permitir an\u00e1lisis comparativos a lo largo del tiempo. Para ello,<\/span> <strong>\n  <span class=\"s2\"> WEBDIGIT <\/span>\n<\/strong><span class=\"s1\">utiliza Google Analytics.<\/span><\/p>\n<p class=\"p3\"><span class=\"s1\">Puedes rechazar las cookies cambiando la configuraci\u00f3n de tu navegador de Internet. Sin embargo, esta operaci\u00f3n conllevar\u00e1 la eliminaci\u00f3n de todas las cookies utilizadas por el navegador, incluidas las utilizadas por otros sitios web, lo que puede provocar la alteraci\u00f3n o p\u00e9rdida de determinados ajustes o informaci\u00f3n. La eliminaci\u00f3n de las cookies puede alterar o incluso dificultar la navegaci\u00f3n en el de  <\/span><span class=\"s2\"><strong>WEBDIGIT<\/strong>.<\/span><\/p>\n<p class=\"p4\"><span class=\"s1\">Ten en cuenta que puedes evitar que se guarden las cookies configurando tu navegador como se indica a continuaci\u00f3n:  <\/span><\/p>\n<p class=\"p4\"><span class=\"s1\">Para <strong>Google Chrome 5 y superior<\/strong>:\n1. Pulsa en Ajustes\n2. Pulsa en Avanzado\n3. En la secci\u00f3n \u00abConfidencialidad y seguridad\u00bb, haz clic en Configuraci\u00f3n del contenido\n4. Haz clic en Cookies\n5. Desactivar cookies\n<\/span><\/p>\n<p class=\"p4\"><span class=\"s1\">Para <strong>Microsoft Internet Explorer 11.0 y superior<\/strong>:\n1. Selecciona el men\u00fa \u00abHerramientas\u00bb y luego \u00abOpciones de Internet\u00bb.\n2. haz clic en la pesta\u00f1a \u00abConfidencialidad\u00bb.\n3. Utiliza el cursor para seleccionar el nivel deseado.  <\/span><\/p>\n<p class=\"p4\"><span class=\"s1\">Para <strong>Firefox<\/strong>:\n&gt;1. Selecciona en el men\u00fa \u00abHerramientas\u00bb la opci\u00f3n \u00abOpciones\u00bb.\n2. haz clic en la opci\u00f3n \u00abPrivacidad  <\/span><\/p>\n<p class=\"p4\"><span class=\"s1\">Para <strong>Safari 3.x para Mac OS X :<\/strong>\n1. elige el men\u00fa \u00abEdiciones\n2. haz clic en la opci\u00f3n \u00abPreferencias\u00bb.\n3. haz clic en la opci\u00f3n \u00abSeguridad\n4. Haz clic en \u00abMostrar cookies\u00bb.<\/span><\/p>\t\t\t\t\t\t\t\t<\/div>\n\t\t\t\t<\/div>\n\t\t\t\t\t<\/div>\n\t\t\t\t<\/div>\n\t\t\t\t<\/div>\n\t\t","protected":false},"excerpt":{"rendered":"<p>El siguiente texto explica c\u00f3mo WEBDIGIT utiliza y recoge tus datos personales y te informa de las medidas adoptadas para garantizar su protecci\u00f3n al utilizar el Sitio Web, de conformidad con lo dispuesto en el Reglamento del Parlamento Europeo y del Consejo relativo a la protecci\u00f3n de las personas f\u00edsicas en lo que respecta al [&hellip;]<\/p>\n","protected":false},"author":2,"featured_media":0,"parent":0,"menu_order":0,"comment_status":"closed","ping_status":"closed","template":"","meta":{"_acf_changed":false,"footnotes":""},"categories":[],"tags":[],"class_list":["post-1815","page","type-page","status-publish","hentry"],"acf":[],"yoast_head":"<!-- This site is optimized with the Yoast SEO plugin v27.4 - https:\/\/yoast.com\/product\/yoast-seo-wordpress\/ -->\n<title>Declaraci\u00f3n de privacidad - SmartsearchWP<\/title>\n<meta name=\"robots\" content=\"index, follow, max-snippet:-1, max-image-preview:large, max-video-preview:-1\" \/>\n<link rel=\"canonical\" href=\"https:\/\/www.smartsearchwp.com\/es\/declaracion-de-privacidad\/\" \/>\n<meta property=\"og:locale\" content=\"es_ES\" \/>\n<meta property=\"og:type\" content=\"article\" \/>\n<meta property=\"og:title\" content=\"Declaraci\u00f3n de privacidad - SmartsearchWP\" \/>\n<meta property=\"og:description\" content=\"El siguiente texto explica c\u00f3mo WEBDIGIT utiliza y recoge tus datos personales y te informa de las medidas adoptadas para garantizar su protecci\u00f3n al utilizar el Sitio Web, de conformidad con lo dispuesto en el Reglamento del Parlamento Europeo y del Consejo relativo a la protecci\u00f3n de las personas f\u00edsicas en lo que respecta al [&hellip;]\" \/>\n<meta property=\"og:url\" content=\"https:\/\/www.smartsearchwp.com\/es\/declaracion-de-privacidad\/\" \/>\n<meta property=\"og:site_name\" content=\"SmartsearchWP\" \/>\n<meta property=\"article:modified_time\" content=\"2024-06-25T14:21:36+00:00\" \/>\n<meta name=\"twitter:card\" content=\"summary_large_image\" \/>\n<meta name=\"twitter:label1\" content=\"Tiempo de lectura\" \/>\n\t<meta name=\"twitter:data1\" content=\"8 minutos\" \/>\n<!-- \/ Yoast SEO plugin. -->","yoast_head_json":{"title":"Declaraci\u00f3n de privacidad - SmartsearchWP","robots":{"index":"index","follow":"follow","max-snippet":"max-snippet:-1","max-image-preview":"max-image-preview:large","max-video-preview":"max-video-preview:-1"},"canonical":"https:\/\/www.smartsearchwp.com\/es\/declaracion-de-privacidad\/","og_locale":"es_ES","og_type":"article","og_title":"Declaraci\u00f3n de privacidad - SmartsearchWP","og_description":"El siguiente texto explica c\u00f3mo WEBDIGIT utiliza y recoge tus datos personales y te informa de las medidas adoptadas para garantizar su protecci\u00f3n al utilizar el Sitio Web, de conformidad con lo dispuesto en el Reglamento del Parlamento Europeo y del Consejo relativo a la protecci\u00f3n de las personas f\u00edsicas en lo que respecta al [&hellip;]","og_url":"https:\/\/www.smartsearchwp.com\/es\/declaracion-de-privacidad\/","og_site_name":"SmartsearchWP","article_modified_time":"2024-06-25T14:21:36+00:00","twitter_card":"summary_large_image","twitter_misc":{"Tiempo de lectura":"8 minutos"},"schema":{"@context":"https:\/\/schema.org","@graph":[{"@type":"WebPage","@id":"https:\/\/www.smartsearchwp.com\/es\/declaracion-de-privacidad\/","url":"https:\/\/www.smartsearchwp.com\/es\/declaracion-de-privacidad\/","name":"Declaraci\u00f3n de privacidad - SmartsearchWP","isPartOf":{"@id":"https:\/\/www.smartsearchwp.com\/es\/#website"},"datePublished":"2023-11-23T14:49:46+00:00","dateModified":"2024-06-25T14:21:36+00:00","breadcrumb":{"@id":"https:\/\/www.smartsearchwp.com\/es\/declaracion-de-privacidad\/#breadcrumb"},"inLanguage":"es","potentialAction":[{"@type":"ReadAction","target":["https:\/\/www.smartsearchwp.com\/es\/declaracion-de-privacidad\/"]}]},{"@type":"BreadcrumbList","@id":"https:\/\/www.smartsearchwp.com\/es\/declaracion-de-privacidad\/#breadcrumb","itemListElement":[{"@type":"ListItem","position":1,"name":"Accueil","item":"https:\/\/www.smartsearchwp.com\/es\/"},{"@type":"ListItem","position":2,"name":"Declaraci\u00f3n de privacidad"}]},{"@type":"WebSite","@id":"https:\/\/www.smartsearchwp.com\/es\/#website","url":"https:\/\/www.smartsearchwp.com\/es\/","name":"SmartsearchWP","description":"","publisher":{"@id":"https:\/\/www.smartsearchwp.com\/es\/#organization"},"potentialAction":[{"@type":"SearchAction","target":{"@type":"EntryPoint","urlTemplate":"https:\/\/www.smartsearchwp.com\/es\/?s={search_term_string}"},"query-input":{"@type":"PropertyValueSpecification","valueRequired":true,"valueName":"search_term_string"}}],"inLanguage":"es"},{"@type":"Organization","@id":"https:\/\/www.smartsearchwp.com\/es\/#organization","name":"SmartsearchWP","url":"https:\/\/www.smartsearchwp.com\/es\/","logo":{"@type":"ImageObject","inLanguage":"es","@id":"https:\/\/www.smartsearchwp.com\/es\/#\/schema\/logo\/image\/","url":"https:\/\/www.smartsearchwp.com\/wp-content\/uploads\/2023\/11\/logo-smartSearchWp-white-1.png","contentUrl":"https:\/\/www.smartsearchwp.com\/wp-content\/uploads\/2023\/11\/logo-smartSearchWp-white-1.png","width":350,"height":100,"caption":"SmartsearchWP"},"image":{"@id":"https:\/\/www.smartsearchwp.com\/es\/#\/schema\/logo\/image\/"}}]}},"_links":{"self":[{"href":"https:\/\/www.smartsearchwp.com\/es\/wp-json\/wp\/v2\/pages\/1815","targetHints":{"allow":["GET"]}}],"collection":[{"href":"https:\/\/www.smartsearchwp.com\/es\/wp-json\/wp\/v2\/pages"}],"about":[{"href":"https:\/\/www.smartsearchwp.com\/es\/wp-json\/wp\/v2\/types\/page"}],"author":[{"embeddable":true,"href":"https:\/\/www.smartsearchwp.com\/es\/wp-json\/wp\/v2\/users\/2"}],"replies":[{"embeddable":true,"href":"https:\/\/www.smartsearchwp.com\/es\/wp-json\/wp\/v2\/comments?post=1815"}],"version-history":[{"count":1,"href":"https:\/\/www.smartsearchwp.com\/es\/wp-json\/wp\/v2\/pages\/1815\/revisions"}],"predecessor-version":[{"id":1816,"href":"https:\/\/www.smartsearchwp.com\/es\/wp-json\/wp\/v2\/pages\/1815\/revisions\/1816"}],"wp:attachment":[{"href":"https:\/\/www.smartsearchwp.com\/es\/wp-json\/wp\/v2\/media?parent=1815"}],"wp:term":[{"taxonomy":"category","embeddable":true,"href":"https:\/\/www.smartsearchwp.com\/es\/wp-json\/wp\/v2\/categories?post=1815"},{"taxonomy":"post_tag","embeddable":true,"href":"https:\/\/www.smartsearchwp.com\/es\/wp-json\/wp\/v2\/tags?post=1815"}],"curies":[{"name":"wp","href":"https:\/\/api.w.org\/{rel}","templated":true}]}}