{"id":1614,"date":"2024-06-17T13:29:13","date_gmt":"2024-06-17T11:29:13","guid":{"rendered":"https:\/\/www.smartsearchwp.com\/preguntas-frecuentes\/"},"modified":"2026-04-13T17:11:06","modified_gmt":"2026-04-13T15:11:06","slug":"preguntas-frecuentes","status":"publish","type":"page","link":"https:\/\/www.smartsearchwp.com\/es\/preguntas-frecuentes\/","title":{"rendered":"PREGUNTAS FRECUENTES"},"content":{"rendered":"\t\t<div data-elementor-type=\"wp-page\" data-elementor-id=\"1614\" class=\"elementor elementor-1614 elementor-1583\" data-elementor-post-type=\"page\">\n\t\t\t\t<div data-particle_enable=\"false\" data-particle-mobile-disabled=\"false\" class=\"elementor-element elementor-element-616c15c e-flex e-con-boxed e-con e-parent\" data-id=\"616c15c\" data-element_type=\"container\" data-e-type=\"container\">\n\t\t\t\t\t<div class=\"e-con-inner\">\n\t\t\t\t<div class=\"elementor-element elementor-element-1dfd8c3 elementor-widget elementor-widget-text-editor\" data-id=\"1dfd8c3\" data-element_type=\"widget\" data-e-type=\"widget\" data-widget_type=\"text-editor.default\">\n\t\t\t\t<div class=\"elementor-widget-container\">\n\t\t\t\t\t\t\t\t\t<p>Hacemos todo lo posible por responder a tus preguntas en nuestra secci\u00f3n de preguntas frecuentes.<\/p>\n<p>Si no encuentras aqu\u00ed la respuesta a tu pregunta, no dudes en dejarnos un mensaje a trav\u00e9s de hello[@]smartsearchwp.com.<\/p>\t\t\t\t\t\t\t\t<\/div>\n\t\t\t\t<\/div>\n\t\t\t\t<div class=\"elementor-element elementor-element-94bff17 elementor-grid-3 elementor-grid-tablet-2 elementor-grid-mobile-1 elementor-widget elementor-widget-betterdocs-category-grid\" data-id=\"94bff17\" data-element_type=\"widget\" data-e-type=\"widget\" data-settings=\"{&quot;grid_column&quot;:&quot;3&quot;,&quot;grid_column_tablet&quot;:&quot;2&quot;,&quot;grid_column_mobile&quot;:&quot;1&quot;}\" data-widget_type=\"betterdocs-category-grid.default\">\n\t\t\t\t\t\n<div\n\tid=\"el-betterdocs-cat-grid-94bff17\" class=\"betterdocs-category-grid-wrapper betterdocs-elementor\">\n\t<div\n\t\tclass=\"betterdocs-category-grid-inner-wrapper betterdocs-category-grid grid layout-flex\" data-layout-mode=\"grid\" data-column_space_desktop=\"\" data-column_space_tab=\"\" data-column_space_mobile=\"\" data-column=\"3\" data-column_desktop=\"3\" data-column_tab=\"2\" data-column_mobile=\"1\">\n\t\t\n<article\n\tdata-id=\"80\" class=\"betterdocs-single-category-wrapper category-grid default\">\n\t<div class=\"betterdocs-single-category-inner\">\n\t\t\n<div class=\"betterdocs-category-header\">\n\t<div class=\"betterdocs-category-header-inner\">\n\t\t\n<div class=\"betterdocs-category-icon\">\n\t<img decoding=\"async\" alt=\"betterdocs-category-icon\" class=\"betterdocs-category-icon-img\" src=\"https:\/\/www.smartsearchwp.com\/wp-content\/plugins\/betterdocs\/assets\/admin\/images\/betterdocs-cat-icon.svg?v=4.3.12\" \/><\/div>\n<h2 class=\"betterdocs-category-title\">Caracter\u00edsticas<\/h2>\n<div data-count=\"24\" class=\"betterdocs-category-items-counts\">\n\t<span>\n\t\t 24 \t<\/span>\n<\/div>\n\t<\/div>\n<\/div>\n<div class=\"betterdocs-body\">\n<ul class=\"betterdocs-articles-list\">\n\t<li><i class=\"far fa-file-alt\"><\/i><a href=\"https:\/\/www.smartsearchwp.com\/es\/docs\/puedo-ver-un-ejemplo-de-como-funciona-el-addon-pagina-completa\/\"><span>\u00bfPuedo ver un ejemplo de c\u00f3mo funciona el addon P\u00e1gina Completa?<\/span> <\/a><\/li><li><i class=\"far fa-file-alt\"><\/i><a href=\"https:\/\/www.smartsearchwp.com\/es\/docs\/es-posible-personalizar-el-codigo-de-los-eventos-mostrados-puedo-mostrar-un-evento-con-una-imagen-y-texto-en-forma-de-tarjeta-hay-alguna-forma-de-sobrescribir-las-plantillas-person\/\"><span>\u00bfEs posible personalizar el c\u00f3digo de los eventos mostrados? \u00bfPuedo mostrar un evento con una imagen y texto en forma de tarjeta? \u00bfHay alguna forma de sobrescribir las plantillas personalizadas?<\/span> <\/a><\/li><li><i class=\"far fa-file-alt\"><\/i><a href=\"https:\/\/www.smartsearchwp.com\/es\/docs\/es-posible-dar-estilo-a-los-eventos-para-que-muestren-imagenes\/\"><span>\u00bfEs posible dar estilo a los eventos para que muestren im\u00e1genes?<\/span> <\/a><\/li><li><i class=\"far fa-file-alt\"><\/i><a href=\"https:\/\/www.smartsearchwp.com\/es\/docs\/se-puede-mostrar-el-aspecto-de-un-elemento-en-la-ventana-del-chatbot-es-posible-personalizar-el-aspecto-de-las-tarjetas-mediante-css-personalizado\/\"><span>\u00bfSe puede mostrar el aspecto de un elemento en la ventana del chatbot? \u00bfEs posible personalizar el aspecto de las tarjetas mediante CSS personalizado?<\/span> <\/a><\/li><li><i class=\"far fa-file-alt\"><\/i><a href=\"https:\/\/www.smartsearchwp.com\/es\/docs\/cuando-se-actualiza-un-articulo-se-actualizan-automaticamente-las-incrustaciones\/\"><span>Cuando se actualiza un art\u00edculo, \u00bfse actualizan autom\u00e1ticamente las incrustaciones?<\/span> <\/a><\/li><li><i class=\"far fa-file-alt\"><\/i><a href=\"https:\/\/www.smartsearchwp.com\/es\/docs\/como-puedo-generar-incrustaciones-para-mas-de-10-articulos-a-la-vez\/\"><span>\u00bfC\u00f3mo puedo generar incrustaciones para m\u00e1s de 10 art\u00edculos a la vez?<\/span> <\/a><\/li><\/ul>\n<\/div>\n<div class=\"betterdocs-footer\">\n\t\n<a class=\"docs-cat-link-btn betterdocs-category-link-btn\" href=\"https:\/\/www.smartsearchwp.com\/es\/docs-category\/caracteristicas\/\">\n\tM\u00e1s informaci\u00f3n<i class=\"fas fa-angle-right\"><\/i><\/a>\n<\/div>\n\t<\/div>\n<\/article>\n\n<article\n\tdata-id=\"89\" class=\"betterdocs-single-category-wrapper category-grid default\">\n\t<div class=\"betterdocs-single-category-inner\">\n\t\t\n<div class=\"betterdocs-category-header\">\n\t<div class=\"betterdocs-category-header-inner\">\n\t\t\n<div class=\"betterdocs-category-icon\">\n\t<img decoding=\"async\" alt=\"betterdocs-category-icon\" class=\"betterdocs-category-icon-img\" src=\"https:\/\/www.smartsearchwp.com\/wp-content\/plugins\/betterdocs\/assets\/admin\/images\/betterdocs-cat-icon.svg?v=4.3.12\" \/><\/div>\n<h2 class=\"betterdocs-category-title\">General<\/h2>\n<div data-count=\"27\" class=\"betterdocs-category-items-counts\">\n\t<span>\n\t\t 27 \t<\/span>\n<\/div>\n\t<\/div>\n<\/div>\n<div class=\"betterdocs-body\">\n<ul class=\"betterdocs-articles-list\">\n\t<li><i class=\"far fa-file-alt\"><\/i><a href=\"https:\/\/www.smartsearchwp.com\/es\/docs\/puedo-ver-un-ejemplo-de-como-funciona-el-addon-pagina-completa\/\"><span>\u00bfPuedo ver un ejemplo de c\u00f3mo funciona el addon P\u00e1gina Completa?<\/span> <\/a><\/li><li><i class=\"far fa-file-alt\"><\/i><a href=\"https:\/\/www.smartsearchwp.com\/es\/docs\/la-version-premium-del-plugin-smartsearchwp-es-un-pago-unico-o-una-suscripcion-anual\/\"><span>\u00bfLa versi\u00f3n Premium del plugin SmartSearchWP es un pago \u00fanico o una suscripci\u00f3n anual?<\/span> <\/a><\/li><li><i class=\"far fa-file-alt\"><\/i><a href=\"https:\/\/www.smartsearchwp.com\/es\/docs\/puedo-utilizar-smartsearchwp-sin-una-clave-api-de-openai\/\"><span>\u00bfPuedo utilizar SmartSearchWP sin una clave API de OpenAI?<\/span> <\/a><\/li><li><i class=\"far fa-file-alt\"><\/i><a href=\"https:\/\/www.smartsearchwp.com\/es\/docs\/utiliza-el-plugin-smartsearchwp-la-tecnica-rag-para-responder-a-las-preguntas\/\"><span>\u00bfUtiliza el plugin SmartSearchWP la t\u00e9cnica RAG para responder a las preguntas?<\/span> <\/a><\/li><li><i class=\"far fa-file-alt\"><\/i><a href=\"https:\/\/www.smartsearchwp.com\/es\/docs\/existe-un-limite-para-el-numero-de-preguntas-o-conversaciones-que-el-chatbot-puede-gestionar-cada-mes\/\"><span>\u00bfExiste un l\u00edmite para el n\u00famero de preguntas o conversaciones que el chatbot puede gestionar cada mes?<\/span> <\/a><\/li><li><i class=\"far fa-file-alt\"><\/i><a href=\"https:\/\/www.smartsearchwp.com\/es\/docs\/puedo-utilizar-smartsearchwp-en-lugar-del-sistema-de-busqueda-predeterminado-de-wordpress\/\"><span>\u00bfPuedo utilizar SmartSearchWP en lugar del sistema de b\u00fasqueda predeterminado de wordpress?<\/span> <\/a><\/li><\/ul>\n<\/div>\n<div class=\"betterdocs-footer\">\n\t\n<a class=\"docs-cat-link-btn betterdocs-category-link-btn\" href=\"https:\/\/www.smartsearchwp.com\/es\/docs-category\/general-es\/\">\n\tM\u00e1s informaci\u00f3n<i class=\"fas fa-angle-right\"><\/i><\/a>\n<\/div>\n\t<\/div>\n<\/article>\n\n<article\n\tdata-id=\"101\" class=\"betterdocs-single-category-wrapper category-grid default\">\n\t<div class=\"betterdocs-single-category-inner\">\n\t\t\n<div class=\"betterdocs-category-header\">\n\t<div class=\"betterdocs-category-header-inner\">\n\t\t\n<div class=\"betterdocs-category-icon\">\n\t<img decoding=\"async\" alt=\"betterdocs-category-icon\" class=\"betterdocs-category-icon-img\" src=\"https:\/\/www.smartsearchwp.com\/wp-content\/plugins\/betterdocs\/assets\/admin\/images\/betterdocs-cat-icon.svg?v=4.3.12\" \/><\/div>\n<h2 class=\"betterdocs-category-title\">Premium<\/h2>\n<div data-count=\"6\" class=\"betterdocs-category-items-counts\">\n\t<span>\n\t\t 6 \t<\/span>\n<\/div>\n\t<\/div>\n<\/div>\n<div class=\"betterdocs-body\">\n<ul class=\"betterdocs-articles-list\">\n\t<li><i class=\"far fa-file-alt\"><\/i><a href=\"https:\/\/www.smartsearchwp.com\/es\/docs\/puedo-ver-un-ejemplo-de-como-funciona-el-addon-pagina-completa\/\"><span>\u00bfPuedo ver un ejemplo de c\u00f3mo funciona el addon P\u00e1gina Completa?<\/span> <\/a><\/li><li><i class=\"far fa-file-alt\"><\/i><a href=\"https:\/\/www.smartsearchwp.com\/es\/docs\/la-version-premium-del-plugin-smartsearchwp-es-un-pago-unico-o-una-suscripcion-anual\/\"><span>\u00bfLa versi\u00f3n Premium del plugin SmartSearchWP es un pago \u00fanico o una suscripci\u00f3n anual?<\/span> <\/a><\/li><li><i class=\"far fa-file-alt\"><\/i><a href=\"https:\/\/www.smartsearchwp.com\/es\/docs\/donde-inserto-la-clave-de-licencia-en-el-plugin\/\"><span>\u00bfD\u00f3nde inserto la clave de licencia en el plugin?<\/span> <\/a><\/li><li><i class=\"far fa-file-alt\"><\/i><a href=\"https:\/\/www.smartsearchwp.com\/es\/docs\/acabo-de-comprar-una-licencia-premium-pero-dice-que-esta-vinculada-a-otro-sitio-web-como-puedo-solucionar-este-problema\/\"><span>Acabo de comprar una licencia premium, pero dice que est\u00e1 vinculada a otro sitio web. \u00bfC\u00f3mo puedo solucionar este problema?<\/span> <\/a><\/li><li><i class=\"far fa-file-alt\"><\/i><a href=\"https:\/\/www.smartsearchwp.com\/es\/docs\/donde-puedo-comprar-el-plugin-smartsearchwp\/\"><span>\u00bfD\u00f3nde puedo comprar el plugin SmartSearchWP?<\/span> <\/a><\/li><li><i class=\"far fa-file-alt\"><\/i><a href=\"https:\/\/www.smartsearchwp.com\/es\/docs\/cuanto-cuesta-la-version-premium\/\"><span>\u00bfCu\u00e1nto cuesta la versi\u00f3n Premium?<\/span> <\/a><\/li><\/ul>\n<\/div>\t<\/div>\n<\/article>\n\n<article\n\tdata-id=\"83\" class=\"betterdocs-single-category-wrapper category-grid default\">\n\t<div class=\"betterdocs-single-category-inner\">\n\t\t\n<div class=\"betterdocs-category-header\">\n\t<div class=\"betterdocs-category-header-inner\">\n\t\t\n<div class=\"betterdocs-category-icon\">\n\t<img decoding=\"async\" alt=\"betterdocs-category-icon\" class=\"betterdocs-category-icon-img\" src=\"https:\/\/www.smartsearchwp.com\/wp-content\/plugins\/betterdocs\/assets\/admin\/images\/betterdocs-cat-icon.svg?v=4.3.12\" \/><\/div>\n<h2 class=\"betterdocs-category-title\">T\u00e9cnico<\/h2>\n<div data-count=\"32\" class=\"betterdocs-category-items-counts\">\n\t<span>\n\t\t 32 \t<\/span>\n<\/div>\n\t<\/div>\n<\/div>\n<div class=\"betterdocs-body\">\n<ul class=\"betterdocs-articles-list\">\n\t<li><i class=\"far fa-file-alt\"><\/i><a href=\"https:\/\/www.smartsearchwp.com\/es\/docs\/es-posible-personalizar-el-codigo-de-los-eventos-mostrados-puedo-mostrar-un-evento-con-una-imagen-y-texto-en-forma-de-tarjeta-hay-alguna-forma-de-sobrescribir-las-plantillas-person\/\"><span>\u00bfEs posible personalizar el c\u00f3digo de los eventos mostrados? \u00bfPuedo mostrar un evento con una imagen y texto en forma de tarjeta? \u00bfHay alguna forma de sobrescribir las plantillas personalizadas?<\/span> <\/a><\/li><li><i class=\"far fa-file-alt\"><\/i><a href=\"https:\/\/www.smartsearchwp.com\/es\/docs\/es-posible-dar-estilo-a-los-eventos-para-que-muestren-imagenes\/\"><span>\u00bfEs posible dar estilo a los eventos para que muestren im\u00e1genes?<\/span> <\/a><\/li><li><i class=\"far fa-file-alt\"><\/i><a href=\"https:\/\/www.smartsearchwp.com\/es\/docs\/se-puede-mostrar-el-aspecto-de-un-elemento-en-la-ventana-del-chatbot-es-posible-personalizar-el-aspecto-de-las-tarjetas-mediante-css-personalizado\/\"><span>\u00bfSe puede mostrar el aspecto de un elemento en la ventana del chatbot? \u00bfEs posible personalizar el aspecto de las tarjetas mediante CSS personalizado?<\/span> <\/a><\/li><li><i class=\"far fa-file-alt\"><\/i><a href=\"https:\/\/www.smartsearchwp.com\/es\/docs\/la-miniatura-del-chatbot-aparece-en-mi-sitio-pero-no-ocurre-nada-cuando-hago-clic-en-ella-que-debo-hacer\/\"><span>La miniatura del chatbot aparece en mi sitio, pero no ocurre nada cuando hago clic en ella. \u00bfQu\u00e9 debo hacer?<\/span> <\/a><\/li><li><i class=\"far fa-file-alt\"><\/i><a href=\"https:\/\/www.smartsearchwp.com\/es\/docs\/como-se-migra-la-clave-de-licencia-a-otro-sitio\/\"><span>\u00bfC\u00f3mo se migra la clave de licencia a otro sitio?<\/span> <\/a><\/li><li><i class=\"far fa-file-alt\"><\/i><a href=\"https:\/\/www.smartsearchwp.com\/es\/docs\/tienes-soporte-wp-cli-para-gestionar-las-incrustaciones-y-activar-el-contenido\/\"><span>\u00bfTienes soporte WP-CLI para gestionar las incrustaciones y activar el contenido?<\/span> <\/a><\/li><\/ul>\n<\/div>\n<div class=\"betterdocs-footer\">\n\t\n<a class=\"docs-cat-link-btn betterdocs-category-link-btn\" href=\"https:\/\/www.smartsearchwp.com\/es\/docs-category\/tecnico\/\">\n\tM\u00e1s informaci\u00f3n<i class=\"fas fa-angle-right\"><\/i><\/a>\n<\/div>\n\t<\/div>\n<\/article>\n\t<\/div>\n\t\t<div class=\"clearfix\"><\/div>\n\t<\/div>\n\t\t\t\t<\/div>\n\t\t\t\t\t<\/div>\n\t\t\t\t<\/div>\n\t\t\t\t<\/div>\n\t\t","protected":false},"excerpt":{"rendered":"<p>Hacemos todo lo posible por responder a tus preguntas en nuestra secci\u00f3n de preguntas frecuentes. Si no encuentras aqu\u00ed la respuesta a tu pregunta, no dudes en dejarnos un mensaje a trav\u00e9s de hello[@]smartsearchwp.com. Fonctionnalit\u00e9s 24 Puis-je voir un exemple du fonctionnement de l\u2019addon Full Page ? Pouvez-vous montrer \u00e0 quoi ressemble un article dans [&hellip;]<\/p>\n","protected":false},"author":2,"featured_media":0,"parent":0,"menu_order":0,"comment_status":"closed","ping_status":"closed","template":"","meta":{"_acf_changed":false,"footnotes":""},"categories":[],"tags":[],"class_list":["post-1614","page","type-page","status-publish","hentry"],"acf":[],"yoast_head":"<!-- This site is optimized with the Yoast SEO plugin v27.4 - https:\/\/yoast.com\/product\/yoast-seo-wordpress\/ -->\n<title>PREGUNTAS FRECUENTES - SmartsearchWP<\/title>\n<meta name=\"robots\" content=\"index, follow, max-snippet:-1, max-image-preview:large, max-video-preview:-1\" \/>\n<link rel=\"canonical\" href=\"https:\/\/www.smartsearchwp.com\/es\/preguntas-frecuentes\/\" \/>\n<meta property=\"og:locale\" content=\"es_ES\" \/>\n<meta property=\"og:type\" content=\"article\" \/>\n<meta property=\"og:title\" content=\"PREGUNTAS FRECUENTES - SmartsearchWP\" \/>\n<meta property=\"og:description\" content=\"Hacemos todo lo posible por responder a tus preguntas en nuestra secci\u00f3n de preguntas frecuentes. Si no encuentras aqu\u00ed la respuesta a tu pregunta, no dudes en dejarnos un mensaje a trav\u00e9s de hello[@]smartsearchwp.com. Fonctionnalit\u00e9s 24 Puis-je voir un exemple du fonctionnement de l\u2019addon Full Page ? Pouvez-vous montrer \u00e0 quoi ressemble un article dans [&hellip;]\" \/>\n<meta property=\"og:url\" content=\"https:\/\/www.smartsearchwp.com\/es\/preguntas-frecuentes\/\" \/>\n<meta property=\"og:site_name\" content=\"SmartsearchWP\" \/>\n<meta property=\"article:modified_time\" content=\"2026-04-13T15:11:06+00:00\" \/>\n<meta property=\"og:image\" content=\"https:\/\/www.smartsearchwp.com\/wp-content\/plugins\/betterdocs\/assets\/admin\/images\/betterdocs-cat-icon.svg?v=4.3.10\" \/>\n<meta name=\"twitter:card\" content=\"summary_large_image\" \/>\n<meta name=\"twitter:label1\" content=\"Tiempo de lectura\" \/>\n\t<meta name=\"twitter:data1\" content=\"2 minutos\" \/>\n<!-- \/ Yoast SEO plugin. -->","yoast_head_json":{"title":"PREGUNTAS FRECUENTES - SmartsearchWP","robots":{"index":"index","follow":"follow","max-snippet":"max-snippet:-1","max-image-preview":"max-image-preview:large","max-video-preview":"max-video-preview:-1"},"canonical":"https:\/\/www.smartsearchwp.com\/es\/preguntas-frecuentes\/","og_locale":"es_ES","og_type":"article","og_title":"PREGUNTAS FRECUENTES - SmartsearchWP","og_description":"Hacemos todo lo posible por responder a tus preguntas en nuestra secci\u00f3n de preguntas frecuentes. Si no encuentras aqu\u00ed la respuesta a tu pregunta, no dudes en dejarnos un mensaje a trav\u00e9s de hello[@]smartsearchwp.com. Fonctionnalit\u00e9s 24 Puis-je voir un exemple du fonctionnement de l\u2019addon Full Page ? Pouvez-vous montrer \u00e0 quoi ressemble un article dans [&hellip;]","og_url":"https:\/\/www.smartsearchwp.com\/es\/preguntas-frecuentes\/","og_site_name":"SmartsearchWP","article_modified_time":"2026-04-13T15:11:06+00:00","og_image":[{"url":"https:\/\/www.smartsearchwp.com\/wp-content\/plugins\/betterdocs\/assets\/admin\/images\/betterdocs-cat-icon.svg?v=4.3.10","type":"","width":"","height":""}],"twitter_card":"summary_large_image","twitter_misc":{"Tiempo de lectura":"2 minutos"},"schema":{"@context":"https:\/\/schema.org","@graph":[{"@type":"WebPage","@id":"https:\/\/www.smartsearchwp.com\/es\/preguntas-frecuentes\/","url":"https:\/\/www.smartsearchwp.com\/es\/preguntas-frecuentes\/","name":"PREGUNTAS FRECUENTES - SmartsearchWP","isPartOf":{"@id":"https:\/\/www.smartsearchwp.com\/es\/#website"},"primaryImageOfPage":{"@id":"https:\/\/www.smartsearchwp.com\/es\/preguntas-frecuentes\/#primaryimage"},"image":{"@id":"https:\/\/www.smartsearchwp.com\/es\/preguntas-frecuentes\/#primaryimage"},"thumbnailUrl":"https:\/\/www.smartsearchwp.com\/wp-content\/plugins\/betterdocs\/assets\/admin\/images\/betterdocs-cat-icon.svg?v=4.3.10","datePublished":"2024-06-17T11:29:13+00:00","dateModified":"2026-04-13T15:11:06+00:00","breadcrumb":{"@id":"https:\/\/www.smartsearchwp.com\/es\/preguntas-frecuentes\/#breadcrumb"},"inLanguage":"es","potentialAction":[{"@type":"ReadAction","target":["https:\/\/www.smartsearchwp.com\/es\/preguntas-frecuentes\/"]}]},{"@type":"ImageObject","inLanguage":"es","@id":"https:\/\/www.smartsearchwp.com\/es\/preguntas-frecuentes\/#primaryimage","url":"https:\/\/www.smartsearchwp.com\/wp-content\/plugins\/betterdocs\/assets\/admin\/images\/betterdocs-cat-icon.svg?v=4.3.10","contentUrl":"https:\/\/www.smartsearchwp.com\/wp-content\/plugins\/betterdocs\/assets\/admin\/images\/betterdocs-cat-icon.svg?v=4.3.10"},{"@type":"BreadcrumbList","@id":"https:\/\/www.smartsearchwp.com\/es\/preguntas-frecuentes\/#breadcrumb","itemListElement":[{"@type":"ListItem","position":1,"name":"Accueil","item":"https:\/\/www.smartsearchwp.com\/es\/"},{"@type":"ListItem","position":2,"name":"PREGUNTAS FRECUENTES"}]},{"@type":"WebSite","@id":"https:\/\/www.smartsearchwp.com\/es\/#website","url":"https:\/\/www.smartsearchwp.com\/es\/","name":"SmartsearchWP","description":"","publisher":{"@id":"https:\/\/www.smartsearchwp.com\/es\/#organization"},"potentialAction":[{"@type":"SearchAction","target":{"@type":"EntryPoint","urlTemplate":"https:\/\/www.smartsearchwp.com\/es\/?s={search_term_string}"},"query-input":{"@type":"PropertyValueSpecification","valueRequired":true,"valueName":"search_term_string"}}],"inLanguage":"es"},{"@type":"Organization","@id":"https:\/\/www.smartsearchwp.com\/es\/#organization","name":"SmartsearchWP","url":"https:\/\/www.smartsearchwp.com\/es\/","logo":{"@type":"ImageObject","inLanguage":"es","@id":"https:\/\/www.smartsearchwp.com\/es\/#\/schema\/logo\/image\/","url":"https:\/\/www.smartsearchwp.com\/wp-content\/uploads\/2023\/11\/logo-smartSearchWp-white-1.png","contentUrl":"https:\/\/www.smartsearchwp.com\/wp-content\/uploads\/2023\/11\/logo-smartSearchWp-white-1.png","width":350,"height":100,"caption":"SmartsearchWP"},"image":{"@id":"https:\/\/www.smartsearchwp.com\/es\/#\/schema\/logo\/image\/"}}]}},"_links":{"self":[{"href":"https:\/\/www.smartsearchwp.com\/es\/wp-json\/wp\/v2\/pages\/1614","targetHints":{"allow":["GET"]}}],"collection":[{"href":"https:\/\/www.smartsearchwp.com\/es\/wp-json\/wp\/v2\/pages"}],"about":[{"href":"https:\/\/www.smartsearchwp.com\/es\/wp-json\/wp\/v2\/types\/page"}],"author":[{"embeddable":true,"href":"https:\/\/www.smartsearchwp.com\/es\/wp-json\/wp\/v2\/users\/2"}],"replies":[{"embeddable":true,"href":"https:\/\/www.smartsearchwp.com\/es\/wp-json\/wp\/v2\/comments?post=1614"}],"version-history":[{"count":48,"href":"https:\/\/www.smartsearchwp.com\/es\/wp-json\/wp\/v2\/pages\/1614\/revisions"}],"predecessor-version":[{"id":6811,"href":"https:\/\/www.smartsearchwp.com\/es\/wp-json\/wp\/v2\/pages\/1614\/revisions\/6811"}],"wp:attachment":[{"href":"https:\/\/www.smartsearchwp.com\/es\/wp-json\/wp\/v2\/media?parent=1614"}],"wp:term":[{"taxonomy":"category","embeddable":true,"href":"https:\/\/www.smartsearchwp.com\/es\/wp-json\/wp\/v2\/categories?post=1614"},{"taxonomy":"post_tag","embeddable":true,"href":"https:\/\/www.smartsearchwp.com\/es\/wp-json\/wp\/v2\/tags?post=1614"}],"curies":[{"name":"wp","href":"https:\/\/api.w.org\/{rel}","templated":true}]}}