{"id":1832,"date":"2024-01-25T12:16:00","date_gmt":"2024-01-25T11:16:00","guid":{"rendered":"https:\/\/www.smartsearchwp.com\/product\/premium\/"},"modified":"2025-06-09T12:42:39","modified_gmt":"2025-06-09T10:42:39","slug":"premium","status":"publish","type":"product","link":"https:\/\/www.smartsearchwp.com\/de\/produkt\/premium\/","title":{"rendered":"SmartSearchWP &#8211; Premium Version"},"content":{"rendered":"<p>Steigern Sie die Suchfunktion Ihrer WordPress-Website mit dem Chatbot chatGPT SmartSearchWP Premium und bieten Sie eine au\u00dfergew\u00f6hnliche Benutzererfahrung mit erweiterten Funktionen und unbegrenzter Anpassungsf\u00e4higkeit.<\/p>\n<p>Die Premium-Lizenz enth\u00e4lt alle Funktionen der Freemium-Version sowie die folgenden Addons<\/p>\n<ul>\n<li>Woocommerce-Addon<\/li>\n<li>addon Custom type<\/li>\n<li>addon Anpassung<\/li>\n<li>PDF-Addon<\/li>\n<li>addon Prompt override<\/li>\n<li>addon Usage control<\/li>\n<\/ul>\n<h4><\/h4>\n<h4><strong>Details der Premium-Funktionen<\/strong><\/h4>\n<ul>\n<li><strong>Erweiterte Suche f\u00fcr WooCommerce<\/strong><br \/>\n<blockquote><p><em>Verbessern Sie die Suche nach den Produkten in Ihrem Online-Shop mit relevanteren Ergebnissen und h\u00f6herer Geschwindigkeit.<\/em><\/p><\/blockquote>\n<\/li>\n<li><strong>Custom Type Support<\/strong><br \/>\n<blockquote><p><em>Indexieren und zeigen Sie benutzerdefinierte Inhaltstypen (Custom Post Type) f\u00fcr eine Suche, die sich an Ihren spezifischen Inhalt anpasst.<\/em><\/p><\/blockquote>\n<\/li>\n<li><strong>Umfassende Anpassungsoptionen<\/strong><br \/>\n<blockquote><p><em>Passen Sie das Aussehen und das Verhalten Ihrer Suchmaschine an die Bed\u00fcrfnisse Ihres Publikums an.<\/em><\/p><\/blockquote>\n<\/li>\n<li><strong>Nutzen Sie Ihre PDFs als Inhaltsquelle<\/strong><\/li>\n<\/ul>\n<p style=\"padding-left: 80px;\"><em>Passen Sie das Aussehen und das Verhalten Ihrer Suchmaschine an die Bed\u00fcrfnisse Ihres Publikums an.<\/em><\/p>\n<ul>\n<li><strong>Prompt anpassen<\/strong><\/li>\n<\/ul>\n<p style=\"padding-left: 80px;\"><em>Passen Sie den grundlegenden Prompt an, den der Chatbot verwendet, um seine Antworten zu formulieren, und passen Sie den Ton, den Stil oder die Anweisungen an Ihre spezifischen Bed\u00fcrfnisse an.<\/em><\/p>\n<ul>\n<li><strong>Kontrollieren Sie den Zugang zum Chatbot<\/strong><\/li>\n<\/ul>\n<p style=\"padding-left: 80px;\"><em>Verwalten Sie die Rollen, Seiten und Ger\u00e4te, die auf Ihren Chatbot zugreifen k\u00f6nnen, um die Nutzung des Chatbots entsprechend Ihren spezifischen Bed\u00fcrfnissen genau zu steuern.<\/em><\/p>\n<h4><\/h4>\n<h4><strong>Vorteile f\u00fcr die Nutzer<\/strong><\/h4>\n<ul>\n<li>Verbesserung der Konversion, indem Besucher schneller das finden, wonach sie suchen.<\/li>\n<li>Verbesserte Benutzererfahrung durch Konversationssuche<\/li>\n<li>Reduzierung der Absprungrate durch Bereitstellung genauerer Ergebnisse.<\/li>\n<\/ul>\n","protected":false},"excerpt":{"rendered":"<p>Chatbot chatGPT f\u00fcr Wordpress. Verbessern Sie die Benutzererfahrung Ihrer Besucher. <\/p>\n<p>Die Premium-Lizenz enth\u00e4lt alle Funktionen der Freemium-Version sowie das Woocommerce-Addon + das Addon Custom type + das Addon Customization + das PDF-Addon + das Addon Prompt override + das Addon Usage control!<\/p>\n","protected":false},"featured_media":816,"template":"","meta":{"_acf_changed":false},"product_brand":[],"product_cat":[94],"product_tag":[],"class_list":{"0":"post-1832","1":"product","2":"type-product","3":"status-publish","4":"has-post-thumbnail","6":"product_cat-unkategorisiert","8":"first","9":"instock","10":"virtual","11":"sold-individually","12":"purchasable","13":"product-type-simple"},"acf":[],"yoast_head":"<!-- This site is optimized with the Yoast SEO plugin v27.4 - https:\/\/yoast.com\/product\/yoast-seo-wordpress\/ -->\n<title>Wordpress Chatbot chatGPT SmartSearchWP - Premium Version -<\/title>\n<meta name=\"description\" content=\"Steigern Sie die Suchfunktion Ihrer WordPress-Website mit dem Chatbot chatGPT SmartSearchWP Premium und bieten Sie eine au\u00dfergew\u00f6hnliche Benutzererfahrung!\" \/>\n<meta name=\"robots\" content=\"index, follow, max-snippet:-1, max-image-preview:large, max-video-preview:-1\" \/>\n<link rel=\"canonical\" href=\"https:\/\/www.smartsearchwp.com\/de\/produkt\/premium\/\" \/>\n<meta property=\"og:locale\" content=\"de_DE\" \/>\n<meta property=\"og:type\" content=\"article\" \/>\n<meta property=\"og:title\" content=\"Wordpress Chatbot chatGPT SmartSearchWP - Premium Version -\" \/>\n<meta property=\"og:description\" content=\"Steigern Sie die Suchfunktion Ihrer WordPress-Website mit dem Chatbot chatGPT SmartSearchWP Premium und bieten Sie eine au\u00dfergew\u00f6hnliche Benutzererfahrung!\" \/>\n<meta property=\"og:url\" content=\"https:\/\/www.smartsearchwp.com\/de\/produkt\/premium\/\" \/>\n<meta property=\"og:site_name\" content=\"SmartsearchWP\" \/>\n<meta property=\"article:modified_time\" content=\"2025-06-09T10:42:39+00:00\" \/>\n<meta property=\"og:image\" content=\"https:\/\/www.smartsearchwp.com\/wp-content\/uploads\/2024\/03\/SmartSearchWP-WoocommerceIntergration-300x300-1.png\" \/>\n\t<meta property=\"og:image:width\" content=\"300\" \/>\n\t<meta property=\"og:image:height\" content=\"300\" \/>\n\t<meta property=\"og:image:type\" content=\"image\/png\" \/>\n<meta name=\"twitter:card\" content=\"summary_large_image\" \/>\n<meta name=\"twitter:label1\" content=\"Gesch\u00e4tzte Lesezeit\" \/>\n\t<meta name=\"twitter:data1\" content=\"1\u00a0Minute\" \/>\n<!-- \/ Yoast SEO plugin. -->","yoast_head_json":{"title":"Wordpress Chatbot chatGPT SmartSearchWP - Premium Version -","description":"Steigern Sie die Suchfunktion Ihrer WordPress-Website mit dem Chatbot chatGPT SmartSearchWP Premium und bieten Sie eine au\u00dfergew\u00f6hnliche Benutzererfahrung!","robots":{"index":"index","follow":"follow","max-snippet":"max-snippet:-1","max-image-preview":"max-image-preview:large","max-video-preview":"max-video-preview:-1"},"canonical":"https:\/\/www.smartsearchwp.com\/de\/produkt\/premium\/","og_locale":"de_DE","og_type":"article","og_title":"Wordpress Chatbot chatGPT SmartSearchWP - Premium Version -","og_description":"Steigern Sie die Suchfunktion Ihrer WordPress-Website mit dem Chatbot chatGPT SmartSearchWP Premium und bieten Sie eine au\u00dfergew\u00f6hnliche Benutzererfahrung!","og_url":"https:\/\/www.smartsearchwp.com\/de\/produkt\/premium\/","og_site_name":"SmartsearchWP","article_modified_time":"2025-06-09T10:42:39+00:00","og_image":[{"width":300,"height":300,"url":"https:\/\/www.smartsearchwp.com\/wp-content\/uploads\/2024\/03\/SmartSearchWP-WoocommerceIntergration-300x300-1.png","type":"image\/png"}],"twitter_card":"summary_large_image","twitter_misc":{"Gesch\u00e4tzte Lesezeit":"1\u00a0Minute"},"schema":{"@context":"https:\/\/schema.org","@graph":[{"@type":"WebPage","@id":"https:\/\/www.smartsearchwp.com\/de\/produkt\/premium\/","url":"https:\/\/www.smartsearchwp.com\/de\/produkt\/premium\/","name":"Wordpress Chatbot chatGPT SmartSearchWP - Premium Version -","isPartOf":{"@id":"https:\/\/www.smartsearchwp.com\/de\/#website"},"primaryImageOfPage":{"@id":"https:\/\/www.smartsearchwp.com\/de\/produkt\/premium\/#primaryimage"},"image":{"@id":"https:\/\/www.smartsearchwp.com\/de\/produkt\/premium\/#primaryimage"},"thumbnailUrl":"https:\/\/www.smartsearchwp.com\/wp-content\/uploads\/2024\/03\/SmartSearchWP-WoocommerceIntergration-300x300-1.png","datePublished":"2024-01-25T11:16:00+00:00","dateModified":"2025-06-09T10:42:39+00:00","description":"Steigern Sie die Suchfunktion Ihrer WordPress-Website mit dem Chatbot chatGPT SmartSearchWP Premium und bieten Sie eine au\u00dfergew\u00f6hnliche Benutzererfahrung!","breadcrumb":{"@id":"https:\/\/www.smartsearchwp.com\/de\/produkt\/premium\/#breadcrumb"},"inLanguage":"de","potentialAction":[{"@type":"ReadAction","target":["https:\/\/www.smartsearchwp.com\/de\/produkt\/premium\/"]}]},{"@type":"ImageObject","inLanguage":"de","@id":"https:\/\/www.smartsearchwp.com\/de\/produkt\/premium\/#primaryimage","url":"https:\/\/www.smartsearchwp.com\/wp-content\/uploads\/2024\/03\/SmartSearchWP-WoocommerceIntergration-300x300-1.png","contentUrl":"https:\/\/www.smartsearchwp.com\/wp-content\/uploads\/2024\/03\/SmartSearchWP-WoocommerceIntergration-300x300-1.png","width":300,"height":300},{"@type":"BreadcrumbList","@id":"https:\/\/www.smartsearchwp.com\/de\/produkt\/premium\/#breadcrumb","itemListElement":[{"@type":"ListItem","position":1,"name":"Accueil","item":"https:\/\/www.smartsearchwp.com\/de\/"},{"@type":"ListItem","position":2,"name":"Shop","item":"https:\/\/www.smartsearchwp.com\/shop\/"},{"@type":"ListItem","position":3,"name":"SmartSearchWP &#8211; Premium Version"}]},{"@type":"WebSite","@id":"https:\/\/www.smartsearchwp.com\/de\/#website","url":"https:\/\/www.smartsearchwp.com\/de\/","name":"SmartsearchWP","description":"","publisher":{"@id":"https:\/\/www.smartsearchwp.com\/de\/#organization"},"potentialAction":[{"@type":"SearchAction","target":{"@type":"EntryPoint","urlTemplate":"https:\/\/www.smartsearchwp.com\/de\/?s={search_term_string}"},"query-input":{"@type":"PropertyValueSpecification","valueRequired":true,"valueName":"search_term_string"}}],"inLanguage":"de"},{"@type":"Organization","@id":"https:\/\/www.smartsearchwp.com\/de\/#organization","name":"SmartsearchWP","url":"https:\/\/www.smartsearchwp.com\/de\/","logo":{"@type":"ImageObject","inLanguage":"de","@id":"https:\/\/www.smartsearchwp.com\/de\/#\/schema\/logo\/image\/","url":"https:\/\/www.smartsearchwp.com\/wp-content\/uploads\/2023\/11\/logo-smartSearchWp-white-1.png","contentUrl":"https:\/\/www.smartsearchwp.com\/wp-content\/uploads\/2023\/11\/logo-smartSearchWp-white-1.png","width":350,"height":100,"caption":"SmartsearchWP"},"image":{"@id":"https:\/\/www.smartsearchwp.com\/de\/#\/schema\/logo\/image\/"}}]}},"_links":{"self":[{"href":"https:\/\/www.smartsearchwp.com\/de\/wp-json\/wp\/v2\/product\/1832","targetHints":{"allow":["GET"]}}],"collection":[{"href":"https:\/\/www.smartsearchwp.com\/de\/wp-json\/wp\/v2\/product"}],"about":[{"href":"https:\/\/www.smartsearchwp.com\/de\/wp-json\/wp\/v2\/types\/product"}],"wp:featuredmedia":[{"embeddable":true,"href":"https:\/\/www.smartsearchwp.com\/de\/wp-json\/wp\/v2\/media\/816"}],"wp:attachment":[{"href":"https:\/\/www.smartsearchwp.com\/de\/wp-json\/wp\/v2\/media?parent=1832"}],"wp:term":[{"taxonomy":"product_brand","embeddable":true,"href":"https:\/\/www.smartsearchwp.com\/de\/wp-json\/wp\/v2\/product_brand?post=1832"},{"taxonomy":"product_cat","embeddable":true,"href":"https:\/\/www.smartsearchwp.com\/de\/wp-json\/wp\/v2\/product_cat?post=1832"},{"taxonomy":"product_tag","embeddable":true,"href":"https:\/\/www.smartsearchwp.com\/de\/wp-json\/wp\/v2\/product_tag?post=1832"}],"curies":[{"name":"wp","href":"https:\/\/api.w.org\/{rel}","templated":true}]}}