{"id":4525,"date":"2025-08-27T15:15:07","date_gmt":"2025-08-27T13:15:07","guid":{"rendered":"https:\/\/www.smartsearchwp.com\/?page_id=4525"},"modified":"2025-08-27T15:38:29","modified_gmt":"2025-08-27T13:38:29","slug":"chatgpt-kostenloser-wordpress-chatbot-einstellungen-und-hintergrunde-2","status":"publish","type":"page","link":"https:\/\/www.smartsearchwp.com\/de\/chatgpt-kostenloser-wordpress-chatbot-einstellungen-und-hintergrunde-2\/","title":{"rendered":"Free ChatGPT chatbot wordpress plugin &#8211; Neue Funktionen Mai 2024"},"content":{"rendered":"\t\t<div data-elementor-type=\"wp-page\" data-elementor-id=\"4525\" class=\"elementor elementor-4525 elementor-4524\" data-elementor-post-type=\"page\">\n\t\t\t\t<div data-particle_enable=\"false\" data-particle-mobile-disabled=\"false\" class=\"elementor-element elementor-element-09568cc e-flex e-con-boxed e-con e-parent\" data-id=\"09568cc\" data-element_type=\"container\" data-e-type=\"container\">\n\t\t\t\t\t<div class=\"e-con-inner\">\n\t\t\t\t<div class=\"elementor-element elementor-element-03b3312 elementor-widget elementor-widget-heading\" data-id=\"03b3312\" data-element_type=\"widget\" data-e-type=\"widget\" data-widget_type=\"heading.default\">\n\t\t\t\t<div class=\"elementor-widget-container\">\n\t\t\t\t\t<h2 class=\"elementor-heading-title elementor-size-default\">Neue Funktionen in SmartSearchWP<\/h2>\t\t\t\t<\/div>\n\t\t\t\t<\/div>\n\t\t\t\t<div class=\"elementor-element elementor-element-590f1e4 elementor-widget elementor-widget-text-editor\" data-id=\"590f1e4\" data-element_type=\"widget\" data-e-type=\"widget\" data-widget_type=\"text-editor.default\">\n\t\t\t\t<div class=\"elementor-widget-container\">\n\t\t\t\t\t\t\t\t\t<p data-start=\"276\" data-end=\"578\">Entdecken Sie das brandneue SmartSearchWP-Plugin, den innovativen KI-Chatbot, der von ChatGPT 4.0 angetrieben wird und speziell f\u00fcr WordPress entwickelt wurde.<\/p><p data-start=\"276\" data-end=\"578\">Dieses Video stellt Ihnen die wichtigsten Funktionen vor und erkl\u00e4rt, warum SmartSearchWP die ultimative L\u00f6sung ist, um Ihrer WordPress-Website einen konversationellen Suchassistenten hinzuzuf\u00fcgen.<\/p><p data-start=\"276\" data-end=\"578\">Was Sie in diesem Video lernen :<\/p><ul><li data-start=\"276\" data-end=\"578\">Wie SmartSearchWP die Leistungsf\u00e4higkeit von ChatGPT 4.0 f\u00fcr intelligentere, schnellere und pr\u00e4zisere Antworten integriert<\/li><li data-start=\"276\" data-end=\"578\">Warum dieses Plugin der beste KI-Chatbot f\u00fcr WordPress-Seiten ist<\/li><li data-start=\"276\" data-end=\"578\">Die Schl\u00fcsselfunktionen, die SmartSearchWP sowohl f\u00fcr professionelle als auch f\u00fcr inhaltsorientierte Websites auszeichnen<\/li><li data-start=\"276\" data-end=\"578\">Ein \u00dcberblick dar\u00fcber, wie einfach es ist, die KI-gest\u00fctzte Suche in Ihr WordPress-Dashboard zu integrieren.<\/li><\/ul><p> <\/p><p>SmartSearchWP macht Ihre Website interaktiver, benutzerfreundlicher und zukunftssicherer. Ob Sie einen Blog, eine Unternehmenswebsite oder einen E-Commerce-Shop betreiben, dieser KI-Chatbot hilft Ihren Besuchern, schnell und nat\u00fcrlich das zu finden, was sie brauchen. <\/p>\t\t\t\t\t\t\t\t<\/div>\n\t\t\t\t<\/div>\n\t\t\t\t<div class=\"elementor-element elementor-element-6a8f0a4 dce_masking-none elementor-widget elementor-widget-video\" data-id=\"6a8f0a4\" data-element_type=\"widget\" data-e-type=\"widget\" data-settings=\"{&quot;youtube_url&quot;:&quot;https:\\\/\\\/youtu.be\\\/PWeANMocYzQ?si=LVB1MYq4RFZes5xC&quot;,&quot;autoplay&quot;:&quot;yes&quot;,&quot;cc_load_policy&quot;:&quot;yes&quot;,&quot;video_type&quot;:&quot;youtube&quot;,&quot;controls&quot;:&quot;yes&quot;}\" data-widget_type=\"video.default\">\n\t\t\t\t<div class=\"elementor-widget-container\">\n\t\t\t\t\t\t\t<div class=\"elementor-wrapper elementor-open-inline\">\n\t\t\t<div class=\"elementor-video\"><\/div>\t\t<\/div>\n\t\t\t\t\t\t<\/div>\n\t\t\t\t<\/div>\n\t\t\t\t\t<\/div>\n\t\t\t\t<\/div>\n\t\t<div data-particle_enable=\"false\" data-particle-mobile-disabled=\"false\" class=\"elementor-element elementor-element-d723d5c e-flex e-con-boxed e-con e-parent\" data-id=\"d723d5c\" data-element_type=\"container\" data-e-type=\"container\">\n\t\t\t\t\t<div class=\"e-con-inner\">\n\t\t\t\t<div class=\"elementor-element elementor-element-fd49e71 elementor-widget elementor-widget-text-editor\" data-id=\"fd49e71\" data-element_type=\"widget\" data-e-type=\"widget\" data-widget_type=\"text-editor.default\">\n\t\t\t\t<div class=\"elementor-widget-container\">\n\t\t\t\t\t\t\t\t\t<p data-start=\"276\" data-end=\"578\">Entdecken Sie die neueste Version von <strong data-start=\"315\" data-end=\"332\">SmartSearchWP<\/strong>, dem WordPress-Plugin mit einem <strong data-start=\"369\" data-end=\"417\">intelligenten Chatbot, der von ChatGPT 4.0 angetrieben<\/strong> wird.<br data-start=\"418\" data-end=\"421\">Dieses Update bringt neue Funktionen mit sich, die Ihre Website interaktiver, leistungsf\u00e4higer und einfacher zu verwalten machen sollen.<\/p><hr data-start=\"580\" data-end=\"583\"><h3>Integration von ChatGPT 4.0<\/h3><p data-start=\"617\" data-end=\"731\">Die auff\u00e4lligste Neuerung ist die Integration von <strong data-start=\"669\" data-end=\"684\">ChatGPT 4.0<\/strong> direkt in SmartSearchWP.<br data-start=\"716\" data-end=\"719\">Ergebnis :<\/p><ul data-start=\"732\" data-end=\"962\"><li data-start=\"732\" data-end=\"789\"><p data-start=\"734\" data-end=\"789\">Noch pr\u00e4zisere und nat\u00fcrlichere Antworten.<\/p><\/li><li data-start=\"790\" data-end=\"853\"><p data-start=\"792\" data-end=\"853\">Ein besseres Verst\u00e4ndnis der Fragen der Nutzer.<\/p><\/li><li data-start=\"854\" data-end=\"962\"><p data-start=\"856\" data-end=\"962\">Eine nahtlose Erfahrung, die Ihre Website in die N\u00e4he eines <strong data-start=\"918\" data-end=\"959\">intelligenten Gespr\u00e4chspartners<\/strong> bringt.<\/p><\/li><\/ul><hr data-start=\"964\" data-end=\"967\"><h3>Verbesserte Verwaltung von Kontexten<\/h3><p data-start=\"1006\" data-end=\"1102\">Das Update f\u00fchrt eine noch klarere Verwaltung der vom Chatbot verwendeten Inhalte ein:<\/p><ul data-start=\"1103\" data-end=\"1386\"><li data-start=\"1103\" data-end=\"1159\"><p data-start=\"1105\" data-end=\"1159\">F\u00fcgen Sie Seiten und Artikel einfach hinzu oder entfernen Sie sie.<\/p><\/li><li data-start=\"1160\" data-end=\"1262\"><p data-start=\"1162\" data-end=\"1262\">Erkennen Sie mit Hilfe visueller Indikatoren schnell, welche Inhalte aktuell, veraltet oder nicht aktiviert sind.<\/p><\/li><li data-start=\"1263\" data-end=\"1386\"><p data-start=\"1265\" data-end=\"1386\">Behalten Sie die volle Kontrolle dar\u00fcber, was der Chatbot wei\u00df, so dass er nur auf der Grundlage Ihrer relevanten Inhalte antwortet.<\/p><\/li><\/ul><hr data-start=\"1388\" data-end=\"1391\"><h3>Erweiterte Kompatibilit\u00e4t<\/h3><p data-start=\"1420\" data-end=\"1551\">SmartSearchWP unterst\u00fctzt jetzt neue Nutzungsm\u00f6glichkeiten, die eine bessere Integration mit verschiedenen Arten von Websites erm\u00f6glichen:<\/p><ul data-start=\"1552\" data-end=\"1760\"><li data-start=\"1552\" data-end=\"1602\"><p data-start=\"1554\" data-end=\"1602\">Schaufensterseiten, Blogs oder Content-Portale.<\/p><\/li><li data-start=\"1603\" data-end=\"1654\"><p data-start=\"1605\" data-end=\"1654\">E-Commerce-Websites mit WooCommerce-Add-ons.<\/p><\/li><li data-start=\"1655\" data-end=\"1760\"><p data-start=\"1657\" data-end=\"1760\">Institutionelle oder dokumentarische Websites, die PDF-Dateien oder personalisierte Inhalte verwenden.<\/p><\/li><\/ul><hr data-start=\"1762\" data-end=\"1765\"><h3>Optimierte Nutzererfahrung<\/h3><p data-start=\"1805\" data-end=\"1876\">Jedes Detail wurde durchdacht, um die Erfahrung des Besuchers zu verbessern:<\/p><ul data-start=\"1877\" data-end=\"2124\"><li data-start=\"1877\" data-end=\"1953\"><p data-start=\"1879\" data-end=\"1953\">Ein schnellerer und reaktionsf\u00e4higerer Chatbot dank der Optimierung der Engine.<\/p><\/li><li data-start=\"1954\" data-end=\"2044\"><p data-start=\"1956\" data-end=\"2044\">Eine bessere grafische Integration, um sich an das Design Ihrer Website anzupassen.<\/p><\/li><li data-start=\"2045\" data-end=\"2124\"><p data-start=\"2047\" data-end=\"2124\">Antworten, die den Nutzer zu den relevantesten Seiten f\u00fchren.<\/p><\/li><\/ul><hr data-start=\"2126\" data-end=\"2129\"><h3>H\u00f6here Sicherheit und Vertraulichkeit<\/h3><p data-start=\"2175\" data-end=\"2467\">SmartSearchWP garantiert weiterhin die <strong data-start=\"2213\" data-end=\"2244\">Vertraulichkeit der Daten<\/strong>, indem es die OpenAI API mit der Option <strong data-start=\"2292\" data-end=\"2315\">Zero Data Retention<\/strong> nutzt.<br data-start=\"2316\" data-end=\"2319\">Ihre Daten werden weder zum Trainieren der Modelle verwendet noch dauerhaft gespeichert. Sie behalten die volle Kontrolle \u00fcber die verarbeiteten Informationen. <\/p><hr data-start=\"2469\" data-end=\"2472\"><p data-start=\"2491\" data-end=\"2657\"> <\/p><p data-start=\"2491\" data-end=\"2657\">Mit diesen neuen Funktionen ist SmartSearchWP mehr als nur ein Chatbot: Es ist eine <strong data-start=\"2586\" data-end=\"2635\">echte konversationelle Suchmaschine<\/strong>, die auf WordPress zugeschnitten ist.<\/p><ul data-start=\"2659\" data-end=\"2851\"><li data-start=\"2659\" data-end=\"2691\"><p data-start=\"2661\" data-end=\"2691\">Pr\u00e4ziser mit GPT-4.0.<\/p><\/li><li data-start=\"2692\" data-end=\"2760\"><p data-start=\"2694\" data-end=\"2760\">Einfacher zu verwalten mit einer klaren Verwaltung der Kontexte.<\/p><\/li><li data-start=\"2761\" data-end=\"2810\"><p data-start=\"2763\" data-end=\"2810\">Flexibler mit erweiterter Kompatibilit\u00e4t.<\/p><\/li><li data-start=\"2811\" data-end=\"2851\"><p data-start=\"2813\" data-end=\"2851\">Mehr Sicherheit f\u00fcr Ihre Nutzer.<\/p><\/li><\/ul><p data-start=\"2853\" data-end=\"2956\">\ud83d\udc49 Laden Sie SmartSearchWP noch heute herunter und verleihen Sie Ihrer Website mit KI eine neue Dimension.<\/p>\t\t\t\t\t\t\t\t<\/div>\n\t\t\t\t<\/div>\n\t\t\t\t\t<\/div>\n\t\t\t\t<\/div>\n\t\t\t\t<\/div>\n\t\t","protected":false},"excerpt":{"rendered":"<p>Neue Funktionen in SmartSearchWP Entdecken Sie das brandneue SmartSearchWP-Plugin, den innovativen KI-Chatbot, der von ChatGPT 4.0 angetrieben wird und speziell f\u00fcr WordPress entwickelt wurde. Dieses Video stellt Ihnen die wichtigsten Funktionen vor und erkl\u00e4rt, warum SmartSearchWP die ultimative L\u00f6sung ist, um Ihrer WordPress-Website einen konversationellen Suchassistenten hinzuzuf\u00fcgen. Was Sie in diesem Video lernen : Wie [&hellip;]<\/p>\n","protected":false},"author":1,"featured_media":0,"parent":0,"menu_order":0,"comment_status":"closed","ping_status":"closed","template":"","meta":{"_acf_changed":false,"footnotes":""},"categories":[111],"tags":[],"class_list":["post-4525","page","type-page","status-publish","hentry","category-tutorials"],"acf":[],"yoast_head":"<!-- This site is optimized with the Yoast SEO plugin v27.4 - https:\/\/yoast.com\/product\/yoast-seo-wordpress\/ -->\n<title>Free ChatGPT chatbot wordpress plugin - Neue Funktionen Mai 2024 - SmartsearchWP<\/title>\n<meta name=\"robots\" content=\"index, follow, max-snippet:-1, max-image-preview:large, max-video-preview:-1\" \/>\n<link rel=\"canonical\" href=\"https:\/\/www.smartsearchwp.com\/de\/chatgpt-kostenloser-wordpress-chatbot-einstellungen-und-hintergrunde-2\/\" \/>\n<meta property=\"og:locale\" content=\"de_DE\" \/>\n<meta property=\"og:type\" content=\"article\" \/>\n<meta property=\"og:title\" content=\"Free ChatGPT chatbot wordpress plugin - Neue Funktionen Mai 2024 - SmartsearchWP\" \/>\n<meta property=\"og:description\" content=\"Neue Funktionen in SmartSearchWP Entdecken Sie das brandneue SmartSearchWP-Plugin, den innovativen KI-Chatbot, der von ChatGPT 4.0 angetrieben wird und speziell f\u00fcr WordPress entwickelt wurde. Dieses Video stellt Ihnen die wichtigsten Funktionen vor und erkl\u00e4rt, warum SmartSearchWP die ultimative L\u00f6sung ist, um Ihrer WordPress-Website einen konversationellen Suchassistenten hinzuzuf\u00fcgen. Was Sie in diesem Video lernen : Wie [&hellip;]\" \/>\n<meta property=\"og:url\" content=\"https:\/\/www.smartsearchwp.com\/de\/chatgpt-kostenloser-wordpress-chatbot-einstellungen-und-hintergrunde-2\/\" \/>\n<meta property=\"og:site_name\" content=\"SmartsearchWP\" \/>\n<meta property=\"article:modified_time\" content=\"2025-08-27T13:38:29+00:00\" \/>\n<meta name=\"twitter:card\" content=\"summary_large_image\" \/>\n<meta name=\"twitter:label1\" content=\"Gesch\u00e4tzte Lesezeit\" \/>\n\t<meta name=\"twitter:data1\" content=\"2\u00a0Minuten\" \/>\n<!-- \/ Yoast SEO plugin. -->","yoast_head_json":{"title":"Free ChatGPT chatbot wordpress plugin - Neue Funktionen Mai 2024 - SmartsearchWP","robots":{"index":"index","follow":"follow","max-snippet":"max-snippet:-1","max-image-preview":"max-image-preview:large","max-video-preview":"max-video-preview:-1"},"canonical":"https:\/\/www.smartsearchwp.com\/de\/chatgpt-kostenloser-wordpress-chatbot-einstellungen-und-hintergrunde-2\/","og_locale":"de_DE","og_type":"article","og_title":"Free ChatGPT chatbot wordpress plugin - Neue Funktionen Mai 2024 - SmartsearchWP","og_description":"Neue Funktionen in SmartSearchWP Entdecken Sie das brandneue SmartSearchWP-Plugin, den innovativen KI-Chatbot, der von ChatGPT 4.0 angetrieben wird und speziell f\u00fcr WordPress entwickelt wurde. Dieses Video stellt Ihnen die wichtigsten Funktionen vor und erkl\u00e4rt, warum SmartSearchWP die ultimative L\u00f6sung ist, um Ihrer WordPress-Website einen konversationellen Suchassistenten hinzuzuf\u00fcgen. Was Sie in diesem Video lernen : Wie [&hellip;]","og_url":"https:\/\/www.smartsearchwp.com\/de\/chatgpt-kostenloser-wordpress-chatbot-einstellungen-und-hintergrunde-2\/","og_site_name":"SmartsearchWP","article_modified_time":"2025-08-27T13:38:29+00:00","twitter_card":"summary_large_image","twitter_misc":{"Gesch\u00e4tzte Lesezeit":"2\u00a0Minuten"},"schema":{"@context":"https:\/\/schema.org","@graph":[{"@type":"WebPage","@id":"https:\/\/www.smartsearchwp.com\/de\/chatgpt-kostenloser-wordpress-chatbot-einstellungen-und-hintergrunde-2\/","url":"https:\/\/www.smartsearchwp.com\/de\/chatgpt-kostenloser-wordpress-chatbot-einstellungen-und-hintergrunde-2\/","name":"Free ChatGPT chatbot wordpress plugin - Neue Funktionen Mai 2024 - SmartsearchWP","isPartOf":{"@id":"https:\/\/www.smartsearchwp.com\/de\/#website"},"datePublished":"2025-08-27T13:15:07+00:00","dateModified":"2025-08-27T13:38:29+00:00","breadcrumb":{"@id":"https:\/\/www.smartsearchwp.com\/de\/chatgpt-kostenloser-wordpress-chatbot-einstellungen-und-hintergrunde-2\/#breadcrumb"},"inLanguage":"de","potentialAction":[{"@type":"ReadAction","target":["https:\/\/www.smartsearchwp.com\/de\/chatgpt-kostenloser-wordpress-chatbot-einstellungen-und-hintergrunde-2\/"]}]},{"@type":"BreadcrumbList","@id":"https:\/\/www.smartsearchwp.com\/de\/chatgpt-kostenloser-wordpress-chatbot-einstellungen-und-hintergrunde-2\/#breadcrumb","itemListElement":[{"@type":"ListItem","position":1,"name":"Accueil","item":"https:\/\/www.smartsearchwp.com\/de\/"},{"@type":"ListItem","position":2,"name":"Free ChatGPT chatbot wordpress plugin &#8211; Neue Funktionen Mai 2024"}]},{"@type":"WebSite","@id":"https:\/\/www.smartsearchwp.com\/de\/#website","url":"https:\/\/www.smartsearchwp.com\/de\/","name":"SmartsearchWP","description":"","publisher":{"@id":"https:\/\/www.smartsearchwp.com\/de\/#organization"},"potentialAction":[{"@type":"SearchAction","target":{"@type":"EntryPoint","urlTemplate":"https:\/\/www.smartsearchwp.com\/de\/?s={search_term_string}"},"query-input":{"@type":"PropertyValueSpecification","valueRequired":true,"valueName":"search_term_string"}}],"inLanguage":"de"},{"@type":"Organization","@id":"https:\/\/www.smartsearchwp.com\/de\/#organization","name":"SmartsearchWP","url":"https:\/\/www.smartsearchwp.com\/de\/","logo":{"@type":"ImageObject","inLanguage":"de","@id":"https:\/\/www.smartsearchwp.com\/de\/#\/schema\/logo\/image\/","url":"https:\/\/www.smartsearchwp.com\/wp-content\/uploads\/2023\/11\/logo-smartSearchWp-white-1.png","contentUrl":"https:\/\/www.smartsearchwp.com\/wp-content\/uploads\/2023\/11\/logo-smartSearchWp-white-1.png","width":350,"height":100,"caption":"SmartsearchWP"},"image":{"@id":"https:\/\/www.smartsearchwp.com\/de\/#\/schema\/logo\/image\/"}}]}},"_links":{"self":[{"href":"https:\/\/www.smartsearchwp.com\/de\/wp-json\/wp\/v2\/pages\/4525","targetHints":{"allow":["GET"]}}],"collection":[{"href":"https:\/\/www.smartsearchwp.com\/de\/wp-json\/wp\/v2\/pages"}],"about":[{"href":"https:\/\/www.smartsearchwp.com\/de\/wp-json\/wp\/v2\/types\/page"}],"author":[{"embeddable":true,"href":"https:\/\/www.smartsearchwp.com\/de\/wp-json\/wp\/v2\/users\/1"}],"replies":[{"embeddable":true,"href":"https:\/\/www.smartsearchwp.com\/de\/wp-json\/wp\/v2\/comments?post=4525"}],"version-history":[{"count":4,"href":"https:\/\/www.smartsearchwp.com\/de\/wp-json\/wp\/v2\/pages\/4525\/revisions"}],"predecessor-version":[{"id":4563,"href":"https:\/\/www.smartsearchwp.com\/de\/wp-json\/wp\/v2\/pages\/4525\/revisions\/4563"}],"wp:attachment":[{"href":"https:\/\/www.smartsearchwp.com\/de\/wp-json\/wp\/v2\/media?parent=4525"}],"wp:term":[{"taxonomy":"category","embeddable":true,"href":"https:\/\/www.smartsearchwp.com\/de\/wp-json\/wp\/v2\/categories?post=4525"},{"taxonomy":"post_tag","embeddable":true,"href":"https:\/\/www.smartsearchwp.com\/de\/wp-json\/wp\/v2\/tags?post=4525"}],"curies":[{"name":"wp","href":"https:\/\/api.w.org\/{rel}","templated":true}]}}