{"id":4494,"date":"2025-08-27T13:18:56","date_gmt":"2025-08-27T11:18:56","guid":{"rendered":"https:\/\/www.smartsearchwp.com\/?page_id=4494"},"modified":"2025-08-27T15:32:20","modified_gmt":"2025-08-27T13:32:20","slug":"chatgpt-kostenloser-wordpress-chatbot-einstellungen-und-hintergrunde","status":"publish","type":"page","link":"https:\/\/www.smartsearchwp.com\/de\/chatgpt-kostenloser-wordpress-chatbot-einstellungen-und-hintergrunde\/","title":{"rendered":"ChatGPT chatbot wordpress plugin &#8211; Premium addons"},"content":{"rendered":"\t\t<div data-elementor-type=\"wp-page\" data-elementor-id=\"4494\" class=\"elementor elementor-4494 elementor-4493\" data-elementor-post-type=\"page\">\n\t\t\t\t<div data-particle_enable=\"false\" data-particle-mobile-disabled=\"false\" class=\"elementor-element elementor-element-09568cc e-flex e-con-boxed e-con e-parent\" data-id=\"09568cc\" data-element_type=\"container\" data-e-type=\"container\">\n\t\t\t\t\t<div class=\"e-con-inner\">\n\t\t\t\t<div class=\"elementor-element elementor-element-590f1e4 elementor-widget elementor-widget-text-editor\" data-id=\"590f1e4\" data-element_type=\"widget\" data-e-type=\"widget\" data-widget_type=\"text-editor.default\">\n\t\t\t\t<div class=\"elementor-widget-container\">\n\t\t\t\t\t\t\t\t\t<p>Entdecken Sie die volle Leistungsf\u00e4higkeit von SmartSearchWP Premium Add-ons und verwandeln Sie Ihren WordPress-Chatbot in eine vollst\u00e4ndige KI-L\u00f6sung.<\/p>\n<p>In diesem Video stellen wir die Hauptmerkmale jeder Premium-Erweiterung vor und erkl\u00e4ren, warum sie f\u00fcr jede professionelle Website unerl\u00e4sslich sind.<\/p>\n<p>Was Sie in diesem Video lernen :<\/p>\n<ul>\n<li>WooCommerce-Add-on: Verwandeln Sie Ihren Chatbot in einen E-Commerce-Handelsassistenten, der Produkte empfiehlt, Sonderangebote hervorhebt und Bestandsdaten in Echtzeit verwendet.<\/li>\n<li>Custom Post Type &amp; ; ACF Add-on: Sorgen Sie daf\u00fcr, dass Ihr Chatbot Ihre personalisierten Inhalte wie Portfolios, Erfahrungsberichte, Veranstaltungen oder FAQs versteht.<\/li>\n<li>PDF Add-on: Erm\u00f6glichen Sie Ihrem Chatbot, Fragen in Leitf\u00e4den, Handb\u00fcchern und Berichten direkt im PDF-Format zu beantworten.<\/li>\n<li>Add-on zum Ersetzen von Eingabeaufforderungen : Steuern Sie, wie sich Ihr Chatbot ausdr\u00fcckt, legen Sie den Ton und den Stil fest und richten Sie ihn an der Stimme Ihrer Marke aus.<\/li>\n<li>Add-on zur Nutzungskontrolle: Entscheiden Sie, wer den Chatbot auf welchen Seiten und Ger\u00e4ten nutzen kann, um die Kosten und Szenarien zu optimieren.<\/li>\n<li>Zus\u00e4tzliche Personalisierung: Passen Sie Farben, Schriftarten, Gr\u00f6\u00dfen und Positionen an, damit sie Ihrer Markenidentit\u00e4t entsprechen.<\/li>\n<\/ul>\n<p><br><\/p><p>Mit diesen Add-ons entwickelt sich SmartSearchWP von einem einfachen Chatbot zu einem leistungsstarken, flexiblen und vollst\u00e4ndig anpassbaren KI-Assistenten f\u00fcr WordPress.<\/p>\t\t\t\t\t\t\t\t<\/div>\n\t\t\t\t<\/div>\n\t\t\t\t<div class=\"elementor-element elementor-element-6a8f0a4 dce_masking-none elementor-widget elementor-widget-video\" data-id=\"6a8f0a4\" data-element_type=\"widget\" data-e-type=\"widget\" data-settings=\"{&quot;youtube_url&quot;:&quot;https:\\\/\\\/youtu.be\\\/2gDlQoQUF9k?si=gGU3YGeWyp2Nkmm4&quot;,&quot;autoplay&quot;:&quot;yes&quot;,&quot;cc_load_policy&quot;:&quot;yes&quot;,&quot;video_type&quot;:&quot;youtube&quot;,&quot;controls&quot;:&quot;yes&quot;}\" data-widget_type=\"video.default\">\n\t\t\t\t<div class=\"elementor-widget-container\">\n\t\t\t\t\t\t\t<div class=\"elementor-wrapper elementor-open-inline\">\n\t\t\t<div class=\"elementor-video\"><\/div>\t\t<\/div>\n\t\t\t\t\t\t<\/div>\n\t\t\t\t<\/div>\n\t\t\t\t\t<\/div>\n\t\t\t\t<\/div>\n\t\t<div data-particle_enable=\"false\" data-particle-mobile-disabled=\"false\" class=\"elementor-element elementor-element-d723d5c e-flex e-con-boxed e-con e-parent\" data-id=\"d723d5c\" data-element_type=\"container\" data-e-type=\"container\">\n\t\t\t\t\t<div class=\"e-con-inner\">\n\t\t\t\t<div class=\"elementor-element elementor-element-fd49e71 elementor-widget elementor-widget-text-editor\" data-id=\"fd49e71\" data-element_type=\"widget\" data-e-type=\"widget\" data-widget_type=\"text-editor.default\">\n\t\t\t\t<div class=\"elementor-widget-container\">\n\t\t\t\t\t\t\t\t\t<p data-start=\"433\" data-end=\"456\">Mit der Premium-Version wird <strong data-start=\"226\" data-end=\"243\">SmartSearchWP<\/strong> zu einer vollst\u00e4ndigen und hochgradig anpassbaren L\u00f6sung.<br data-start=\"312\" data-end=\"315\">Diese Add-ons vervielfachen die M\u00f6glichkeiten Ihres Chatbots und passen ihn perfekt an Ihre gesch\u00e4ftlichen Anforderungen an.<\/p><h3>WooCommerce Add-on<\/h3><p data-start=\"457\" data-end=\"576\">Verwandeln Sie Ihren Chatbot in einen <strong data-start=\"486\" data-end=\"523\">intelligenten E-Commerce-Berater<\/strong>.<br data-start=\"524\" data-end=\"527\">Mit dem WooCommerce-Add-on kann der Chatbot :<\/p><ul data-start=\"577\" data-end=\"876\"><li data-start=\"577\" data-end=\"650\"><p data-start=\"579\" data-end=\"650\">Ihre Produktbl\u00e4tter direkt als Wissensdatenbank nutzen.<\/p><\/li><li data-start=\"651\" data-end=\"706\"><p data-start=\"653\" data-end=\"706\">Produkte nach bestimmten Kriterien empfehlen.<\/p><\/li><li data-start=\"707\" data-end=\"770\"><p data-start=\"709\" data-end=\"770\">Hervorhebung bestimmter Artikel, die im Angebot oder auf Lager sind.<\/p><\/li><li data-start=\"771\" data-end=\"876\"><p data-start=\"773\" data-end=\"876\">Beantwortung h\u00e4ufiger Fragen der Kunden zu Preisen, Merkmalen oder Verf\u00fcgbarkeit.<\/p><\/li><\/ul><p data-start=\"878\" data-end=\"987\">Ein unverzichtbares Werkzeug, um Ihre Verk\u00e4ufe zu steigern und die Benutzererfahrung auf einer Website zu verbessern.<\/p><hr data-start=\"989\" data-end=\"992\"><h3>Custom Post Type &amp; ACF Add-on<\/h3><p data-start=\"1029\" data-end=\"1162\">Ihre Website geht \u00fcber Standardseiten und -artikel hinaus?<br data-start=\"1084\" data-end=\"1087\">Dieses Add-on erm\u00f6glicht es dem Chatbot, Ihre <strong data-start=\"1132\" data-end=\"1158\">personalisierten Inhalte<\/strong> zu nutzen:<\/p><ul data-start=\"1163\" data-end=\"1273\"><li data-start=\"1163\" data-end=\"1177\"><p data-start=\"1165\" data-end=\"1177\">Portfolios<\/p><\/li><li data-start=\"1178\" data-end=\"1193\"><p data-start=\"1180\" data-end=\"1193\">Erfahrungsberichte<\/p><\/li><li data-start=\"1194\" data-end=\"1201\"><p data-start=\"1196\" data-end=\"1201\">FAQ<\/p><\/li><li data-start=\"1202\" data-end=\"1216\"><p data-start=\"1204\" data-end=\"1216\">Veranstaltungen<\/p><\/li><li data-start=\"1217\" data-end=\"1273\"><p data-start=\"1219\" data-end=\"1273\">Alle anderen Inhalte, die \u00fcber Custom Post Types und ACF verwaltet werden<\/p><\/li><\/ul><p data-start=\"1275\" data-end=\"1395\">Das Ergebnis: Ihr Chatbot versteht die spezifische Struktur Ihrer Website und liefert <strong data-start=\"1371\" data-end=\"1392\">hochrelevante<\/strong> Antworten.<\/p><hr data-start=\"1397\" data-end=\"1400\"><h3>PDF Add-on<\/h3><p data-start=\"1418\" data-end=\"1645\">Haben Sie Leitf\u00e4den, Anleitungen oder Berichte im PDF-Format?<br data-start=\"1478\" data-end=\"1481\">Mit dem PDF-Add-on m\u00fcssen Sie diese nicht mehr in WordPress-Seiten umwandeln.<br data-start=\"1546\" data-end=\"1549\">Der Chatbot kann Ihre PDF-Dateien direkt analysieren und verwenden, um Besuchern zu antworten.<\/p><p data-start=\"1647\" data-end=\"1772\">Ideal f\u00fcr Websites, die reich an Dokumentation sind, oder um eine umfassende Wissensdatenbank ohne doppelten Inhalt anzubieten.<\/p><hr data-start=\"1774\" data-end=\"1777\"><h3>Prompt Override Add-on<\/h3><p data-start=\"1807\" data-end=\"1897\">Mit diesem Add-on k\u00f6nnen Sie <strong data-start=\"1829\" data-end=\"1879\">den Ton und die Pers\u00f6nlichkeit des Chatbots steuern<\/strong>.<br data-start=\"1880\" data-end=\"1883\">Definieren Sie :<\/p><ul data-start=\"1898\" data-end=\"2075\"><li data-start=\"1898\" data-end=\"1953\"><p data-start=\"1900\" data-end=\"1953\">Stil der Antwort (formell, freundlich, technisch&#8230;)<\/p><\/li><li data-start=\"1954\" data-end=\"1978\"><p data-start=\"1956\" data-end=\"1978\">Die Standardsprache<\/p><\/li><li data-start=\"1979\" data-end=\"2075\"><p data-start=\"1981\" data-end=\"2075\">Spezifische Anweisungen, die befolgt werden m\u00fcssen (Ausrichtung an Ihrer Marke, Grenzen, die nicht \u00fcberschritten werden d\u00fcrfen)<\/p><\/li><\/ul><p data-start=\"2077\" data-end=\"2180\">Dies garantiert Ihnen einen Chatbot, der auf Ihre Kommunikationsziele und Ihre Markenidentit\u00e4t abgestimmt ist.<\/p><hr data-start=\"2182\" data-end=\"2185\"><h3>Usage Control Add-on<\/h3><p data-start=\"2213\" data-end=\"2291\">Behalten Sie die Kontrolle \u00fcber den Zugang zum Chatbot.<br data-start=\"2255\" data-end=\"2258\">Mit diesem Add-on entscheiden Sie :<\/p><ul data-start=\"2292\" data-end=\"2460\"><li data-start=\"2292\" data-end=\"2347\"><p data-start=\"2294\" data-end=\"2347\">Wer kann den Chatbot nutzen (nach Benutzerrolle)<\/p><\/li><li data-start=\"2348\" data-end=\"2408\"><p data-start=\"2350\" data-end=\"2408\">Auf welchen Seiten oder Arten von Inhalten er aktiv ist<\/p><\/li><li data-start=\"2409\" data-end=\"2460\"><p data-start=\"2411\" data-end=\"2460\">Auf welchen Ger\u00e4ten (Desktop, Mobiltelefon, Tablet)<\/p><\/li><\/ul><p data-start=\"2462\" data-end=\"2575\">So optimieren Sie die Kosten f\u00fcr die OpenAI API und passen die Nutzung des Chatbots an Ihre Gesch\u00e4ftsszenarien an.<\/p><hr data-start=\"2577\" data-end=\"2580\"><h3>Add-on-Anpassung<\/h3><p data-start=\"2611\" data-end=\"2697\">Passen Sie den Chatbot an Ihr Corporate Design und die visuelle Identit\u00e4t Ihrer Website an:<\/p><ul data-start=\"2698\" data-end=\"2757\"><li data-start=\"2698\" data-end=\"2710\"><p data-start=\"2700\" data-end=\"2710\">Farben<\/p><\/li><li data-start=\"2711\" data-end=\"2722\"><p data-start=\"2713\" data-end=\"2722\">Schriften<\/p><\/li><li data-start=\"2723\" data-end=\"2734\"><p data-start=\"2725\" data-end=\"2734\">Gr\u00f6\u00dfen<\/p><\/li><li data-start=\"2735\" data-end=\"2757\"><p data-start=\"2737\" data-end=\"2757\">Position auf dem Bildschirm<\/p><\/li><\/ul><p data-start=\"2759\" data-end=\"2868\">Mit diesem Add-on ist der Chatbot nicht nur n\u00fctzlich, sondern auch perfekt in Ihr Design integriert.<\/p><hr data-start=\"2870\" data-end=\"2873\"><p data-start=\"2875\" data-end=\"2890\"> <\/p><p data-start=\"2875\" data-end=\"2890\"><span style=\"color: #3a3a3a; font-size: 15px; font-weight: 400;\">Die <\/span><strong style=\"color: #3a3a3a; font-size: 15px;\" data-start=\"2896\" data-end=\"2915\">Premium-Add-ons<\/strong><span style=\"color: #3a3a3a; font-size: 15px; font-weight: 400;\"> von SmartSearchWP erm\u00f6glichen es Ihnen, von einem einfachen Chatbot zu einem <\/span><strong style=\"color: #3a3a3a; font-size: 15px;\" data-start=\"2985\" data-end=\"3032\">einer kompletten, leistungsstarken und flexiblen KI-L\u00f6sung<\/strong><span style=\"color: #3a3a3a; font-size: 15px; font-weight: 400;\">.<\/span><\/p><ul data-start=\"3037\" data-end=\"3378\"><li data-start=\"3037\" data-end=\"3098\"><p data-start=\"3039\" data-end=\"3098\">WooCommerce macht Ihren Chatbot zu einem Verkaufsberater.<\/p><\/li><li data-start=\"3099\" data-end=\"3174\"><p data-start=\"3101\" data-end=\"3174\">Custom Post Type und ACF erm\u00f6glichen den Zugriff auf Ihre spezifischen Inhalte.<\/p><\/li><li data-start=\"3175\" data-end=\"3223\"><p data-start=\"3177\" data-end=\"3223\">PDF erweitert seine Kenntnisse auf Dokumente.<\/p><\/li><li data-start=\"3224\" data-end=\"3265\"><p data-start=\"3226\" data-end=\"3265\">Prompt Override personalisiert seinen Ton.<\/p><\/li><li data-start=\"3266\" data-end=\"3320\"><p data-start=\"3268\" data-end=\"3320\">Usage Control gibt Ihnen die Kontrolle \u00fcber den Zugang.<\/p><\/li><li data-start=\"3321\" data-end=\"3378\"><p data-start=\"3323\" data-end=\"3378\">Personalisierung f\u00fcgt sie in Ihre visuelle Identit\u00e4t ein.<\/p><\/li><\/ul><p data-start=\"3380\" data-end=\"3483\">\ud83d\udc49 Entdecken Sie die Premium-Version und vervielfachen Sie die F\u00e4higkeiten von SmartSearchWP f\u00fcr Ihre WordPress-Website.<\/p>\t\t\t\t\t\t\t\t<\/div>\n\t\t\t\t<\/div>\n\t\t\t\t\t<\/div>\n\t\t\t\t<\/div>\n\t\t\t\t<\/div>\n\t\t","protected":false},"excerpt":{"rendered":"<p>Entdecken Sie die volle Leistungsf\u00e4higkeit von SmartSearchWP Premium Add-ons und verwandeln Sie Ihren WordPress-Chatbot in eine vollst\u00e4ndige KI-L\u00f6sung. In diesem Video stellen wir die Hauptmerkmale jeder Premium-Erweiterung vor und erkl\u00e4ren, warum sie f\u00fcr jede professionelle Website unerl\u00e4sslich sind. Was Sie in diesem Video lernen : WooCommerce-Add-on: Verwandeln Sie Ihren Chatbot in einen E-Commerce-Handelsassistenten, der Produkte [&hellip;]<\/p>\n","protected":false},"author":1,"featured_media":0,"parent":0,"menu_order":0,"comment_status":"closed","ping_status":"closed","template":"","meta":{"_acf_changed":false,"footnotes":""},"categories":[111],"tags":[],"class_list":["post-4494","page","type-page","status-publish","hentry","category-tutorials"],"acf":[],"yoast_head":"<!-- This site is optimized with the Yoast SEO plugin v27.4 - https:\/\/yoast.com\/product\/yoast-seo-wordpress\/ -->\n<title>ChatGPT chatbot wordpress plugin - Premium addons - SmartsearchWP<\/title>\n<meta name=\"robots\" content=\"index, follow, max-snippet:-1, max-image-preview:large, max-video-preview:-1\" \/>\n<link rel=\"canonical\" href=\"https:\/\/www.smartsearchwp.com\/de\/chatgpt-kostenloser-wordpress-chatbot-einstellungen-und-hintergrunde\/\" \/>\n<meta property=\"og:locale\" content=\"de_DE\" \/>\n<meta property=\"og:type\" content=\"article\" \/>\n<meta property=\"og:title\" content=\"ChatGPT chatbot wordpress plugin - Premium addons - SmartsearchWP\" \/>\n<meta property=\"og:description\" content=\"Entdecken Sie die volle Leistungsf\u00e4higkeit von SmartSearchWP Premium Add-ons und verwandeln Sie Ihren WordPress-Chatbot in eine vollst\u00e4ndige KI-L\u00f6sung. In diesem Video stellen wir die Hauptmerkmale jeder Premium-Erweiterung vor und erkl\u00e4ren, warum sie f\u00fcr jede professionelle Website unerl\u00e4sslich sind. Was Sie in diesem Video lernen : WooCommerce-Add-on: Verwandeln Sie Ihren Chatbot in einen E-Commerce-Handelsassistenten, der Produkte [&hellip;]\" \/>\n<meta property=\"og:url\" content=\"https:\/\/www.smartsearchwp.com\/de\/chatgpt-kostenloser-wordpress-chatbot-einstellungen-und-hintergrunde\/\" \/>\n<meta property=\"og:site_name\" content=\"SmartsearchWP\" \/>\n<meta property=\"article:modified_time\" content=\"2025-08-27T13:32:20+00:00\" \/>\n<meta name=\"twitter:card\" content=\"summary_large_image\" \/>\n<meta name=\"twitter:label1\" content=\"Gesch\u00e4tzte Lesezeit\" \/>\n\t<meta name=\"twitter:data1\" content=\"3\u00a0Minuten\" \/>\n<!-- \/ Yoast SEO plugin. -->","yoast_head_json":{"title":"ChatGPT chatbot wordpress plugin - Premium addons - SmartsearchWP","robots":{"index":"index","follow":"follow","max-snippet":"max-snippet:-1","max-image-preview":"max-image-preview:large","max-video-preview":"max-video-preview:-1"},"canonical":"https:\/\/www.smartsearchwp.com\/de\/chatgpt-kostenloser-wordpress-chatbot-einstellungen-und-hintergrunde\/","og_locale":"de_DE","og_type":"article","og_title":"ChatGPT chatbot wordpress plugin - Premium addons - SmartsearchWP","og_description":"Entdecken Sie die volle Leistungsf\u00e4higkeit von SmartSearchWP Premium Add-ons und verwandeln Sie Ihren WordPress-Chatbot in eine vollst\u00e4ndige KI-L\u00f6sung. In diesem Video stellen wir die Hauptmerkmale jeder Premium-Erweiterung vor und erkl\u00e4ren, warum sie f\u00fcr jede professionelle Website unerl\u00e4sslich sind. Was Sie in diesem Video lernen : WooCommerce-Add-on: Verwandeln Sie Ihren Chatbot in einen E-Commerce-Handelsassistenten, der Produkte [&hellip;]","og_url":"https:\/\/www.smartsearchwp.com\/de\/chatgpt-kostenloser-wordpress-chatbot-einstellungen-und-hintergrunde\/","og_site_name":"SmartsearchWP","article_modified_time":"2025-08-27T13:32:20+00:00","twitter_card":"summary_large_image","twitter_misc":{"Gesch\u00e4tzte Lesezeit":"3\u00a0Minuten"},"schema":{"@context":"https:\/\/schema.org","@graph":[{"@type":"WebPage","@id":"https:\/\/www.smartsearchwp.com\/de\/chatgpt-kostenloser-wordpress-chatbot-einstellungen-und-hintergrunde\/","url":"https:\/\/www.smartsearchwp.com\/de\/chatgpt-kostenloser-wordpress-chatbot-einstellungen-und-hintergrunde\/","name":"ChatGPT chatbot wordpress plugin - Premium addons - SmartsearchWP","isPartOf":{"@id":"https:\/\/www.smartsearchwp.com\/de\/#website"},"datePublished":"2025-08-27T11:18:56+00:00","dateModified":"2025-08-27T13:32:20+00:00","breadcrumb":{"@id":"https:\/\/www.smartsearchwp.com\/de\/chatgpt-kostenloser-wordpress-chatbot-einstellungen-und-hintergrunde\/#breadcrumb"},"inLanguage":"de","potentialAction":[{"@type":"ReadAction","target":["https:\/\/www.smartsearchwp.com\/de\/chatgpt-kostenloser-wordpress-chatbot-einstellungen-und-hintergrunde\/"]}]},{"@type":"BreadcrumbList","@id":"https:\/\/www.smartsearchwp.com\/de\/chatgpt-kostenloser-wordpress-chatbot-einstellungen-und-hintergrunde\/#breadcrumb","itemListElement":[{"@type":"ListItem","position":1,"name":"Accueil","item":"https:\/\/www.smartsearchwp.com\/de\/"},{"@type":"ListItem","position":2,"name":"ChatGPT chatbot wordpress plugin &#8211; Premium addons"}]},{"@type":"WebSite","@id":"https:\/\/www.smartsearchwp.com\/de\/#website","url":"https:\/\/www.smartsearchwp.com\/de\/","name":"SmartsearchWP","description":"","publisher":{"@id":"https:\/\/www.smartsearchwp.com\/de\/#organization"},"potentialAction":[{"@type":"SearchAction","target":{"@type":"EntryPoint","urlTemplate":"https:\/\/www.smartsearchwp.com\/de\/?s={search_term_string}"},"query-input":{"@type":"PropertyValueSpecification","valueRequired":true,"valueName":"search_term_string"}}],"inLanguage":"de"},{"@type":"Organization","@id":"https:\/\/www.smartsearchwp.com\/de\/#organization","name":"SmartsearchWP","url":"https:\/\/www.smartsearchwp.com\/de\/","logo":{"@type":"ImageObject","inLanguage":"de","@id":"https:\/\/www.smartsearchwp.com\/de\/#\/schema\/logo\/image\/","url":"https:\/\/www.smartsearchwp.com\/wp-content\/uploads\/2023\/11\/logo-smartSearchWp-white-1.png","contentUrl":"https:\/\/www.smartsearchwp.com\/wp-content\/uploads\/2023\/11\/logo-smartSearchWp-white-1.png","width":350,"height":100,"caption":"SmartsearchWP"},"image":{"@id":"https:\/\/www.smartsearchwp.com\/de\/#\/schema\/logo\/image\/"}}]}},"_links":{"self":[{"href":"https:\/\/www.smartsearchwp.com\/de\/wp-json\/wp\/v2\/pages\/4494","targetHints":{"allow":["GET"]}}],"collection":[{"href":"https:\/\/www.smartsearchwp.com\/de\/wp-json\/wp\/v2\/pages"}],"about":[{"href":"https:\/\/www.smartsearchwp.com\/de\/wp-json\/wp\/v2\/types\/page"}],"author":[{"embeddable":true,"href":"https:\/\/www.smartsearchwp.com\/de\/wp-json\/wp\/v2\/users\/1"}],"replies":[{"embeddable":true,"href":"https:\/\/www.smartsearchwp.com\/de\/wp-json\/wp\/v2\/comments?post=4494"}],"version-history":[{"count":5,"href":"https:\/\/www.smartsearchwp.com\/de\/wp-json\/wp\/v2\/pages\/4494\/revisions"}],"predecessor-version":[{"id":4584,"href":"https:\/\/www.smartsearchwp.com\/de\/wp-json\/wp\/v2\/pages\/4494\/revisions\/4584"}],"wp:attachment":[{"href":"https:\/\/www.smartsearchwp.com\/de\/wp-json\/wp\/v2\/media?parent=4494"}],"wp:term":[{"taxonomy":"category","embeddable":true,"href":"https:\/\/www.smartsearchwp.com\/de\/wp-json\/wp\/v2\/categories?post=4494"},{"taxonomy":"post_tag","embeddable":true,"href":"https:\/\/www.smartsearchwp.com\/de\/wp-json\/wp\/v2\/tags?post=4494"}],"curies":[{"name":"wp","href":"https:\/\/api.w.org\/{rel}","templated":true}]}}