{"id":4405,"date":"2025-08-25T17:31:07","date_gmt":"2025-08-25T15:31:07","guid":{"rendered":"https:\/\/www.smartsearchwp.com\/?page_id=4405"},"modified":"2026-03-27T15:59:54","modified_gmt":"2026-03-27T14:59:54","slug":"wie-man-den-openai-api-schlussel-in-den-chatbot-chagpt-wordpress-smartsearchwp-integriert","status":"publish","type":"page","link":"https:\/\/www.smartsearchwp.com\/de\/wie-man-den-openai-api-schlussel-in-den-chatbot-chagpt-wordpress-smartsearchwp-integriert\/","title":{"rendered":"ChatGPT Kostenloser WordPress Chatbot &#8211; Einstellungen und Hintergr\u00fcnde"},"content":{"rendered":"\t\t<div data-elementor-type=\"wp-page\" data-elementor-id=\"4405\" class=\"elementor elementor-4405 elementor-4404\" data-elementor-post-type=\"page\">\n\t\t\t\t<div data-particle_enable=\"false\" data-particle-mobile-disabled=\"false\" class=\"elementor-element elementor-element-09568cc e-flex e-con-boxed e-con e-parent\" data-id=\"09568cc\" data-element_type=\"container\" data-e-type=\"container\">\n\t\t\t\t\t<div class=\"e-con-inner\">\n\t\t\t\t<div class=\"elementor-element elementor-element-590f1e4 elementor-widget elementor-widget-text-editor\" data-id=\"590f1e4\" data-element_type=\"widget\" data-e-type=\"widget\" data-widget_type=\"text-editor.default\">\n\t\t\t\t<div class=\"elementor-widget-container\">\n\t\t\t\t\t\t\t\t\t<p>Entfalten Sie das volle Potenzial Ihres kostenlosen Chatbot ChatGPT f\u00fcr WordPress mit SmartSearchWP! \ud83d\ude80<\/p><p>In diesem Tutorial f\u00fchren wir Sie durch die Einstellungen der Freemium-Version und zeigen Ihnen, wie Sie Ihre ersten Seiten und Beitr\u00e4ge im KI-Kontext hinzuf\u00fcgen k\u00f6nnen, so dass Ihr Chatbot Fragen mit echtem Inhalt von Ihrer Website beantworten kann.<\/p><p>Was Sie in diesem Video lernen :<\/p><p>\u2705 Wie man die grundlegenden und erweiterten Einstellungen von SmartSearchWP konfiguriert<br>\u2705 Verstehen Sie die Temperatur, die maximal verwendeten Kontexte, die \u00c4hnlichkeitsschwelle und die Pr\u00e4zisionsschwelle &#8211; und wie sie die Antworten des Chatbots ver\u00e4ndern.<br>\u2705 Was RAG (Retrieval-Augmented Generation) bedeutet und warum es die Antworten genauer macht<br>\u2705 Wie Sie Seiten oder Beitr\u00e4ge im Kontext mit Embeddings hinzuf\u00fcgen, sie aktivieren und auf dem neuesten Stand halten \u2705 Wie Sie Ihren Chatbot am Frontend testen und sofort relevante Antworten erhalten Mit dieser Konfiguration haben Sie einen leistungsstarken KI-Chatbot auf WordPress kostenlos, vollst\u00e4ndig anpassbar und unter Ihrer Kontrolle.<\/p><p>\ud83d\udc49 Im n\u00e4chsten Tutorial werden wir in die Premium-Funktionen wie WooCommerce-Integration, PDF-Unterst\u00fctzung, benutzerdefinierte Beitragstypen (CPT), ACF und die Anpassung der Eingabeaufforderung eintauchen.<\/p>\t\t\t\t\t\t\t\t<\/div>\n\t\t\t\t<\/div>\n\t\t\t\t<div class=\"elementor-element elementor-element-6a8f0a4 dce_masking-none elementor-widget elementor-widget-video\" data-id=\"6a8f0a4\" data-element_type=\"widget\" data-e-type=\"widget\" data-settings=\"{&quot;youtube_url&quot;:&quot;https:\\\/\\\/youtu.be\\\/3MprgWQREu8&quot;,&quot;autoplay&quot;:&quot;yes&quot;,&quot;cc_load_policy&quot;:&quot;yes&quot;,&quot;video_type&quot;:&quot;youtube&quot;,&quot;controls&quot;:&quot;yes&quot;}\" data-widget_type=\"video.default\">\n\t\t\t\t<div class=\"elementor-widget-container\">\n\t\t\t\t\t\t\t<div class=\"elementor-wrapper elementor-open-inline\">\n\t\t\t<div class=\"elementor-video\"><\/div>\t\t<\/div>\n\t\t\t\t\t\t<\/div>\n\t\t\t\t<\/div>\n\t\t\t\t\t<\/div>\n\t\t\t\t<\/div>\n\t\t<div data-particle_enable=\"false\" data-particle-mobile-disabled=\"false\" class=\"elementor-element elementor-element-d723d5c e-flex e-con-boxed e-con e-parent\" data-id=\"d723d5c\" data-element_type=\"container\" data-e-type=\"container\">\n\t\t\t\t\t<div class=\"e-con-inner\">\n\t\t\t\t<div class=\"elementor-element elementor-element-48c57de elementor-widget elementor-widget-heading\" data-id=\"48c57de\" data-element_type=\"widget\" data-e-type=\"widget\" data-widget_type=\"heading.default\">\n\t\t\t\t<div class=\"elementor-widget-container\">\n\t\t\t\t\t<h2 class=\"elementor-heading-title elementor-size-default\">Wie man die Freemium-Version von SmartSearchWP einrichtet und Seiten oder Artikel zum IA-Kontext hinzuf\u00fcgt<\/h2>\t\t\t\t<\/div>\n\t\t\t\t<\/div>\n\t\t\t\t<div class=\"elementor-element elementor-element-fd49e71 elementor-widget elementor-widget-text-editor\" data-id=\"fd49e71\" data-element_type=\"widget\" data-e-type=\"widget\" data-widget_type=\"text-editor.default\">\n\t\t\t\t<div class=\"elementor-widget-container\">\n\t\t\t\t\t\t\t\t\t<p data-start=\"267\" data-end=\"637\">Die <strong data-start=\"270\" data-end=\"307\">Freemium-Version von SmartSearchWP<\/strong> erm\u00f6glicht bereits die Einrichtung eines <strong data-start=\"342\" data-end=\"374\">Chatbots<\/strong><span data-start=\"342\" data-end=\"374\">,<\/span> <strong data-start=\"342\" data-end=\"374\">der von ChatGPT gespeist<\/strong> wird,<strong data-start=\"342\" data-end=\"374\"> <\/strong>direkt auf Ihrer WordPress-Website.<br data-start=\"412\" data-end=\"415\">In diesem Tutorial werden wir die wichtigsten Einstellungen des Plugins durchgehen, erkl\u00e4ren, wie sie das Verhalten des Chatbots beeinflussen, und zeigen, wie Sie Ihre ersten <strong data-start=\"600\" data-end=\"621\">Seiten und Artikel<\/strong> in den KI-Kontext einf\u00fcgen k\u00f6nnen.<\/p><hr data-start=\"639\" data-end=\"642\"><h3>Schritt 1 &#8211; Zugriff auf die allgemeinen Einstellungen<\/h3><p data-start=\"690\" data-end=\"789\">Gehen Sie vom WordPress-Dashboard aus zu:<br data-start=\"739\" data-end=\"742\"><strong data-start=\"742\" data-end=\"789\">SmartSearchWP \u2192 Settings \u2192 General Settings<\/strong><\/p><p data-start=\"791\" data-end=\"834\">Hier k\u00f6nnen Sie den Chatbot anpassen:<\/p><ul data-start=\"836\" data-end=\"1101\"><li data-start=\"836\" data-end=\"876\"><p data-start=\"838\" data-end=\"876\">Aktivieren oder deaktivieren Sie die Anzeige.<\/p><\/li><li data-start=\"877\" data-end=\"913\"><p data-start=\"879\" data-end=\"913\">Geben Sie Ihren <strong data-start=\"892\" data-end=\"910\">OpenAI API-Schl\u00fcssel<\/strong> ein.<\/p><\/li><li data-start=\"914\" data-end=\"1000\"><p data-start=\"916\" data-end=\"1000\">W\u00e4hlen Sie das Modell &#8211; wir empfehlen <strong data-start=\"954\" data-end=\"964\">GPT-4o<\/strong> aufgrund seiner Schnelligkeit und Genauigkeit.<\/p><\/li><li data-start=\"1001\" data-end=\"1101\"><p data-start=\"1003\" data-end=\"1101\">Passen Sie den Namen des Chatbots, das Logo, die Begr\u00fc\u00dfungsnachricht und den Text der Chat-Blase an.<\/p><\/li><\/ul><hr data-start=\"1103\" data-end=\"1106\"><h3>Schritt 2 &#8211; Verst\u00e4ndnis der erweiterten Einstellungen<\/h3><p data-start=\"1156\" data-end=\"1241\">Die erweiterten Einstellungen legen fest, wie der Chatbot auf die Benutzer reagiert:<\/p><ul data-start=\"1243\" data-end=\"1991\"><li data-start=\"1243\" data-end=\"1411\"><p data-start=\"1245\" data-end=\"1288\"><strong data-start=\"1245\" data-end=\"1260\">Temperature<\/strong> &#8211; steuert die Kreativit\u00e4t.<\/p><ul data-start=\"1291\" data-end=\"1411\"><li data-start=\"1291\" data-end=\"1343\"><p data-start=\"1293\" data-end=\"1343\">Niedriger Wert = koh\u00e4rente und formelle Antworten.<\/p><\/li><li data-start=\"1346\" data-end=\"1411\"><p data-start=\"1348\" data-end=\"1411\">Hoher Wert = originellere, manchmal unerwartete Antworten.<\/p><\/li><\/ul><\/li><li data-start=\"1413\" data-end=\"1598\"><p data-start=\"1415\" data-end=\"1506\"><strong data-start=\"1415\" data-end=\"1436\">Max Used Contexts<\/strong> &#8211; Anzahl der Seiten oder Artikel, die zum Aufbau einer Antwort verwendet wurden.<\/p><ul data-start=\"1509\" data-end=\"1598\"><li data-start=\"1509\" data-end=\"1598\"><p data-start=\"1511\" data-end=\"1598\">Je h\u00f6her der Wert, desto umfangreicher die Antwort, aber Vorsicht vor Abschweifungen.<\/p><\/li><\/ul><\/li><li data-start=\"1600\" data-end=\"1771\"><p data-start=\"1602\" data-end=\"1695\"><strong data-start=\"1602\" data-end=\"1626\">Similarity Threshold<\/strong> &#8211; filtert Inhalte nach ihrer N\u00e4he zu der gestellten Frage.<\/p><ul data-start=\"1698\" data-end=\"1771\"><li data-start=\"1698\" data-end=\"1771\"><p data-start=\"1700\" data-end=\"1771\">Hoher Schwellenwert = nur sehr relevante Inhalte werden ber\u00fccksichtigt.<\/p><\/li><\/ul><\/li><li data-start=\"1773\" data-end=\"1991\"><p data-start=\"1775\" data-end=\"1867\"><strong data-start=\"1775\" data-end=\"1798\">Precision Threshold<\/strong> &#8211; legt das minimale Qualit\u00e4tsniveau fest, das ein Kontext erreichen muss.<\/p><ul data-start=\"1870\" data-end=\"1991\"><li data-start=\"1870\" data-end=\"1991\"><p data-start=\"1872\" data-end=\"1991\">Hoher Schwellenwert = pr\u00e4zise Antworten, aber der Chatbot kann manchmal nicht antworten, wenn kein Kontext als ausreichend erachtet wird.<\/p><\/li><\/ul><\/li><\/ul><p data-start=\"1993\" data-end=\"2094\">Diese Parameter haben einen direkten Einfluss auf die <strong data-start=\"2035\" data-end=\"2080\">Genauigkeit, den Umfang und die Pers\u00f6nlichkeit<\/strong> der Antworten.<\/p><hr data-start=\"2096\" data-end=\"2099\"><h3>Schritt 3 &#8211; Das RAG-Modell verstehen<\/h3><p data-start=\"2140\" data-end=\"2562\">SmartSearchWP basiert auf dem <strong data-start=\"2175\" data-end=\"2215\">RAG-Modell (Retrieval-Augmented Generation)<\/strong>.<br data-start=\"2216\" data-end=\"2219\">Das bedeutet, dass der Chatbot seine Antworten nicht zuf\u00e4llig generiert: Er sucht zun\u00e4chst <strong data-start=\"2303\" data-end=\"2361\">nach Informationen in Ihren aktivierten Inhalten<\/strong> (Teil &#8222;Retrieval&#8220;) und st\u00fctzt sich dann darauf, um eine passende Antwort zu generieren (Teil &#8222;Generation&#8220;).<br data-start=\"2464\" data-end=\"2467\">Das Ergebnis sind <strong data-start=\"2491\" data-end=\"2536\">zuverl\u00e4ssige, aktuelle<\/strong> Antworten, die <strong data-start=\"2491\" data-end=\"2536\">direkt<\/strong> mit dem Inhalt Ihrer Website <strong data-start=\"2491\" data-end=\"2536\">verkn\u00fcpft<\/strong> sind.<\/p><hr data-start=\"2564\" data-end=\"2567\"><h3>Schritt 4 &#8211; Hinzuf\u00fcgen von Inhalten zum Kontext<\/h3><p data-start=\"2614\" data-end=\"2690\">Um den Chatbot relevant zu machen, m\u00fcssen Sie ihm Inhalte zur Verf\u00fcgung stellen, die er nutzen kann.<\/p><p data-start=\"2692\" data-end=\"2818\">Gehen Sie zu <strong data-start=\"2703\" data-end=\"2731\">SmartSearchWP \u2192 Contexts<\/strong>.<br data-start=\"2732\" data-end=\"2735\">Dort finden Sie eine Liste Ihrer Seiten und Artikel, zusammen mit einem Farbcode :<\/p><ul data-start=\"2820\" data-end=\"3096\"><li data-start=\"2820\" data-end=\"2904\"><p data-start=\"2822\" data-end=\"2904\"><strong data-start=\"2822\" data-end=\"2836\">Hellgr\u00fcn<\/strong>: Aktive und aktuelle Inhalte (generierte und synchronisierte Einbettungen).<\/p><\/li><li data-start=\"2905\" data-end=\"3006\"><p data-start=\"2907\" data-end=\"3006\"><strong data-start=\"2907\" data-end=\"2916\">Gelb<\/strong>: Aktive Inhalte, die jedoch seit der Generierung ver\u00e4ndert wurden &#8211; eine Regeneration ist erforderlich.<\/p><\/li><li data-start=\"3007\" data-end=\"3096\"><p data-start=\"3009\" data-end=\"3096\"><strong data-start=\"3009\" data-end=\"3038\">Rot oder kein H\u00e4kchen<\/strong>: inaktive Inhalte, die vom Chatbot nicht ber\u00fccksichtigt werden.<\/p><\/li><\/ul><h3 data-start=\"3098\" data-end=\"3129\">Filter und gruppierte Aktionen<\/h3><ul data-start=\"3130\" data-end=\"3345\"><li data-start=\"3130\" data-end=\"3192\"><p data-start=\"3132\" data-end=\"3192\">Nach <strong data-start=\"3144\" data-end=\"3163\">Inhaltstyp<\/strong> filtern (Seiten, Artikel oder alle).<\/p><\/li><li data-start=\"3193\" data-end=\"3238\"><p data-start=\"3195\" data-end=\"3238\">Suchen Sie nach einem Titel, um Zeit zu sparen.<\/p><\/li><li data-start=\"3239\" data-end=\"3345\"><p data-start=\"3241\" data-end=\"3345\">Nutzen Sie <strong data-start=\"3254\" data-end=\"3274\">geb\u00fcndelte Aktionen<\/strong>, um die KI zu trainieren oder mehrere Inhalte auf einmal zu aktivieren.<\/p><\/li><\/ul><h3 data-start=\"3347\" data-end=\"3389\">Um einen Inhalt in den Kontext zu integrieren :<\/h3><ol data-start=\"3390\" data-end=\"3568\"><li data-start=\"3390\" data-end=\"3445\"><p data-start=\"3393\" data-end=\"3445\">W\u00e4hlen Sie die Seite oder den Artikel (Kontrollk\u00e4stchen).<\/p><\/li><li data-start=\"3446\" data-end=\"3537\"><p data-start=\"3449\" data-end=\"3537\">Klicken Sie auf <strong data-start=\"3461\" data-end=\"3484\">Generate Embeddings<\/strong> oder <strong data-start=\"3488\" data-end=\"3505\">Retraining AI<\/strong> (wenn der Inhalt veraltet ist).<\/p><\/li><li data-start=\"3538\" data-end=\"3568\"><p data-start=\"3541\" data-end=\"3568\">Klicken Sie auf <strong data-start=\"3553\" data-end=\"3565\">Aktivieren<\/strong>.<\/p><\/li><\/ol><p data-start=\"3570\" data-end=\"3679\">Die Linie wird gr\u00fcn: Ihr Inhalt wird nun in die Wissensdatenbank des Chatbots aufgenommen.<\/p><hr data-start=\"3681\" data-end=\"3684\"><h3>Schritt 5 &#8211; Testen Sie Ihren Chatbot<\/h3><p data-start=\"3721\" data-end=\"3859\">Gehen Sie zum <strong data-start=\"3734\" data-end=\"3761\">Frontend Ihrer Website<\/strong>.<br data-start=\"3762\" data-end=\"3765\">\u00d6ffnen Sie den Chatbot (standardm\u00e4\u00dfig in der unteren rechten Ecke) und stellen Sie eine Frage, die sich auf den aktivierten Inhalt bezieht.<\/p><p data-start=\"3861\" data-end=\"3983\">\ud83d\udc49 Wenn alles richtig konfiguriert ist, wird der Chatbot Ihnen mit einer <strong data-start=\"3934\" data-end=\"3982\">relevanten, auf Ihren Inhalten basierenden Antwort<\/strong> antworten.<\/p><hr data-start=\"3985\" data-end=\"3988\"><p><span style=\"color: #3a3a3a; font-size: 15px; font-weight: 400;\"> <\/span><\/p><p><span style=\"color: #3a3a3a; font-size: 15px; font-weight: 400;\">Mit dieser Freemium-Konfiguration verf\u00fcgen Sie bereits \u00fcber einen <\/span><strong style=\"color: #3a3a3a; font-size: 15px;\" data-start=\"4064\" data-end=\"4114\">leistungsstarken und intelligenten Chatbot f\u00fcr WordPress.<\/strong><span style=\"color: #3a3a3a; font-size: 15px; font-weight: 400;\">Sie haben die volle Kontrolle \u00fcber das, was er wei\u00df.<\/span><\/p><h3 data-start=\"4197\" data-end=\"4222\">N\u00e4chste Schritte :<\/h3><ul data-start=\"4223\" data-end=\"4763\"><li data-start=\"4223\" data-end=\"4305\"><p data-start=\"4225\" data-end=\"4305\">F\u00fcgen Sie dem Kontext nach und nach neue wichtige Seiten oder Artikel hinzu.<\/p><\/li><li data-start=\"4306\" data-end=\"4394\"><p data-start=\"4308\" data-end=\"4394\">Testen Sie verschiedene Parameterwerte, um die Genauigkeit oder Kreativit\u00e4t zu verfeinern.<\/p><\/li><li data-start=\"4395\" data-end=\"4763\"><p data-start=\"4397\" data-end=\"4482\">Wechseln Sie zur <strong data-start=\"4409\" data-end=\"4428\">Premium-Version<\/strong>, um erweiterte Funktionen freizuschalten wie :<\/p><ul data-start=\"4485\" data-end=\"4763\"><li data-start=\"4485\" data-end=\"4530\"><p data-start=\"4487\" data-end=\"4530\">die Anpassung des Designs des Chatbot,<\/p><\/li><li data-start=\"4533\" data-end=\"4563\"><p data-start=\"4535\" data-end=\"4563\">WooCommerce-Integration,<\/p><\/li><li data-start=\"4566\" data-end=\"4606\"><p data-start=\"4568\" data-end=\"4606\">die Unterst\u00fctzung von PDF-Dateien,<\/p><\/li><li data-start=\"4609\" data-end=\"4641\"><p data-start=\"4611\" data-end=\"4641\">Custom Post Types (CPTs),<\/p><\/li><li data-start=\"4644\" data-end=\"4677\"><p data-start=\"4646\" data-end=\"4677\">die Integration der ACF-Felder,<\/p><\/li><li data-start=\"4680\" data-end=\"4714\"><p data-start=\"4682\" data-end=\"4714\">die Personalisierung des Prompts,<\/p><\/li><li data-start=\"4717\" data-end=\"4763\"><p data-start=\"4719\" data-end=\"4763\">oder die Verwaltung des Zugriffs auf den Chatbot.<\/p><\/li><\/ul><\/li><\/ul><hr data-start=\"4765\" data-end=\"4768\"><p data-start=\"4770\" data-end=\"4903\"> <\/p><p data-start=\"4770\" data-end=\"4903\">\ud83d\udc49 Weitere Anleitungen finden Sie in der vollst\u00e4ndigen Dokumentation: https: <a class=\"decorated-link cursor-pointer\" target=\"_new\" rel=\"noopener\" data-start=\"4831\" data-end=\"4903\">\/\/www.smartsearchwp.com\/docs<\/a><\/p>\t\t\t\t\t\t\t\t<\/div>\n\t\t\t\t<\/div>\n\t\t\t\t\t<\/div>\n\t\t\t\t<\/div>\n\t\t\t\t<\/div>\n\t\t","protected":false},"excerpt":{"rendered":"<p>Entfalten Sie das volle Potenzial Ihres kostenlosen Chatbot ChatGPT f\u00fcr WordPress mit SmartSearchWP! \ud83d\ude80 In diesem Tutorial f\u00fchren wir Sie durch die Einstellungen der Freemium-Version und zeigen Ihnen, wie Sie Ihre ersten Seiten und Beitr\u00e4ge im KI-Kontext hinzuf\u00fcgen k\u00f6nnen, so dass Ihr Chatbot Fragen mit echtem Inhalt von Ihrer Website beantworten kann. Was Sie in [&hellip;]<\/p>\n","protected":false},"author":1,"featured_media":0,"parent":0,"menu_order":0,"comment_status":"closed","ping_status":"closed","template":"","meta":{"_acf_changed":false,"footnotes":""},"categories":[109],"tags":[],"class_list":["post-4405","page","type-page","status-publish","hentry","category-tutoriels"],"acf":[],"yoast_head":"<!-- This site is optimized with the Yoast SEO plugin v27.4 - https:\/\/yoast.com\/product\/yoast-seo-wordpress\/ -->\n<title>ChatGPT Kostenloser WordPress Chatbot - Einstellungen und Hintergr\u00fcnde - SmartsearchWP<\/title>\n<meta name=\"robots\" content=\"index, follow, max-snippet:-1, max-image-preview:large, max-video-preview:-1\" \/>\n<link rel=\"canonical\" href=\"https:\/\/www.smartsearchwp.com\/de\/wie-man-den-openai-api-schlussel-in-den-chatbot-chagpt-wordpress-smartsearchwp-integriert\/\" \/>\n<meta property=\"og:locale\" content=\"de_DE\" \/>\n<meta property=\"og:type\" content=\"article\" \/>\n<meta property=\"og:title\" content=\"ChatGPT Kostenloser WordPress Chatbot - Einstellungen und Hintergr\u00fcnde - SmartsearchWP\" \/>\n<meta property=\"og:description\" content=\"Entfalten Sie das volle Potenzial Ihres kostenlosen Chatbot ChatGPT f\u00fcr WordPress mit SmartSearchWP! \ud83d\ude80 In diesem Tutorial f\u00fchren wir Sie durch die Einstellungen der Freemium-Version und zeigen Ihnen, wie Sie Ihre ersten Seiten und Beitr\u00e4ge im KI-Kontext hinzuf\u00fcgen k\u00f6nnen, so dass Ihr Chatbot Fragen mit echtem Inhalt von Ihrer Website beantworten kann. Was Sie in [&hellip;]\" \/>\n<meta property=\"og:url\" content=\"https:\/\/www.smartsearchwp.com\/de\/wie-man-den-openai-api-schlussel-in-den-chatbot-chagpt-wordpress-smartsearchwp-integriert\/\" \/>\n<meta property=\"og:site_name\" content=\"SmartsearchWP\" \/>\n<meta property=\"article:modified_time\" content=\"2026-03-27T14:59:54+00:00\" \/>\n<meta name=\"twitter:card\" content=\"summary_large_image\" \/>\n<meta name=\"twitter:label1\" content=\"Gesch\u00e4tzte Lesezeit\" \/>\n\t<meta name=\"twitter:data1\" content=\"4\u00a0Minuten\" \/>\n<!-- \/ Yoast SEO plugin. -->","yoast_head_json":{"title":"ChatGPT Kostenloser WordPress Chatbot - Einstellungen und Hintergr\u00fcnde - SmartsearchWP","robots":{"index":"index","follow":"follow","max-snippet":"max-snippet:-1","max-image-preview":"max-image-preview:large","max-video-preview":"max-video-preview:-1"},"canonical":"https:\/\/www.smartsearchwp.com\/de\/wie-man-den-openai-api-schlussel-in-den-chatbot-chagpt-wordpress-smartsearchwp-integriert\/","og_locale":"de_DE","og_type":"article","og_title":"ChatGPT Kostenloser WordPress Chatbot - Einstellungen und Hintergr\u00fcnde - SmartsearchWP","og_description":"Entfalten Sie das volle Potenzial Ihres kostenlosen Chatbot ChatGPT f\u00fcr WordPress mit SmartSearchWP! \ud83d\ude80 In diesem Tutorial f\u00fchren wir Sie durch die Einstellungen der Freemium-Version und zeigen Ihnen, wie Sie Ihre ersten Seiten und Beitr\u00e4ge im KI-Kontext hinzuf\u00fcgen k\u00f6nnen, so dass Ihr Chatbot Fragen mit echtem Inhalt von Ihrer Website beantworten kann. Was Sie in [&hellip;]","og_url":"https:\/\/www.smartsearchwp.com\/de\/wie-man-den-openai-api-schlussel-in-den-chatbot-chagpt-wordpress-smartsearchwp-integriert\/","og_site_name":"SmartsearchWP","article_modified_time":"2026-03-27T14:59:54+00:00","twitter_card":"summary_large_image","twitter_misc":{"Gesch\u00e4tzte Lesezeit":"4\u00a0Minuten"},"schema":{"@context":"https:\/\/schema.org","@graph":[{"@type":"WebPage","@id":"https:\/\/www.smartsearchwp.com\/de\/wie-man-den-openai-api-schlussel-in-den-chatbot-chagpt-wordpress-smartsearchwp-integriert\/","url":"https:\/\/www.smartsearchwp.com\/de\/wie-man-den-openai-api-schlussel-in-den-chatbot-chagpt-wordpress-smartsearchwp-integriert\/","name":"ChatGPT Kostenloser WordPress Chatbot - Einstellungen und Hintergr\u00fcnde - SmartsearchWP","isPartOf":{"@id":"https:\/\/www.smartsearchwp.com\/de\/#website"},"datePublished":"2025-08-25T15:31:07+00:00","dateModified":"2026-03-27T14:59:54+00:00","breadcrumb":{"@id":"https:\/\/www.smartsearchwp.com\/de\/wie-man-den-openai-api-schlussel-in-den-chatbot-chagpt-wordpress-smartsearchwp-integriert\/#breadcrumb"},"inLanguage":"de","potentialAction":[{"@type":"ReadAction","target":["https:\/\/www.smartsearchwp.com\/de\/wie-man-den-openai-api-schlussel-in-den-chatbot-chagpt-wordpress-smartsearchwp-integriert\/"]}]},{"@type":"BreadcrumbList","@id":"https:\/\/www.smartsearchwp.com\/de\/wie-man-den-openai-api-schlussel-in-den-chatbot-chagpt-wordpress-smartsearchwp-integriert\/#breadcrumb","itemListElement":[{"@type":"ListItem","position":1,"name":"Accueil","item":"https:\/\/www.smartsearchwp.com\/de\/"},{"@type":"ListItem","position":2,"name":"ChatGPT Kostenloser WordPress Chatbot &#8211; Einstellungen und Hintergr\u00fcnde"}]},{"@type":"WebSite","@id":"https:\/\/www.smartsearchwp.com\/de\/#website","url":"https:\/\/www.smartsearchwp.com\/de\/","name":"SmartsearchWP","description":"","publisher":{"@id":"https:\/\/www.smartsearchwp.com\/de\/#organization"},"potentialAction":[{"@type":"SearchAction","target":{"@type":"EntryPoint","urlTemplate":"https:\/\/www.smartsearchwp.com\/de\/?s={search_term_string}"},"query-input":{"@type":"PropertyValueSpecification","valueRequired":true,"valueName":"search_term_string"}}],"inLanguage":"de"},{"@type":"Organization","@id":"https:\/\/www.smartsearchwp.com\/de\/#organization","name":"SmartsearchWP","url":"https:\/\/www.smartsearchwp.com\/de\/","logo":{"@type":"ImageObject","inLanguage":"de","@id":"https:\/\/www.smartsearchwp.com\/de\/#\/schema\/logo\/image\/","url":"https:\/\/www.smartsearchwp.com\/wp-content\/uploads\/2023\/11\/logo-smartSearchWp-white-1.png","contentUrl":"https:\/\/www.smartsearchwp.com\/wp-content\/uploads\/2023\/11\/logo-smartSearchWp-white-1.png","width":350,"height":100,"caption":"SmartsearchWP"},"image":{"@id":"https:\/\/www.smartsearchwp.com\/de\/#\/schema\/logo\/image\/"}}]}},"_links":{"self":[{"href":"https:\/\/www.smartsearchwp.com\/de\/wp-json\/wp\/v2\/pages\/4405","targetHints":{"allow":["GET"]}}],"collection":[{"href":"https:\/\/www.smartsearchwp.com\/de\/wp-json\/wp\/v2\/pages"}],"about":[{"href":"https:\/\/www.smartsearchwp.com\/de\/wp-json\/wp\/v2\/types\/page"}],"author":[{"embeddable":true,"href":"https:\/\/www.smartsearchwp.com\/de\/wp-json\/wp\/v2\/users\/1"}],"replies":[{"embeddable":true,"href":"https:\/\/www.smartsearchwp.com\/de\/wp-json\/wp\/v2\/comments?post=4405"}],"version-history":[{"count":5,"href":"https:\/\/www.smartsearchwp.com\/de\/wp-json\/wp\/v2\/pages\/4405\/revisions"}],"predecessor-version":[{"id":4459,"href":"https:\/\/www.smartsearchwp.com\/de\/wp-json\/wp\/v2\/pages\/4405\/revisions\/4459"}],"wp:attachment":[{"href":"https:\/\/www.smartsearchwp.com\/de\/wp-json\/wp\/v2\/media?parent=4405"}],"wp:term":[{"taxonomy":"category","embeddable":true,"href":"https:\/\/www.smartsearchwp.com\/de\/wp-json\/wp\/v2\/categories?post=4405"},{"taxonomy":"post_tag","embeddable":true,"href":"https:\/\/www.smartsearchwp.com\/de\/wp-json\/wp\/v2\/tags?post=4405"}],"curies":[{"name":"wp","href":"https:\/\/api.w.org\/{rel}","templated":true}]}}