{"id":4370,"date":"2025-08-25T11:29:57","date_gmt":"2025-08-25T09:29:57","guid":{"rendered":"https:\/\/www.smartsearchwp.com\/installieren-sie-ein-kostenloses-wordpress-ai-chatbot-plugin-auf-wordpress\/"},"modified":"2026-04-16T07:01:01","modified_gmt":"2026-04-16T05:01:01","slug":"installieren-sie-ein-kostenloses-wordpress-ai-chatbot-plugin-auf-wordpress","status":"publish","type":"page","link":"https:\/\/www.smartsearchwp.com\/de\/installieren-sie-ein-kostenloses-wordpress-ai-chatbot-plugin-auf-wordpress\/","title":{"rendered":"Installieren Sie ein kostenloses WordPress AI Chatbot Plugin auf WordPress"},"content":{"rendered":"\t\t<div data-elementor-type=\"wp-page\" data-elementor-id=\"4370\" class=\"elementor elementor-4370 elementor-4287\" data-elementor-post-type=\"page\">\n\t\t\t\t<div data-particle_enable=\"false\" data-particle-mobile-disabled=\"false\" class=\"elementor-element elementor-element-a92bd09 e-flex e-con-boxed e-con e-parent\" data-id=\"a92bd09\" data-element_type=\"container\" data-e-type=\"container\">\n\t\t\t\t\t<div class=\"e-con-inner\">\n\t\t\t\t<div class=\"elementor-element elementor-element-3081776 elementor-widget elementor-widget-text-editor\" data-id=\"3081776\" data-element_type=\"widget\" data-e-type=\"widget\" data-widget_type=\"text-editor.default\">\n\t\t\t\t<div class=\"elementor-widget-container\">\n\t\t\t\t\t\t\t\t\t<p>In diesem WordPress Tutorial f\u00fcr Anf\u00e4nger werden Sie das Plugin SmartSearchWP aus der Plugin-Bibliothek von WordPress installieren.<\/p><p>SmartSearchWP ist ein KI-Chatbot-Plugin, mit dem Sie Ihrer Website einen konversationellen Suchassistenten hinzuf\u00fcgen k\u00f6nnen, der es Besuchern erm\u00f6glicht, ihre Fragen in nat\u00fcrlicher Sprache einzugeben und intelligente Antworten zu erhalten.<\/p><p>Ich werde Sie Schritt f\u00fcr Schritt durch die Installation und Aktivierung des KI-Suchassistenten auf Ihrer WordPress-Website f\u00fchren &#8211; Sie brauchen keine Programmiersprache zu kennen.<\/p><p>Sie werden Schritt f\u00fcr Schritt lernen, wie Sie durch das WordPress-Dashboard navigieren, um das Plugin SmartSearchWP zu finden und zu installieren, es zu aktivieren und mit ChatGPT zu verbinden, um die Chatbot-Funktion einfach in Ihre Website zu integrieren!<\/p><p>Ich werde auch einige Tipps zu den Grundeinstellungen geben, damit Ihre Konversationssuche auch richtig funktioniert!<\/p><p>Ob Sie die Benutzerfreundlichkeit Ihrer Website durch die Integration von KI-Chatbot-Funktionen verbessern oder die Installation von WordPress-Plugins erlernen m\u00f6chten, dieses Tutorial wird Ihnen helfen.<\/p><p>Wenn Ihnen dieses Tutorial gef\u00e4llt, liken Sie das Video und abonnieren Sie unseren Kanal f\u00fcr weitere Tutorials zu WordPress-Plugins und unsere Tipps zur Integration der KI!<\/p>\t\t\t\t\t\t\t\t<\/div>\n\t\t\t\t<\/div>\n\t\t\t\t<div class=\"elementor-element elementor-element-5905ddb dce_masking-none elementor-widget elementor-widget-video\" data-id=\"5905ddb\" data-element_type=\"widget\" data-e-type=\"widget\" data-settings=\"{&quot;youtube_url&quot;:&quot;https:\\\/\\\/youtu.be\\\/N04yPmEEW68&quot;,&quot;autoplay&quot;:&quot;yes&quot;,&quot;cc_load_policy&quot;:&quot;yes&quot;,&quot;video_type&quot;:&quot;youtube&quot;,&quot;controls&quot;:&quot;yes&quot;}\" data-widget_type=\"video.default\">\n\t\t\t\t<div class=\"elementor-widget-container\">\n\t\t\t\t\t\t\t<div class=\"elementor-wrapper elementor-open-inline\">\n\t\t\t<div class=\"elementor-video\"><\/div>\t\t<\/div>\n\t\t\t\t\t\t<\/div>\n\t\t\t\t<\/div>\n\t\t\t\t\t<\/div>\n\t\t\t\t<\/div>\n\t\t<div data-particle_enable=\"false\" data-particle-mobile-disabled=\"false\" class=\"elementor-element elementor-element-a52006a e-flex e-con-boxed e-con e-parent\" data-id=\"a52006a\" data-element_type=\"container\" data-e-type=\"container\">\n\t\t\t\t\t<div class=\"e-con-inner\">\n\t\t\t\t<div class=\"elementor-element elementor-element-d0363aa elementor-widget elementor-widget-heading\" data-id=\"d0363aa\" data-element_type=\"widget\" data-e-type=\"widget\" data-widget_type=\"heading.default\">\n\t\t\t\t<div class=\"elementor-widget-container\">\n\t\t\t\t\t<h2 class=\"elementor-heading-title elementor-size-default\">Wie man das SmartSearchWP Plugin auf WordPress installiert<\/h2>\t\t\t\t<\/div>\n\t\t\t\t<\/div>\n\t\t\t\t<div class=\"elementor-element elementor-element-d09d964 elementor-widget elementor-widget-text-editor\" data-id=\"d09d964\" data-element_type=\"widget\" data-e-type=\"widget\" data-widget_type=\"text-editor.default\">\n\t\t\t\t<div class=\"elementor-widget-container\">\n\t\t\t\t\t\t\t\t\t<p data-start=\"285\" data-end=\"344\">Mit dem Plugin <strong data-start=\"356\" data-end=\"373\">SmartSearchWP<\/strong> k\u00f6nnen Sie Ihrer WordPress-Website einen <strong data-start=\"417\" data-end=\"454\">intelligenten KI-basierten Chatbot<\/strong> hinzuf\u00fcgen. Mit nur wenigen Klicks k\u00f6nnen Sie die Erfahrung Ihrer Besucher durch eine Konversationssuche, die direkt auf den Inhalten Ihrer Seite aufbaut, ver\u00e4ndern. <\/p><p data-start=\"629\" data-end=\"752\">In diesem Tutorial werden wir <strong data-start=\"664\" data-end=\"709\">Schritt<\/strong> f\u00fcr <strong data-start=\"664\" data-end=\"709\">Schritt<\/strong> sehen, <strong data-start=\"664\" data-end=\"709\">wie Sie SmartSearchWP<\/strong> aus dem offiziellen WordPress-Verzeichnis <strong data-start=\"664\" data-end=\"709\">installieren<\/strong>.<\/p><hr data-start=\"754\" data-end=\"757\"><h3 data-start=\"759\" data-end=\"810\">Schritt 1 &#8211; Zugriff auf das WordPress-Dashboard<\/h3><p data-start=\"811\" data-end=\"975\">Melden Sie sich bei der Verwaltungsschnittstelle Ihrer WordPress-Website an.<br data-start=\"881\" data-end=\"884\">Geben Sie Ihre Administrator-Anmeldedaten ein, um auf das <strong data-start=\"939\" data-end=\"972\">Back-Office<\/strong> zuzugreifen.<\/p><hr data-start=\"977\" data-end=\"980\"><h3 data-start=\"982\" data-end=\"1032\">Schritt 2 &#8211; \u00d6ffnen Sie die Bibliothek der Erweiterungen<\/h3><p data-start=\"1033\" data-end=\"1206\">Klicken Sie im linken Seitenmen\u00fc auf <strong data-start=\"1074\" data-end=\"1098\">Erweiterungen &gt; Hinzuf\u00fcgen<\/strong>.<br data-start=\"1099\" data-end=\"1102\">In diesem Abschnitt k\u00f6nnen Sie neue Erweiterungen aus dem offiziellen WordPress-Verzeichnis installieren.<\/p><hr data-start=\"1208\" data-end=\"1211\"><h3 data-start=\"1213\" data-end=\"1252\">Schritt 3 &#8211; Suche nach SmartSearchWP<\/h3><p data-start=\"1253\" data-end=\"1383\">Verwenden Sie die Suchleiste oben rechts und geben Sie <strong data-start=\"1311\" data-end=\"1328\">SmartSearchWP<\/strong> ein.<br data-start=\"1329\" data-end=\"1332\">Das offizielle Plugin wird in den Ergebnissen erscheinen.<\/p><hr data-start=\"1385\" data-end=\"1388\"><h3 data-start=\"1390\" data-end=\"1424\">Schritt 4 &#8211; Installieren Sie das Plugin<\/h3><p data-start=\"1425\" data-end=\"1545\">Klicken Sie auf <strong data-start=\"1437\" data-end=\"1461\">Jetzt installieren<\/strong>.<br data-start=\"1462\" data-end=\"1465\">WordPress l\u00e4dt SmartSearchWP automatisch herunter und installiert es auf Ihrer Website.<\/p><hr data-start=\"1547\" data-end=\"1550\"><h3 data-start=\"1552\" data-end=\"1588\">Schritt 5 &#8211; Aktivieren von SmartSearchWP<\/h3><p data-start=\"1589\" data-end=\"1710\">Nach Abschluss der Installation \u00e4ndert sich die Schaltfl\u00e4che in <strong data-start=\"1650\" data-end=\"1661\">Aktivieren<\/strong>.<br data-start=\"1662\" data-end=\"1665\">Klicken Sie darauf, um das Plugin zu aktivieren.<\/p><p data-start=\"1712\" data-end=\"1804\">Ihre WordPress-Website verf\u00fcgt nun \u00fcber das <strong data-start=\"1762\" data-end=\"1779\">SmartSearchWP-Modul<\/strong>, das konfiguriert werden kann.<\/p><hr data-start=\"1806\" data-end=\"1809\"><h3 data-start=\"1811\" data-end=\"1841\">Was passiert nach der Installation?<\/h3><p data-start=\"1842\" data-end=\"2084\">Die Installation dauert nur wenige Minuten.<br data-start=\"1887\" data-end=\"1890\">Im <strong data-start=\"1898\" data-end=\"1917\">n\u00e4chsten Schritt<\/strong> m\u00fcssen Sie SmartSearchWP mit der <strong data-start=\"1957\" data-end=\"1973\">OpenAI API<\/strong> verbinden, damit der Chatbot mit ChatGPT arbeiten kann (wir werden diesen Vorgang in einem anderen Tutorial n\u00e4her erl\u00e4utern).<\/p><hr data-start=\"2086\" data-end=\"2089\"><h3 data-start=\"2091\" data-end=\"2128\">Warum SmartSearchWP?<\/h3><ul data-start=\"2129\" data-end=\"2721\"><li data-start=\"2129\" data-end=\"2239\"><p data-start=\"2131\" data-end=\"2239\"><strong data-start=\"2131\" data-end=\"2160\">100 % in WordPress integriert<\/strong>: einfache Verwaltung \u00fcber das Back-Office.<\/p><\/li><li data-start=\"2240\" data-end=\"2384\"><p data-start=\"2242\" data-end=\"2384\"><strong data-start=\"2242\" data-end=\"2259\">KI-kompatibel<\/strong>: nutzt die OpenAI API (GPT-3.5 und GPT-4o), um relevante Antworten zu liefern.<\/p><\/li><li data-start=\"2385\" data-end=\"2558\"><p data-start=\"2387\" data-end=\"2558\"><strong data-start=\"2387\" data-end=\"2411\">Sicherheit und Kontrolle<\/strong>: Alle Daten werden auf Ihrer eigenen Website gehostet, wodurch Vertraulichkeit und die Einhaltung der DSGVO gew\u00e4hrleistet sind.<\/p><\/li><li data-start=\"2559\" data-end=\"2721\"><p data-start=\"2561\" data-end=\"2721\"><strong data-start=\"2561\" data-end=\"2581\">Personalisierung<\/strong>: Passen Sie das Aussehen des Chatbots an Ihr Corporate Design an und f\u00fcgen Sie Ihre eigenen Begr\u00fc\u00dfungsnachrichten hinzu.<\/p><\/li><\/ul><hr data-start=\"2723\" data-end=\"2726\"><p data-start=\"2744\" data-end=\"2962\"> <\/p><p data-start=\"2744\" data-end=\"2962\">Sie wissen nun, <strong data-start=\"2765\" data-end=\"2824\">wie Sie das Plugin SmartSearchWP f\u00fcr WordPress installieren<\/strong> k\u00f6nnen.<br data-start=\"2825\" data-end=\"2828\">Dies ist ein einfacher, aber wichtiger erster Schritt, um Ihre Website in einen <strong data-start=\"2918\" data-end=\"2959\">intelligenten Gespr\u00e4chspartner<\/strong> zu verwandeln.<\/p><p data-start=\"2964\" data-end=\"3082\">\ud83d\udc49 <a href=\"https:\/\/www.smartsearchwp.com\/de\/wie-man-den-openai-api-schluessel-in-den-chatbot-chagpt-wordpress-smartsearchwp-integriert\/\">Gehen Sie zum n\u00e4chsten Tutorial<\/a>, um zu lernen, wie Sie Ihren <strong data-start=\"3041\" data-end=\"3055\">OpenAI API-Schl\u00fcssel<\/strong> anschlie\u00dfen und das Plugin einrichten.<\/p>\t\t\t\t\t\t\t\t<\/div>\n\t\t\t\t<\/div>\n\t\t\t\t\t<\/div>\n\t\t\t\t<\/div>\n\t\t\t\t<\/div>\n\t\t","protected":false},"excerpt":{"rendered":"<p>In diesem WordPress Tutorial f\u00fcr Anf\u00e4nger werden Sie das Plugin SmartSearchWP aus der Plugin-Bibliothek von WordPress installieren. SmartSearchWP ist ein KI-Chatbot-Plugin, mit dem Sie Ihrer Website einen konversationellen Suchassistenten hinzuf\u00fcgen k\u00f6nnen, der es Besuchern erm\u00f6glicht, ihre Fragen in nat\u00fcrlicher Sprache einzugeben und intelligente Antworten zu erhalten. Ich werde Sie Schritt f\u00fcr Schritt durch die Installation [&hellip;]<\/p>\n","protected":false},"author":1,"featured_media":0,"parent":0,"menu_order":0,"comment_status":"closed","ping_status":"closed","template":"","meta":{"_acf_changed":false,"footnotes":""},"categories":[109],"tags":[],"class_list":["post-4370","page","type-page","status-publish","hentry","category-tutoriels"],"acf":[],"yoast_head":"<!-- This site is optimized with the Yoast SEO plugin v27.4 - https:\/\/yoast.com\/product\/yoast-seo-wordpress\/ -->\n<title>Installieren Sie ein kostenloses Wordpress AI Chatbot Plugin auf WordPress - SmartsearchWP<\/title>\n<meta name=\"robots\" content=\"index, follow, max-snippet:-1, max-image-preview:large, max-video-preview:-1\" \/>\n<link rel=\"canonical\" href=\"https:\/\/www.smartsearchwp.com\/de\/installieren-sie-ein-kostenloses-wordpress-ai-chatbot-plugin-auf-wordpress\/\" \/>\n<meta property=\"og:locale\" content=\"de_DE\" \/>\n<meta property=\"og:type\" content=\"article\" \/>\n<meta property=\"og:title\" content=\"Installieren Sie ein kostenloses Wordpress AI Chatbot Plugin auf WordPress - SmartsearchWP\" \/>\n<meta property=\"og:description\" content=\"In diesem WordPress Tutorial f\u00fcr Anf\u00e4nger werden Sie das Plugin SmartSearchWP aus der Plugin-Bibliothek von WordPress installieren. SmartSearchWP ist ein KI-Chatbot-Plugin, mit dem Sie Ihrer Website einen konversationellen Suchassistenten hinzuf\u00fcgen k\u00f6nnen, der es Besuchern erm\u00f6glicht, ihre Fragen in nat\u00fcrlicher Sprache einzugeben und intelligente Antworten zu erhalten. Ich werde Sie Schritt f\u00fcr Schritt durch die Installation [&hellip;]\" \/>\n<meta property=\"og:url\" content=\"https:\/\/www.smartsearchwp.com\/de\/installieren-sie-ein-kostenloses-wordpress-ai-chatbot-plugin-auf-wordpress\/\" \/>\n<meta property=\"og:site_name\" content=\"SmartsearchWP\" \/>\n<meta property=\"article:modified_time\" content=\"2026-04-16T05:01:01+00:00\" \/>\n<meta name=\"twitter:card\" content=\"summary_large_image\" \/>\n<meta name=\"twitter:label1\" content=\"Gesch\u00e4tzte Lesezeit\" \/>\n\t<meta name=\"twitter:data1\" content=\"3\u00a0Minuten\" \/>\n<!-- \/ Yoast SEO plugin. -->","yoast_head_json":{"title":"Installieren Sie ein kostenloses Wordpress AI Chatbot Plugin auf WordPress - SmartsearchWP","robots":{"index":"index","follow":"follow","max-snippet":"max-snippet:-1","max-image-preview":"max-image-preview:large","max-video-preview":"max-video-preview:-1"},"canonical":"https:\/\/www.smartsearchwp.com\/de\/installieren-sie-ein-kostenloses-wordpress-ai-chatbot-plugin-auf-wordpress\/","og_locale":"de_DE","og_type":"article","og_title":"Installieren Sie ein kostenloses Wordpress AI Chatbot Plugin auf WordPress - SmartsearchWP","og_description":"In diesem WordPress Tutorial f\u00fcr Anf\u00e4nger werden Sie das Plugin SmartSearchWP aus der Plugin-Bibliothek von WordPress installieren. SmartSearchWP ist ein KI-Chatbot-Plugin, mit dem Sie Ihrer Website einen konversationellen Suchassistenten hinzuf\u00fcgen k\u00f6nnen, der es Besuchern erm\u00f6glicht, ihre Fragen in nat\u00fcrlicher Sprache einzugeben und intelligente Antworten zu erhalten. Ich werde Sie Schritt f\u00fcr Schritt durch die Installation [&hellip;]","og_url":"https:\/\/www.smartsearchwp.com\/de\/installieren-sie-ein-kostenloses-wordpress-ai-chatbot-plugin-auf-wordpress\/","og_site_name":"SmartsearchWP","article_modified_time":"2026-04-16T05:01:01+00:00","twitter_card":"summary_large_image","twitter_misc":{"Gesch\u00e4tzte Lesezeit":"3\u00a0Minuten"},"schema":{"@context":"https:\/\/schema.org","@graph":[{"@type":"WebPage","@id":"https:\/\/www.smartsearchwp.com\/de\/installieren-sie-ein-kostenloses-wordpress-ai-chatbot-plugin-auf-wordpress\/","url":"https:\/\/www.smartsearchwp.com\/de\/installieren-sie-ein-kostenloses-wordpress-ai-chatbot-plugin-auf-wordpress\/","name":"Installieren Sie ein kostenloses Wordpress AI Chatbot Plugin auf WordPress - SmartsearchWP","isPartOf":{"@id":"https:\/\/www.smartsearchwp.com\/de\/#website"},"datePublished":"2025-08-25T09:29:57+00:00","dateModified":"2026-04-16T05:01:01+00:00","breadcrumb":{"@id":"https:\/\/www.smartsearchwp.com\/de\/installieren-sie-ein-kostenloses-wordpress-ai-chatbot-plugin-auf-wordpress\/#breadcrumb"},"inLanguage":"de","potentialAction":[{"@type":"ReadAction","target":["https:\/\/www.smartsearchwp.com\/de\/installieren-sie-ein-kostenloses-wordpress-ai-chatbot-plugin-auf-wordpress\/"]}]},{"@type":"BreadcrumbList","@id":"https:\/\/www.smartsearchwp.com\/de\/installieren-sie-ein-kostenloses-wordpress-ai-chatbot-plugin-auf-wordpress\/#breadcrumb","itemListElement":[{"@type":"ListItem","position":1,"name":"Accueil","item":"https:\/\/www.smartsearchwp.com\/de\/"},{"@type":"ListItem","position":2,"name":"Installieren Sie ein kostenloses WordPress AI Chatbot Plugin auf WordPress"}]},{"@type":"WebSite","@id":"https:\/\/www.smartsearchwp.com\/de\/#website","url":"https:\/\/www.smartsearchwp.com\/de\/","name":"SmartsearchWP","description":"","publisher":{"@id":"https:\/\/www.smartsearchwp.com\/de\/#organization"},"potentialAction":[{"@type":"SearchAction","target":{"@type":"EntryPoint","urlTemplate":"https:\/\/www.smartsearchwp.com\/de\/?s={search_term_string}"},"query-input":{"@type":"PropertyValueSpecification","valueRequired":true,"valueName":"search_term_string"}}],"inLanguage":"de"},{"@type":"Organization","@id":"https:\/\/www.smartsearchwp.com\/de\/#organization","name":"SmartsearchWP","url":"https:\/\/www.smartsearchwp.com\/de\/","logo":{"@type":"ImageObject","inLanguage":"de","@id":"https:\/\/www.smartsearchwp.com\/de\/#\/schema\/logo\/image\/","url":"https:\/\/www.smartsearchwp.com\/wp-content\/uploads\/2023\/11\/logo-smartSearchWp-white-1.png","contentUrl":"https:\/\/www.smartsearchwp.com\/wp-content\/uploads\/2023\/11\/logo-smartSearchWp-white-1.png","width":350,"height":100,"caption":"SmartsearchWP"},"image":{"@id":"https:\/\/www.smartsearchwp.com\/de\/#\/schema\/logo\/image\/"}}]}},"_links":{"self":[{"href":"https:\/\/www.smartsearchwp.com\/de\/wp-json\/wp\/v2\/pages\/4370","targetHints":{"allow":["GET"]}}],"collection":[{"href":"https:\/\/www.smartsearchwp.com\/de\/wp-json\/wp\/v2\/pages"}],"about":[{"href":"https:\/\/www.smartsearchwp.com\/de\/wp-json\/wp\/v2\/types\/page"}],"author":[{"embeddable":true,"href":"https:\/\/www.smartsearchwp.com\/de\/wp-json\/wp\/v2\/users\/1"}],"replies":[{"embeddable":true,"href":"https:\/\/www.smartsearchwp.com\/de\/wp-json\/wp\/v2\/comments?post=4370"}],"version-history":[{"count":1,"href":"https:\/\/www.smartsearchwp.com\/de\/wp-json\/wp\/v2\/pages\/4370\/revisions"}],"predecessor-version":[{"id":4371,"href":"https:\/\/www.smartsearchwp.com\/de\/wp-json\/wp\/v2\/pages\/4370\/revisions\/4371"}],"wp:attachment":[{"href":"https:\/\/www.smartsearchwp.com\/de\/wp-json\/wp\/v2\/media?parent=4370"}],"wp:term":[{"taxonomy":"category","embeddable":true,"href":"https:\/\/www.smartsearchwp.com\/de\/wp-json\/wp\/v2\/categories?post=4370"},{"taxonomy":"post_tag","embeddable":true,"href":"https:\/\/www.smartsearchwp.com\/de\/wp-json\/wp\/v2\/tags?post=4370"}],"curies":[{"name":"wp","href":"https:\/\/api.w.org\/{rel}","templated":true}]}}