{"id":4350,"date":"2025-08-25T11:30:48","date_gmt":"2025-08-25T09:30:48","guid":{"rendered":"https:\/\/www.smartsearchwp.com\/wie-man-den-openai-api-schluessel-in-den-chatbot-chagpt-wordpress-smartsearchwp-integriert\/"},"modified":"2026-04-27T18:14:09","modified_gmt":"2026-04-27T16:14:09","slug":"wie-man-den-openai-api-schluessel-in-den-chatbot-chagpt-wordpress-smartsearchwp-integriert","status":"publish","type":"page","link":"https:\/\/www.smartsearchwp.com\/de\/wie-man-den-openai-api-schluessel-in-den-chatbot-chagpt-wordpress-smartsearchwp-integriert\/","title":{"rendered":"Wie man den OpenAi API-Schl\u00fcssel in den Chatbot chagpt wordpress Smartsearchwp integriert"},"content":{"rendered":"\t\t<div data-elementor-type=\"wp-page\" data-elementor-id=\"4350\" class=\"elementor elementor-4350 elementor-4289\" data-elementor-post-type=\"page\">\n\t\t\t\t<div data-particle_enable=\"false\" data-particle-mobile-disabled=\"false\" class=\"elementor-element elementor-element-09568cc e-flex e-con-boxed e-con e-parent\" data-id=\"09568cc\" data-element_type=\"container\" data-e-type=\"container\">\n\t\t\t\t\t<div class=\"e-con-inner\">\n\t\t\t\t<div class=\"elementor-element elementor-element-590f1e4 elementor-widget elementor-widget-text-editor\" data-id=\"590f1e4\" data-element_type=\"widget\" data-e-type=\"widget\" data-widget_type=\"text-editor.default\">\n\t\t\t\t<div class=\"elementor-widget-container\">\n\t\t\t\t\t\t\t\t\t<p>Schalten Sie die KI-Suche in wenigen Minuten frei! Dieses schrittweise WordPress Tutorial zeigt Ihnen, wie Sie Ihren OpenAI API-Schl\u00fcssel generieren, ihn in das SmartSearchWP Plugin integrieren und GPT-4o f\u00fcr einen schnellen und pr\u00e4zisen Chatbot auf Ihrer Webseite konfigurieren. <\/p><p>Wir decken alle wesentlichen Schritte ab &#8211; es ist keine Kodierung erforderlich. Was Sie in diesem Video lernen :<\/p><ul><li>Wie Sie sich bei der OpenAI-Plattform anmelden, ein Projekt erstellen, Ihren geheimen API-Schl\u00fcssel generieren und die Berechtigungsstufen verstehen (All vs. Restricted vs. Read-Only)<\/li><li>Kopieren\/Einf\u00fcgen des Schl\u00fcssels in SmartSearchWP und Validierung, Auswahl des besten Modells ChatGPT: Wir vergleichen GPT-3.5 Turbo und GPT-4o und erkl\u00e4ren, warum GPT-4o schnellere und zuverl\u00e4ssigere Antworten liefert.<\/li><li>Speichern Sie Ihre Einstellungen und f\u00fchren Sie einen Schnelltest durch, indem Sie fragen &#8222;Wie geht es Ihnen?&#8220;. &#8211; eine generische Antwort bedeutet, dass Ihr Schl\u00fcssel funktioniert.<\/li><li>Tipps zur Fehlerbehebung: Aktivieren Sie den Debugging-Modus in SmartSearchWP, lesen Sie die Fehlerprotokolle und deaktivieren Sie das Debugging in der Produktion.<\/li><li>Bew\u00e4hrte Sicherheitsverfahren: Halten Sie Ihren API-Schl\u00fcssel privat, drehen Sie ihn, wenn er offengelegt wird, und verwenden Sie separate Schl\u00fcssel f\u00fcr die Test- und die Produktionsphase.<\/li><\/ul><p>Ob Sie einen KI-Suchassistenten bauen oder mit Chatbots experimentieren, dieses Video wird Sie schnell in die Lage versetzen, Ihre Arbeit aufzunehmen.<\/p><p>Wenn Sie dieses Tutorial hilfreich fanden, geben Sie ihm bitte ein \ud83d\udc4d und abonnieren Sie weitere WordPress-Anleitungen zur KI.<\/p>\t\t\t\t\t\t\t\t<\/div>\n\t\t\t\t<\/div>\n\t\t\t\t<div class=\"elementor-element elementor-element-6a8f0a4 dce_masking-none elementor-widget elementor-widget-video\" data-id=\"6a8f0a4\" data-element_type=\"widget\" data-e-type=\"widget\" data-settings=\"{&quot;youtube_url&quot;:&quot;https:\\\/\\\/youtu.be\\\/y9shfYvncIg&quot;,&quot;autoplay&quot;:&quot;yes&quot;,&quot;cc_load_policy&quot;:&quot;yes&quot;,&quot;video_type&quot;:&quot;youtube&quot;,&quot;controls&quot;:&quot;yes&quot;}\" data-widget_type=\"video.default\">\n\t\t\t\t<div class=\"elementor-widget-container\">\n\t\t\t\t\t\t\t<div class=\"elementor-wrapper elementor-open-inline\">\n\t\t\t<div class=\"elementor-video\"><\/div>\t\t<\/div>\n\t\t\t\t\t\t<\/div>\n\t\t\t\t<\/div>\n\t\t\t\t\t<\/div>\n\t\t\t\t<\/div>\n\t\t<div data-particle_enable=\"false\" data-particle-mobile-disabled=\"false\" class=\"elementor-element elementor-element-d723d5c e-flex e-con-boxed e-con e-parent\" data-id=\"d723d5c\" data-element_type=\"container\" data-e-type=\"container\">\n\t\t\t\t\t<div class=\"e-con-inner\">\n\t\t\t\t<div class=\"elementor-element elementor-element-48c57de elementor-widget elementor-widget-heading\" data-id=\"48c57de\" data-element_type=\"widget\" data-e-type=\"widget\" data-widget_type=\"heading.default\">\n\t\t\t\t<div class=\"elementor-widget-container\">\n\t\t\t\t\t<h2 class=\"elementor-heading-title elementor-size-default\">Wie Sie Ihren OpenAI API-Schl\u00fcssel mit SmartSearchWP verbinden k\u00f6nnen<\/h2>\t\t\t\t<\/div>\n\t\t\t\t<\/div>\n\t\t\t\t<div class=\"elementor-element elementor-element-fd49e71 elementor-widget elementor-widget-text-editor\" data-id=\"fd49e71\" data-element_type=\"widget\" data-e-type=\"widget\" data-widget_type=\"text-editor.default\">\n\t\t\t\t<div class=\"elementor-widget-container\">\n\t\t\t\t\t\t\t\t\t<p data-start=\"209\" data-end=\"528\">Nachdem Sie das <strong data-start=\"240\" data-end=\"257\">SmartSearchWP<\/strong> Plugin auf Ihrer WordPress Seite installiert haben, ist der n\u00e4chste Schritt die <strong data-start=\"308\" data-end=\"342\">Verbindung<\/strong> mit <strong data-start=\"308\" data-end=\"342\">Ihrem OpenAI API Key<\/strong>.<br data-start=\"343\" data-end=\"346\">Dieser Key ist notwendig, damit SmartSearchWP mit ChatGPT (GPT-3.5 oder GPT-4o) zusammenarbeiten und Ihren Besuchern eine intelligente Konversationssuche anbieten kann.<\/p><p data-start=\"530\" data-end=\"709\">In dieser Anleitung wird Schritt f\u00fcr Schritt beschrieben, wie Sie Ihren Schl\u00fcssel auf der OpenAI-Plattform generieren, ihn in SmartSearchWP einf\u00fcgen, die Verbindung validieren und die korrekte Funktion testen.<\/p><hr data-start=\"711\" data-end=\"714\"><h3 data-start=\"716\" data-end=\"773\">Schritt 1 &#8211; Erstellen eines API-Schl\u00fcssels auf der OpenAI-Plattform<\/h3><ol data-start=\"775\" data-end=\"1663\"><li data-start=\"775\" data-end=\"885\"><p data-start=\"778\" data-end=\"885\">Besuchen Sie uns auf <strong data-start=\"794\" data-end=\"849\"><a class=\"decorated-link\" href=\"https:\/\/platform.openai.com\/\" target=\"_new\" rel=\"noopener\" data-start=\"796\" data-end=\"847\">platform.openai.com<\/a><\/strong> und loggen Sie sich in Ihr Konto ein.<\/p><\/li><li data-start=\"886\" data-end=\"967\"><p data-start=\"889\" data-end=\"967\">Klicken Sie auf das <strong data-start=\"909\" data-end=\"936\">Zahnradsymbol (Settings)<\/strong> in der oberen rechten Ecke des Bildschirms.<\/p><\/li><li data-start=\"968\" data-end=\"1013\"><p data-start=\"971\" data-end=\"1013\">W\u00e4hlen Sie im Men\u00fc <strong data-start=\"998\" data-end=\"1010\">API Keys<\/strong>.<\/p><\/li><li data-start=\"1014\" data-end=\"1510\"><p data-start=\"1017\" data-end=\"1057\">Klicken Sie auf <strong data-start=\"1029\" data-end=\"1054\">Create new secret key<\/strong>.<\/p><ul data-start=\"1061\" data-end=\"1510\"><li data-start=\"1061\" data-end=\"1134\"><p data-start=\"1063\" data-end=\"1134\">Geben Sie Ihrem Schl\u00fcssel einen <strong data-start=\"1073\" data-end=\"1086\">eindeutigen Namen<\/strong> (z.B. <em data-start=\"1104\" data-end=\"1130\">SmartSearchWP Production<\/em>).<\/p><\/li><li data-start=\"1138\" data-end=\"1213\"><p data-start=\"1140\" data-end=\"1213\">W\u00e4hlen Sie ein <strong data-start=\"1156\" data-end=\"1166\">Projekt<\/strong> (falls noch keines vorhanden ist, m\u00fcssen Sie eines erstellen).<\/p><\/li><li data-start=\"1217\" data-end=\"1510\"><p data-start=\"1219\" data-end=\"1253\">W\u00e4hlen Sie die <strong data-start=\"1234\" data-end=\"1249\">Berechtigungen<\/strong>:<\/p><ul data-start=\"1259\" data-end=\"1510\"><li data-start=\"1259\" data-end=\"1336\"><p data-start=\"1261\" data-end=\"1336\"><strong data-start=\"1261\" data-end=\"1268\">All<\/strong>: Voller Zugriff, empfohlen, wenn der Schl\u00fcssel f\u00fcr SmartSearchWP bestimmt ist.<\/p><\/li><li data-start=\"1342\" data-end=\"1418\"><p data-start=\"1344\" data-end=\"1418\"><strong data-start=\"1344\" data-end=\"1358\">Restricted<\/strong>: Beschr\u00e4nkter Zugriff auf bestimmte Modelle, um die Sicherheit zu erh\u00f6hen.<\/p><\/li><li data-start=\"1424\" data-end=\"1510\"><p data-start=\"1426\" data-end=\"1510\"><strong data-start=\"1426\" data-end=\"1439\">Read Only<\/strong>: Nur <strong data-start=\"1426\" data-end=\"1439\">lesen<\/strong> &#8211; \u26a0\ufe0f funktioniert nicht mit SmartSearchWP.<\/p><\/li><\/ul><\/li><\/ul><\/li><li data-start=\"1511\" data-end=\"1550\"><p data-start=\"1514\" data-end=\"1550\">Klicken Sie auf <strong data-start=\"1526\" data-end=\"1547\">Create secret key (Geheimschl\u00fcssel erstellen<\/strong>).<\/p><\/li><li data-start=\"1551\" data-end=\"1663\"><p data-start=\"1554\" data-end=\"1663\">Kopieren Sie den Schl\u00fcssel sofort: Dies ist das einzige Mal, dass Sie den vollen Wert sehen. Bewahren Sie den Schl\u00fcssel an einem sicheren Ort auf. <\/p><\/li><\/ol><hr data-start=\"1665\" data-end=\"1668\"><h3 data-start=\"1670\" data-end=\"1730\">Schritt 2 &#8211; Den Schl\u00fcssel in SmartSearchWP integrieren und validieren<\/h3><ol data-start=\"1732\" data-end=\"2304\"><li data-start=\"1732\" data-end=\"1773\"><p data-start=\"1735\" data-end=\"1773\">\u00d6ffnen Sie das WordPress-Dashboard.<\/p><\/li><li data-start=\"1774\" data-end=\"1844\"><p data-start=\"1777\" data-end=\"1844\">Klicken Sie im Men\u00fc auf <strong data-start=\"1803\" data-end=\"1841\">SmartSearchWP &gt; Settings &gt; General<\/strong>.<\/p><\/li><li data-start=\"1845\" data-end=\"1897\"><p data-start=\"1848\" data-end=\"1897\">F\u00fcgen Sie den Schl\u00fcssel in das Feld <strong data-start=\"1876\" data-end=\"1894\">OpenAI API Key<\/strong> ein.<\/p><\/li><li data-start=\"1898\" data-end=\"1972\"><p data-start=\"1901\" data-end=\"1972\">Klicken Sie auf <strong data-start=\"1913\" data-end=\"1929\">Validate Key<\/strong>, um zu \u00fcberpr\u00fcfen, ob der <strong data-start=\"1913\" data-end=\"1929\">Schl\u00fcssel<\/strong> erkannt wurde.<\/p><\/li><li data-start=\"1973\" data-end=\"2238\"><p data-start=\"1976\" data-end=\"2048\">W\u00e4hlen Sie im Abschnitt <strong data-start=\"1992\" data-end=\"2011\">Model selection<\/strong> Ihr bevorzugtes Modell aus:<\/p><ul data-start=\"2052\" data-end=\"2238\"><li data-start=\"2052\" data-end=\"2172\"><p data-start=\"2054\" data-end=\"2172\"><strong data-start=\"2054\" data-end=\"2064\">GPT-4o<\/strong> (sehr empfohlen): Schneller und genauer als GPT-3.5, ideal f\u00fcr ein fl\u00fcssiges Erlebnis.<\/p><\/li><li data-start=\"2176\" data-end=\"2238\"><p data-start=\"2178\" data-end=\"2238\"><strong data-start=\"2178\" data-end=\"2195\">GPT-3.5 Turbo<\/strong>: g\u00fcnstiger, aber weniger leistungsstark.<\/p><\/li><\/ul><\/li><li data-start=\"2239\" data-end=\"2304\"><p data-start=\"2242\" data-end=\"2304\">Gehen Sie zum Ende der Seite und klicken Sie auf <strong data-start=\"2285\" data-end=\"2301\">Save Changes<\/strong>.<\/p><\/li><\/ol><hr data-start=\"2306\" data-end=\"2309\"><h3 data-start=\"2311\" data-end=\"2343\">Schritt 3 &#8211; Testen des Chatbots<\/h3><p data-start=\"246\" data-end=\"296\">Um zu \u00fcberpr\u00fcfen, ob alles richtig funktioniert :<\/p><ol data-start=\"298\" data-end=\"574\"><li data-start=\"298\" data-end=\"380\"><p data-start=\"301\" data-end=\"380\">Gehen Sie zum WordPress-Dashboard, \u00f6ffnen Sie <strong data-start=\"349\" data-end=\"377\">SmartSearchWP &gt; Contexts<\/strong>.<\/p><\/li><li data-start=\"381\" data-end=\"483\"><p data-start=\"384\" data-end=\"483\">W\u00e4hlen Sie mindestens eine Seite oder einen Artikel aus und <strong data-start=\"435\" data-end=\"453\">trainieren Sie die KI<\/strong> durch das Generieren von Einbettungen.<\/p><\/li><li data-start=\"484\" data-end=\"574\"><p data-start=\"487\" data-end=\"574\">Stellen Sie sicher, dass Sie<strong data-start=\"502\" data-end=\"525\">diesen Kontext aktivieren<\/strong>, damit er vom Chatbot ber\u00fccksichtigt wird.<\/p><\/li><\/ol><p data-start=\"576\" data-end=\"587\">Anschlie\u00dfend :<\/p><ol start=\"4\" data-start=\"589\" data-end=\"734\"><li data-start=\"589\" data-end=\"635\"><p data-start=\"592\" data-end=\"635\">Gehen Sie zum <strong data-start=\"605\" data-end=\"632\">Front-End Ihrer Website<\/strong>.<\/p><\/li><li data-start=\"636\" data-end=\"673\"><p data-start=\"639\" data-end=\"673\">\u00d6ffnen Sie den SmartSearchWP Chatbot.<\/p><\/li><li data-start=\"674\" data-end=\"734\"><p data-start=\"677\" data-end=\"734\">Stellen Sie eine einfache Frage wie <em data-start=\"709\" data-end=\"731\">&#8222;Wie geht es Ihnen?&#8220;.<\/em><\/p><\/li><\/ol><p data-start=\"736\" data-end=\"769\">\ud83d\udc49 Wenn alles richtig konfiguriert ist :<\/p><ul data-start=\"770\" data-end=\"976\"><li data-start=\"770\" data-end=\"856\"><p data-start=\"772\" data-end=\"856\">Der Chatbot wird mit einer <strong data-start=\"801\" data-end=\"822\">generischen Antwort<\/strong> antworten, wenn der Kontext noch leer ist.<\/p><\/li><li data-start=\"857\" data-end=\"976\"><p data-start=\"859\" data-end=\"976\">Sobald Ihr Inhalt indexiert und aktiviert ist, kann er <strong data-start=\"927\" data-end=\"973\">relevante Antworten auf der Grundlage Ihrer Website<\/strong> liefern.<\/p><\/li><\/ul><hr data-start=\"2675\" data-end=\"2678\"><h3 data-start=\"2680\" data-end=\"2735\">Schritt 4 &#8211; Aktivieren Sie den Debug-Modus bei Problemen<\/h3><p data-start=\"2737\" data-end=\"2794\">Wenn der Chatbot nicht antwortet oder ein Fehler angezeigt wird :<\/p><ol data-start=\"2795\" data-end=\"3200\"><li data-start=\"2795\" data-end=\"2844\"><p data-start=\"2798\" data-end=\"2844\">Gehen Sie zur\u00fcck zu <strong data-start=\"2813\" data-end=\"2841\">SmartSearchWP &gt; Settings<\/strong>.<\/p><\/li><li data-start=\"2845\" data-end=\"2990\"><p data-start=\"2848\" data-end=\"2886\">Klicken Sie auf <strong data-start=\"2860\" data-end=\"2883\">Debug-Modus aktivieren<\/strong>.<\/p><ul data-start=\"2890\" data-end=\"2990\"><li data-start=\"2890\" data-end=\"2990\"><p data-start=\"2892\" data-end=\"2990\">\u26a0\ufe0f Aktivieren Sie ihn nur f\u00fcr die Diagnose und denken Sie daran, ihn <strong data-start=\"2951\" data-end=\"2987\">danach f\u00fcr die Produktion zu deaktivieren<\/strong>.<\/p><\/li><\/ul><\/li><li data-start=\"2991\" data-end=\"3200\"><p data-start=\"2994\" data-end=\"3047\">Klicken Sie im Men\u00fc auf der linken Seite auf <strong data-start=\"3030\" data-end=\"3044\">Error Logs<\/strong>.<\/p><ul data-start=\"3051\" data-end=\"3200\"><li data-start=\"3051\" data-end=\"3118\"><p data-start=\"3053\" data-end=\"3118\">Standardm\u00e4\u00dfig werden nur OpenAI-Fehlermeldungen gespeichert.<\/p><\/li><li data-start=\"3122\" data-end=\"3200\"><p data-start=\"3124\" data-end=\"3200\">Im Debug-Modus werden auch anwendungsbezogene Fehler angezeigt.<\/p><\/li><\/ul><\/li><\/ol><p data-start=\"3202\" data-end=\"3297\">\ud83d\udc49 Ein separates Video erkl\u00e4rt ausf\u00fchrlich die verschiedenen m\u00f6glichen Fehler und ihre L\u00f6sungen.<\/p><hr data-start=\"3299\" data-end=\"3302\"><h3 data-start=\"3304\" data-end=\"3337\">Gute Sicherheitspraktiken<\/h3><ul data-start=\"3339\" data-end=\"3640\"><li data-start=\"3339\" data-end=\"3414\"><p data-start=\"3341\" data-end=\"3414\"><strong data-start=\"3341\" data-end=\"3377\">Geben Sie Ihren API-Schl\u00fcssel niemals<\/strong> in einem \u00f6ffentlichen Code oder auf einer \u00f6ffentlichen Seite <strong data-start=\"3341\" data-end=\"3377\">weiter<\/strong>.<\/p><\/li><li data-start=\"3415\" data-end=\"3499\"><p data-start=\"3417\" data-end=\"3499\">Beschr\u00e4nken Sie den Zugriff auf die SmartSearchWP-Einstellungen nur auf Administratoren.<\/p><\/li><li data-start=\"3500\" data-end=\"3554\"><p data-start=\"3502\" data-end=\"3554\"><strong data-start=\"3502\" data-end=\"3529\">\u00c4ndern Sie den Schl\u00fcssel (rotate)<\/strong>, wenn er offengelegt wurde.<\/p><\/li><li data-start=\"3555\" data-end=\"3640\"><p data-start=\"3557\" data-end=\"3640\">Verwenden Sie separate Schl\u00fcssel f\u00fcr Ihre <strong data-start=\"3608\" data-end=\"3619\">Staging-<\/strong> und <strong data-start=\"3623\" data-end=\"3637\">Produktionsumgebungen<\/strong>.<\/p><\/li><\/ul><hr data-start=\"3642\" data-end=\"3645\"><p data-start=\"3647\" data-end=\"3662\"> <\/p><p data-start=\"3647\" data-end=\"3662\"><span style=\"color: #3a3a3a; font-size: 15px; font-weight: 400;\">Sie haben nun eine Verbindung zu <\/span><strong style=\"color: #3a3a3a; font-size: 15px;\" data-start=\"3691\" data-end=\"3708\">SmartSearchWP<\/strong><span style=\"color: #3a3a3a; font-size: 15px; font-weight: 400;\"> mit der OpenAI API \ud83c\udf89 verbunden.<br><\/span><span style=\"color: #3a3a3a; font-size: 15px; font-weight: 400;\">Ihr Chatbot ist betriebsbereit und bereit, mit Ihren Besuchern zu interagieren.<\/span><\/p><p data-start=\"3804\" data-end=\"4003\">\ud83d\udc49 Im n\u00e4chsten Tutorial werden wir sehen, wie Sie <strong data-start=\"3855\" data-end=\"3925\">die Einstellungen der Vorlage verfeinern und Inhaltskontexte verwalten<\/strong> k\u00f6nnen, damit die Antworten immer relevant und auf Ihre Seite zugeschnitten sind.<\/p>\t\t\t\t\t\t\t\t<\/div>\n\t\t\t\t<\/div>\n\t\t\t\t\t<\/div>\n\t\t\t\t<\/div>\n\t\t\t\t<\/div>\n\t\t","protected":false},"excerpt":{"rendered":"<p>Schalten Sie die KI-Suche in wenigen Minuten frei! Dieses schrittweise WordPress Tutorial zeigt Ihnen, wie Sie Ihren OpenAI API-Schl\u00fcssel generieren, ihn in das SmartSearchWP Plugin integrieren und GPT-4o f\u00fcr einen schnellen und pr\u00e4zisen Chatbot auf Ihrer Webseite konfigurieren. Wir decken alle wesentlichen Schritte ab &#8211; es ist keine Kodierung erforderlich. Was Sie in diesem Video [&hellip;]<\/p>\n","protected":false},"author":1,"featured_media":0,"parent":0,"menu_order":0,"comment_status":"closed","ping_status":"closed","template":"","meta":{"_acf_changed":false,"footnotes":""},"categories":[109],"tags":[],"class_list":["post-4350","page","type-page","status-publish","hentry","category-tutoriels"],"acf":[],"yoast_head":"<!-- This site is optimized with the Yoast SEO plugin v27.4 - https:\/\/yoast.com\/product\/yoast-seo-wordpress\/ -->\n<title>Wie man den OpenAi API-Schl\u00fcssel in den Chatbot chagpt wordpress Smartsearchwp integriert - SmartsearchWP<\/title>\n<meta name=\"robots\" content=\"index, follow, max-snippet:-1, max-image-preview:large, max-video-preview:-1\" \/>\n<link rel=\"canonical\" href=\"https:\/\/www.smartsearchwp.com\/de\/wie-man-den-openai-api-schluessel-in-den-chatbot-chagpt-wordpress-smartsearchwp-integriert\/\" \/>\n<meta property=\"og:locale\" content=\"de_DE\" \/>\n<meta property=\"og:type\" content=\"article\" \/>\n<meta property=\"og:title\" content=\"Wie man den OpenAi API-Schl\u00fcssel in den Chatbot chagpt wordpress Smartsearchwp integriert - SmartsearchWP\" \/>\n<meta property=\"og:description\" content=\"Schalten Sie die KI-Suche in wenigen Minuten frei! Dieses schrittweise WordPress Tutorial zeigt Ihnen, wie Sie Ihren OpenAI API-Schl\u00fcssel generieren, ihn in das SmartSearchWP Plugin integrieren und GPT-4o f\u00fcr einen schnellen und pr\u00e4zisen Chatbot auf Ihrer Webseite konfigurieren. Wir decken alle wesentlichen Schritte ab &#8211; es ist keine Kodierung erforderlich. Was Sie in diesem Video [&hellip;]\" \/>\n<meta property=\"og:url\" content=\"https:\/\/www.smartsearchwp.com\/de\/wie-man-den-openai-api-schluessel-in-den-chatbot-chagpt-wordpress-smartsearchwp-integriert\/\" \/>\n<meta property=\"og:site_name\" content=\"SmartsearchWP\" \/>\n<meta property=\"article:modified_time\" content=\"2026-04-27T16:14:09+00:00\" \/>\n<meta name=\"twitter:card\" content=\"summary_large_image\" \/>\n<meta name=\"twitter:label1\" content=\"Gesch\u00e4tzte Lesezeit\" \/>\n\t<meta name=\"twitter:data1\" content=\"4\u00a0Minuten\" \/>\n<!-- \/ Yoast SEO plugin. -->","yoast_head_json":{"title":"Wie man den OpenAi API-Schl\u00fcssel in den Chatbot chagpt wordpress Smartsearchwp integriert - SmartsearchWP","robots":{"index":"index","follow":"follow","max-snippet":"max-snippet:-1","max-image-preview":"max-image-preview:large","max-video-preview":"max-video-preview:-1"},"canonical":"https:\/\/www.smartsearchwp.com\/de\/wie-man-den-openai-api-schluessel-in-den-chatbot-chagpt-wordpress-smartsearchwp-integriert\/","og_locale":"de_DE","og_type":"article","og_title":"Wie man den OpenAi API-Schl\u00fcssel in den Chatbot chagpt wordpress Smartsearchwp integriert - SmartsearchWP","og_description":"Schalten Sie die KI-Suche in wenigen Minuten frei! Dieses schrittweise WordPress Tutorial zeigt Ihnen, wie Sie Ihren OpenAI API-Schl\u00fcssel generieren, ihn in das SmartSearchWP Plugin integrieren und GPT-4o f\u00fcr einen schnellen und pr\u00e4zisen Chatbot auf Ihrer Webseite konfigurieren. Wir decken alle wesentlichen Schritte ab &#8211; es ist keine Kodierung erforderlich. Was Sie in diesem Video [&hellip;]","og_url":"https:\/\/www.smartsearchwp.com\/de\/wie-man-den-openai-api-schluessel-in-den-chatbot-chagpt-wordpress-smartsearchwp-integriert\/","og_site_name":"SmartsearchWP","article_modified_time":"2026-04-27T16:14:09+00:00","twitter_card":"summary_large_image","twitter_misc":{"Gesch\u00e4tzte Lesezeit":"4\u00a0Minuten"},"schema":{"@context":"https:\/\/schema.org","@graph":[{"@type":"WebPage","@id":"https:\/\/www.smartsearchwp.com\/de\/wie-man-den-openai-api-schluessel-in-den-chatbot-chagpt-wordpress-smartsearchwp-integriert\/","url":"https:\/\/www.smartsearchwp.com\/de\/wie-man-den-openai-api-schluessel-in-den-chatbot-chagpt-wordpress-smartsearchwp-integriert\/","name":"Wie man den OpenAi API-Schl\u00fcssel in den Chatbot chagpt wordpress Smartsearchwp integriert - SmartsearchWP","isPartOf":{"@id":"https:\/\/www.smartsearchwp.com\/de\/#website"},"datePublished":"2025-08-25T09:30:48+00:00","dateModified":"2026-04-27T16:14:09+00:00","breadcrumb":{"@id":"https:\/\/www.smartsearchwp.com\/de\/wie-man-den-openai-api-schluessel-in-den-chatbot-chagpt-wordpress-smartsearchwp-integriert\/#breadcrumb"},"inLanguage":"de","potentialAction":[{"@type":"ReadAction","target":["https:\/\/www.smartsearchwp.com\/de\/wie-man-den-openai-api-schluessel-in-den-chatbot-chagpt-wordpress-smartsearchwp-integriert\/"]}]},{"@type":"BreadcrumbList","@id":"https:\/\/www.smartsearchwp.com\/de\/wie-man-den-openai-api-schluessel-in-den-chatbot-chagpt-wordpress-smartsearchwp-integriert\/#breadcrumb","itemListElement":[{"@type":"ListItem","position":1,"name":"Accueil","item":"https:\/\/www.smartsearchwp.com\/de\/"},{"@type":"ListItem","position":2,"name":"Wie man den OpenAi API-Schl\u00fcssel in den Chatbot chagpt wordpress Smartsearchwp integriert"}]},{"@type":"WebSite","@id":"https:\/\/www.smartsearchwp.com\/de\/#website","url":"https:\/\/www.smartsearchwp.com\/de\/","name":"SmartsearchWP","description":"","publisher":{"@id":"https:\/\/www.smartsearchwp.com\/de\/#organization"},"potentialAction":[{"@type":"SearchAction","target":{"@type":"EntryPoint","urlTemplate":"https:\/\/www.smartsearchwp.com\/de\/?s={search_term_string}"},"query-input":{"@type":"PropertyValueSpecification","valueRequired":true,"valueName":"search_term_string"}}],"inLanguage":"de"},{"@type":"Organization","@id":"https:\/\/www.smartsearchwp.com\/de\/#organization","name":"SmartsearchWP","url":"https:\/\/www.smartsearchwp.com\/de\/","logo":{"@type":"ImageObject","inLanguage":"de","@id":"https:\/\/www.smartsearchwp.com\/de\/#\/schema\/logo\/image\/","url":"https:\/\/www.smartsearchwp.com\/wp-content\/uploads\/2023\/11\/logo-smartSearchWp-white-1.png","contentUrl":"https:\/\/www.smartsearchwp.com\/wp-content\/uploads\/2023\/11\/logo-smartSearchWp-white-1.png","width":350,"height":100,"caption":"SmartsearchWP"},"image":{"@id":"https:\/\/www.smartsearchwp.com\/de\/#\/schema\/logo\/image\/"}}]}},"_links":{"self":[{"href":"https:\/\/www.smartsearchwp.com\/de\/wp-json\/wp\/v2\/pages\/4350","targetHints":{"allow":["GET"]}}],"collection":[{"href":"https:\/\/www.smartsearchwp.com\/de\/wp-json\/wp\/v2\/pages"}],"about":[{"href":"https:\/\/www.smartsearchwp.com\/de\/wp-json\/wp\/v2\/types\/page"}],"author":[{"embeddable":true,"href":"https:\/\/www.smartsearchwp.com\/de\/wp-json\/wp\/v2\/users\/1"}],"replies":[{"embeddable":true,"href":"https:\/\/www.smartsearchwp.com\/de\/wp-json\/wp\/v2\/comments?post=4350"}],"version-history":[{"count":4,"href":"https:\/\/www.smartsearchwp.com\/de\/wp-json\/wp\/v2\/pages\/4350\/revisions"}],"predecessor-version":[{"id":4602,"href":"https:\/\/www.smartsearchwp.com\/de\/wp-json\/wp\/v2\/pages\/4350\/revisions\/4602"}],"wp:attachment":[{"href":"https:\/\/www.smartsearchwp.com\/de\/wp-json\/wp\/v2\/media?parent=4350"}],"wp:term":[{"taxonomy":"category","embeddable":true,"href":"https:\/\/www.smartsearchwp.com\/de\/wp-json\/wp\/v2\/categories?post=4350"},{"taxonomy":"post_tag","embeddable":true,"href":"https:\/\/www.smartsearchwp.com\/de\/wp-json\/wp\/v2\/tags?post=4350"}],"curies":[{"name":"wp","href":"https:\/\/api.w.org\/{rel}","templated":true}]}}