{"id":1811,"date":"2023-11-23T15:49:46","date_gmt":"2023-11-23T14:49:46","guid":{"rendered":"https:\/\/www.smartsearchwp.com\/datenschutzerklaerung\/"},"modified":"2024-06-25T16:19:00","modified_gmt":"2024-06-25T14:19:00","slug":"datenschutzerklaerung","status":"publish","type":"page","link":"https:\/\/www.smartsearchwp.com\/de\/datenschutzerklaerung\/","title":{"rendered":"Datenschutzerkl\u00e4rung"},"content":{"rendered":"\t\t<div data-elementor-type=\"wp-page\" data-elementor-id=\"1811\" class=\"elementor elementor-1811 elementor-20\" data-elementor-post-type=\"page\">\n\t\t\t\t<div data-particle_enable=\"false\" data-particle-mobile-disabled=\"false\" class=\"elementor-element elementor-element-1482dfe e-flex e-con-boxed e-con e-parent\" data-id=\"1482dfe\" data-element_type=\"container\" data-e-type=\"container\">\n\t\t\t\t\t<div class=\"e-con-inner\">\n\t\t\t\t<div class=\"elementor-element elementor-element-c3dd7cd elementor-widget elementor-widget-text-editor\" data-id=\"c3dd7cd\" data-element_type=\"widget\" data-e-type=\"widget\" data-widget_type=\"text-editor.default\">\n\t\t\t\t<div class=\"elementor-widget-container\">\n\t\t\t\t\t\t\t\t\t<p class=\"p3\"><span class=\"s1\">Der folgende Text beschreibt im Detail, wie<\/span><strong>\n  <span class=\"s2\"> WEBDIGIT <\/span>\n<\/strong><span class=\"s1\">Ihre pers\u00f6nlichen Daten verwendet und sammelt und Sie \u00fcber die Ma\u00dfnahmen informiert, die ergriffen werden, um den Schutz Ihrer pers\u00f6nlichen Daten im Zusammenhang mit der Nutzung der Website gem\u00e4\u00df den Bestimmungen der Verordnung des Europ\u00e4ischen Parlaments und des Rates zum Schutz nat\u00fcrlicher Personen bei der Verarbeitung personenbezogener Daten und zum freien Datenverkehr und zur Aufhebung der Richtlinie 95\/46\/EG (Referenz 2016\/679 &#8211; Allgemeine Datenschutzverordnung) zu gew\u00e4hrleisten. <\/span> <\/p>\n<p class=\"p3\"><strong><span class=\"s2\">WEBDIGIT  <\/span><\/strong><span class=\"s1\">die Privatsph\u00e4re seiner Internetnutzer durch Einhaltung der geltenden Vorschriften sch\u00fctzt. So,  <\/span><strong>\n  <span class=\"s2\">WEBDIGIT<\/span>\n<\/strong><span class=\"s1\">als der f\u00fcr die Verarbeitung Verantwortliche hat die Erhebung und Verarbeitung Ihrer personenbezogenen Daten bei der belgischen Datenschutzkommission (nachstehend &#8222;CPVP&#8220;) angemeldet.<\/span><\/p>\n<p class=\"p4\"><strong>\n  <span class=\"s2\">WEBDIGIT <\/span>\n<\/strong><span class=\"s1\">kann Ihre pers\u00f6nlichen Daten sammeln, insbesondere durch : <\/span> <\/p>\n<p class=\"p5\"><span class=\"s3\">\u2043<\/span><span class=\"s1\"> \u00fcber das Formular &#8222;Kontakt&#8220;,<\/span><\/p>\n<p class=\"p5\"><span class=\"s3\">\u2043<\/span><span class=\"s1\"> bei einem Abonnement des elektronischen Newsletters, der von WEBDIGIT\u00ae angeboten wird. <\/span><strong>\n  <span class=\"s2\">WEBDIGIT<\/span>\n<\/strong><span class=\"s1\">, <\/span> <\/p>\n<p class=\"p5\"><span class=\"s3\">\u2043<\/span><span class=\"s1\"> bei der Einrichtung Ihres &#8222;Kontos&#8220; auf der Website von WEBDIGIT\u00ae. <\/span><strong>\n  <span class=\"s2\">WEBDIGIT<\/span>\n<\/strong><\/p>\n<p class=\"p5\"><span class=\"s3\">\u2043<\/span><span class=\"s1\"> bei der Nutzung unseres Dienstes zur direkten telefonischen Kontaktaufnahme mit der Vertriebs- und Marketingabteilung von WEBDIGIT\u00ae. <\/span><strong>\n  <span class=\"s2\">WEBDIGIT<\/span>\n<\/strong><span class=\"s1\">. <\/span> <\/p>\n<p class=\"p3\"><span class=\"s1\">Pers\u00f6nliche Daten&#8220; bezieht sich auf Informationen \u00fcber Sie als nat\u00fcrliche Person, die Sie freiwillig durch Ausf\u00fcllen eines Formulars auf der Website von WEBIGDOWN.com zur Verf\u00fcgung stellen. <\/span><strong>\n  <span class=\"s2\">WEBDIGIT<\/span>\n<\/strong><span class=\"s1\">oder die Sie von <\/span><strong>\n  <span class=\"s2\">WEBDIGIT<\/span>\n<\/strong><span class=\"s1\">  Diese Informationen werden im Rahmen Ihres Surfens gesammelt und erm\u00f6glichen es, Sie direkt oder indirekt zu identifizieren, unabh\u00e4ngig von ihrer Art. Personenbezogene Daten sind namentliche Daten (wie Ihr Name, Kontaktdaten) und elektronische Identifikationsdaten, die auf oder von Ihrem Computer verf\u00fcgbar sind (wie &#8222;Cookies&#8220;, &#8222;IP-Adressen&#8220; oder Ihre Browsereinstellungen). Ihre elektronischen Identifikationsdaten erm\u00f6glichen es, Ihr Verbindungsterminal oder die aufgerufenen Seiten auf der Website von  <\/span><strong>\n  <span class=\"s2\">WEBDIGIT<\/span>\n<\/strong><span class=\"s1\"> Sie sind im Allgemeinen nicht ausreichend, um Sie namentlich zu identifizieren.<\/span><\/p>\n<p class=\"p2\"><span class=\"s1\">Identit\u00e4t des f\u00fcr die Verarbeitung Verantwortlichen und Zweck der Verarbeitung<\/span><\/p>\n<p class=\"p2\"><span class=\"s1\">Die auf dieser Website gesammelten pers\u00f6nlichen Daten von  <\/span><strong><span class=\"s2\">WEBDIGIT<\/span><\/strong><span class=\"s1\">  k\u00f6nnen verwendet werden von  <\/span><strong><span class=\"s2\">WEBDIGIT  <\/span><\/strong><span class=\"s1\">(im Folgenden bezeichnet als  <\/span><strong><span class=\"s2\">WEBDIGIT<\/span><\/strong><span class=\"s1\">), Gesellschaft  <\/span><strong><span class=\"s2\">WEBDIGIT<\/span><\/strong><span class=\"s1\">mit folgender Unternehmensnummer BE XXXXXXXXXXXXX<b> <\/b>mit Sitz in<b> 10 PLACE DE MOULBAIX, 7812 MOULBAIX (ATH),<\/b> als Verantwortlicher f\u00fcr die Verarbeitung zum Zwecke der :\n&#8211; die Beziehung zu seinen Kunden und Interessenten \u00fcber das Formular &#8222;Kontakt&#8220; zu verwalten\n&#8211; ihre Dienste anbieten, wie z.B. :<\/span><\/p>\n<p class=\"p6\"><span class=\"s3\">\u2043<\/span><span class=\"s1\"> das Abonnement des Newsletters <\/span><strong>\n  <span class=\"s2\">WEBDIGIT<\/span>\n<\/strong><\/p>\n<p class=\"p6\"><span class=\"s3\">\u2043<\/span><span class=\"s1\"> die Einrichtung eines pers\u00f6nlichen Bereichs &#8222;Ihr Konto&#8220;, in dem die pers\u00f6nlichen Daten gespeichert werden, die der Nutzer \u00e4ndern kann.<\/span><\/p>\n<p class=\"p3\"><span class=\"s1\">Einige der gesammelten pers\u00f6nlichen Daten erm\u00f6glichen es uns, Ihnen informative Newsletter und kommerzielle Anfragen per E-Mail zu senden. Wir werden sicherstellen, dass wir Ihre vorherige Zustimmung auf dem Sammelformular auf der Website von  <\/span><strong>\n  <span class=\"s2\">WEBDIGIT <\/span>\n<\/strong><span class=\"s1\">indem Sie die Antwort &#8222;Ja&#8220; auf die Frage &#8222;Ich m\u00f6chte Informationen von WEBDIGIT\u00ae erhalten&#8220; ankreuzen. <\/span><strong>\n  <span class=\"s2\">WEBDIGIT<\/span>\n<\/strong><span class=\"s1\"> \u00fcber Nachrichten, Neuheiten, Veranstaltungen und personalisierte Angebote an meine angegebene E-Mail-Adresse zu erhalten&#8220;.<\/span><\/p>\n<p class=\"p3\"><span class=\"s1\">Die wichtigsten Informationen f\u00fcr <\/span><strong>\n  <span class=\"s2\">WEBDIGIT <\/span>\n<\/strong><span class=\"s1\">um die oben beschriebenen Aufgaben zu erf\u00fcllen, sind mit einem Sternchen auf den verschiedenen Seiten der Website von <\/span><strong>\n  <span class=\"s2\">WEBDIGIT<\/span>\n<\/strong><span class=\"s1\">. Die \u00fcbrigen Informationen sind freiwillig und erm\u00f6glichen es uns, Sie besser kennen zu lernen und unsere Kommunikation und Dienstleistungen f\u00fcr Sie zu verbessern. Die Informationen, die von  <\/span><strong>\n  <span class=\"s2\">WEBDIGIT <\/span>\n<\/strong><span class=\"s1\">sind insbesondere Ihr Name, Vorname, Postanschrift, E-Mail-Adresse und Telefonnummer.<\/span><\/p>\n<p class=\"p2\"><span class=\"s1\">Rechte, die der Besucher hat, um seine Daten zu kontrollieren (Recht auf Zugang, Berichtigung, Widerspruch)<\/span><\/p>\n<p class=\"p2\"><span class=\"s1\">Nutzer, die ihre pers\u00f6nlichen Daten \u00fcber die Website von WEBDIGIT\u00ae bereitgestellt haben. <\/span><strong>\n  <span class=\"s2\">WEBDIGIT <\/span>\n<\/strong><span class=\"s1\">haben ein Recht auf Zugang und Berichtigung ihrer unrichtigen pers\u00f6nlichen Daten (indem sie einen Brief mit einer Kopie eines Identit\u00e4tsnachweises mit Unterschrift an unsere Vertriebs- und Marketingabteilung schicken:\n&#8211; per Post:<b>10 PLACE DE MOULBAIX, 7812 MOULBAIX (ATH)<\/b><\/span><\/p>\n<p class=\"p3\"><span class=\"s1\">&#8211; per E-Mail: Senden Sie eine E-Mail an <\/span><strong>\n  <span class=\"s2\">hello@webdigit.be<\/span>\n<\/strong><\/p>\n<p class=\"p3\"><span class=\"s1\">Die Nutzer haben auch das Recht, der Verarbeitung ihrer Daten aus legitimen Gr\u00fcnden zu widersprechen, sowie das Recht, der weiteren Verwendung ihrer Daten f\u00fcr kommerzielle Zwecke zu widersprechen, indem sie sich an die oben genannte Stelle wenden.\nDie Website von <\/span><strong>\n  <span class=\"s2\">WEBDIGIT <\/span>\n<\/strong><span class=\"s1\">bietet den Internetnutzern die M\u00f6glichkeit, einen Newsletter zu abonnieren, der als &#8222;Newsletter&#8220; bezeichnet wird und insbesondere Informationen \u00fcber die Produkte von <\/span><strong>\n  <span class=\"s2\">WEBDIGIT<\/span>\n<\/strong><span class=\"s1\">Die Website enth\u00e4lt Informationen \u00fcber die Aktivit\u00e4ten von WEBDIGIT, Nachrichten, Veranstaltungen, etc. <\/span> <\/p>\n<p class=\"p3\"><strong>\n  <span class=\"s2\">WEBDIGIT<\/span>\n<\/strong><span class=\"s1\"> bietet Internetnutzern, die keine Newsletter mehr erhalten m\u00f6chten, die M\u00f6glichkeit, sich abzumelden:\n&#8211; entweder durch einen einfachen Klick auf den Abmeldelink am Ende jedes Newsletters.\n&#8211; oder durch das Ausf\u00fcllen des Formulars &#8222;Kontakt&#8220;, indem Sie Ihre Anfrage sowie die E-Mail-Adresse, die Sie abbestellen m\u00f6chten, in Ihrer Nachricht angeben.<\/span><\/p>\n<p class=\"p3\"><span class=\"s1\">Damit wir diesem Wunsch nachkommen k\u00f6nnen, m\u00fcssen Sie uns die zu Ihrer Identifizierung notwendigen Elemente zukommen lassen: Name, Vorname, E-Mail und eventuell Ihre Postanschrift.<\/span><\/p>\n\n<h2 class=\"p2\"><span class=\"s1\">Weitergabe und Offenlegung von pers\u00f6nlichen Daten<\/span><\/h2>\n<p class=\"p3\"><span class=\"s1\">\n<\/span><strong>\n  <span class=\"s2\">WEBDIGIT <\/span>\n<\/strong><span class=\"s1\">und die Anbieter von<\/span><strong>\n  <span class=\"s2\"> WEBDIGIT <\/span>\n<\/strong> <span class=\"s1\">sind die einzigen Empf\u00e4nger der gesammelten Daten. Innerhalb des Unternehmens  <\/span><strong>\n  <span class=\"s2\">WEBDIGIT<\/span>\n<\/strong><span class=\"s1\">Ihre pers\u00f6nlichen Daten k\u00f6nnen an die Abteilungen weitergegeben werden, die f\u00fcr die Verwaltung der Kundenbeziehungen von WEBIGDOWN zust\u00e4ndig sind. <\/span><strong>\n  <span class=\"s2\">WEBDIGIT<\/span>\n<\/strong><span class=\"s1\">. Externe Dienstleister, an die Ihre pers\u00f6nlichen Daten weitergegeben werden k\u00f6nnen, sind insbesondere unsere Hosting-Dienstleister.<\/span><\/p>\n<p class=\"p3\"><strong>\n  <span class=\"s2\">WEBDIGIT <\/span>\n<\/strong><span class=\"s1\">gibt Ihre pers\u00f6nlichen Daten nur dann an Dritte weiter, wenn:\n&#8211; Sie uns vorher Ihre Zustimmung zur Weitergabe dieser Informationen gegeben haben;\n&#8211; Sie uns Ihre Zustimmung zur Weitergabe dieser Informationen gegeben haben. <\/span><strong>\n  <span class=\"s2\">WEBDIGIT <\/span>\n<\/strong><span class=\"s1\">diese Informationen mit seinen Dienstleistern und insbesondere seinen technischen Dienstleistern teilen muss, um Ihnen die Dienstleistung zu erbringen, die Sie angefordert haben (z.B. Versand eines Newsletters);\n&#8211; &#8211; WEBDIGIT. <\/span><strong>\n  <span class=\"s2\">WEBDIGIT <\/span>\n<\/strong><span class=\"s1\">wenn WEBIGDOWN den Antrag einer Justizbeh\u00f6rde oder einer gesetzlich befugten Verwaltungsbeh\u00f6rde erh\u00e4lt, die die \u00dcbermittlung dieser Informationen gem\u00e4\u00df den geltenden gesetzlichen Bestimmungen fordert.<\/span><\/p>\n<p class=\"p3\"><span class=\"s1\">Wenn Sie ein Produkt oder eine Dienstleistung von <\/span><strong>\n  <span class=\"s2\">WEBDIGIT <\/span>\n<\/strong><span class=\"s1\">an einen Bekannten weiterzugeben, best\u00e4tigen Sie ausdr\u00fccklich, dass Sie die Zustimmung des Empf\u00e4ngers der E-Mail erhalten haben.<\/span><\/p>\n\n<h2 class=\"p2\"><span class=\"s1\">Aufbewahrung von Daten  <\/span><span class=\"s4\">\n<\/span><\/h2>\n<p class=\"p3\"><strong>\n  <span class=\"s2\">WEBDIGIT<\/span>\n<\/strong><span class=\"s1\"> kann Ihre pers\u00f6nlichen Daten f\u00fcr einen Zeitraum von bis zu f\u00fcnf Jahren ab dem letzten Kontakt aufbewahren.<\/span><\/p>\n\n<h4 class=\"p2\"><span class=\"s1\">Sicherheitsma\u00dfnahmen<\/span><span class=\"s4\">\n<\/span><\/h4>\n<p class=\"p3\"><strong>\n  <span class=\"s2\">WEBDIGIT <\/span>\n<\/strong><span class=\"s1\">tut sein Bestes, um Ihre pers\u00f6nlichen Daten vor Schaden, Verlust, Missbrauch, Eindringen, Offenlegung, Ver\u00e4nderung oder Zerst\u00f6rung zu sch\u00fctzen. <\/span> <\/p>\n<p class=\"p3\"><span class=\"s1\">Die Computersysteme von <\/span><strong>\n  <span class=\"s2\">WEBDIGIT <\/span>\n<\/strong> <span class=\"s1\">Gegenstand eines physischen und softwarem\u00e4\u00dfigen Schutzes sind, der dem Stand der Technik entspricht. Es werden Verfahren zur physischen und elektronischen Sicherung der auf der Website gesammelten Daten in \u00dcbereinstimmung mit der geltenden europ\u00e4ischen Gesetzgebung zum Schutz personenbezogener Daten angewandt.  <\/span><\/p>\n<p class=\"p3\"><span class=\"s1\">Die Mitarbeiter von <\/span><strong>\n  <span class=\"s2\">WEBDIGIT <\/span>\n<\/strong><span class=\"s1\">die aufgrund ihrer Funktion Zugang zu Ihren pers\u00f6nlichen Daten haben, verpflichten sich, diese Daten streng vertraulich zu behandeln. <\/span> <\/p>\n<p class=\"p3\"><span class=\"s1\">Allerdings, <\/span><strong>\n  <span class=\"s2\">WEBDIGIT <\/span>\n<\/strong> <span class=\"s1\">hat keine Kontrolle \u00fcber die mit der Funktionsweise des Internets verbundenen Risiken und weist Sie auf m\u00f6gliche Risiken im Hinblick auf punktuelle Datenverluste oder die Verletzung der Vertraulichkeit von Daten hin, die \u00fcber dieses Netz \u00fcbertragen werden. Die auf der Webseite angebotenen Informationen k\u00f6nnen aufgrund h\u00f6herer Gewalt oder au\u00dferhalb der Kontrolle von  <\/span><strong>\n  <span class=\"s2\">WEBDIGIT<\/span>\n<\/strong><span class=\"s1\"> oder Fakten, die nicht in den Verantwortungsbereich von WEBIGDIGIT fallen. <\/span><strong>\n  <span class=\"s2\">WEBDIGIT<\/span>\n<\/strong><span class=\"s1\">.<\/span><\/p>\n\n<h2 class=\"p2\"><span class=\"s1\">Informationen \u00fcber Cookies und Browsereinstellungen<\/span><\/h2>\n<p class=\"p3\"><span class=\"s1\">\nZun\u00e4chst einmal ist ein Cookie (auch bekannt als &#8222;Cookie&#8220; oder &#8222;Web Beacon&#8220;) eine Datei, die von einem Internetserver f\u00fcr einen bestimmten Zeitraum auf Ihrer Festplatte abgelegt wird, um Ihnen die Navigation zu erleichtern und die Qualit\u00e4t der Website von <\/span><strong>\n  <span class=\"s2\">WEBDIGIT<\/span>\n<\/strong><span class=\"s1\">. Es muss zwischen so genannten &#8222;Browser-Cookies&#8220; und &#8222;Cookies f\u00fcr statistische Analysen&#8220; unterschieden werden.<\/span><\/p>\n<p class=\"p3\"><span class=\"s1\">Navigations-Cookies erm\u00f6glichen es <\/span><strong>\n  <span class=\"s2\">WEBDIGIT <\/span>\n<\/strong><span class=\"s1\">Ihre Dauer ist auf die Dauer Ihrer Internetsitzung beschr\u00e4nkt, d.h. 20 Minuten ab dem Zeitpunkt Ihrer letzten Aktion auf einer der Seiten der Website.<\/span><\/p>\n<p class=\"p4\"><strong><span class=\"s2\">WEBDIGIT  <\/span><\/strong><span class=\"s1\">st\u00fctzt sich auch auf bestimmte Einstellungen Ihres Browsers, wie z.B. die Sprache oder die Aktivierung von JavaScript, um Ihnen das Surfen zu erleichtern. Die Erkennung der Sprache Ihres Browsers erm\u00f6glicht es zum Beispiel  <\/span><strong>\n  <span class=\"s2\">WEBDIGIT<\/span>\n<\/strong><span class=\"s1\"> um Ihnen die am besten geeignete Version der Website zur Verf\u00fcgung zu stellen.<\/span><\/p>\n<p class=\"p3\"><span class=\"s1\">Cookies f\u00fcr die statistische Analyse erm\u00f6glichen es <\/span><strong>\n  <span class=\"s2\">WEBDIGIT <\/span>\n<\/strong> <span class=\"s1\">Informationen \u00fcber Ihre Navigation auf der Website zu speichern, z. B. die Seiten, die Sie aufgerufen haben, Datum und Uhrzeit des Aufrufs, den Ort Ihrer Verbindung usw. Diese Informationen werden auf der Website gespeichert. Diese Cookies erlauben es uns nicht, Sie pers\u00f6nlich zu identifizieren, die von ihnen gesammelten Daten werden dann zusammengefasst und einem unpers\u00f6nlichen einzelnen Besucher zugeordnet. Diese Daten erm\u00f6glichen es  <\/span><strong><span class=\"s2\">WEBDIGIT  <\/span><\/strong><span class=\"s1\">die Relevanz der Inhalte der Website zu analysieren und zu versuchen, diese zu verbessern. Die Dauer kann bis zu 2 Jahre betragen, um vergleichende Analysen im Laufe der Zeit zu erm\u00f6glichen. Um dies zu tun,<\/span> <strong>\n  <span class=\"s2\"> WEBDIGIT <\/span>\n<\/strong><span class=\"s1\">verwendet das Tool Google Analytics.<\/span><\/p>\n<p class=\"p3\"><span class=\"s1\">Sie k\u00f6nnen Cookies ablehnen, indem Sie die Einstellungen Ihres Internetbrowsers \u00e4ndern. Dies f\u00fchrt jedoch zur L\u00f6schung aller vom Browser verwendeten Cookies, einschlie\u00dflich der von anderen Websites verwendeten, was zur \u00c4nderung oder zum Verlust bestimmter Einstellungen oder Informationen f\u00fchren kann. Die L\u00f6schung von Cookies kann dazu f\u00fchren, dass die Navigation auf der Seite von  <\/span><span class=\"s2\"><strong>WEBDIGIT<\/strong>.<\/span><\/p>\n<p class=\"p4\"><span class=\"s1\">Wir m\u00f6chten Sie darauf hinweisen, dass Sie die Speicherung von Cookies ablehnen k\u00f6nnen, indem Sie Ihren Browser wie folgt konfigurieren:  <\/span><\/p>\n<p class=\"p4\"><span class=\"s1\">F\u00fcr <strong>Google Chrome 5 und h\u00f6her<\/strong>:\n1. Klicken Sie auf Einstellungen\n2. Klicken Sie auf Erweitert.\n3. Klicken Sie im Abschnitt &#8222;Datenschutz und Sicherheit&#8220; auf Inhaltseinstellungen.\n4. Klicken Sie auf Cookies.\n5. Deaktivieren von Cookies\n<\/span><\/p>\n<p class=\"p4\"><span class=\"s1\">F\u00fcr <strong>Microsoft Internet Explorer 11.0 und h\u00f6her<\/strong>:\n1. W\u00e4hlen Sie das Men\u00fc &#8222;Extras&#8220; (oder &#8222;Tools&#8220;), dann &#8222;Internetoptionen&#8220; (oder &#8222;Internet Options&#8220;).\n2. Klicken Sie auf die Registerkarte &#8222;Datenschutz&#8220; (oder &#8222;Confidentiality&#8220;).\n3. W\u00e4hlen Sie mit dem Cursor die gew\u00fcnschte Stufe.  <\/span><\/p>\n<p class=\"p4\"><span class=\"s1\">F\u00fcr <strong>Firefox<\/strong>:\n1. W\u00e4hlen Sie das Men\u00fc &#8222;Extras&#8220;&gt;&#8220;Optionen&#8220;.\n2. Klicken Sie auf die Option &#8222;Privatsph\u00e4re&#8220;.  <\/span><\/p>\n<p class=\"p4\"><span class=\"s1\">F\u00fcr <strong>Safari 3.x f\u00fcr Mac OS X :<\/strong>\n1. W\u00e4hlen Sie das Men\u00fc &#8222;Editionen&#8220;.\n2. Klicken Sie auf die Option &#8222;Pr\u00e4ferenzen&#8220;.\n3. Klicken Sie auf die Option &#8222;Sicherheit&#8220;.\n4. Klicken Sie auf &#8222;Cookies anzeigen&#8220;.<\/span><\/p>\t\t\t\t\t\t\t\t<\/div>\n\t\t\t\t<\/div>\n\t\t\t\t\t<\/div>\n\t\t\t\t<\/div>\n\t\t\t\t<\/div>\n\t\t","protected":false},"excerpt":{"rendered":"<p>Der folgende Text beschreibt im Detail, wie WEBDIGIT Ihre pers\u00f6nlichen Daten verwendet und sammelt und Sie \u00fcber die Ma\u00dfnahmen informiert, die ergriffen werden, um den Schutz Ihrer pers\u00f6nlichen Daten im Zusammenhang mit der Nutzung der Website gem\u00e4\u00df den Bestimmungen der Verordnung des Europ\u00e4ischen Parlaments und des Rates zum Schutz nat\u00fcrlicher Personen bei der Verarbeitung personenbezogener [&hellip;]<\/p>\n","protected":false},"author":2,"featured_media":0,"parent":0,"menu_order":0,"comment_status":"closed","ping_status":"closed","template":"","meta":{"_acf_changed":false,"footnotes":""},"categories":[],"tags":[],"class_list":["post-1811","page","type-page","status-publish","hentry"],"acf":[],"yoast_head":"<!-- This site is optimized with the Yoast SEO plugin v27.4 - https:\/\/yoast.com\/product\/yoast-seo-wordpress\/ -->\n<title>Datenschutzerkl\u00e4rung - SmartsearchWP<\/title>\n<meta name=\"robots\" content=\"index, follow, max-snippet:-1, max-image-preview:large, max-video-preview:-1\" \/>\n<link rel=\"canonical\" href=\"https:\/\/www.smartsearchwp.com\/de\/datenschutzerklaerung\/\" \/>\n<meta property=\"og:locale\" content=\"de_DE\" \/>\n<meta property=\"og:type\" content=\"article\" \/>\n<meta property=\"og:title\" content=\"Datenschutzerkl\u00e4rung - SmartsearchWP\" \/>\n<meta property=\"og:description\" content=\"Der folgende Text beschreibt im Detail, wie WEBDIGIT Ihre pers\u00f6nlichen Daten verwendet und sammelt und Sie \u00fcber die Ma\u00dfnahmen informiert, die ergriffen werden, um den Schutz Ihrer pers\u00f6nlichen Daten im Zusammenhang mit der Nutzung der Website gem\u00e4\u00df den Bestimmungen der Verordnung des Europ\u00e4ischen Parlaments und des Rates zum Schutz nat\u00fcrlicher Personen bei der Verarbeitung personenbezogener [&hellip;]\" \/>\n<meta property=\"og:url\" content=\"https:\/\/www.smartsearchwp.com\/de\/datenschutzerklaerung\/\" \/>\n<meta property=\"og:site_name\" content=\"SmartsearchWP\" \/>\n<meta property=\"article:modified_time\" content=\"2024-06-25T14:19:00+00:00\" \/>\n<meta name=\"twitter:card\" content=\"summary_large_image\" \/>\n<meta name=\"twitter:label1\" content=\"Gesch\u00e4tzte Lesezeit\" \/>\n\t<meta name=\"twitter:data1\" content=\"8\u00a0Minuten\" \/>\n<!-- \/ Yoast SEO plugin. -->","yoast_head_json":{"title":"Datenschutzerkl\u00e4rung - SmartsearchWP","robots":{"index":"index","follow":"follow","max-snippet":"max-snippet:-1","max-image-preview":"max-image-preview:large","max-video-preview":"max-video-preview:-1"},"canonical":"https:\/\/www.smartsearchwp.com\/de\/datenschutzerklaerung\/","og_locale":"de_DE","og_type":"article","og_title":"Datenschutzerkl\u00e4rung - SmartsearchWP","og_description":"Der folgende Text beschreibt im Detail, wie WEBDIGIT Ihre pers\u00f6nlichen Daten verwendet und sammelt und Sie \u00fcber die Ma\u00dfnahmen informiert, die ergriffen werden, um den Schutz Ihrer pers\u00f6nlichen Daten im Zusammenhang mit der Nutzung der Website gem\u00e4\u00df den Bestimmungen der Verordnung des Europ\u00e4ischen Parlaments und des Rates zum Schutz nat\u00fcrlicher Personen bei der Verarbeitung personenbezogener [&hellip;]","og_url":"https:\/\/www.smartsearchwp.com\/de\/datenschutzerklaerung\/","og_site_name":"SmartsearchWP","article_modified_time":"2024-06-25T14:19:00+00:00","twitter_card":"summary_large_image","twitter_misc":{"Gesch\u00e4tzte Lesezeit":"8\u00a0Minuten"},"schema":{"@context":"https:\/\/schema.org","@graph":[{"@type":"WebPage","@id":"https:\/\/www.smartsearchwp.com\/de\/datenschutzerklaerung\/","url":"https:\/\/www.smartsearchwp.com\/de\/datenschutzerklaerung\/","name":"Datenschutzerkl\u00e4rung - SmartsearchWP","isPartOf":{"@id":"https:\/\/www.smartsearchwp.com\/de\/#website"},"datePublished":"2023-11-23T14:49:46+00:00","dateModified":"2024-06-25T14:19:00+00:00","breadcrumb":{"@id":"https:\/\/www.smartsearchwp.com\/de\/datenschutzerklaerung\/#breadcrumb"},"inLanguage":"de","potentialAction":[{"@type":"ReadAction","target":["https:\/\/www.smartsearchwp.com\/de\/datenschutzerklaerung\/"]}]},{"@type":"BreadcrumbList","@id":"https:\/\/www.smartsearchwp.com\/de\/datenschutzerklaerung\/#breadcrumb","itemListElement":[{"@type":"ListItem","position":1,"name":"Accueil","item":"https:\/\/www.smartsearchwp.com\/de\/"},{"@type":"ListItem","position":2,"name":"Datenschutzerkl\u00e4rung"}]},{"@type":"WebSite","@id":"https:\/\/www.smartsearchwp.com\/de\/#website","url":"https:\/\/www.smartsearchwp.com\/de\/","name":"SmartsearchWP","description":"","publisher":{"@id":"https:\/\/www.smartsearchwp.com\/de\/#organization"},"potentialAction":[{"@type":"SearchAction","target":{"@type":"EntryPoint","urlTemplate":"https:\/\/www.smartsearchwp.com\/de\/?s={search_term_string}"},"query-input":{"@type":"PropertyValueSpecification","valueRequired":true,"valueName":"search_term_string"}}],"inLanguage":"de"},{"@type":"Organization","@id":"https:\/\/www.smartsearchwp.com\/de\/#organization","name":"SmartsearchWP","url":"https:\/\/www.smartsearchwp.com\/de\/","logo":{"@type":"ImageObject","inLanguage":"de","@id":"https:\/\/www.smartsearchwp.com\/de\/#\/schema\/logo\/image\/","url":"https:\/\/www.smartsearchwp.com\/wp-content\/uploads\/2023\/11\/logo-smartSearchWp-white-1.png","contentUrl":"https:\/\/www.smartsearchwp.com\/wp-content\/uploads\/2023\/11\/logo-smartSearchWp-white-1.png","width":350,"height":100,"caption":"SmartsearchWP"},"image":{"@id":"https:\/\/www.smartsearchwp.com\/de\/#\/schema\/logo\/image\/"}}]}},"_links":{"self":[{"href":"https:\/\/www.smartsearchwp.com\/de\/wp-json\/wp\/v2\/pages\/1811","targetHints":{"allow":["GET"]}}],"collection":[{"href":"https:\/\/www.smartsearchwp.com\/de\/wp-json\/wp\/v2\/pages"}],"about":[{"href":"https:\/\/www.smartsearchwp.com\/de\/wp-json\/wp\/v2\/types\/page"}],"author":[{"embeddable":true,"href":"https:\/\/www.smartsearchwp.com\/de\/wp-json\/wp\/v2\/users\/2"}],"replies":[{"embeddable":true,"href":"https:\/\/www.smartsearchwp.com\/de\/wp-json\/wp\/v2\/comments?post=1811"}],"version-history":[{"count":1,"href":"https:\/\/www.smartsearchwp.com\/de\/wp-json\/wp\/v2\/pages\/1811\/revisions"}],"predecessor-version":[{"id":1812,"href":"https:\/\/www.smartsearchwp.com\/de\/wp-json\/wp\/v2\/pages\/1811\/revisions\/1812"}],"wp:attachment":[{"href":"https:\/\/www.smartsearchwp.com\/de\/wp-json\/wp\/v2\/media?parent=1811"}],"wp:term":[{"taxonomy":"category","embeddable":true,"href":"https:\/\/www.smartsearchwp.com\/de\/wp-json\/wp\/v2\/categories?post=1811"},{"taxonomy":"post_tag","embeddable":true,"href":"https:\/\/www.smartsearchwp.com\/de\/wp-json\/wp\/v2\/tags?post=1811"}],"curies":[{"name":"wp","href":"https:\/\/api.w.org\/{rel}","templated":true}]}}